{"id":14809,"date":"2024-09-21T08:51:54","date_gmt":"2024-09-21T08:51:54","guid":{"rendered":"https:\/\/healthyskinsecrets.ch\/product\/import-placeholder-for-25694\/"},"modified":"2024-11-27T12:20:58","modified_gmt":"2024-11-27T12:20:58","slug":"jkosmec-skin-solution-moisturizing-hyaluron-face-cream-50ml","status":"publish","type":"product","link":"https:\/\/healthyskinsecrets.ch\/fr\/product\/jkosmec-skin-solution-moisturizing-hyaluron-face-cream\/","title":{"rendered":"JKosmec Skin Solution Moisturizing Hyaluron Face Cream"},"content":{"rendered":"<h3>Application<\/h3>\n<ol>\n<li>Utilisez la cr\u00e8me en ampoule matin et soir comme derni\u00e8re \u00e9tape de votre proc\u00e9dure quotidienne de soins de la peau du visage.<\/li>\n<li>Appliquez la quantit\u00e9 appropri\u00e9e de cr\u00e8me et massez doucement votre visage jusqu&rsquo;\u00e0 ce que la cr\u00e8me soit compl\u00e8tement absorb\u00e9e.<\/li>\n<\/ol>\n<h3>Ingr\u00e9dients principaux<\/h3>\n<p>Water, Glycerin, Cetyl Ethylhexanoate, Hydrogenated Polydecene, Butylene Glycol, Cetearyl Alcohol, Niacinamide, 1,2-Hexanediol, Polyglyceryl-2 Stearate, Glyceryl Stearate, Vinyl Dimethicone, Synthetic Beewax, Stearyl Alcohol, Stearic Acid, Hydroxyacetophenone, Butyrospermum Parkii (Shea) Butter, Diisostearyl Malate, Tromethamine, Acrylates\/C10-30 Alkyl Acrylate Crosspolymer, Carbomer, Fragrance, Adenosine, Sodium Hyaluronate<\/p>\n<p>*Les changements dans les ingr\u00e9dients sont \u00e0 la discr\u00e9tion du fabricant. Voulez-vous \u00eatre absolument s\u00fbr avant d\u2019acheter ? Alors contactez-nous pour une photo de l&#8217;emballage actuel du produit.<\/p>\n<h3>Avertissements<\/h3>\n<ol>\n<li>Pour usage externe uniquement.<\/li>\n<li>Ne pas appliquer sur une peau \u00e9rafl\u00e9e ou sur des plaies.<\/li>\n<li>Si des effets secondaires tels qu&rsquo;une irritation ou une \u00e9ruption cutan\u00e9e surviennent, arr\u00eatez imm\u00e9diatement de l&rsquo;utiliser et consultez imm\u00e9diatement un m\u00e9decin.<\/li>\n<li>\u00c9vitez tout contact avec les yeux. Si le produit entre en contact avec vos yeux, rincez-les imm\u00e9diatement et abondamment \u00e0 l&rsquo;eau claire.<\/li>\n<li>Conserver hors de port\u00e9e des enfants.<\/li>\n<li>Ne pas avaler. En cas d&rsquo;ingestion, contactez un m\u00e9decin ou un centre antipoison.<\/li>\n<\/ol>\n","protected":false},"excerpt":{"rendered":"<p><strong>Cr\u00e8me hydratante pour le visage \u00e0 l&rsquo;hyaluron JKosmec Skin Solution<\/strong> Cette cr\u00e8me hydratante contient de l&rsquo;hyaluron, qui procure une hydratation essentielle et des soins apaisants. La cr\u00e8me reconstitue l&rsquo;hydro\u00e9quilibre de la peau et forme un film protecteur pour pr\u00e9venir la perte d&rsquo;humidit\u00e9, redonnant \u00e0 la peau son aspect nourri et sain.<\/p>\n<p><strong>Composants actifs\u00a0: <\/strong> Hyaluron<\/p>\n<ul>\n  <strong>Hyaluron\u00a0:<\/strong> contenu dans cette cr\u00e8me apporte \u00e0 votre peau une hydratation essentielle et des soins apaisants. Votre peau para\u00eetra lisse, souple, saine et fra\u00eeche.<\/li>\n<li><strong>Ad\u00e9nosine\u00a0:<\/strong> un ingr\u00e9dient r\u00e9duisant les rides.<\/li>\n<li><strong>Niacinamide\u00a0:<\/strong> un ingr\u00e9dient blanchissant.<\/li>\n<li><strong>Acide hyaluronique\u00a0:<\/strong> hydrate la peau en profondeur, la rendant lisse, douce et \u00e9lastique.<\/li>\n<li><strong>Solution \u00c9lasticit\u00e9\u00a0:<\/strong> la cr\u00e8me intensive pour le visage hydrate et nourrit activement la peau en conservant son \u00e9lasticit\u00e9 et en lui ajoutant un \u00e9clat naturel.<\/li>\n<\/ul>\n<p><strong>Fonction principale\u00a0: <\/strong> Hydratante<\/p>\n","protected":false},"featured_media":15576,"comment_status":"open","ping_status":"closed","template":"","meta":{"content-type":"","site-sidebar-layout":"default","site-content-layout":"default","ast-site-content-layout":"default","site-content-style":"default","site-sidebar-style":"default","ast-global-header-display":"","ast-banner-title-visibility":"","ast-main-header-display":"","ast-hfb-above-header-display":"","ast-hfb-below-header-display":"","ast-hfb-mobile-header-display":"","site-post-title":"","ast-breadcrumbs-content":"","ast-featured-img":"","footer-sml-layout":"","ast-disable-related-posts":"","theme-transparent-header-meta":"default","adv-header-id-meta":"","stick-header-meta":"","header-above-stick-meta":"","header-main-stick-meta":"","header-below-stick-meta":"","astra-migrate-meta-layouts":"set","ast-page-background-enabled":"default","ast-page-background-meta":{"desktop":{"background-color":"","background-image":"","background-repeat":"repeat","background-position":"center center","background-size":"auto","background-attachment":"scroll","background-type":"","background-media":"","overlay-type":"","overlay-color":"","overlay-opacity":"","overlay-gradient":""},"tablet":{"background-color":"","background-image":"","background-repeat":"repeat","background-position":"center center","background-size":"auto","background-attachment":"scroll","background-type":"","background-media":"","overlay-type":"","overlay-color":"","overlay-opacity":"","overlay-gradient":""},"mobile":{"background-color":"","background-image":"","background-repeat":"repeat","background-position":"center center","background-size":"auto","background-attachment":"scroll","background-type":"","background-media":"","overlay-type":"","overlay-color":"","overlay-opacity":"","overlay-gradient":""}},"ast-content-background-meta":{"desktop":{"background-color":"var(--ast-global-color-5)","background-image":"","background-repeat":"repeat","background-position":"center center","background-size":"auto","background-attachment":"scroll","background-type":"","background-media":"","overlay-type":"","overlay-color":"","overlay-opacity":"","overlay-gradient":""},"tablet":{"background-color":"var(--ast-global-color-5)","background-image":"","background-repeat":"repeat","background-position":"center center","background-size":"auto","background-attachment":"scroll","background-type":"","background-media":"","overlay-type":"","overlay-color":"","overlay-opacity":"","overlay-gradient":""},"mobile":{"background-color":"var(--ast-global-color-5)","background-image":"","background-repeat":"repeat","background-position":"center center","background-size":"auto","background-attachment":"scroll","background-type":"","background-media":"","overlay-type":"","overlay-color":"","overlay-opacity":"","overlay-gradient":""}}},"product_brand":[],"product_cat":[520,649,504,503],"product_tag":[587],"class_list":{"0":"post-14809","1":"product","2":"type-product","3":"status-publish","4":"has-post-thumbnail","6":"product_cat-8-koreanische-gesichtscreme","7":"product_cat-bestseller","8":"product_cat-cpnp","9":"product_cat-jkosmec","10":"product_tag-8-feuchtigkeitspflege","11":"pa_beduerfnisse-matte-muede","12":"pa_beduerfnisse-trockenheit","13":"pa_hauttyp-all","14":"pa_hauttyp-fettige","15":"pa_hauttyp-mischhaut","16":"pa_hauttyp-normal","17":"pa_hauttyp-trockene","18":"desktop-align-left","19":"tablet-align-left","20":"mobile-align-left","22":"first","23":"instock","24":"taxable","25":"shipping-taxable","26":"purchasable","27":"product-type-variable","28":"has-default-attributes"},"_links":{"self":[{"href":"https:\/\/healthyskinsecrets.ch\/fr\/wp-json\/wp\/v2\/product\/14809","targetHints":{"allow":["GET"]}}],"collection":[{"href":"https:\/\/healthyskinsecrets.ch\/fr\/wp-json\/wp\/v2\/product"}],"about":[{"href":"https:\/\/healthyskinsecrets.ch\/fr\/wp-json\/wp\/v2\/types\/product"}],"replies":[{"embeddable":true,"href":"https:\/\/healthyskinsecrets.ch\/fr\/wp-json\/wp\/v2\/comments?post=14809"}],"wp:featuredmedia":[{"embeddable":true,"href":"https:\/\/healthyskinsecrets.ch\/fr\/wp-json\/wp\/v2\/media\/15576"}],"wp:attachment":[{"href":"https:\/\/healthyskinsecrets.ch\/fr\/wp-json\/wp\/v2\/media?parent=14809"}],"wp:term":[{"taxonomy":"product_brand","embeddable":true,"href":"https:\/\/healthyskinsecrets.ch\/fr\/wp-json\/wp\/v2\/product_brand?post=14809"},{"taxonomy":"product_cat","embeddable":true,"href":"https:\/\/healthyskinsecrets.ch\/fr\/wp-json\/wp\/v2\/product_cat?post=14809"},{"taxonomy":"product_tag","embeddable":true,"href":"https:\/\/healthyskinsecrets.ch\/fr\/wp-json\/wp\/v2\/product_tag?post=14809"}],"curies":[{"name":"wp","href":"https:\/\/api.w.org\/{rel}","templated":true}]}}