{"id":14805,"date":"2024-09-21T08:51:50","date_gmt":"2024-09-21T08:51:50","guid":{"rendered":"https:\/\/healthyskinsecrets.ch\/product\/import-placeholder-for-21449\/"},"modified":"2024-09-23T18:56:52","modified_gmt":"2024-09-23T18:56:52","slug":"jkosmec-skin-solution-brightening-vitamin-c-serum-32ml","status":"publish","type":"product","link":"https:\/\/healthyskinsecrets.ch\/fr\/product\/jkosmec-skin-solution-brightening-serum\/","title":{"rendered":"JKosmec Skin Solution Brightening Vitamin C Serum 32ml"},"content":{"rendered":"<h3>Application<\/h3>\n<ol>\n<li>Lavez et s\u00e9chez le visage avec une serviette.<\/li>\n<li>Utilisez le s\u00e9rum matin et soir dans le cadre de vos soins quotidiens du visage avant d&rsquo;appliquer des cr\u00e8mes ou des masques.<\/li>\n<li>Appliquez la quantit\u00e9 appropri\u00e9e de s\u00e9rum sur le visage, le cou et le d\u00e9collet\u00e9 et massez doucement jusqu&rsquo;\u00e0 absorption compl\u00e8te.<\/li>\n<\/ol>\n<h3>Ingr\u00e9dients principaux<\/h3>\n<p>Water, Dipropylene Glycol, Phenyl Trimethicone, Niacinamide, Polysorbate 60, 3-0-Ethyl Ascorbic Acid, Butylene Glycol, Cetearyl Olivate, Glyceryl Stearate, Glycerin, PEG-100 Stearate, Sorbitan Olivate, Maltitol, Hydroxyacetophenone, Sodium Acrylate\/Sodium Acryloyldimethyl Taurate Copolymer, Cetyl Alcohol, Isohexadecane Caprylyl Glycol, Polyglyceryl-4 Oleate, Xanthan Gum, Stearyl Alcohol 1,2-Hexanediol Polysorbate 80, Adenosine, Phellodendron Amurense Bark Extract, Astragalus Membranaceus Root Extract, Scutellona Baicalensis Root Extract, Coptis Chinensis Root Extract, Disodium EDTA, Myristyl Alcohol, Tranexamic Acid, Lauryl Alcohol, Limnanthes Alba (Meadowfoam) Seed Oil, Dipotassium Glycyrrhizate, Polyglyceryl-10 Stearate, Dimethicone, Hydrogenated Lecithin, Phytosterols, Tocopherol, Linoleic Acid, Ascorbic Acid, Glycine Soja (Soybean) Oil, Thiamine HCL Retinol,&nbsp;Fragrance<\/p>\n<p>*Les changements dans les ingr\u00e9dients sont \u00e0 la discr\u00e9tion du fabricant. Voulez-vous \u00eatre absolument s\u00fbr avant d\u2019acheter ? Alors contactez-nous pour une photo de l&#8217;emballage actuel du produit.<\/p>\n<h3>Avertissements<\/h3>\n<ol>\n<li>Pour usage externe uniquement.<\/li>\n<li>Ne pas appliquer sur une peau \u00e9rafl\u00e9e ou sur des plaies.<\/li>\n<li>Si des effets secondaires tels qu&rsquo;une irritation ou une \u00e9ruption cutan\u00e9e surviennent, arr\u00eatez imm\u00e9diatement de l&rsquo;utiliser et consultez imm\u00e9diatement un m\u00e9decin.<\/li>\n<li>\u00c9vitez tout contact avec les yeux. Si le produit entre en contact avec vos yeux, rincez-les imm\u00e9diatement et abondamment \u00e0 l&rsquo;eau claire.<\/li>\n<li>Conserver hors de port\u00e9e des enfants.<\/li>\n<li>Ne pas avaler. En cas d&rsquo;ingestion, contactez un m\u00e9decin ou un centre antipoison.<\/li>\n<\/ol>\n","protected":false},"excerpt":{"rendered":"<p><strong>S\u00e9rum \u00e9claircissant \u00e0 la vitamine C JKosmec<\/strong> pour votre peau claire et \u00e9clatante. La formule sp\u00e9ciale de l&rsquo;essence aide \u00e0 combattre les imperfections et \u00e0 am\u00e9liorer le teint en rendant la peau lumineuse et nette. La vitamine C r\u00e9veille l&rsquo;\u00e9nergie de votre peau et la remplit d&rsquo;un \u00e9clat sain. L&rsquo;essence l\u00e9g\u00e8re p\u00e9n\u00e8tre rapidement et profond\u00e9ment dans la peau sans irritation, fournissant tous les soins nutritionnels n\u00e9cessaires pour un \u00e9clat ultime de la peau. Il contient de l&rsquo;ad\u00e9nosine et de la niacinamide.<\/p>\n<p><strong>Composants actifs\u00a0: <\/strong>Vitamine C<\/p>\n<p><strong>Fonction principale\u00a0: <\/strong>\u00c9claircissant<\/p>\n","protected":false},"featured_media":14806,"comment_status":"open","ping_status":"closed","template":"","meta":{"content-type":"","site-sidebar-layout":"default","site-content-layout":"default","ast-site-content-layout":"default","site-content-style":"default","site-sidebar-style":"default","ast-global-header-display":"","ast-banner-title-visibility":"","ast-main-header-display":"","ast-hfb-above-header-display":"","ast-hfb-below-header-display":"","ast-hfb-mobile-header-display":"","site-post-title":"","ast-breadcrumbs-content":"","ast-featured-img":"","footer-sml-layout":"","ast-disable-related-posts":"","theme-transparent-header-meta":"default","adv-header-id-meta":"","stick-header-meta":"","header-above-stick-meta":"","header-main-stick-meta":"","header-below-stick-meta":"","astra-migrate-meta-layouts":"set","ast-page-background-enabled":"default","ast-page-background-meta":{"desktop":{"background-color":"","background-image":"","background-repeat":"repeat","background-position":"center center","background-size":"auto","background-attachment":"scroll","background-type":"","background-media":"","overlay-type":"","overlay-color":"","overlay-opacity":"","overlay-gradient":""},"tablet":{"background-color":"","background-image":"","background-repeat":"repeat","background-position":"center center","background-size":"auto","background-attachment":"scroll","background-type":"","background-media":"","overlay-type":"","overlay-color":"","overlay-opacity":"","overlay-gradient":""},"mobile":{"background-color":"","background-image":"","background-repeat":"repeat","background-position":"center center","background-size":"auto","background-attachment":"scroll","background-type":"","background-media":"","overlay-type":"","overlay-color":"","overlay-opacity":"","overlay-gradient":""}},"ast-content-background-meta":{"desktop":{"background-color":"var(--ast-global-color-5)","background-image":"","background-repeat":"repeat","background-position":"center center","background-size":"auto","background-attachment":"scroll","background-type":"","background-media":"","overlay-type":"","overlay-color":"","overlay-opacity":"","overlay-gradient":""},"tablet":{"background-color":"var(--ast-global-color-5)","background-image":"","background-repeat":"repeat","background-position":"center center","background-size":"auto","background-attachment":"scroll","background-type":"","background-media":"","overlay-type":"","overlay-color":"","overlay-opacity":"","overlay-gradient":""},"mobile":{"background-color":"var(--ast-global-color-5)","background-image":"","background-repeat":"repeat","background-position":"center center","background-size":"auto","background-attachment":"scroll","background-type":"","background-media":"","overlay-type":"","overlay-color":"","overlay-opacity":"","overlay-gradient":""}}},"product_brand":[],"product_cat":[514,589,649,504,630,503],"product_tag":[590],"class_list":{"0":"post-14805","1":"product","2":"type-product","3":"status-publish","4":"has-post-thumbnail","6":"product_cat-5-essence","7":"product_cat-5-2-gesichtsserum","8":"product_cat-bestseller","9":"product_cat-cpnp","10":"product_cat-hss","11":"product_cat-jkosmec","12":"product_tag-5-essenz-ampulle-serum","13":"pa_beduerfnisse-falten","14":"pa_beduerfnisse-trockenheit","15":"pa_hauttyp-all","16":"pa_hauttyp-fettige","17":"pa_hauttyp-mischhaut","18":"pa_hauttyp-normal","19":"pa_hauttyp-trockene","20":"desktop-align-left","21":"tablet-align-left","22":"mobile-align-left","24":"first","25":"instock","26":"sold-individually","27":"taxable","28":"shipping-taxable","29":"purchasable","30":"product-type-variable","31":"has-default-attributes"},"_links":{"self":[{"href":"https:\/\/healthyskinsecrets.ch\/fr\/wp-json\/wp\/v2\/product\/14805","targetHints":{"allow":["GET"]}}],"collection":[{"href":"https:\/\/healthyskinsecrets.ch\/fr\/wp-json\/wp\/v2\/product"}],"about":[{"href":"https:\/\/healthyskinsecrets.ch\/fr\/wp-json\/wp\/v2\/types\/product"}],"replies":[{"embeddable":true,"href":"https:\/\/healthyskinsecrets.ch\/fr\/wp-json\/wp\/v2\/comments?post=14805"}],"wp:featuredmedia":[{"embeddable":true,"href":"https:\/\/healthyskinsecrets.ch\/fr\/wp-json\/wp\/v2\/media\/14806"}],"wp:attachment":[{"href":"https:\/\/healthyskinsecrets.ch\/fr\/wp-json\/wp\/v2\/media?parent=14805"}],"wp:term":[{"taxonomy":"product_brand","embeddable":true,"href":"https:\/\/healthyskinsecrets.ch\/fr\/wp-json\/wp\/v2\/product_brand?post=14805"},{"taxonomy":"product_cat","embeddable":true,"href":"https:\/\/healthyskinsecrets.ch\/fr\/wp-json\/wp\/v2\/product_cat?post=14805"},{"taxonomy":"product_tag","embeddable":true,"href":"https:\/\/healthyskinsecrets.ch\/fr\/wp-json\/wp\/v2\/product_tag?post=14805"}],"curies":[{"name":"wp","href":"https:\/\/api.w.org\/{rel}","templated":true}]}}