{"id":14720,"date":"2024-09-15T16:08:19","date_gmt":"2024-09-15T16:08:19","guid":{"rendered":"https:\/\/healthyskinsecrets.ch\/product\/jkosmec-advanced-firming-caffeine-eye-cream-20ml\/"},"modified":"2024-09-23T18:54:34","modified_gmt":"2024-09-23T18:54:34","slug":"jkosmec-advanced-firming-caffeine-eye-cream-20ml","status":"publish","type":"product","link":"https:\/\/healthyskinsecrets.ch\/fr\/product\/jkosmec-advanced-firming-caffeine-eye-cream\/","title":{"rendered":"JKosmec Advanced Firming Caffeine Eye Cream 20ml"},"content":{"rendered":"<h3>Application<\/h3>\n<ol>\n<li>Prenez une quantit\u00e9 appropri\u00e9e de ce produit et tapotez-la doucement autour de la zone des yeux pour qu\u2019elle soit absorb\u00e9e.<\/li>\n<li>Astuce: Appliquez-la non seulement autour des yeux, mais aussi sur les zones n\u00e9cessitant un soin contre les rides, telles que le front, entre les sourcils, autour de la bouche, et d\u2019autres zones sujettes aux fines rides.<\/li>\n<\/ol>\n<h3>Ingr\u00e9dients principaux<\/h3>\n<p>Water, Glycerin, Limnanthes Alba (Meadowfoam) Seed Oil, Niacinamide, Glyceryl Stearate, Butylene Glycol, Cetearyl Olivate, Cetearyl Alcohol, Synthetic Beeswax, 1,2-Hexanediol, Sorbitan Olivate, Palmitic Acid, Hydroxyacetophenone, Dimethicone, Peg-100 Stearate, Stearic Acid, Squalane, Polyacrylate-13, Panthenol, Polyisobutene, Caffeine (1,000ppm), Hexadecane, Adenosine, Tetradecane, Polysorbate 20, Fragrance, Sorbitan Isostearate, Disodium Edta, Dodecane, Octadecane, Myristic Acid, Eicosane, Bakuchiol, Sodium Hyaluronate, Ceramide Np, Cholesterol, Caprylic\/Capric Triglyceride, Hydrogenated Lecithin, Camellia Sinensis Leaf Extract, Phytosphingosine, Oleic Acid, Hydrolyzed Extensin, Soluble Collagen, Lactic Acid, Phenoxyethanol, Caprylyl Glycol, Mannose, Glucose, Caprylhydroxamic Acid, Copper Tripeptide-1, Acetyl Hexapeptide-8, Palmitoyl Pentapeptide-4, Palmitoyl Tripeptide-1, Palmitoyl Tetrapeptide-7, Tripeptide-1, Tripeptide-2, Tripeptide-3, Acetyl Octapeptide-3.<\/p>\n<p>*Les changements dans les ingr\u00e9dients sont \u00e0 la discr\u00e9tion du fabricant. Contactez-nous pour une photo de l&#8217;emballage actuel du produit.<\/p>\n<h3>Avertissements<\/h3>\n<ol>\n<li>Pour usage externe uniquement.<\/li>\n<li>Ne pas appliquer sur une peau \u00e9rafl\u00e9e ou sur des plaies.<\/li>\n<li>Si des effets secondaires tels qu&rsquo;une irritation ou une \u00e9ruption cutan\u00e9e surviennent, arr\u00eatez imm\u00e9diatement de l&rsquo;utiliser et consultez imm\u00e9diatement un m\u00e9decin.<\/li>\n<li>\u00c9vitez tout contact avec les yeux. Si le produit entre en contact avec vos yeux, rincez-les imm\u00e9diatement et abondamment \u00e0 l&rsquo;eau claire.<\/li>\n<li>Conserver hors de port\u00e9e des enfants.<\/li>\n<li>Ne pas avaler. En cas d&rsquo;ingestion, contactez un m\u00e9decin ou un centre antipoison.<\/li>\n<\/ol>\n","protected":false},"excerpt":{"rendered":"<p>La cr\u00e8me tr\u00e8s nutritive, enrichie en caf\u00e9ine et en bakuchiol, aide \u00e0 restaurer la fermet\u00e9 et la vitalit\u00e9 de la peau d\u00e9licate autour des yeux. Les composants d&rsquo;ad\u00e9nosine am\u00e9liorent les rides et les ridules.<\/p>\n<p><strong>Ingr\u00e9dients actifs :<\/strong> Caf\u00e9ine, Bakuchiol<\/p>\n<ul>\n<li><strong>Caf\u00e9ine :<\/strong> 100 % pure caf\u00e9ine naturelle d\u00e9riv\u00e9e de grains de caf\u00e9 vert. Caf\u00e9ine naturelle italienne qui a pass\u00e9 un contr\u00f4le strict de la qualit\u00e9 alimentaire (HACCP) ainsi que la surveillance de la qualit\u00e9 pharmaceutique. La caf\u00e9ine est efficace pour les soins antioxydants en stimulant le m\u00e9tabolisme et en aidant la circulation sanguine, ce qui facilite la r\u00e9duction des poches et l&rsquo;am\u00e9lioration des cernes.<\/li>\n<li><strong>Bakuchiol :<\/strong> Le bakuchiol offre des soins antioxydants et aide \u00e0 am\u00e9liorer l&rsquo;\u00e9tat g\u00e9n\u00e9ral de la peau expos\u00e9e aux rayons ultraviolets et \u00e0 divers environnements ext\u00e9rieurs. Il favorise la production de collag\u00e8ne, prenant soin de l&rsquo;\u00e9lasticit\u00e9 de la peau et de l&rsquo;\u00e9clat sain.<\/li>\n<\/ul>\n<p><strong>Fonction principale :<\/strong> Restaurer la fermet\u00e9<\/p>\n","protected":false},"featured_media":14719,"comment_status":"open","ping_status":"closed","template":"","meta":{"content-type":"","site-sidebar-layout":"default","site-content-layout":"default","ast-site-content-layout":"default","site-content-style":"default","site-sidebar-style":"default","ast-global-header-display":"","ast-banner-title-visibility":"","ast-main-header-display":"","ast-hfb-above-header-display":"","ast-hfb-below-header-display":"","ast-hfb-mobile-header-display":"","site-post-title":"","ast-breadcrumbs-content":"","ast-featured-img":"","footer-sml-layout":"","ast-disable-related-posts":"","theme-transparent-header-meta":"default","adv-header-id-meta":"","stick-header-meta":"","header-above-stick-meta":"","header-main-stick-meta":"","header-below-stick-meta":"","astra-migrate-meta-layouts":"set","ast-page-background-enabled":"default","ast-page-background-meta":{"desktop":{"background-color":"","background-image":"","background-repeat":"repeat","background-position":"center center","background-size":"auto","background-attachment":"scroll","background-type":"","background-media":"","overlay-type":"","overlay-color":"","overlay-opacity":"","overlay-gradient":""},"tablet":{"background-color":"","background-image":"","background-repeat":"repeat","background-position":"center center","background-size":"auto","background-attachment":"scroll","background-type":"","background-media":"","overlay-type":"","overlay-color":"","overlay-opacity":"","overlay-gradient":""},"mobile":{"background-color":"","background-image":"","background-repeat":"repeat","background-position":"center center","background-size":"auto","background-attachment":"scroll","background-type":"","background-media":"","overlay-type":"","overlay-color":"","overlay-opacity":"","overlay-gradient":""}},"ast-content-background-meta":{"desktop":{"background-color":"var(--ast-global-color-5)","background-image":"","background-repeat":"repeat","background-position":"center center","background-size":"auto","background-attachment":"scroll","background-type":"","background-media":"","overlay-type":"","overlay-color":"","overlay-opacity":"","overlay-gradient":""},"tablet":{"background-color":"var(--ast-global-color-5)","background-image":"","background-repeat":"repeat","background-position":"center center","background-size":"auto","background-attachment":"scroll","background-type":"","background-media":"","overlay-type":"","overlay-color":"","overlay-opacity":"","overlay-gradient":""},"mobile":{"background-color":"var(--ast-global-color-5)","background-image":"","background-repeat":"repeat","background-position":"center center","background-size":"auto","background-attachment":"scroll","background-type":"","background-media":"","overlay-type":"","overlay-color":"","overlay-opacity":"","overlay-gradient":""}}},"product_brand":[],"product_cat":[523,504,424,503],"product_tag":[593,486],"class_list":{"0":"post-14720","1":"product","2":"type-product","3":"status-publish","4":"has-post-thumbnail","6":"product_cat-6-augen-creme","7":"product_cat-cpnp","8":"product_cat-gesicht","9":"product_cat-jkosmec","10":"product_tag-6-augencremes","11":"product_tag-neu","12":"pa_beduerfnisse-augenringe","13":"pa_beduerfnisse-falten","14":"pa_beduerfnisse-matte-muede","15":"pa_hauttyp-all","16":"pa_hauttyp-fettige","17":"pa_hauttyp-mischhaut","18":"pa_hauttyp-normal","19":"pa_hauttyp-trockene","20":"desktop-align-left","21":"tablet-align-left","22":"mobile-align-left","24":"first","25":"instock","26":"taxable","27":"shipping-taxable","28":"purchasable","29":"product-type-variable","30":"has-default-attributes"},"_links":{"self":[{"href":"https:\/\/healthyskinsecrets.ch\/fr\/wp-json\/wp\/v2\/product\/14720","targetHints":{"allow":["GET"]}}],"collection":[{"href":"https:\/\/healthyskinsecrets.ch\/fr\/wp-json\/wp\/v2\/product"}],"about":[{"href":"https:\/\/healthyskinsecrets.ch\/fr\/wp-json\/wp\/v2\/types\/product"}],"replies":[{"embeddable":true,"href":"https:\/\/healthyskinsecrets.ch\/fr\/wp-json\/wp\/v2\/comments?post=14720"}],"wp:featuredmedia":[{"embeddable":true,"href":"https:\/\/healthyskinsecrets.ch\/fr\/wp-json\/wp\/v2\/media\/14719"}],"wp:attachment":[{"href":"https:\/\/healthyskinsecrets.ch\/fr\/wp-json\/wp\/v2\/media?parent=14720"}],"wp:term":[{"taxonomy":"product_brand","embeddable":true,"href":"https:\/\/healthyskinsecrets.ch\/fr\/wp-json\/wp\/v2\/product_brand?post=14720"},{"taxonomy":"product_cat","embeddable":true,"href":"https:\/\/healthyskinsecrets.ch\/fr\/wp-json\/wp\/v2\/product_cat?post=14720"},{"taxonomy":"product_tag","embeddable":true,"href":"https:\/\/healthyskinsecrets.ch\/fr\/wp-json\/wp\/v2\/product_tag?post=14720"}],"curies":[{"name":"wp","href":"https:\/\/api.w.org\/{rel}","templated":true}]}}