{"id":14703,"date":"2024-09-15T16:08:10","date_gmt":"2024-09-15T16:08:10","guid":{"rendered":"https:\/\/healthyskinsecrets.ch\/product\/jkosmec-skin-solution-rejuvenating-retinol-serum-32ml\/"},"modified":"2024-09-23T18:55:48","modified_gmt":"2024-09-23T18:55:48","slug":"jkosmec-skin-solution-rejuvenating-retinol-serum-32ml","status":"publish","type":"product","link":"https:\/\/healthyskinsecrets.ch\/fr\/product\/jkosmec-skin-solution-rejuvenating-retinol-serum\/","title":{"rendered":"JKosmec Skin Solution Rejuvenating Retinol Serum 32ml"},"content":{"rendered":"<h3>Application<\/h3>\n<ol>\n<li>Lavez et s\u00e9chez le visage avec une serviette.<\/li>\n<li>Utilisez le s\u00e9rum matin et soir dans le cadre de vos soins quotidiens du visage avant d&rsquo;appliquer des cr\u00e8mes ou des masques.<\/li>\n<li>Appliquez la quantit\u00e9 appropri\u00e9e de s\u00e9rum sur le visage, le cou et le d\u00e9collet\u00e9 et massez doucement jusqu&rsquo;\u00e0 absorption compl\u00e8te.<\/li>\n<\/ol>\n<h3>Ingr\u00e9dients principaux<\/h3>\n<p>Water, Glycerin, Butylene Glycol, Dipropylene Glycol, Niacinamide, 1,2-Hexanediol, Panthenol, Hydroxyacetophenone, Arginine, Carbomer, Trehalose, Peg-60 Hydrogenated Castor Oil, Ammonium Acryloyldimethyltaurate\/Vp Copolymer, Allantoin, Xanthan Gum, Ethylhexylglycerin, Adenosine, Fragrance, Disodium Edta, Polysorbate 80, Propanediol, Sodium Hyaluronate, Retinol, Lecithin, Pentylene Glycol, Scutellaria Baicalensis Root Extract, Lactobacillus Ferment, Caprylic\/Capric Triglyceride, Glycyrrhiza Uralensis (Licorice) Root Extract, Sophora Flavescens Extract, Cordyceps Militaris Extract, Centella Asiatica Extract, Houttuynia Cordata Extract, Hydrogenated Phosphatidylcholine, Sodium Hyaluronate Crosspolymer, Hydrolyzed Hyaluronic Acid, Sucrose Stearate, Hyaluronic Acid, Hydrolyzed Pea Protein, Stearic Acid, Hexyl Laurate, Ceramide Np, Palmitic Acid, Hydrolyzed Sodium Hyaluronate, Glycosphingolipids, Cholesterol<\/p>\n<p>*Les changements dans les ingr\u00e9dients sont \u00e0 la discr\u00e9tion du fabricant. Voulez-vous \u00eatre absolument s\u00fbr avant d\u2019acheter ? Alors contactez-nous pour une photo de l&#8217;emballage actuel du produit.<\/p>\n<h3>Avertissements<\/h3>\n<ol>\n<li>Pour usage externe uniquement.<\/li>\n<li>Ne pas appliquer sur une peau \u00e9rafl\u00e9e ou sur des plaies.<\/li>\n<li>Si des effets secondaires tels qu&rsquo;une irritation ou une \u00e9ruption cutan\u00e9e surviennent, arr\u00eatez imm\u00e9diatement de l&rsquo;utiliser et consultez imm\u00e9diatement un m\u00e9decin.<\/li>\n<li>\u00c9vitez tout contact avec les yeux. Si le produit entre en contact avec vos yeux, rincez-les imm\u00e9diatement et abondamment \u00e0 l&rsquo;eau claire.<\/li>\n<li>Conserver hors de port\u00e9e des enfants.<\/li>\n<li>Ne pas avaler. En cas d&rsquo;ingestion, contactez un m\u00e9decin ou un centre antipoison.<\/li>\n<\/ol>\n","protected":false},"excerpt":{"rendered":"<p>D\u00e9couvrez un soin anti-\u00e2ge intensif avec du r\u00e9tinol hypoallerg\u00e9nique (r\u00e9tinol stabilis\u00e9 BST). Cette solution anti-\u00e2ge compl\u00e8te r\u00e9pare une barri\u00e8re cutan\u00e9e compromise, am\u00e9liore efficacement l&rsquo;\u00e9lasticit\u00e9 et r\u00e9duit les rides.<\/p>\n<p><strong>Ingr\u00e9dients Actifs :<\/strong> R\u00e9tinol<\/p>\n<p><strong>Fonction Principale :<\/strong> Rajeunissante<\/p>\n","protected":false},"featured_media":14702,"comment_status":"open","ping_status":"closed","template":"","meta":{"content-type":"","site-sidebar-layout":"default","site-content-layout":"default","ast-site-content-layout":"default","site-content-style":"default","site-sidebar-style":"default","ast-global-header-display":"","ast-banner-title-visibility":"","ast-main-header-display":"","ast-hfb-above-header-display":"","ast-hfb-below-header-display":"","ast-hfb-mobile-header-display":"","site-post-title":"","ast-breadcrumbs-content":"","ast-featured-img":"","footer-sml-layout":"","ast-disable-related-posts":"","theme-transparent-header-meta":"default","adv-header-id-meta":"","stick-header-meta":"","header-above-stick-meta":"","header-main-stick-meta":"","header-below-stick-meta":"","astra-migrate-meta-layouts":"set","ast-page-background-enabled":"default","ast-page-background-meta":{"desktop":{"background-color":"","background-image":"","background-repeat":"repeat","background-position":"center center","background-size":"auto","background-attachment":"scroll","background-type":"","background-media":"","overlay-type":"","overlay-color":"","overlay-opacity":"","overlay-gradient":""},"tablet":{"background-color":"","background-image":"","background-repeat":"repeat","background-position":"center center","background-size":"auto","background-attachment":"scroll","background-type":"","background-media":"","overlay-type":"","overlay-color":"","overlay-opacity":"","overlay-gradient":""},"mobile":{"background-color":"","background-image":"","background-repeat":"repeat","background-position":"center center","background-size":"auto","background-attachment":"scroll","background-type":"","background-media":"","overlay-type":"","overlay-color":"","overlay-opacity":"","overlay-gradient":""}},"ast-content-background-meta":{"desktop":{"background-color":"var(--ast-global-color-5)","background-image":"","background-repeat":"repeat","background-position":"center center","background-size":"auto","background-attachment":"scroll","background-type":"","background-media":"","overlay-type":"","overlay-color":"","overlay-opacity":"","overlay-gradient":""},"tablet":{"background-color":"var(--ast-global-color-5)","background-image":"","background-repeat":"repeat","background-position":"center center","background-size":"auto","background-attachment":"scroll","background-type":"","background-media":"","overlay-type":"","overlay-color":"","overlay-opacity":"","overlay-gradient":""},"mobile":{"background-color":"var(--ast-global-color-5)","background-image":"","background-repeat":"repeat","background-position":"center center","background-size":"auto","background-attachment":"scroll","background-type":"","background-media":"","overlay-type":"","overlay-color":"","overlay-opacity":"","overlay-gradient":""}}},"product_brand":[],"product_cat":[514,589,504,503],"product_tag":[590,486],"class_list":{"0":"post-14703","1":"product","2":"type-product","3":"status-publish","4":"has-post-thumbnail","6":"product_cat-5-essence","7":"product_cat-5-2-gesichtsserum","8":"product_cat-cpnp","9":"product_cat-jkosmec","10":"product_tag-5-essenz-ampulle-serum","11":"product_tag-neu","12":"pa_beduerfnisse-falten","13":"pa_beduerfnisse-trockenheit","14":"pa_hauttyp-all","15":"pa_hauttyp-fettige","16":"pa_hauttyp-mischhaut","17":"pa_hauttyp-normal","18":"pa_hauttyp-trockene","19":"desktop-align-left","20":"tablet-align-left","21":"mobile-align-left","23":"first","24":"instock","25":"taxable","26":"shipping-taxable","27":"purchasable","28":"product-type-variable","29":"has-default-attributes"},"_links":{"self":[{"href":"https:\/\/healthyskinsecrets.ch\/fr\/wp-json\/wp\/v2\/product\/14703","targetHints":{"allow":["GET"]}}],"collection":[{"href":"https:\/\/healthyskinsecrets.ch\/fr\/wp-json\/wp\/v2\/product"}],"about":[{"href":"https:\/\/healthyskinsecrets.ch\/fr\/wp-json\/wp\/v2\/types\/product"}],"replies":[{"embeddable":true,"href":"https:\/\/healthyskinsecrets.ch\/fr\/wp-json\/wp\/v2\/comments?post=14703"}],"wp:featuredmedia":[{"embeddable":true,"href":"https:\/\/healthyskinsecrets.ch\/fr\/wp-json\/wp\/v2\/media\/14702"}],"wp:attachment":[{"href":"https:\/\/healthyskinsecrets.ch\/fr\/wp-json\/wp\/v2\/media?parent=14703"}],"wp:term":[{"taxonomy":"product_brand","embeddable":true,"href":"https:\/\/healthyskinsecrets.ch\/fr\/wp-json\/wp\/v2\/product_brand?post=14703"},{"taxonomy":"product_cat","embeddable":true,"href":"https:\/\/healthyskinsecrets.ch\/fr\/wp-json\/wp\/v2\/product_cat?post=14703"},{"taxonomy":"product_tag","embeddable":true,"href":"https:\/\/healthyskinsecrets.ch\/fr\/wp-json\/wp\/v2\/product_tag?post=14703"}],"curies":[{"name":"wp","href":"https:\/\/api.w.org\/{rel}","templated":true}]}}