{"id":14666,"date":"2024-09-15T16:07:50","date_gmt":"2024-09-15T16:07:50","guid":{"rendered":"https:\/\/healthyskinsecrets.ch\/product\/medipeel-strogen-rx-ii-cream-30ml\/"},"modified":"2024-09-15T16:07:51","modified_gmt":"2024-09-15T16:07:51","slug":"medipeel-strogen-rx-ii-cream-30ml","status":"publish","type":"product","link":"https:\/\/healthyskinsecrets.ch\/fr\/product\/medipeel-strogen-rx-ii-cream\/","title":{"rendered":"MediPeel Strogen-Rx II Cream 30ml"},"content":{"rendered":"<h3>Application<\/h3>\n<ol>\n<li>\u00c0 la derni\u00e8re \u00e9tape de votre routine de soins de la peau, appliquez doucement une quantit\u00e9 appropri\u00e9e de Strogen Rx II Cream.<\/li>\n<\/ol>\n<h3>Ingr\u00e9dients<\/h3>\n<p>Water, Caprylic\/Capric Triglyceride, Polyglyceryl-3 Methylglucose Distearate, Lactobacillus\/Punica Granatum Fruit Ferment Extract, Butylene Glycol, Dipropylene Glycol, Cetyl Ethylhexanoate, Niacinamide, Glycerin, Punica Granatum Callus Culture Extract, Soy Isoflavones, Pueraria Lobata Root Extract, Polygonum Cuspidatum Root Extract, Pueraria Mirifica Root Extract, Cimicifuga Racemosa Root Extract, Angelica Polymorpha Sinensis Root Extract, Punica Granatum Fruit Extract, Trifolium Pratense (Clover) Flower Extract, Lavandula Angustifolia (Lavender) Extract, Rosmarinus Officinalis (Rosemary) Extract, Origanum Vulgare Flower\/Leaf\/Stem Extract, Thymus Vulgaris (Thyme) Extract, Eucommia Ulmoides Bark Extract, Porphyridium Cruentum Culture Conditioned Media, Xylitylglucoside, Anhydroxylitol, Xylitol, Lactobacillus\/Soybean Ferment Extract, Salix Alba (Willow) Bark Extract, Cinnamomum Cassia Bark Extract, Origanum Vulgare Leaf Extract, Chamaecyparis Obtusa Leaf Extract, Scutellaria Baicalensis Root Extract, Portulaca Oleracea Extract, Carica Papaya (Papaya) Fruit ExtractPyrus Malus (Apple) Fruit Extract, Prunus Mume Fruit Extract, Vitis Vinifera (Grape) Fruit Extract, Calcium Pantothenate, Sodium Ascorbyl Phosphate, Pyridoxine HCl, Sodium Starch Octenylsuccinate, Maltodextrin, Silica, Tocopheryl Acetate, Glacier Water, Glycyrrhiza Glabra (Licorice) Root Extract, Cimicifuga Dahurica Root Extract, Polygonum Multiflorum Root Extract, Sesamum Indicum (Sesame) Seed Extract, Phellinus Linteus Extract, Angelica Gigas Root Extract, Morus Alba Bark Extract, Paeonia Albiflora Root Extract, Sophora Angustifolia Root Extract, Sophora Japonica Fruit Extract, Glycine Max (Soybean) Seed Extract, Oenothera Biennis (Evening Primrose) Flower Extract, Rubus Idaeus (Raspberry) Fruit Extract, Hydrolyzed collagen, Lysine, Histidine, Arginine, Aspartic Acid, Threonine, Serine, Glutamic Acid, Proline, Glycine, Alanine, Valine, Methionine, Isoleucine, Leucine, Tyrosine, Phenylalanine, Cysteine, Aloe Barbadensis Leaf Extract, Laminaria Japonica Extract, Dioscorea Japonica Root Extract, Ulmus Davidiana Root Extract, Viola Mandshurica Flower Extract, Glyceryl Glucoside, Argania Spinosa Kernel Oil, Rosa Canina Fruit Oil, Helianthus Annuus (Sunflower) Seed oil, Ceramide NP, 1,2-Hexanediol, Glycereth-26, Panthenol, Betaine, Allantoin, Sodium Hyaluronate, Ethylhexylglycerin, Adenosine, Carbomer, Cetearyl Alcohol, Stearyl Heptanoate, Ethyl Olivate, Olea Europaea (Olive) Leaf Extract, Cyclohexasiloxane, Dimethicone, Tromethamine, Sodium acrylate\/sodium acryloyldimethyl taurate copolymer, Isohexadecane, Polysorbate 80, Caramel, Hydroxyacetophenone, Caprylyl Glycol, Dipotassium Glycyrrhizate, Fragrance<\/p>\n<p>*Les changements dans les ingr\u00e9dients sont \u00e0 la discr\u00e9tion du fabricant. Voulez-vous \u00eatre absolument s\u00fbr avant d\u2019acheter ? Alors contactez-nous pour une photo de l&#8217;emballage actuel du produit.<\/p>\n<h3>Avertissements<\/h3>\n<ol>\n<li>Pour usage externe uniquement.<\/li>\n<li>Ne pas appliquer sur une peau \u00e9rafl\u00e9e ou sur des plaies.<\/li>\n<li>Si des effets secondaires tels qu&rsquo;une irritation ou une \u00e9ruption cutan\u00e9e surviennent, arr\u00eatez imm\u00e9diatement de l&rsquo;utiliser et consultez imm\u00e9diatement un m\u00e9decin.<\/li>\n<li>\u00c9vitez tout contact avec les yeux. Si le produit entre en contact avec vos yeux, rincez-les imm\u00e9diatement et abondamment \u00e0 l&rsquo;eau claire.<\/li>\n<li>Conserver hors de port\u00e9e des enfants.<\/li>\n<li>Ne pas avaler. En cas d&rsquo;ingestion, contactez un m\u00e9decin ou un centre antipoison.<\/li>\n<\/ol>\n","protected":false},"excerpt":{"rendered":"<p>MEDI-PEEL Strogen Rx II Cream est une cr\u00e8me hydratante et nourrissante qui aide \u00e0 maintenir une peau claire en faisant circuler l&rsquo;humidit\u00e9 interne de la peau!<\/p>\n","protected":false},"featured_media":14665,"comment_status":"open","ping_status":"closed","template":"","meta":{"content-type":"","site-sidebar-layout":"default","site-content-layout":"default","ast-site-content-layout":"default","site-content-style":"default","site-sidebar-style":"default","ast-global-header-display":"","ast-banner-title-visibility":"","ast-main-header-display":"","ast-hfb-above-header-display":"","ast-hfb-below-header-display":"","ast-hfb-mobile-header-display":"","site-post-title":"","ast-breadcrumbs-content":"","ast-featured-img":"","footer-sml-layout":"","ast-disable-related-posts":"","theme-transparent-header-meta":"default","adv-header-id-meta":"","stick-header-meta":"","header-above-stick-meta":"","header-main-stick-meta":"","header-below-stick-meta":"","astra-migrate-meta-layouts":"","ast-page-background-enabled":"default","ast-page-background-meta":{"desktop":{"background-color":"","background-image":"","background-repeat":"repeat","background-position":"center center","background-size":"auto","background-attachment":"scroll","background-type":"","background-media":"","overlay-type":"","overlay-color":"","overlay-opacity":"","overlay-gradient":""},"tablet":{"background-color":"","background-image":"","background-repeat":"repeat","background-position":"center center","background-size":"auto","background-attachment":"scroll","background-type":"","background-media":"","overlay-type":"","overlay-color":"","overlay-opacity":"","overlay-gradient":""},"mobile":{"background-color":"","background-image":"","background-repeat":"repeat","background-position":"center center","background-size":"auto","background-attachment":"scroll","background-type":"","background-media":"","overlay-type":"","overlay-color":"","overlay-opacity":"","overlay-gradient":""}},"ast-content-background-meta":{"desktop":{"background-color":"var(--ast-global-color-5)","background-image":"","background-repeat":"repeat","background-position":"center center","background-size":"auto","background-attachment":"scroll","background-type":"","background-media":"","overlay-type":"","overlay-color":"","overlay-opacity":"","overlay-gradient":""},"tablet":{"background-color":"var(--ast-global-color-5)","background-image":"","background-repeat":"repeat","background-position":"center center","background-size":"auto","background-attachment":"scroll","background-type":"","background-media":"","overlay-type":"","overlay-color":"","overlay-opacity":"","overlay-gradient":""},"mobile":{"background-color":"var(--ast-global-color-5)","background-image":"","background-repeat":"repeat","background-position":"center center","background-size":"auto","background-attachment":"scroll","background-type":"","background-media":"","overlay-type":"","overlay-color":"","overlay-opacity":"","overlay-gradient":""}}},"product_brand":[],"product_cat":[520,424,288,631],"product_tag":[587,486],"class_list":{"0":"post-14666","1":"product","2":"type-product","3":"status-publish","4":"has-post-thumbnail","6":"product_cat-8-koreanische-gesichtscreme","7":"product_cat-gesicht","8":"product_cat-medi-peel","9":"product_cat-newone","10":"product_tag-8-feuchtigkeitspflege","11":"product_tag-neu","12":"pa_beduerfnisse-matte-muede","13":"pa_beduerfnisse-trockenheit","14":"pa_hauttyp-all","15":"pa_hauttyp-fettige","16":"pa_hauttyp-mischhaut","17":"pa_hauttyp-normal","18":"pa_hauttyp-trockene","19":"desktop-align-left","20":"tablet-align-left","21":"mobile-align-left","23":"first","24":"instock","25":"taxable","26":"shipping-taxable","27":"product-type-simple"},"_links":{"self":[{"href":"https:\/\/healthyskinsecrets.ch\/fr\/wp-json\/wp\/v2\/product\/14666","targetHints":{"allow":["GET"]}}],"collection":[{"href":"https:\/\/healthyskinsecrets.ch\/fr\/wp-json\/wp\/v2\/product"}],"about":[{"href":"https:\/\/healthyskinsecrets.ch\/fr\/wp-json\/wp\/v2\/types\/product"}],"replies":[{"embeddable":true,"href":"https:\/\/healthyskinsecrets.ch\/fr\/wp-json\/wp\/v2\/comments?post=14666"}],"wp:featuredmedia":[{"embeddable":true,"href":"https:\/\/healthyskinsecrets.ch\/fr\/wp-json\/wp\/v2\/media\/14665"}],"wp:attachment":[{"href":"https:\/\/healthyskinsecrets.ch\/fr\/wp-json\/wp\/v2\/media?parent=14666"}],"wp:term":[{"taxonomy":"product_brand","embeddable":true,"href":"https:\/\/healthyskinsecrets.ch\/fr\/wp-json\/wp\/v2\/product_brand?post=14666"},{"taxonomy":"product_cat","embeddable":true,"href":"https:\/\/healthyskinsecrets.ch\/fr\/wp-json\/wp\/v2\/product_cat?post=14666"},{"taxonomy":"product_tag","embeddable":true,"href":"https:\/\/healthyskinsecrets.ch\/fr\/wp-json\/wp\/v2\/product_tag?post=14666"}],"curies":[{"name":"wp","href":"https:\/\/api.w.org\/{rel}","templated":true}]}}