{"id":14645,"date":"2024-09-15T16:07:38","date_gmt":"2024-09-15T16:07:38","guid":{"rendered":"https:\/\/healthyskinsecrets.ch\/product\/dr-jart-dermakeup-barrier-beauty-balm-medium\/"},"modified":"2026-02-24T10:44:49","modified_gmt":"2026-02-24T10:44:49","slug":"dr-jart-dermakeup-barrier-beauty-balm-medium","status":"publish","type":"product","link":"https:\/\/healthyskinsecrets.ch\/fr\/product\/dr-jart-dermakeup-barrier-beauty-balm-medium\/","title":{"rendered":"Dr. Jart+ Dermakeup Barrier Beauty Balm (medium)"},"content":{"rendered":"<h3>Application<\/h3>\n<ol>\n<li>Apr\u00e8s la routine de soins de la peau, appliquez uniform\u00e9ment une quantit\u00e9 appropri\u00e9e sur le visage et le cou.<\/li>\n<li>Ajoutez une couche suppl\u00e9mentaire l\u00e0 o\u00f9 une couverture suppl\u00e9mentaire est n\u00e9cessaire.<\/li>\n<li>Tapotez doucement pour une meilleure absorption.<\/li>\n<\/ol>\n<h3>Ingr\u00e9dients<\/h3>\n<p>Water, Zinc Oxide, Dimethicone, Butylene Glycol, Butyloctyl Salicylate, Neopentyl Glycol Diheptanoate, Isododecane, Niacinamide, Panthenol, Caprylyl Methicone, Methyl Trimethicone, Lauryl PEG-10 Tris(Trimethylsiloxy)silylethyl Dimethicone,Diethylhexyl 2,6-Naphthalate, Butylene Glycol Dicaprylate\/Dicaprate, Disteardimonium Hectorite, Pentylene Glycol, Cetyl PEG\/PPG-10\/1 Dimethicone, Magnesium Sulfate, Triethoxycaprylylsilane, Synthetic Fluorphlogopite, Polyglyceryl-4 Isostearate, Caprylyl Glycol, Glyceryl Caprylate, Sodium Hyaluronate, Pyridoxine HCl, Adenosine, Ceramide NP, Aluminum Hydroxide, Fragrance, Tocopherol, Titanium Dioxide, Iron Oxide Red (CI 77491), Iron Oxide Yellow (CI 77492), Iron Oxide Black (CI 77499)<\/p>\n<p>*Pour la liste des ingr\u00e9dients la plus r\u00e9cente, veuillez consulter l&#8217;emballage du produit ou contactez-nous pour une photo du produit.<\/p>\n<h3>Attention<\/h3>\n<ol>\n<li>Pour usage externe uniquement.<\/li>\n<li>Ne pas utiliser sur une peau endommag\u00e9e ou \u00e9rafl\u00e9e.<\/li>\n<li>En cas d&rsquo;\u00e9ruption cutan\u00e9e, arr\u00eatez l&rsquo;utilisation et contactez un m\u00e9decin.<\/li>\n<li>\u00c9vitez tout contact avec les yeux. En cas de contact avec les yeux, rincer imm\u00e9diatement et abondamment.<\/li>\n<li>Conserver hors de port\u00e9e des enfants.<\/li>\n<li>Ne pas avaler. En cas d&rsquo;ingestion, consultez imm\u00e9diatement un m\u00e9decin ou contactez un centre antipoison.<\/li>\n<\/ol>\n","protected":false},"excerpt":{"rendered":"<p><strong>Dr. Jart+ Dermakeup Barrier Beauty Balm<\/strong> est une BB cr\u00e8me enrichie de 3 types de vitamine B (B3, B5, B6) pour une couverture impeccable et des bienfaits durables pour la peau. Contient un complexe vitamin\u00e9 qui prot\u00e8ge efficacement la barri\u00e8re d&rsquo;hydratation de la peau pour une peau pleinement hydrat\u00e9e. Prot\u00e8ge la peau contre les rayons UV nocifs avec un large spectre SPF45 PA++++. La texture ultra-l\u00e9g\u00e8re couvre naturellement les imperfections de la peau pour un teint clair, laissant la peau respirer avec confort. La poudre enrob\u00e9e de c\u00e9ramides donne \u00e0 la peau un aspect doux et raffin\u00e9 avec une finition semi-mate.<\/p>\n<p><strong>Couleurs disponibles:<\/strong><\/p>\n<ul>\n<li>Light: Pour les sous-tons froids<\/li>\n<li>Medium: Pour les sous-tons chauds<\/li>\n<\/ul>\n","protected":false},"featured_media":14640,"comment_status":"open","ping_status":"closed","template":"","meta":{"content-type":"","site-sidebar-layout":"default","site-content-layout":"default","ast-site-content-layout":"default","site-content-style":"default","site-sidebar-style":"default","ast-global-header-display":"","ast-banner-title-visibility":"","ast-main-header-display":"","ast-hfb-above-header-display":"","ast-hfb-below-header-display":"","ast-hfb-mobile-header-display":"","site-post-title":"","ast-breadcrumbs-content":"","ast-featured-img":"","footer-sml-layout":"","ast-disable-related-posts":"","theme-transparent-header-meta":"default","adv-header-id-meta":"","stick-header-meta":"","header-above-stick-meta":"","header-main-stick-meta":"","header-below-stick-meta":"","astra-migrate-meta-layouts":"set","ast-page-background-enabled":"default","ast-page-background-meta":{"desktop":{"background-color":"","background-image":"","background-repeat":"repeat","background-position":"center center","background-size":"auto","background-attachment":"scroll","background-type":"","background-media":"","overlay-type":"","overlay-color":"","overlay-opacity":"","overlay-gradient":""},"tablet":{"background-color":"","background-image":"","background-repeat":"repeat","background-position":"center center","background-size":"auto","background-attachment":"scroll","background-type":"","background-media":"","overlay-type":"","overlay-color":"","overlay-opacity":"","overlay-gradient":""},"mobile":{"background-color":"","background-image":"","background-repeat":"repeat","background-position":"center center","background-size":"auto","background-attachment":"scroll","background-type":"","background-media":"","overlay-type":"","overlay-color":"","overlay-opacity":"","overlay-gradient":""}},"ast-content-background-meta":{"desktop":{"background-color":"var(--ast-global-color-5)","background-image":"","background-repeat":"repeat","background-position":"center center","background-size":"auto","background-attachment":"scroll","background-type":"","background-media":"","overlay-type":"","overlay-color":"","overlay-opacity":"","overlay-gradient":""},"tablet":{"background-color":"var(--ast-global-color-5)","background-image":"","background-repeat":"repeat","background-position":"center center","background-size":"auto","background-attachment":"scroll","background-type":"","background-media":"","overlay-type":"","overlay-color":"","overlay-opacity":"","overlay-gradient":""},"mobile":{"background-color":"var(--ast-global-color-5)","background-image":"","background-repeat":"repeat","background-position":"center center","background-size":"auto","background-attachment":"scroll","background-type":"","background-media":"","overlay-type":"","overlay-color":"","overlay-opacity":"","overlay-gradient":""}}},"product_brand":[],"product_cat":[247,424,633,631],"product_tag":[486],"class_list":{"0":"post-14645","1":"product","2":"type-product","3":"status-publish","4":"has-post-thumbnail","6":"product_cat-dr-jart","7":"product_cat-gesicht","8":"product_cat-korean-make-up","9":"product_cat-newone","10":"product_tag-neu","11":"pa_farbe-light","12":"pa_hauttyp-all","13":"pa_hauttyp-fettige","14":"pa_hauttyp-mischhaut","15":"pa_hauttyp-normal","16":"pa_hauttyp-trockene","17":"desktop-align-left","18":"tablet-align-left","19":"mobile-align-left","21":"first","22":"instock","23":"taxable","24":"shipping-taxable","25":"product-type-simple"},"_links":{"self":[{"href":"https:\/\/healthyskinsecrets.ch\/fr\/wp-json\/wp\/v2\/product\/14645","targetHints":{"allow":["GET"]}}],"collection":[{"href":"https:\/\/healthyskinsecrets.ch\/fr\/wp-json\/wp\/v2\/product"}],"about":[{"href":"https:\/\/healthyskinsecrets.ch\/fr\/wp-json\/wp\/v2\/types\/product"}],"replies":[{"embeddable":true,"href":"https:\/\/healthyskinsecrets.ch\/fr\/wp-json\/wp\/v2\/comments?post=14645"}],"wp:featuredmedia":[{"embeddable":true,"href":"https:\/\/healthyskinsecrets.ch\/fr\/wp-json\/wp\/v2\/media\/14640"}],"wp:attachment":[{"href":"https:\/\/healthyskinsecrets.ch\/fr\/wp-json\/wp\/v2\/media?parent=14645"}],"wp:term":[{"taxonomy":"product_brand","embeddable":true,"href":"https:\/\/healthyskinsecrets.ch\/fr\/wp-json\/wp\/v2\/product_brand?post=14645"},{"taxonomy":"product_cat","embeddable":true,"href":"https:\/\/healthyskinsecrets.ch\/fr\/wp-json\/wp\/v2\/product_cat?post=14645"},{"taxonomy":"product_tag","embeddable":true,"href":"https:\/\/healthyskinsecrets.ch\/fr\/wp-json\/wp\/v2\/product_tag?post=14645"}],"curies":[{"name":"wp","href":"https:\/\/api.w.org\/{rel}","templated":true}]}}