{"id":14633,"date":"2024-09-15T16:07:32","date_gmt":"2024-09-15T16:07:32","guid":{"rendered":"https:\/\/healthyskinsecrets.ch\/product\/missha-all-around-safe-block-soft-finish-sun-milk-spf50-pa-70ml\/"},"modified":"2024-10-16T15:04:52","modified_gmt":"2024-10-16T15:04:52","slug":"missha-all-around-safe-block-soft-finish-sun-milk-spf50-pa-70ml","status":"publish","type":"product","link":"https:\/\/healthyskinsecrets.ch\/fr\/product\/missha-all-around-safe-block-soft-finish-sun-milk\/","title":{"rendered":"Missha All-Around Safe Block Soft Finish Sun Milk SPF50+\/PA+++, 70ml"},"content":{"rendered":"<h3>Application<\/h3>\n<ol>\n<li>Appliquez g\u00e9n\u00e9reusement 30&nbsp;minutes avant de vous exposer au soleil, en derni\u00e8re \u00e9tape de votre routine de soins de la peau<\/li>\n<li>R\u00e9appliquez toutes les deux heures pour une protection solaire parfaite pendant la journ\u00e9e<\/li>\n<\/ol>\n<h3>Ingr\u00e9dients<\/h3>\n<p>Water, Cyclopentasiloxane, Silica, Zinc Oxide, Dipropylene Glycol, Butylene Glycol, Lauryl PEG-10 Tris(Trimethylsiloxy)silylethyl Dimethicone, Ethylhexyl Salicylate, Caprylyl Methicone, Ethylhexyl Methoxycinnamate, Isopropyl Palmitate, Titanium Dioxide (CI 77891), Alcohol Denat., C12-15 Alkyl Benzoate, Helichrysum Arenarium Extract, Bis-Ethylhexyloxyphenol Methoxyphenyl Triazine, Magnesium Sulfate, Dimethicone\/Vinyl Dimethicone Crosspolymer, Dimethicone, Diethylamino Hydroxybenzoyl Hexyl Benzoate, Quaternium-18 Bentonite, Aluminum Hydroxide, Stearic Acid, Glycerin, Hydrogen Dimethicone, Phenoxyethanol, Fragrance, Silica Dimethyl Silylate, Sodium Benzoate, Tocopheryl Acetate, Disodium EDTA, Potassium Sorbate, Caprylyl Glycol, Polyhydroxystearic Acid, Isostearic Acid, Isopropyl Myristate, Lecithin, Ethylhexyl Palmitate, Polyglyceryl-3 Polyricinoleate, CI 77492, Limonia Acidissima Extract, CI 77491, VP\/Hexadecene Copolymer, Acrylates\/Dimethicone Copolymer, Biosaccharide Gum-4, Rosa Davurica Bud Extract, Cinchona Succirubra Bark Extract, Aloe Barbadensis Leaf Extract, Abronia Villosa Leaf Extract, Psidium Guajava Leaf Extract, Rhodiola Rosea Root Extract<\/p>\n<h3>Attention<\/h3>\n<ol>\n<li>Pour usage externe uniquement.<\/li>\n<li>Ne pas utiliser sur une peau endommag\u00e9e ou \u00e9rafl\u00e9e.<\/li>\n<li>En cas d&rsquo;\u00e9ruption cutan\u00e9e, arr\u00eatez l&rsquo;utilisation et contactez un m\u00e9decin.<\/li>\n<li>\u00c9vitez tout contact avec les yeux. En cas de contact avec les yeux, rincer imm\u00e9diatement et abondamment.<\/li>\n<li>Conserver hors de port\u00e9e des enfants.<\/li>\n<li>Ne pas avaler. En cas d&rsquo;ingestion, consultez imm\u00e9diatement un m\u00e9decin ou contactez un centre antipoison.<\/li>\n<\/ol>\n","protected":false},"excerpt":{"rendered":"<p>Prot\u00e8ge contre les rayons UVA et UVB et lisse le teint.<\/p>\n<ul>\n<li>Protection UV fiable SPF50+\/PA+++<\/li>\n<li>Longue tenue m\u00eame par tr\u00e8s forte humidit\u00e9<\/li>\n<li>Test\u00e9 dermatologiquement \/ convient \u00e9galement aux peaux sensibles<\/li>\n<li>Texture l\u00e9g\u00e8re sans coller ni laisser de peau grasse<\/li>\n<li>Correction douce du teint<\/li>\n<\/ul>\n","protected":false},"featured_media":14632,"comment_status":"open","ping_status":"closed","template":"","meta":{"content-type":"","site-sidebar-layout":"default","site-content-layout":"default","ast-site-content-layout":"default","site-content-style":"default","site-sidebar-style":"default","ast-global-header-display":"","ast-banner-title-visibility":"","ast-main-header-display":"","ast-hfb-above-header-display":"","ast-hfb-below-header-display":"","ast-hfb-mobile-header-display":"","site-post-title":"","ast-breadcrumbs-content":"","ast-featured-img":"","footer-sml-layout":"","ast-disable-related-posts":"","theme-transparent-header-meta":"default","adv-header-id-meta":"","stick-header-meta":"","header-above-stick-meta":"","header-main-stick-meta":"","header-below-stick-meta":"","astra-migrate-meta-layouts":"set","ast-page-background-enabled":"default","ast-page-background-meta":{"desktop":{"background-color":"","background-image":"","background-repeat":"repeat","background-position":"center center","background-size":"auto","background-attachment":"scroll","background-type":"","background-media":"","overlay-type":"","overlay-color":"","overlay-opacity":"","overlay-gradient":""},"tablet":{"background-color":"","background-image":"","background-repeat":"repeat","background-position":"center center","background-size":"auto","background-attachment":"scroll","background-type":"","background-media":"","overlay-type":"","overlay-color":"","overlay-opacity":"","overlay-gradient":""},"mobile":{"background-color":"","background-image":"","background-repeat":"repeat","background-position":"center center","background-size":"auto","background-attachment":"scroll","background-type":"","background-media":"","overlay-type":"","overlay-color":"","overlay-opacity":"","overlay-gradient":""}},"ast-content-background-meta":{"desktop":{"background-color":"var(--ast-global-color-5)","background-image":"","background-repeat":"repeat","background-position":"center center","background-size":"auto","background-attachment":"scroll","background-type":"","background-media":"","overlay-type":"","overlay-color":"","overlay-opacity":"","overlay-gradient":""},"tablet":{"background-color":"var(--ast-global-color-5)","background-image":"","background-repeat":"repeat","background-position":"center center","background-size":"auto","background-attachment":"scroll","background-type":"","background-media":"","overlay-type":"","overlay-color":"","overlay-opacity":"","overlay-gradient":""},"mobile":{"background-color":"var(--ast-global-color-5)","background-image":"","background-repeat":"repeat","background-position":"center center","background-size":"auto","background-attachment":"scroll","background-type":"","background-media":"","overlay-type":"","overlay-color":"","overlay-opacity":"","overlay-gradient":""}}},"product_brand":[],"product_cat":[588,424,291,631],"product_tag":[430,486],"class_list":{"0":"post-14633","1":"product","2":"type-product","3":"status-publish","4":"has-post-thumbnail","6":"product_cat-10-sonnenschutz","7":"product_cat-gesicht","8":"product_cat-missha","9":"product_cat-newone","10":"product_tag-sonnenschutz","11":"product_tag-neu","12":"pa_beduerfnisse-trockenheit","13":"pa_hauttyp-all","14":"pa_hauttyp-normal","15":"pa_hauttyp-trockene","16":"desktop-align-left","17":"tablet-align-left","18":"mobile-align-left","20":"first","21":"instock","22":"taxable","23":"shipping-taxable","24":"purchasable","25":"product-type-variable","26":"has-default-attributes"},"_links":{"self":[{"href":"https:\/\/healthyskinsecrets.ch\/fr\/wp-json\/wp\/v2\/product\/14633","targetHints":{"allow":["GET"]}}],"collection":[{"href":"https:\/\/healthyskinsecrets.ch\/fr\/wp-json\/wp\/v2\/product"}],"about":[{"href":"https:\/\/healthyskinsecrets.ch\/fr\/wp-json\/wp\/v2\/types\/product"}],"replies":[{"embeddable":true,"href":"https:\/\/healthyskinsecrets.ch\/fr\/wp-json\/wp\/v2\/comments?post=14633"}],"wp:featuredmedia":[{"embeddable":true,"href":"https:\/\/healthyskinsecrets.ch\/fr\/wp-json\/wp\/v2\/media\/14632"}],"wp:attachment":[{"href":"https:\/\/healthyskinsecrets.ch\/fr\/wp-json\/wp\/v2\/media?parent=14633"}],"wp:term":[{"taxonomy":"product_brand","embeddable":true,"href":"https:\/\/healthyskinsecrets.ch\/fr\/wp-json\/wp\/v2\/product_brand?post=14633"},{"taxonomy":"product_cat","embeddable":true,"href":"https:\/\/healthyskinsecrets.ch\/fr\/wp-json\/wp\/v2\/product_cat?post=14633"},{"taxonomy":"product_tag","embeddable":true,"href":"https:\/\/healthyskinsecrets.ch\/fr\/wp-json\/wp\/v2\/product_tag?post=14633"}],"curies":[{"name":"wp","href":"https:\/\/api.w.org\/{rel}","templated":true}]}}