{"id":14312,"date":"2023-12-06T20:34:45","date_gmt":"2023-12-06T20:34:45","guid":{"rendered":"https:\/\/healthyskinsecrets.ch\/product\/import-placeholder-for-25590\/"},"modified":"2024-03-23T18:38:18","modified_gmt":"2024-03-23T18:38:18","slug":"missha-m-perfect-covering-bb-cream-no-29-caramel-beige","status":"publish","type":"product","link":"https:\/\/healthyskinsecrets.ch\/fr\/product\/missha-m-perfect-covering-bb-cream-no-29-caramel-beige\/","title":{"rendered":"Missha M Perfect Covering BB Cream No.29 Caramel Beige"},"content":{"rendered":"<h3>Application<\/h3>\n<ol>\n<li>Appliquez la quantit\u00e9 souhait\u00e9e sur le visage et le cou avec vos doigts, un pinceau \u00e0 fond de teint ou une \u00e9ponge de beaut\u00e9.<\/li>\n<\/ol>\n<h3>Ingr\u00e9dients<\/h3>\n<div class=\"multiline-ellipsis-component\"><strong><em>Missha M Perfect Cover BB Cream SPF42 PA++ nr.29:<\/em><\/strong><\/div>\n<p>Water (Aqua), Cyclopentasiloxane, Ethylhexyl Methoxycinnamate, Zinc Oxide, Propylene Glycol, Titanium Dioxide, Caprylic\/Capric Triglyceride, PEG-10 Dimethicone, Iron Oxides (CI 77492), Glycerin, Cetyl PEG\/PPG-10\/1 Dimethicone, Arbutin, Mineral Oil, Polyethylene, Talc, Phenyl Trimethicone, Beeswax (Cera Alba), Sodium Chloride, Iron Oxides (CI 77491), Iron Oxides (CI 77499), Methylparaben, Dimethicone, Propylparaben, Rosa Canina Fruit Oil, Squalane, Macadamia Ternifolia Seed Oil, Simmondsia Chinensis (Jojoba) Seed Oil, Cyclotetrasiloxane, Disodium EDTA, Adenosine, Algae Extract, Rosmarinus Officinalis (Rosemary) Leaf Extract, Chamomilla Recutita (Matricaria) Flower Extract, Ceramide NP, Butylene Glycol, Fagus Sylvatica Bud Extract, Hydrolyzed collagen, Caprylyl Glycol, Benzyl Alcohol, 1,2-Hexanediol, Caprylhydroxamic Acid, Tocopherol, Benzoic Acid, Sodium Hyaluronate, Phenoxyethanol, Tropolone, Fragrance (Parfum), Butylphenyl Methylpropional, Benzyl Salicylate, Hydroxycitronellal, Alpha-Isomethyl Ionone, Hexyl Cinnamal, Linalool, Citronellol, Limonene<\/p>\n<h3>Attention<\/h3>\n<ol>\n<li>Pour usage externe uniquement.<\/li>\n<li>Ne pas utiliser sur une peau endommag\u00e9e ou \u00e9rafl\u00e9e.<\/li>\n<li>En cas d&rsquo;\u00e9ruption cutan\u00e9e, arr\u00eatez l&rsquo;utilisation et contactez un m\u00e9decin.<\/li>\n<li>\u00c9vitez tout contact avec les yeux. En cas de contact avec les yeux, rincer imm\u00e9diatement et abondamment.<\/li>\n<li>Conserver hors de port\u00e9e des enfants.<\/li>\n<li>Ne pas avaler. En cas d&rsquo;ingestion, consultez imm\u00e9diatement un m\u00e9decin ou contactez un centre antipoison.<\/li>\n<\/ol>\n","protected":false},"excerpt":{"rendered":"<p>La BB Cream M Perfect Cover est le produit le plus vendu de <strong>Missha<\/strong> avec plus de 30 millions de ventes dans le monde. Cette BB cr\u00e8me allie le pouvoir des cosm\u00e9tiques aux bienfaits des soins de la peau. Il a une haute couvrance avec un fini lumineux. Convient \u00e0 tous les types de peau et disponible en 6 teintes.<\/p>\n<p>Disponible uniquement\u00a0: #13 Bright Beige, #21 Light Beige, #23 Natural Beige, #25 Natural Beige, #27 Honey Beige, #29 Caramel Beige, #31 Golden Beige<\/p>\n","protected":false},"featured_media":14357,"comment_status":"open","ping_status":"closed","template":"","meta":{"content-type":"","site-sidebar-layout":"default","site-content-layout":"default","ast-site-content-layout":"default","site-content-style":"default","site-sidebar-style":"default","ast-global-header-display":"","ast-banner-title-visibility":"","ast-main-header-display":"","ast-hfb-above-header-display":"","ast-hfb-below-header-display":"","ast-hfb-mobile-header-display":"","site-post-title":"","ast-breadcrumbs-content":"","ast-featured-img":"","footer-sml-layout":"","ast-disable-related-posts":"","theme-transparent-header-meta":"default","adv-header-id-meta":"","stick-header-meta":"","header-above-stick-meta":"","header-main-stick-meta":"","header-below-stick-meta":"","astra-migrate-meta-layouts":"set","ast-page-background-enabled":"default","ast-page-background-meta":{"desktop":{"background-color":"","background-image":"","background-repeat":"repeat","background-position":"center center","background-size":"auto","background-attachment":"scroll","background-type":"","background-media":"","overlay-type":"","overlay-color":"","overlay-opacity":"","overlay-gradient":""},"tablet":{"background-color":"","background-image":"","background-repeat":"repeat","background-position":"center center","background-size":"auto","background-attachment":"scroll","background-type":"","background-media":"","overlay-type":"","overlay-color":"","overlay-opacity":"","overlay-gradient":""},"mobile":{"background-color":"","background-image":"","background-repeat":"repeat","background-position":"center center","background-size":"auto","background-attachment":"scroll","background-type":"","background-media":"","overlay-type":"","overlay-color":"","overlay-opacity":"","overlay-gradient":""}},"ast-content-background-meta":{"desktop":{"background-color":"var(--ast-global-color-5)","background-image":"","background-repeat":"repeat","background-position":"center center","background-size":"auto","background-attachment":"scroll","background-type":"","background-media":"","overlay-type":"","overlay-color":"","overlay-opacity":"","overlay-gradient":""},"tablet":{"background-color":"var(--ast-global-color-5)","background-image":"","background-repeat":"repeat","background-position":"center center","background-size":"auto","background-attachment":"scroll","background-type":"","background-media":"","overlay-type":"","overlay-color":"","overlay-opacity":"","overlay-gradient":""},"mobile":{"background-color":"var(--ast-global-color-5)","background-image":"","background-repeat":"repeat","background-position":"center center","background-size":"auto","background-attachment":"scroll","background-type":"","background-media":"","overlay-type":"","overlay-color":"","overlay-opacity":"","overlay-gradient":""}}},"product_brand":[],"product_cat":[588,504,424,291],"product_tag":[430,486],"class_list":{"0":"post-14312","1":"product","2":"type-product","3":"status-publish","4":"has-post-thumbnail","6":"product_cat-10-sonnenschutz","7":"product_cat-cpnp","8":"product_cat-gesicht","9":"product_cat-missha","10":"product_tag-sonnenschutz","11":"product_tag-neu","12":"pa_farbe-nr-29-caramel-beige","13":"pa_hauttyp-all","14":"pa_hauttyp-empfindliche-haut","15":"pa_hauttyp-fettige","16":"pa_hauttyp-mischhaut","17":"pa_hauttyp-normal","18":"pa_hauttyp-trockene","19":"desktop-align-left","20":"tablet-align-left","21":"mobile-align-left","23":"first","24":"instock","25":"taxable","26":"shipping-taxable","27":"purchasable","28":"product-type-variable"},"_links":{"self":[{"href":"https:\/\/healthyskinsecrets.ch\/fr\/wp-json\/wp\/v2\/product\/14312","targetHints":{"allow":["GET"]}}],"collection":[{"href":"https:\/\/healthyskinsecrets.ch\/fr\/wp-json\/wp\/v2\/product"}],"about":[{"href":"https:\/\/healthyskinsecrets.ch\/fr\/wp-json\/wp\/v2\/types\/product"}],"replies":[{"embeddable":true,"href":"https:\/\/healthyskinsecrets.ch\/fr\/wp-json\/wp\/v2\/comments?post=14312"}],"wp:featuredmedia":[{"embeddable":true,"href":"https:\/\/healthyskinsecrets.ch\/fr\/wp-json\/wp\/v2\/media\/14357"}],"wp:attachment":[{"href":"https:\/\/healthyskinsecrets.ch\/fr\/wp-json\/wp\/v2\/media?parent=14312"}],"wp:term":[{"taxonomy":"product_brand","embeddable":true,"href":"https:\/\/healthyskinsecrets.ch\/fr\/wp-json\/wp\/v2\/product_brand?post=14312"},{"taxonomy":"product_cat","embeddable":true,"href":"https:\/\/healthyskinsecrets.ch\/fr\/wp-json\/wp\/v2\/product_cat?post=14312"},{"taxonomy":"product_tag","embeddable":true,"href":"https:\/\/healthyskinsecrets.ch\/fr\/wp-json\/wp\/v2\/product_tag?post=14312"}],"curies":[{"name":"wp","href":"https:\/\/api.w.org\/{rel}","templated":true}]}}