{"id":14213,"date":"2023-12-06T20:33:58","date_gmt":"2023-12-06T20:33:58","guid":{"rendered":"https:\/\/healthyskinsecrets.ch\/product\/import-placeholder-for-25147\/"},"modified":"2023-12-16T13:05:22","modified_gmt":"2023-12-16T13:05:22","slug":"pyunkang-yul-ato-belly-cream-200ml","status":"publish","type":"product","link":"https:\/\/healthyskinsecrets.ch\/fr\/product\/pyunkang-yul-ato-belly-cream\/","title":{"rendered":"Pyunkang Yul ATO Belly Cream 200ml"},"content":{"rendered":"<h3>Application<\/h3>\n<ol>\n<li>Massez l\u00e9g\u00e8rement la cr\u00e8me sur une peau propre jusqu&rsquo;\u00e0 absorption compl\u00e8te.<\/li>\n<\/ol>\n<h3>Ingr\u00e9dients<\/h3>\n<p>Purified Water, Cetyl Ethylhexanoate, Caprylic\/Capric Triglyceride, Cetearyl Alcohol, Glyceryl Monostearate, Polyglyceryl-2 Triisostearate, Stearyl Alcohol, Sorbitan Sesquioleate, Vinyl Dimethicone, Stearic Acid, Butylene Glycol, Caprylyl Glycol, Cetyl Palmitate, Sodium Methyl Stearoyl Taurate, Sodium Polyacryloyldimethyl Taurate, Pentylene Glycol, Hydroxyacetophenone, Sorbitan Olivate, Carbomer, Sorbitan Palmitate, Dicaprylyl Ether, Tromethamine, Ethylhexyl Palmitate, Butyrospermum Parkii (Shea) Butter, Polyglyceryl-10 Laurate, Hydrogenated Lecithin, Disodium EDTA, Tocopherol, Brassica Campestris (Rapeseed) Seed Oil, Simmondsia Chinensis (Jojoba) Seed Oil, Panthenol, Palmitic Acid, Moringa Oleifera Seed Oil, Oleic Acid, Ceramide NP, Phytosphingosine, 1,2-Hexanediol, Lonicera Japonica (Honeysuckle) Flower Extract, Palmitoyl Tripeptide-5, Dipropylene Glycol, Glycerin,Tromethamine, Arachidic Acid.<\/p>\n<p>*Pour la liste des ingr\u00e9dients la plus r\u00e9cente, veuillez consulter l&#8217;emballage du produit ou contactez-nous pour une photo du produit.<\/p>\n<h3>Attention<\/h3>\n<ol>\n<li>Pour usage externe uniquement.<\/li>\n<li>Ne pas utiliser sur une peau endommag\u00e9e ou \u00e9rafl\u00e9e.<\/li>\n<li>En cas d&rsquo;\u00e9ruption cutan\u00e9e, arr\u00eatez l&rsquo;utilisation et contactez un m\u00e9decin.<\/li>\n<li>\u00c9vitez tout contact avec les yeux. En cas de contact avec les yeux, rincer imm\u00e9diatement et abondamment.<\/li>\n<li>Conserver hors de port\u00e9e des enfants.<\/li>\n<li>Ne pas avaler. En cas d&rsquo;ingestion, consultez imm\u00e9diatement un m\u00e9decin ou contactez un centre antipoison.<\/li>\n<\/ol>\n","protected":false},"excerpt":{"rendered":"<p>Con\u00e7ue pour les futures mamans enceintes, la <strong>cr\u00e8me pour le ventre ATO de Pyunkang Yul<\/strong> est un hydratant riche et nourrissant qui hydratera votre peau et aidera \u00e0 favoriser l&rsquo;\u00e9lasticit\u00e9 \u00e0 mesure que votre corps subit les changements \u00e9tonnants n\u00e9cessaires pour soutenir la cr\u00e9ation. d&rsquo;une vie. La formule sans parfum utilise des peptides et des huiles v\u00e9g\u00e9tales (comme le jojoba et le beurre de karit\u00e9) ainsi que du panth\u00e9nol et de l&rsquo;extrait de ch\u00e8vrefeuille pour apaiser les irritations hormonales.<\/p>\n","protected":false},"featured_media":14296,"comment_status":"open","ping_status":"closed","template":"","meta":{"content-type":"","site-sidebar-layout":"default","site-content-layout":"","ast-site-content-layout":"default","site-content-style":"default","site-sidebar-style":"default","ast-global-header-display":"","ast-banner-title-visibility":"","ast-main-header-display":"","ast-hfb-above-header-display":"","ast-hfb-below-header-display":"","ast-hfb-mobile-header-display":"","site-post-title":"","ast-breadcrumbs-content":"","ast-featured-img":"","footer-sml-layout":"","ast-disable-related-posts":"","theme-transparent-header-meta":"default","adv-header-id-meta":"","stick-header-meta":"","header-above-stick-meta":"","header-main-stick-meta":"","header-below-stick-meta":"","astra-migrate-meta-layouts":"set","ast-page-background-enabled":"default","ast-page-background-meta":{"desktop":{"background-color":"","background-image":"","background-repeat":"repeat","background-position":"center center","background-size":"auto","background-attachment":"scroll","background-type":"","background-media":"","overlay-type":"","overlay-color":"","overlay-opacity":"","overlay-gradient":""},"tablet":{"background-color":"","background-image":"","background-repeat":"repeat","background-position":"center center","background-size":"auto","background-attachment":"scroll","background-type":"","background-media":"","overlay-type":"","overlay-color":"","overlay-opacity":"","overlay-gradient":""},"mobile":{"background-color":"","background-image":"","background-repeat":"repeat","background-position":"center center","background-size":"auto","background-attachment":"scroll","background-type":"","background-media":"","overlay-type":"","overlay-color":"","overlay-opacity":"","overlay-gradient":""}},"ast-content-background-meta":{"desktop":{"background-color":"var(--ast-global-color-5)","background-image":"","background-repeat":"repeat","background-position":"center center","background-size":"auto","background-attachment":"scroll","background-type":"","background-media":"","overlay-type":"","overlay-color":"","overlay-opacity":"","overlay-gradient":""},"tablet":{"background-color":"var(--ast-global-color-5)","background-image":"","background-repeat":"repeat","background-position":"center center","background-size":"auto","background-attachment":"scroll","background-type":"","background-media":"","overlay-type":"","overlay-color":"","overlay-opacity":"","overlay-gradient":""},"mobile":{"background-color":"var(--ast-global-color-5)","background-image":"","background-repeat":"repeat","background-position":"center center","background-size":"auto","background-attachment":"scroll","background-type":"","background-media":"","overlay-type":"","overlay-color":"","overlay-opacity":"","overlay-gradient":""}}},"product_brand":[],"product_cat":[556,424,555,307,575],"product_tag":[],"class_list":{"0":"post-14213","1":"product","2":"type-product","3":"status-publish","4":"has-post-thumbnail","6":"product_cat-body-lotion-koerperpflege","7":"product_cat-gesicht","8":"product_cat-koerperpflege","9":"product_cat-pyunkang-yul","10":"product_cat-spezielles-koerperpflege","11":"pa_hauttyp-all","12":"pa_hauttyp-baby","13":"pa_hauttyp-empfindliche-haut","14":"pa_hauttyp-fettige","15":"pa_hauttyp-mischhaut","16":"pa_hauttyp-normal","17":"pa_hauttyp-trockene","18":"desktop-align-left","19":"tablet-align-left","20":"mobile-align-left","22":"first","23":"instock","24":"taxable","25":"shipping-taxable","26":"purchasable","27":"product-type-variable"},"_links":{"self":[{"href":"https:\/\/healthyskinsecrets.ch\/fr\/wp-json\/wp\/v2\/product\/14213","targetHints":{"allow":["GET"]}}],"collection":[{"href":"https:\/\/healthyskinsecrets.ch\/fr\/wp-json\/wp\/v2\/product"}],"about":[{"href":"https:\/\/healthyskinsecrets.ch\/fr\/wp-json\/wp\/v2\/types\/product"}],"replies":[{"embeddable":true,"href":"https:\/\/healthyskinsecrets.ch\/fr\/wp-json\/wp\/v2\/comments?post=14213"}],"wp:featuredmedia":[{"embeddable":true,"href":"https:\/\/healthyskinsecrets.ch\/fr\/wp-json\/wp\/v2\/media\/14296"}],"wp:attachment":[{"href":"https:\/\/healthyskinsecrets.ch\/fr\/wp-json\/wp\/v2\/media?parent=14213"}],"wp:term":[{"taxonomy":"product_brand","embeddable":true,"href":"https:\/\/healthyskinsecrets.ch\/fr\/wp-json\/wp\/v2\/product_brand?post=14213"},{"taxonomy":"product_cat","embeddable":true,"href":"https:\/\/healthyskinsecrets.ch\/fr\/wp-json\/wp\/v2\/product_cat?post=14213"},{"taxonomy":"product_tag","embeddable":true,"href":"https:\/\/healthyskinsecrets.ch\/fr\/wp-json\/wp\/v2\/product_tag?post=14213"}],"curies":[{"name":"wp","href":"https:\/\/api.w.org\/{rel}","templated":true}]}}