{"id":14158,"date":"2023-12-06T20:33:35","date_gmt":"2023-12-06T20:33:35","guid":{"rendered":"https:\/\/healthyskinsecrets.ch\/product\/import-placeholder-for-24964\/"},"modified":"2026-02-24T10:46:22","modified_gmt":"2026-02-24T10:46:22","slug":"etude-big-cover-skin-fit-concealer-pro-n04-neutral-beige","status":"publish","type":"product","link":"https:\/\/healthyskinsecrets.ch\/fr\/product\/etude-big-cover-skin-fit-concealer-pro-n04-neutral-beige\/","title":{"rendered":"Etude Big Cover Skin Fit Concealer Pro N04 Neutral Beige"},"content":{"rendered":"<h3>Application<\/h3>\n<ol>\n<li>Ajustez une quantit\u00e9 appropri\u00e9e sur la pointe et appliquez sur les zones souhait\u00e9es telles que les cernes, les rougeurs, les zones \u00e0 probl\u00e8mes cutan\u00e9s et les cicatrices comme en tapotant pour une meilleure adh\u00e9rence. (Si vous utilisez ce correcteur avant d&rsquo;utiliser le fond de teint ou le coussin, il recouvre votre peau plus naturellement et plus clairement)<\/li>\n<\/ol>\n<h3>Ingr\u00e9dients<\/h3>\n<p>Water, Titanium Dioxide (CI 77891), Cyclopentasiloxane, Propanediol, Trimethylsiloxysilicate, Phenyl Trimethicone, Polymethyl Methacrylate, Lauryl PEG-9 Polydimethylsiloxyethyl Dimethicone, Pentaerythrityl Tetraethylhexanoate, Cyclohexasiloxane, Iron Oxides (CI 77492), Glycerin, PEG-10 Dimethicone, 1,2-Hexanediol, Acrylates\/Ethylhexyl Acrylate\/Dimethicone Methacrylate Copolymer, Disteardimonium Hectorite, Aluminum Hydroxide, Sodium Chloride, Iron Oxides (CI 77491), Triethoxycaprylylsilane, Fragrance \/ Parfum, Caprylyl Glycol, Iron Oxides (CI 77499), Glyceryl Caprylate, Disodium EDTA, Tocopherol<\/p>\n<p>*Pour la liste des ingr\u00e9dients la plus r\u00e9cente, veuillez consulter l&#8217;emballage du produit ou contactez-nous pour une photo du produit.<\/p>\n<h3>Attention<\/h3>\n<ol>\n<li>Pour usage externe uniquement.<\/li>\n<li>Ne pas utiliser sur une peau endommag\u00e9e ou \u00e9rafl\u00e9e.<\/li>\n<li>En cas d&rsquo;\u00e9ruption cutan\u00e9e, arr\u00eatez l&rsquo;utilisation et contactez un m\u00e9decin.<\/li>\n<li>\u00c9vitez tout contact avec les yeux. En cas de contact avec les yeux, rincer imm\u00e9diatement et abondamment.<\/li>\n<li>Conserver hors de port\u00e9e des enfants.<\/li>\n<li>Ne pas avaler. En cas d&rsquo;ingestion, consultez imm\u00e9diatement un m\u00e9decin ou contactez un centre antipoison.<\/li>\n<\/ol>\n","protected":false},"excerpt":{"rendered":"<p>Closely-adhering to the skin tone! Like a firm second skin for flawless skin.<\/p>\n<ol>\n<li><strong>REAL SKIN FIT! LIGHT CONCEALER:<\/strong> With REAL SKIN-FIT\u2122 Technique, as soon as you apply this concealer on your face, it makes the film layer on your skin very thin. This will fit on your skin perfectly. Plus, it looks as it is your own skin.<\/li>\n<li><strong>FITS SMOOTHLY WITHOUT BEING RUINED:<\/strong> The pigment will keep your maku-up long-lasting and prevents the make-up from looking untidy and rough. Clear and Fresh skin cover with #BIG COVER SKIN FIT PRO CONCEALER<\/li>\n<li><strong>ADHESIVE COVER FIT LIKE MY REAL SKIN:<\/strong> Diverse 9 color shades from cool tone, neutral tone to Warm tone and more will cover your skin woth the right tone for your perfect make-up!<\/li>\n<\/ol>\n","protected":false},"featured_media":14246,"comment_status":"open","ping_status":"closed","template":"","meta":{"content-type":"","site-sidebar-layout":"default","site-content-layout":"","ast-site-content-layout":"default","site-content-style":"default","site-sidebar-style":"default","ast-global-header-display":"","ast-banner-title-visibility":"","ast-main-header-display":"","ast-hfb-above-header-display":"","ast-hfb-below-header-display":"","ast-hfb-mobile-header-display":"","site-post-title":"","ast-breadcrumbs-content":"","ast-featured-img":"","footer-sml-layout":"","ast-disable-related-posts":"","theme-transparent-header-meta":"default","adv-header-id-meta":"","stick-header-meta":"","header-above-stick-meta":"","header-main-stick-meta":"","header-below-stick-meta":"","astra-migrate-meta-layouts":"set","ast-page-background-enabled":"default","ast-page-background-meta":{"desktop":{"background-color":"","background-image":"","background-repeat":"repeat","background-position":"center center","background-size":"auto","background-attachment":"scroll","background-type":"","background-media":"","overlay-type":"","overlay-color":"","overlay-opacity":"","overlay-gradient":""},"tablet":{"background-color":"","background-image":"","background-repeat":"repeat","background-position":"center center","background-size":"auto","background-attachment":"scroll","background-type":"","background-media":"","overlay-type":"","overlay-color":"","overlay-opacity":"","overlay-gradient":""},"mobile":{"background-color":"","background-image":"","background-repeat":"repeat","background-position":"center center","background-size":"auto","background-attachment":"scroll","background-type":"","background-media":"","overlay-type":"","overlay-color":"","overlay-opacity":"","overlay-gradient":""}},"ast-content-background-meta":{"desktop":{"background-color":"var(--ast-global-color-5)","background-image":"","background-repeat":"repeat","background-position":"center center","background-size":"auto","background-attachment":"scroll","background-type":"","background-media":"","overlay-type":"","overlay-color":"","overlay-opacity":"","overlay-gradient":""},"tablet":{"background-color":"var(--ast-global-color-5)","background-image":"","background-repeat":"repeat","background-position":"center center","background-size":"auto","background-attachment":"scroll","background-type":"","background-media":"","overlay-type":"","overlay-color":"","overlay-opacity":"","overlay-gradient":""},"mobile":{"background-color":"var(--ast-global-color-5)","background-image":"","background-repeat":"repeat","background-position":"center center","background-size":"auto","background-attachment":"scroll","background-type":"","background-media":"","overlay-type":"","overlay-color":"","overlay-opacity":"","overlay-gradient":""}}},"product_brand":[],"product_cat":[504,599,424],"product_tag":[],"class_list":{"0":"post-14158","1":"product","2":"type-product","3":"status-publish","4":"has-post-thumbnail","6":"product_cat-cpnp","7":"product_cat-etude-house","8":"product_cat-gesicht","9":"pa_hauttyp-all","10":"pa_hauttyp-empfindliche-haut","11":"pa_hauttyp-fettige","12":"pa_hauttyp-mischhaut","13":"pa_hauttyp-normal","14":"pa_hauttyp-trockene","15":"desktop-align-left","16":"tablet-align-left","17":"mobile-align-left","19":"first","20":"outofstock","21":"taxable","22":"shipping-taxable","23":"purchasable","24":"product-type-variable"},"_links":{"self":[{"href":"https:\/\/healthyskinsecrets.ch\/fr\/wp-json\/wp\/v2\/product\/14158","targetHints":{"allow":["GET"]}}],"collection":[{"href":"https:\/\/healthyskinsecrets.ch\/fr\/wp-json\/wp\/v2\/product"}],"about":[{"href":"https:\/\/healthyskinsecrets.ch\/fr\/wp-json\/wp\/v2\/types\/product"}],"replies":[{"embeddable":true,"href":"https:\/\/healthyskinsecrets.ch\/fr\/wp-json\/wp\/v2\/comments?post=14158"}],"wp:featuredmedia":[{"embeddable":true,"href":"https:\/\/healthyskinsecrets.ch\/fr\/wp-json\/wp\/v2\/media\/14246"}],"wp:attachment":[{"href":"https:\/\/healthyskinsecrets.ch\/fr\/wp-json\/wp\/v2\/media?parent=14158"}],"wp:term":[{"taxonomy":"product_brand","embeddable":true,"href":"https:\/\/healthyskinsecrets.ch\/fr\/wp-json\/wp\/v2\/product_brand?post=14158"},{"taxonomy":"product_cat","embeddable":true,"href":"https:\/\/healthyskinsecrets.ch\/fr\/wp-json\/wp\/v2\/product_cat?post=14158"},{"taxonomy":"product_tag","embeddable":true,"href":"https:\/\/healthyskinsecrets.ch\/fr\/wp-json\/wp\/v2\/product_tag?post=14158"}],"curies":[{"name":"wp","href":"https:\/\/api.w.org\/{rel}","templated":true}]}}