{"id":14123,"date":"2023-12-06T20:33:12","date_gmt":"2023-12-06T20:33:12","guid":{"rendered":"https:\/\/healthyskinsecrets.ch\/product\/import-placeholder-for-24851\/"},"modified":"2026-02-23T15:07:16","modified_gmt":"2026-02-23T15:07:16","slug":"apieu-hamamelis-cream-50ml","status":"publish","type":"product","link":"https:\/\/healthyskinsecrets.ch\/fr\/product\/apieu-hamamelis-cream\/","title":{"rendered":"A'pieu Hamamelis Cream 50ml"},"content":{"rendered":"<h3>Application<\/h3>\n<ol>\n<li>Prenez une petite quantit\u00e9 et massez sur le visage et le cou.<\/li>\n<li>Tapotez doucement et appuyez jusqu&rsquo;\u00e0 ce que la cr\u00e8me soit compl\u00e8tement absorb\u00e9e.<\/li>\n<\/ol>\n<h3>Ingr\u00e9dients<\/h3>\n<p>Hamamelis Virginiana (Hamam\u00e9lis) Eau\/Aqua\/Eau, butyl\u00e8ne glycol, alcool c\u00e9t\u00e9arylique, 1,2-hexanediol, isotrid\u00e9cyl isononanoate, st\u00e9arate de glyc\u00e9ryle, niacinamide, polym\u00e9thylsilsesquioxane, pentyl\u00e8ne glycol, polym\u00e8re crois\u00e9 de m\u00e9thacrylate de m\u00e9thyle, copolym\u00e8re d&rsquo;acryloyldim\u00e9thyltaurate d&rsquo;ammonium\/VP, caprylique\/caprique Triglyc\u00e9ride, caprylyl m\u00e9thicone, hydroxyac\u00e9toph\u00e9none, huile de Citrus Aurantium Dulcis (orange), carbom\u00e8re, trom\u00e9thamine, ad\u00e9nosine, huile de Salvia Sclarea (Clary), EDTA disodique, hexyl\u00e8ne glycol, huile de noyau d&rsquo;Argania Spinosa, extrait de galle de Rhus Semialata, Capryloyl Glycine, Sesamum Indicum ( S\u00e9same), huile de graines, b\u00eata-sitost\u00e9rol, extrait de fruit de Serenoa Serrulata, extrait d&rsquo;\u00e9corce de Cinnamomum Zeylanicum, sarcosine, tocoph\u00e9rol<\/p>\n<h3>Attention<\/h3>\n<ol>\n<li>Pour usage externe uniquement.<\/li>\n<li>Ne pas utiliser sur une peau endommag\u00e9e ou \u00e9rafl\u00e9e.<\/li>\n<li>En cas d&rsquo;\u00e9ruption cutan\u00e9e, arr\u00eatez l&rsquo;utilisation et contactez un m\u00e9decin.<\/li>\n<li>\u00c9vitez tout contact avec les yeux. En cas de contact avec les yeux, rincer imm\u00e9diatement et abondamment.<\/li>\n<li>Conserver hors de port\u00e9e des enfants.<\/li>\n<li>Ne pas avaler. En cas d&rsquo;ingestion, consultez imm\u00e9diatement un m\u00e9decin ou contactez un centre antipoison.<\/li>\n<\/ol>\n","protected":false},"excerpt":{"rendered":"<p>La Cr\u00e8me Hamam\u00e9lis resserre et r\u00e9duit la taille des pores avec plus de 77% d&rsquo;hamam\u00e9lis ! Le composant cl\u00e9 de cet ingr\u00e9dient superstar est le tanin qui r\u00e9duit les niveaux de s\u00e9bum, ce qui peut aider \u00e0 contr\u00f4ler l\u2019acn\u00e9. Les pouvoirs hydratants de la cr\u00e8me sont rapidement absorb\u00e9s et augmentent instantan\u00e9ment les niveaux d&rsquo;hydratation pour une peau rebondie et r\u00e9siliente.<br \/>\n<strong>Ingr\u00e9dients principaux\u00a0:<\/strong><br \/>\n<strong>Niacinamide\u00a0:<\/strong> am\u00e9liore les teints in\u00e9gaux et aide \u00e0 reconstruire une barri\u00e8re compromise.<br \/>\n<strong>Huile d&rsquo;argan<\/strong>\u00a0: le teint b\u00e9n\u00e9ficie d&rsquo;une hydratation adoucissante gr\u00e2ce \u00e0 l&rsquo;huile d&rsquo;argan l\u00e9g\u00e8re.<br \/>\n<strong>Huile de Clary\u00a0:<\/strong> contient des propri\u00e9t\u00e9s antibact\u00e9riennes pour r\u00e9duire et pr\u00e9venir les imperfections.<\/p>\n","protected":false},"featured_media":14222,"comment_status":"open","ping_status":"closed","template":"","meta":{"content-type":"","site-sidebar-layout":"default","site-content-layout":"","ast-site-content-layout":"default","site-content-style":"default","site-sidebar-style":"default","ast-global-header-display":"","ast-banner-title-visibility":"","ast-main-header-display":"","ast-hfb-above-header-display":"","ast-hfb-below-header-display":"","ast-hfb-mobile-header-display":"","site-post-title":"","ast-breadcrumbs-content":"","ast-featured-img":"","footer-sml-layout":"","ast-disable-related-posts":"","theme-transparent-header-meta":"default","adv-header-id-meta":"","stick-header-meta":"","header-above-stick-meta":"","header-main-stick-meta":"","header-below-stick-meta":"","astra-migrate-meta-layouts":"set","ast-page-background-enabled":"default","ast-page-background-meta":{"desktop":{"background-color":"","background-image":"","background-repeat":"repeat","background-position":"center center","background-size":"auto","background-attachment":"scroll","background-type":"","background-media":"","overlay-type":"","overlay-color":"","overlay-opacity":"","overlay-gradient":""},"tablet":{"background-color":"","background-image":"","background-repeat":"repeat","background-position":"center center","background-size":"auto","background-attachment":"scroll","background-type":"","background-media":"","overlay-type":"","overlay-color":"","overlay-opacity":"","overlay-gradient":""},"mobile":{"background-color":"","background-image":"","background-repeat":"repeat","background-position":"center center","background-size":"auto","background-attachment":"scroll","background-type":"","background-media":"","overlay-type":"","overlay-color":"","overlay-opacity":"","overlay-gradient":""}},"ast-content-background-meta":{"desktop":{"background-color":"var(--ast-global-color-5)","background-image":"","background-repeat":"repeat","background-position":"center center","background-size":"auto","background-attachment":"scroll","background-type":"","background-media":"","overlay-type":"","overlay-color":"","overlay-opacity":"","overlay-gradient":""},"tablet":{"background-color":"var(--ast-global-color-5)","background-image":"","background-repeat":"repeat","background-position":"center center","background-size":"auto","background-attachment":"scroll","background-type":"","background-media":"","overlay-type":"","overlay-color":"","overlay-opacity":"","overlay-gradient":""},"mobile":{"background-color":"var(--ast-global-color-5)","background-image":"","background-repeat":"repeat","background-position":"center center","background-size":"auto","background-attachment":"scroll","background-type":"","background-media":"","overlay-type":"","overlay-color":"","overlay-opacity":"","overlay-gradient":""}}},"product_brand":[],"product_cat":[520,350,504,424],"product_tag":[587],"class_list":{"0":"post-14123","1":"product","2":"type-product","3":"status-publish","4":"has-post-thumbnail","6":"product_cat-8-koreanische-gesichtscreme","7":"product_cat-apieu","8":"product_cat-cpnp","9":"product_cat-gesicht","10":"product_tag-8-feuchtigkeitspflege","11":"pa_hauttyp-all","12":"pa_hauttyp-fettige","13":"pa_hauttyp-mischhaut","14":"pa_hauttyp-normal","15":"pa_hauttyp-trockene","16":"desktop-align-left","17":"tablet-align-left","18":"mobile-align-left","20":"first","21":"instock","22":"taxable","23":"shipping-taxable","24":"purchasable","25":"product-type-variable"},"_links":{"self":[{"href":"https:\/\/healthyskinsecrets.ch\/fr\/wp-json\/wp\/v2\/product\/14123","targetHints":{"allow":["GET"]}}],"collection":[{"href":"https:\/\/healthyskinsecrets.ch\/fr\/wp-json\/wp\/v2\/product"}],"about":[{"href":"https:\/\/healthyskinsecrets.ch\/fr\/wp-json\/wp\/v2\/types\/product"}],"replies":[{"embeddable":true,"href":"https:\/\/healthyskinsecrets.ch\/fr\/wp-json\/wp\/v2\/comments?post=14123"}],"wp:featuredmedia":[{"embeddable":true,"href":"https:\/\/healthyskinsecrets.ch\/fr\/wp-json\/wp\/v2\/media\/14222"}],"wp:attachment":[{"href":"https:\/\/healthyskinsecrets.ch\/fr\/wp-json\/wp\/v2\/media?parent=14123"}],"wp:term":[{"taxonomy":"product_brand","embeddable":true,"href":"https:\/\/healthyskinsecrets.ch\/fr\/wp-json\/wp\/v2\/product_brand?post=14123"},{"taxonomy":"product_cat","embeddable":true,"href":"https:\/\/healthyskinsecrets.ch\/fr\/wp-json\/wp\/v2\/product_cat?post=14123"},{"taxonomy":"product_tag","embeddable":true,"href":"https:\/\/healthyskinsecrets.ch\/fr\/wp-json\/wp\/v2\/product_tag?post=14123"}],"curies":[{"name":"wp","href":"https:\/\/api.w.org\/{rel}","templated":true}]}}