{"id":14122,"date":"2023-12-06T20:33:12","date_gmt":"2023-12-06T20:33:12","guid":{"rendered":"https:\/\/healthyskinsecrets.ch\/product\/import-placeholder-for-24847\/"},"modified":"2026-02-23T15:04:13","modified_gmt":"2026-02-23T15:04:13","slug":"apieu-deep-clean-foam-cleanser-130ml","status":"publish","type":"product","link":"https:\/\/healthyskinsecrets.ch\/fr\/product\/apieu-deep-clean-foam-cleanser\/","title":{"rendered":"A'pieu Deep Clean Foam Cleanser 130ml"},"content":{"rendered":"<h3>Application<\/h3>\n<ol>\n<li>Distribuez une quantit\u00e9 appropri\u00e9e de produit dans une paume humide et faites mousser enti\u00e8rement.<\/li>\n<li>Frottez soigneusement le visage et rincez \u00e0 l&rsquo;eau ti\u00e8de.<\/li>\n<\/ol>\n<h3>Ingr\u00e9dients<\/h3>\n<p>Water, Glycerin, Palmitic Acid, Myristic Acid, Stearic Acid, Potassium Hydroxide, Lauric Acid, Cocamidopropyl Betaine, Sea Silt, Cellulose, Prunus Armeniaca (Apricot) Seed Power, Fragrance, Sodium Chloride, Phenoxyethanol, Chlorphenesin, Acrylates\/C10-30 Alkyl Acrylate Crosspolymer, Ethylhexylglycerin, Caprylyl Glycol, Arachidic Acid, Disodium EDTA, Sodium Bicarbonate, Water, Butylene Glycol<\/p>\n<h3>Attention<\/h3>\n<ol>\n<li>Pour usage externe uniquement.<\/li>\n<li>Ne pas utiliser sur une peau endommag\u00e9e ou \u00e9rafl\u00e9e.<\/li>\n<li>En cas d&rsquo;\u00e9ruption cutan\u00e9e, arr\u00eatez l&rsquo;utilisation et contactez un m\u00e9decin.<\/li>\n<li>\u00c9vitez tout contact avec les yeux. En cas de contact avec les yeux, rincer imm\u00e9diatement et abondamment.<\/li>\n<li>Conserver hors de port\u00e9e des enfants.<\/li>\n<li>Ne pas avaler. En cas d&rsquo;ingestion, consultez imm\u00e9diatement un m\u00e9decin ou contactez un centre antipoison.<\/li>\n<\/ol>\n","protected":false},"excerpt":{"rendered":"<p>La mousse exfoliante rafra\u00eechissante Deep Clean nettoie les pores et lisse la texture de la peau avec de la boue qui est efficace pour \u00e9liminer les cellules mortes de la peau et les impuret\u00e9s.<\/p>\n<ol>\n<li>Une peau lisse avec de la boue et un gommage\u00a0: la boue avec une excellente absorption permet un nettoyage en profondeur efficace des impuret\u00e9s de l&rsquo;int\u00e9rieur des pores, tandis que le gommage aux graines d&rsquo;abricot procure une peau lisse en \u00e9liminant en douceur les cellules mortes de la peau.<\/li>\n<li>Finition soign\u00e9e et rafra\u00eechissante\u00a0: il laisse une sensation soign\u00e9e et rafra\u00eechissante apr\u00e8s le nettoyage du visage pour un fini lisse tout en contr\u00f4lant l&rsquo;exc\u00e8s de s\u00e9bum brillant.<\/li>\n<li>Expertise du nettoyage en profondeur\u00a0: il procure un nettoyage en profondeur rafra\u00eechissant avec de la levure chimique et de l&rsquo;eau p\u00e9tillante qui aident \u00e0 nettoyer\u00a0les\u00a0pores.<\/li>\n<\/ol>\n<p><strong>Ingr\u00e9dients principaux\u00a0:<\/strong><br \/>\n<strong>Levure chimique\u00a0:<\/strong> Nettoie efficacement la peau. en purifiant les pores et en \u00e9liminant les impuret\u00e9s de la peau<br \/>\n<strong>Eau p\u00e9tillante Harrogate\u00a0:<\/strong> Fournit un \u00e9claircissement. soin rafra\u00eechissant avec une abondance de min\u00e9raux dans cette eau p\u00e9tillante d&rsquo;Angleterre<br \/>\n<strong>Boue (limon marin)<\/strong>\u00a0: fournit des soins purs pour la peau en absorbant le s\u00e9bum et en \u00e9liminant les impuret\u00e9s.<br \/>\n<strong>Poudre de graines d&rsquo;abricot\u00a0:<\/strong> Fournit une texture de peau lisse en \u00e9liminant les cellules mortes tenaces de la peau.<\/p>\n","protected":false},"featured_media":14221,"comment_status":"open","ping_status":"closed","template":"","meta":{"content-type":"","site-sidebar-layout":"default","site-content-layout":"","ast-site-content-layout":"default","site-content-style":"default","site-sidebar-style":"default","ast-global-header-display":"","ast-banner-title-visibility":"","ast-main-header-display":"","ast-hfb-above-header-display":"","ast-hfb-below-header-display":"","ast-hfb-mobile-header-display":"","site-post-title":"","ast-breadcrumbs-content":"","ast-featured-img":"","footer-sml-layout":"","ast-disable-related-posts":"","theme-transparent-header-meta":"default","adv-header-id-meta":"","stick-header-meta":"","header-above-stick-meta":"","header-main-stick-meta":"","header-below-stick-meta":"","astra-migrate-meta-layouts":"set","ast-page-background-enabled":"default","ast-page-background-meta":{"desktop":{"background-color":"","background-image":"","background-repeat":"repeat","background-position":"center center","background-size":"auto","background-attachment":"scroll","background-type":"","background-media":"","overlay-type":"","overlay-color":"","overlay-opacity":"","overlay-gradient":""},"tablet":{"background-color":"","background-image":"","background-repeat":"repeat","background-position":"center center","background-size":"auto","background-attachment":"scroll","background-type":"","background-media":"","overlay-type":"","overlay-color":"","overlay-opacity":"","overlay-gradient":""},"mobile":{"background-color":"","background-image":"","background-repeat":"repeat","background-position":"center center","background-size":"auto","background-attachment":"scroll","background-type":"","background-media":"","overlay-type":"","overlay-color":"","overlay-opacity":"","overlay-gradient":""}},"ast-content-background-meta":{"desktop":{"background-color":"var(--ast-global-color-5)","background-image":"","background-repeat":"repeat","background-position":"center center","background-size":"auto","background-attachment":"scroll","background-type":"","background-media":"","overlay-type":"","overlay-color":"","overlay-opacity":"","overlay-gradient":""},"tablet":{"background-color":"var(--ast-global-color-5)","background-image":"","background-repeat":"repeat","background-position":"center center","background-size":"auto","background-attachment":"scroll","background-type":"","background-media":"","overlay-type":"","overlay-color":"","overlay-opacity":"","overlay-gradient":""},"mobile":{"background-color":"var(--ast-global-color-5)","background-image":"","background-repeat":"repeat","background-position":"center center","background-size":"auto","background-attachment":"scroll","background-type":"","background-media":"","overlay-type":"","overlay-color":"","overlay-opacity":"","overlay-gradient":""}}},"product_brand":[],"product_cat":[513,350,504,424],"product_tag":[427],"class_list":{"0":"post-14122","1":"product","2":"type-product","3":"status-publish","4":"has-post-thumbnail","6":"product_cat-1-cleanser","7":"product_cat-apieu","8":"product_cat-cpnp","9":"product_cat-gesicht","10":"product_tag-reinigung","11":"pa_hauttyp-all","12":"pa_hauttyp-fettige","13":"pa_hauttyp-mischhaut","14":"pa_hauttyp-normal","15":"pa_hauttyp-trockene","16":"desktop-align-left","17":"tablet-align-left","18":"mobile-align-left","20":"first","21":"instock","22":"taxable","23":"shipping-taxable","24":"purchasable","25":"product-type-variable","26":"has-default-attributes"},"_links":{"self":[{"href":"https:\/\/healthyskinsecrets.ch\/fr\/wp-json\/wp\/v2\/product\/14122","targetHints":{"allow":["GET"]}}],"collection":[{"href":"https:\/\/healthyskinsecrets.ch\/fr\/wp-json\/wp\/v2\/product"}],"about":[{"href":"https:\/\/healthyskinsecrets.ch\/fr\/wp-json\/wp\/v2\/types\/product"}],"replies":[{"embeddable":true,"href":"https:\/\/healthyskinsecrets.ch\/fr\/wp-json\/wp\/v2\/comments?post=14122"}],"wp:featuredmedia":[{"embeddable":true,"href":"https:\/\/healthyskinsecrets.ch\/fr\/wp-json\/wp\/v2\/media\/14221"}],"wp:attachment":[{"href":"https:\/\/healthyskinsecrets.ch\/fr\/wp-json\/wp\/v2\/media?parent=14122"}],"wp:term":[{"taxonomy":"product_brand","embeddable":true,"href":"https:\/\/healthyskinsecrets.ch\/fr\/wp-json\/wp\/v2\/product_brand?post=14122"},{"taxonomy":"product_cat","embeddable":true,"href":"https:\/\/healthyskinsecrets.ch\/fr\/wp-json\/wp\/v2\/product_cat?post=14122"},{"taxonomy":"product_tag","embeddable":true,"href":"https:\/\/healthyskinsecrets.ch\/fr\/wp-json\/wp\/v2\/product_tag?post=14122"}],"curies":[{"name":"wp","href":"https:\/\/api.w.org\/{rel}","templated":true}]}}