{"id":14121,"date":"2023-12-06T20:33:12","date_gmt":"2023-12-06T20:33:12","guid":{"rendered":"https:\/\/healthyskinsecrets.ch\/product\/import-placeholder-for-24842\/"},"modified":"2026-02-23T15:01:18","modified_gmt":"2026-02-23T15:01:18","slug":"apieu-glycolic-acid-cream-50ml","status":"publish","type":"product","link":"https:\/\/healthyskinsecrets.ch\/fr\/product\/apieu-glycolic-acid-cream\/","title":{"rendered":"A'pieu Glycolic Acid Cream 50ml"},"content":{"rendered":"<h3>Application<\/h3>\n<ol>\n<li>Prenez une petite quantit\u00e9 et massez-la sur le visage et le cou.<\/li>\n<li>Tapotez doucement et appuyez jusqu&rsquo;\u00e0 ce que la cr\u00e8me soit compl\u00e8tement absorb\u00e9e. Utiliser matin et soir.<\/li>\n<\/ol>\n<h3>Ingr\u00e9dients<\/h3>\n<p>Betula Alba Juice, Water\/Aqua\/Eau, Propanediol, Tromethamine, Glycolic Acid, Cetearyl Alcohol, Glycereth-26, 1,2-Hexanediol, Niacinamide, Butylene Glycol, Glycerin, Cyclopentasiloxane, Beeswax, Dimethicone, Polysorbate 60, Cyclohexasiloxane, Sorbitan Stearate, PEG-240\/HDI Copolymer Bis-Decyltetradeceth-20 Ether, Glyceryl Stearate, Panthenol, Salicylic Acid, Artemisia Princeps Leaf Extract, Xanthan Gum, Hydroxyacetophenone, Sodium Acrylate\/Sodium Acryloyldimethyl Taurate Copolymer, PEG-100 Stearate, Isohexadecane, PEG-2M, Hydrogenated Lecithin, Allantoin, Sucrose Distearate, Polysorbate 80, Adenosine, Sorbitan Oleate, Disodium EDTA, Pantolactone, Lactobacillus\/Pumpkin Ferment Extract, Phenoxyethanol, Ananas sativus (pineapple) fruit Extract, Alchemilla Vulgaris Extract, Arnica Montana Flower Extract, Actinidia Chinensis (Kiwi) Fruit Extract, Pyrus Malus (Apple) Fruit Extract, Gaultheria Procumbens (Wintergreen) Leaf Extract<\/p>\n<p>*Le changement des ingr\u00e9dients est \u00e0 la discr\u00e9tion du fabricant. Vous voulez \u00eatre s\u00fbr avant d&rsquo;acheter ? Alors contactez-nous pour une photo de l&#8217;emballage actuel du produit.<\/p>\n<h3>Attention<\/h3>\n<ol>\n<li>Pour usage externe uniquement.<\/li>\n<li>Ne pas utiliser sur une peau endommag\u00e9e ou \u00e9rafl\u00e9e.<\/li>\n<li>En cas d&rsquo;\u00e9ruption cutan\u00e9e, arr\u00eatez l&rsquo;utilisation et contactez un m\u00e9decin.<\/li>\n<li>\u00c9vitez tout contact avec les yeux. En cas de contact avec les yeux, rincer imm\u00e9diatement et abondamment.<\/li>\n<li>Conserver hors de port\u00e9e des enfants.<\/li>\n<li>Ne pas avaler. En cas d&rsquo;ingestion, consultez imm\u00e9diatement un m\u00e9decin ou contactez un centre antipoison.<\/li>\n<\/ol>\n","protected":false},"excerpt":{"rendered":"<p>La cr\u00e8me \u00e0 l&rsquo;acide glycolique A&rsquo;PIEU est id\u00e9ale pour lutter efficacement contre le teint terne, les cicatrices d&rsquo;acn\u00e9 et les imperfections. Cet hydratant multit\u00e2che sans parfum lisse, affine, clarifie et \u00e9claircit, am\u00e9liorant ainsi l\u2019\u00e9paisseur et l\u2019\u00e9lasticit\u00e9 de la peau. La cr\u00e8me hydratante contient 3 % d&rsquo;acide glycolique (AHA) pour exfolier en douceur la peau tandis que l&rsquo;acide salicylique (BHA) nettoie les pores en profondeur. L&rsquo;extrait de bouleau \u00e0 30 % \u00e9quilibre la peau et lutte contre la d\u00e9shydratation. De plus, la formule dissout les d\u00e9bris obstruant les pores pour minimiser l\u2019apparence des pores ouverts, des ridules et des rides. La texture g\u00e9latineuse s&rsquo;\u00e9tale facilement sur la peau et p\u00e9n\u00e8tre rapidement. Id\u00e9al pour les peaux normales, mixtes et grasses.<\/p>\n<p>L&rsquo;extrait de jus de Betula Alba (30 %) poss\u00e8de des propri\u00e9t\u00e9s anti-inflammatoires et apaisantes pour la peau qui sont souvent utilis\u00e9es pour traiter l&rsquo;ecz\u00e9ma et le psoriasis.<br \/>\nL&rsquo;acide glycolique (AHA 3 %) exfolie les cellules mortes de la peau, r\u00e9duit les ridules et att\u00e9nue progressivement l&rsquo;hyperpigmentation.<br \/>\nL&rsquo;acide salicylique (BHA 0,45 %) aide \u00e0 \u00e9liminer la salet\u00e9, les bact\u00e9ries et les impuret\u00e9s qui se sont accumul\u00e9es \u00e0 la surface de la peau afin que les pores restent clairs et exempts d&rsquo;irritants.<br \/>\nLa niacinamide soutient la barri\u00e8re cutan\u00e9e, augmente sa r\u00e9silience et am\u00e9liore la texture en rendant les pores plus petits.<\/p>\n","protected":false},"featured_media":14208,"comment_status":"open","ping_status":"closed","template":"","meta":{"content-type":"","site-sidebar-layout":"default","site-content-layout":"","ast-site-content-layout":"default","site-content-style":"default","site-sidebar-style":"default","ast-global-header-display":"","ast-banner-title-visibility":"","ast-main-header-display":"","ast-hfb-above-header-display":"","ast-hfb-below-header-display":"","ast-hfb-mobile-header-display":"","site-post-title":"","ast-breadcrumbs-content":"","ast-featured-img":"","footer-sml-layout":"","ast-disable-related-posts":"","theme-transparent-header-meta":"default","adv-header-id-meta":"","stick-header-meta":"","header-above-stick-meta":"","header-main-stick-meta":"","header-below-stick-meta":"","astra-migrate-meta-layouts":"set","ast-page-background-enabled":"default","ast-page-background-meta":{"desktop":{"background-color":"","background-image":"","background-repeat":"repeat","background-position":"center center","background-size":"auto","background-attachment":"scroll","background-type":"","background-media":"","overlay-type":"","overlay-color":"","overlay-opacity":"","overlay-gradient":""},"tablet":{"background-color":"","background-image":"","background-repeat":"repeat","background-position":"center center","background-size":"auto","background-attachment":"scroll","background-type":"","background-media":"","overlay-type":"","overlay-color":"","overlay-opacity":"","overlay-gradient":""},"mobile":{"background-color":"","background-image":"","background-repeat":"repeat","background-position":"center center","background-size":"auto","background-attachment":"scroll","background-type":"","background-media":"","overlay-type":"","overlay-color":"","overlay-opacity":"","overlay-gradient":""}},"ast-content-background-meta":{"desktop":{"background-color":"var(--ast-global-color-5)","background-image":"","background-repeat":"repeat","background-position":"center center","background-size":"auto","background-attachment":"scroll","background-type":"","background-media":"","overlay-type":"","overlay-color":"","overlay-opacity":"","overlay-gradient":""},"tablet":{"background-color":"var(--ast-global-color-5)","background-image":"","background-repeat":"repeat","background-position":"center center","background-size":"auto","background-attachment":"scroll","background-type":"","background-media":"","overlay-type":"","overlay-color":"","overlay-opacity":"","overlay-gradient":""},"mobile":{"background-color":"var(--ast-global-color-5)","background-image":"","background-repeat":"repeat","background-position":"center center","background-size":"auto","background-attachment":"scroll","background-type":"","background-media":"","overlay-type":"","overlay-color":"","overlay-opacity":"","overlay-gradient":""}}},"product_brand":[],"product_cat":[520,350,504,424],"product_tag":[587],"class_list":{"0":"post-14121","1":"product","2":"type-product","3":"status-publish","4":"has-post-thumbnail","6":"product_cat-8-koreanische-gesichtscreme","7":"product_cat-apieu","8":"product_cat-cpnp","9":"product_cat-gesicht","10":"product_tag-8-feuchtigkeitspflege","11":"pa_hauttyp-all","12":"pa_hauttyp-fettige","13":"pa_hauttyp-mischhaut","14":"pa_hauttyp-normal","15":"pa_hauttyp-trockene","16":"desktop-align-left","17":"tablet-align-left","18":"mobile-align-left","20":"first","21":"instock","22":"taxable","23":"shipping-taxable","24":"purchasable","25":"product-type-variable"},"_links":{"self":[{"href":"https:\/\/healthyskinsecrets.ch\/fr\/wp-json\/wp\/v2\/product\/14121","targetHints":{"allow":["GET"]}}],"collection":[{"href":"https:\/\/healthyskinsecrets.ch\/fr\/wp-json\/wp\/v2\/product"}],"about":[{"href":"https:\/\/healthyskinsecrets.ch\/fr\/wp-json\/wp\/v2\/types\/product"}],"replies":[{"embeddable":true,"href":"https:\/\/healthyskinsecrets.ch\/fr\/wp-json\/wp\/v2\/comments?post=14121"}],"wp:featuredmedia":[{"embeddable":true,"href":"https:\/\/healthyskinsecrets.ch\/fr\/wp-json\/wp\/v2\/media\/14208"}],"wp:attachment":[{"href":"https:\/\/healthyskinsecrets.ch\/fr\/wp-json\/wp\/v2\/media?parent=14121"}],"wp:term":[{"taxonomy":"product_brand","embeddable":true,"href":"https:\/\/healthyskinsecrets.ch\/fr\/wp-json\/wp\/v2\/product_brand?post=14121"},{"taxonomy":"product_cat","embeddable":true,"href":"https:\/\/healthyskinsecrets.ch\/fr\/wp-json\/wp\/v2\/product_cat?post=14121"},{"taxonomy":"product_tag","embeddable":true,"href":"https:\/\/healthyskinsecrets.ch\/fr\/wp-json\/wp\/v2\/product_tag?post=14121"}],"curies":[{"name":"wp","href":"https:\/\/api.w.org\/{rel}","templated":true}]}}