{"id":14082,"date":"2023-12-06T20:32:49","date_gmt":"2023-12-06T20:32:49","guid":{"rendered":"https:\/\/healthyskinsecrets.ch\/product\/import-placeholder-for-23908\/"},"modified":"2026-02-24T10:59:55","modified_gmt":"2026-02-24T10:59:55","slug":"secret-key-telling-u-cc-cream-30ml","status":"publish","type":"product","link":"https:\/\/healthyskinsecrets.ch\/fr\/product\/secret-key-telling-u-cc-cream\/","title":{"rendered":"Secret Key Telling U CC Cream 30ml"},"content":{"rendered":"<h3>Application<\/h3>\n<ol>\n<li>Apr\u00e8s la derni\u00e8re \u00e9tape du soin de la peau, pr\u00e9levez une petite quantit\u00e9 de Telling You CC Cream et trempez-la sur le front, les joues, le nez et le menton.<\/li>\n<li>Appliquer uniform\u00e9ment en fonction de la texture de la peau et tapoter l\u00e9g\u00e8rement pour l&rsquo;absorption.<\/li>\n<\/ol>\n<h3>Ingr\u00e9dients principaux<\/h3>\n<p>Water, Caprylic\/Capric Tryglycerides, Titanium Dioxide, Cyclopentasiloxane, Ethylhexyl Methoxycinnamate, Butyleneglycol, Cyclomethicone, Cyclohexasiloxane, Zinc Oxide, Cetyl PEG\/PPG-10\/1 Dimethicone, Arbutin, Sorbitan sesquioleate, 4-Methylbenzylidene Camphor, PEG-10 Dimethicone, Stearalkonium Chloride, Sodium Chloride, Iron Oxide Yellow, Dimethicone\/Vinyl Dimethicone Crosspolymer, Phenoxyethanol, Mica, CI 77491, Red Oxide of Iron, Methicone, PEG\/PPG-19\/19 Dimethicone, Xanthan Gum, Polyester-1, Triethoxycaprylylsilane, CI 77499, Black Oxide of Iron, Silica Dimethyl Silylate, Fragnance, Adenosine, Butylhydroxyanisol (BHT), Centella Asiatica Extract, Chamomilla Recutita (Matricaria) Flower Extract, Glycyrrhiza Glabra (Licorice) Root Extract, Camellia Sinensis Leaf Extract, Polygonum Cuspidatum Root Extract, Rosmarinus Officinalis (Rosemary) Leaf Extract, Scutellaria Baicalensis Root Extract, Ethanol, Methylsilanol Mannuronate, Sodium Hyaluronate, Aloe Barbadensis Leaf Water, Glycerin, Malva sylvestris (Mallow) flower extract, Mentha Piperita (Peppermint) Leaf Extract, Primula Veris Extract, Alchemilla Vulgaris Extract, Veronica Officinalis Extract, Melissa Officinalis Leaf Extract, Achillea Millefolium Extract<\/p>\n<h3>Attention<\/h3>\n<ol>\n<li>Pour usage externe uniquement.<\/li>\n<li>Ne pas utiliser sur une peau endommag\u00e9e ou \u00e9rafl\u00e9e.<\/li>\n<li>En cas d&rsquo;\u00e9ruption cutan\u00e9e, arr\u00eatez l&rsquo;utilisation et contactez un m\u00e9decin.<\/li>\n<li>\u00c9vitez tout contact avec les yeux. En cas de contact avec les yeux, rincer imm\u00e9diatement et abondamment.<\/li>\n<li>Conserver hors de port\u00e9e des enfants.<\/li>\n<li>Ne pas avaler. En cas d&rsquo;ingestion, consultez imm\u00e9diatement un m\u00e9decin ou contactez un centre antipoison.<\/li>\n<\/ol>\n","protected":false},"excerpt":{"rendered":"<p>La poudre poreuse capture l&rsquo;huile et la garde douce pendant longtemps. La poudre comble les pores et les bosses, aidant \u00e0 g\u00e9rer en douceur sans soulever. La formule \u00e0 changement de couleur s&rsquo;exprime comme une peau naturelle et est naturellement couverte m\u00eame lorsqu&rsquo;elle est r\u00e9appliqu\u00e9e. La cr\u00e8me tonique Secret Key Telling U apportera \u00e0 votre peau la dose d&rsquo;hydratation n\u00e9cessaire tout en couvrant les \u00e9ventuelles imperfections.<br \/>\n<strong>Principaux avantages\u00a0:<\/strong><\/p>\n<ul>\n<li><strong>unifie le ton de la couleur<\/strong>\u00a0: laisse un aspect naturel.<\/li>\n<li><strong>prot\u00e8ge du soleil<\/strong>\u00a0: contre les taches pigmentaires<\/li>\n<li><strong>contre les rougeurs<\/strong><\/li>\n<li><strong>contre les cernes<\/strong><\/li>\n<\/ul>\n","protected":false},"featured_media":14197,"comment_status":"open","ping_status":"closed","template":"","meta":{"content-type":"","site-sidebar-layout":"default","site-content-layout":"","ast-site-content-layout":"default","site-content-style":"default","site-sidebar-style":"default","ast-global-header-display":"","ast-banner-title-visibility":"","ast-main-header-display":"","ast-hfb-above-header-display":"","ast-hfb-below-header-display":"","ast-hfb-mobile-header-display":"","site-post-title":"","ast-breadcrumbs-content":"","ast-featured-img":"","footer-sml-layout":"","ast-disable-related-posts":"","theme-transparent-header-meta":"default","adv-header-id-meta":"","stick-header-meta":"","header-above-stick-meta":"","header-main-stick-meta":"","header-below-stick-meta":"","astra-migrate-meta-layouts":"set","ast-page-background-enabled":"default","ast-page-background-meta":{"desktop":{"background-color":"","background-image":"","background-repeat":"repeat","background-position":"center center","background-size":"auto","background-attachment":"scroll","background-type":"","background-media":"","overlay-type":"","overlay-color":"","overlay-opacity":"","overlay-gradient":""},"tablet":{"background-color":"","background-image":"","background-repeat":"repeat","background-position":"center center","background-size":"auto","background-attachment":"scroll","background-type":"","background-media":"","overlay-type":"","overlay-color":"","overlay-opacity":"","overlay-gradient":""},"mobile":{"background-color":"","background-image":"","background-repeat":"repeat","background-position":"center center","background-size":"auto","background-attachment":"scroll","background-type":"","background-media":"","overlay-type":"","overlay-color":"","overlay-opacity":"","overlay-gradient":""}},"ast-content-background-meta":{"desktop":{"background-color":"var(--ast-global-color-5)","background-image":"","background-repeat":"repeat","background-position":"center center","background-size":"auto","background-attachment":"scroll","background-type":"","background-media":"","overlay-type":"","overlay-color":"","overlay-opacity":"","overlay-gradient":""},"tablet":{"background-color":"var(--ast-global-color-5)","background-image":"","background-repeat":"repeat","background-position":"center center","background-size":"auto","background-attachment":"scroll","background-type":"","background-media":"","overlay-type":"","overlay-color":"","overlay-opacity":"","overlay-gradient":""},"mobile":{"background-color":"var(--ast-global-color-5)","background-image":"","background-repeat":"repeat","background-position":"center center","background-size":"auto","background-attachment":"scroll","background-type":"","background-media":"","overlay-type":"","overlay-color":"","overlay-opacity":"","overlay-gradient":""}}},"product_brand":[],"product_cat":[588,424,341],"product_tag":[430],"class_list":{"0":"post-14082","1":"product","2":"type-product","3":"status-publish","4":"has-post-thumbnail","6":"product_cat-10-sonnenschutz","7":"product_cat-gesicht","8":"product_cat-secret-key","9":"product_tag-sonnenschutz","10":"pa_hauttyp-all","11":"pa_hauttyp-empfindliche-haut","12":"pa_hauttyp-fettige","13":"pa_hauttyp-mischhaut","14":"pa_hauttyp-normal","15":"pa_hauttyp-trockene","16":"desktop-align-left","17":"tablet-align-left","18":"mobile-align-left","20":"first","21":"outofstock","22":"taxable","23":"shipping-taxable","24":"purchasable","25":"product-type-variable"},"_links":{"self":[{"href":"https:\/\/healthyskinsecrets.ch\/fr\/wp-json\/wp\/v2\/product\/14082","targetHints":{"allow":["GET"]}}],"collection":[{"href":"https:\/\/healthyskinsecrets.ch\/fr\/wp-json\/wp\/v2\/product"}],"about":[{"href":"https:\/\/healthyskinsecrets.ch\/fr\/wp-json\/wp\/v2\/types\/product"}],"replies":[{"embeddable":true,"href":"https:\/\/healthyskinsecrets.ch\/fr\/wp-json\/wp\/v2\/comments?post=14082"}],"wp:featuredmedia":[{"embeddable":true,"href":"https:\/\/healthyskinsecrets.ch\/fr\/wp-json\/wp\/v2\/media\/14197"}],"wp:attachment":[{"href":"https:\/\/healthyskinsecrets.ch\/fr\/wp-json\/wp\/v2\/media?parent=14082"}],"wp:term":[{"taxonomy":"product_brand","embeddable":true,"href":"https:\/\/healthyskinsecrets.ch\/fr\/wp-json\/wp\/v2\/product_brand?post=14082"},{"taxonomy":"product_cat","embeddable":true,"href":"https:\/\/healthyskinsecrets.ch\/fr\/wp-json\/wp\/v2\/product_cat?post=14082"},{"taxonomy":"product_tag","embeddable":true,"href":"https:\/\/healthyskinsecrets.ch\/fr\/wp-json\/wp\/v2\/product_tag?post=14082"}],"curies":[{"name":"wp","href":"https:\/\/api.w.org\/{rel}","templated":true}]}}