{"id":14081,"date":"2023-12-06T20:32:49","date_gmt":"2023-12-06T20:32:49","guid":{"rendered":"https:\/\/healthyskinsecrets.ch\/product\/import-placeholder-for-23901\/"},"modified":"2024-09-15T16:00:13","modified_gmt":"2024-09-15T16:00:13","slug":"pyunkang-yul-moisture-soothing-sun-cream-75ml","status":"publish","type":"product","link":"https:\/\/healthyskinsecrets.ch\/fr\/product\/pyunkang-yul-moisture-soothing-sun-cream\/","title":{"rendered":"Pyunkang Yul Moisture Soothing Sun Cream 75ml"},"content":{"rendered":"<h3>Application<\/h3>\n<ol>\n<li>Dans la phase finale de votre routine de soins de la peau, \u00e9talez uniform\u00e9ment sur votre visage et laissez p\u00e9n\u00e9trer compl\u00e8tement.<\/li>\n<li>Pour prot\u00e9ger votre visage, il vous faut id\u00e9alement 2&nbsp;mg\/cm\u00b2. Comme cela est difficile \u00e0 \u00e9valuer, en r\u00e8gle g\u00e9n\u00e9rale, vous devez utiliser 1,5 \u00e0 2&nbsp;g de cr\u00e8me solaire par application.<\/li>\n<\/ol>\n<h3 class=\"pro_infor_title_style\">Ingr\u00e9dients cl\u00e9s<\/h3>\n<p>Purified Water, Zinc Oxide, Cyclopentasiloxane, Homosalate, Butyloctyl Salicylate, Propanediol, Ethylhexyl Salicylate, Propylheptyl Caprylate, Polyglyceryl-4 Diisostearate\/Polyhydroxystearate\/Sebacate, Titanium Dioxide, Disteardimonium Hectorite, Polyglyceryl-3 Polydimethylsiloxyethyl Dimethicone, Magnesium Sulfate, Phenyl Trimethicone, 1,2-Hexanediol, Polymethylsilsesquioxane, Acrylates\/Dimethicone Copolymer, Triethoxycaprylylsilane, Stearic Acid, Aluminum Hydroxide, Glyceryl Caprylate, Caprylyl Glycol, Ethylhexylglycerin, Tocopherol, Allantoin, Ceramide NP, Sodium Hyaluronate, Butylene Glycol, Dipropylene Glycol, Glycerin, Camellia Sinensis Leaf Extract, Artemisia Princeps Leaf Extract, Centella Asiatica Extract, Houttuynia Cordata Extract, Glycyrrhiza Glabra (Licorice) Root Extract, Allium Victorialis Extract, Lonicera Japonica Flower Extract, Salicornia Herbacea Extract, Xanthium Strumarium Fruit Extract, Sophora Angustifolia Root Extract, Zingiber Officinale (Ginger) Root Extract, Poncirus Trifoliata Fruit Extract, Ulmus Davidiana Root Extract<br \/>\n*Le changement des ingr\u00e9dients est \u00e0 la discr\u00e9tion du fabricant. Vous voulez \u00eatre s\u00fbr avant d&rsquo;acheter ? Alors contactez-nous pour une photo de l&#8217;emballage actuel du produit.<\/p>\n<h3>Attention<\/h3>\n<ol>\n<li>Pour usage externe uniquement.<\/li>\n<li>Ne pas utiliser sur une peau endommag\u00e9e ou \u00e9rafl\u00e9e.<\/li>\n<li>En cas d&rsquo;\u00e9ruption cutan\u00e9e, arr\u00eatez l&rsquo;utilisation et contactez un m\u00e9decin.<\/li>\n<li>\u00c9vitez tout contact avec les yeux. En cas de contact avec les yeux, rincer imm\u00e9diatement et abondamment.<\/li>\n<li>Conserver hors de port\u00e9e des enfants.<\/li>\n<li>Ne pas avaler. En cas d&rsquo;ingestion, consultez imm\u00e9diatement un m\u00e9decin ou contactez un centre antipoison.<\/li>\n<\/ol>\n","protected":false},"excerpt":{"rendered":"<p>SPF hydratant et apaisant aliment\u00e9 par Centella Asiatica, Heart Leaf, extrait de th\u00e9 vert. Hybride physique + chimique de type SPF 50+ PA++++, efficace mais apaisant pour les peaux sensibles. Sans danger pour votre peau et la nature. Ingr\u00e9dients s\u00fbrs certifi\u00e9s EWG et Reef Safe. La texture douce de la lotion recouvre la peau en douceur et procure un effet tonifiant naturel.<br \/>\n<strong>Principaux avantages\u00a0:<\/strong><\/p>\n<ul>\n<li><strong>Soins apaisants de la peau<\/strong>\u00a0: Centella Asiatica, Houttuynia Cordata ingr\u00e9dients apaisants qui calment la peau irrit\u00e9e de mani\u00e8re saine.<\/li>\n<li><strong>Cr\u00e8me Solaire Hybride<\/strong>\u00a0: La cr\u00e8me solaire hybride prot\u00e8ge votre peau sans cr\u00e9er d&rsquo;aspect crayeux, d&rsquo;irritation ou de br\u00fblure sur la peau. Pr\u00e9vient l&rsquo;hyperpigmentation et calme la peau.<\/li>\n<li><strong>Hydratation ultime<\/strong>\u00a0: gr\u00e2ce aux c\u00e9ramides hydratants, gardez la peau s\u00e8che \u00e9clatante et saine et offrez un soin de barri\u00e8re d&rsquo;hydratation solide.<\/li>\n<li><strong>Texture rafra\u00eechissante non collante<\/strong>\u00a0: une formule de lotion douce \u00e0 \u00e9taler offre un ton naturel et un fini rafra\u00eechissant sans dominante blanche, sans danger m\u00eame pour les peaux sensibles.<\/li>\n<\/ul>\n","protected":false},"featured_media":14193,"comment_status":"open","ping_status":"closed","template":"","meta":{"content-type":"","site-sidebar-layout":"default","site-content-layout":"","ast-site-content-layout":"default","site-content-style":"default","site-sidebar-style":"default","ast-global-header-display":"","ast-banner-title-visibility":"","ast-main-header-display":"","ast-hfb-above-header-display":"","ast-hfb-below-header-display":"","ast-hfb-mobile-header-display":"","site-post-title":"","ast-breadcrumbs-content":"","ast-featured-img":"","footer-sml-layout":"","ast-disable-related-posts":"","theme-transparent-header-meta":"default","adv-header-id-meta":"","stick-header-meta":"","header-above-stick-meta":"","header-main-stick-meta":"","header-below-stick-meta":"","astra-migrate-meta-layouts":"set","ast-page-background-enabled":"default","ast-page-background-meta":{"desktop":{"background-color":"","background-image":"","background-repeat":"repeat","background-position":"center center","background-size":"auto","background-attachment":"scroll","background-type":"","background-media":"","overlay-type":"","overlay-color":"","overlay-opacity":"","overlay-gradient":""},"tablet":{"background-color":"","background-image":"","background-repeat":"repeat","background-position":"center center","background-size":"auto","background-attachment":"scroll","background-type":"","background-media":"","overlay-type":"","overlay-color":"","overlay-opacity":"","overlay-gradient":""},"mobile":{"background-color":"","background-image":"","background-repeat":"repeat","background-position":"center center","background-size":"auto","background-attachment":"scroll","background-type":"","background-media":"","overlay-type":"","overlay-color":"","overlay-opacity":"","overlay-gradient":""}},"ast-content-background-meta":{"desktop":{"background-color":"var(--ast-global-color-5)","background-image":"","background-repeat":"repeat","background-position":"center center","background-size":"auto","background-attachment":"scroll","background-type":"","background-media":"","overlay-type":"","overlay-color":"","overlay-opacity":"","overlay-gradient":""},"tablet":{"background-color":"var(--ast-global-color-5)","background-image":"","background-repeat":"repeat","background-position":"center center","background-size":"auto","background-attachment":"scroll","background-type":"","background-media":"","overlay-type":"","overlay-color":"","overlay-opacity":"","overlay-gradient":""},"mobile":{"background-color":"var(--ast-global-color-5)","background-image":"","background-repeat":"repeat","background-position":"center center","background-size":"auto","background-attachment":"scroll","background-type":"","background-media":"","overlay-type":"","overlay-color":"","overlay-opacity":"","overlay-gradient":""}}},"product_brand":[],"product_cat":[588,504,424,307],"product_tag":[430],"class_list":{"0":"post-14081","1":"product","2":"type-product","3":"status-publish","4":"has-post-thumbnail","6":"product_cat-10-sonnenschutz","7":"product_cat-cpnp","8":"product_cat-gesicht","9":"product_cat-pyunkang-yul","10":"product_tag-sonnenschutz","11":"pa_hauttyp-all","12":"pa_hauttyp-empfindliche-haut","13":"pa_hauttyp-fettige","14":"pa_hauttyp-mischhaut","15":"pa_hauttyp-normal","16":"pa_hauttyp-trockene","17":"desktop-align-left","18":"tablet-align-left","19":"mobile-align-left","21":"first","22":"instock","23":"taxable","24":"shipping-taxable","25":"purchasable","26":"product-type-variable"},"_links":{"self":[{"href":"https:\/\/healthyskinsecrets.ch\/fr\/wp-json\/wp\/v2\/product\/14081","targetHints":{"allow":["GET"]}}],"collection":[{"href":"https:\/\/healthyskinsecrets.ch\/fr\/wp-json\/wp\/v2\/product"}],"about":[{"href":"https:\/\/healthyskinsecrets.ch\/fr\/wp-json\/wp\/v2\/types\/product"}],"replies":[{"embeddable":true,"href":"https:\/\/healthyskinsecrets.ch\/fr\/wp-json\/wp\/v2\/comments?post=14081"}],"wp:featuredmedia":[{"embeddable":true,"href":"https:\/\/healthyskinsecrets.ch\/fr\/wp-json\/wp\/v2\/media\/14193"}],"wp:attachment":[{"href":"https:\/\/healthyskinsecrets.ch\/fr\/wp-json\/wp\/v2\/media?parent=14081"}],"wp:term":[{"taxonomy":"product_brand","embeddable":true,"href":"https:\/\/healthyskinsecrets.ch\/fr\/wp-json\/wp\/v2\/product_brand?post=14081"},{"taxonomy":"product_cat","embeddable":true,"href":"https:\/\/healthyskinsecrets.ch\/fr\/wp-json\/wp\/v2\/product_cat?post=14081"},{"taxonomy":"product_tag","embeddable":true,"href":"https:\/\/healthyskinsecrets.ch\/fr\/wp-json\/wp\/v2\/product_tag?post=14081"}],"curies":[{"name":"wp","href":"https:\/\/api.w.org\/{rel}","templated":true}]}}