{"id":14072,"date":"2023-12-06T20:32:48","date_gmt":"2023-12-06T20:32:48","guid":{"rendered":"https:\/\/healthyskinsecrets.ch\/product\/import-placeholder-for-23784\/"},"modified":"2026-02-24T13:26:31","modified_gmt":"2026-02-24T13:26:31","slug":"laneige-water-bank-blue-hyaluronic-cleansing-foam-150g","status":"publish","type":"product","link":"https:\/\/healthyskinsecrets.ch\/fr\/product\/laneige-water-bank-blue-hyaluronic-cleansing-foam\/","title":{"rendered":"Laneige Water Bank Blue Hyaluronic Cleansing Foam 150g"},"content":{"rendered":"<h3>Application<\/h3>\n<ol>\n<li>Masser la quantit\u00e9 souhait\u00e9e de nettoyant sur le visage mouill\u00e9, puis rincer soigneusement et nettoyer la peau \u00e0 l&rsquo;eau ti\u00e8de.<\/li>\n<\/ol>\n<h3>Ingr\u00e9dients<\/h3>\n<p>Water \/ Aqua \/ Eau, Glycerin, Myristic Acid, Stearic Acid, Peg-32, Potassium Hydroxide, Palmitic Acid, Lauric Acid, Cocamidopropyl Betaine, Glyceryl Stearate, Peg-100 Stearate, Microcrystalline Cellulose, Fragrance \/ Parfum, Sodium Chloride, Disodium Edta, Butylene Glycol, Sodium Benzoate, Mentha Arvensis Leaf Extract, Hydrolyzed Hyaluronic Acid, Polycaprolactone, Titanium Dioxide (Ci 77891), Propanediol, 1,2-Hexanediol, Lactic Acid, Peg-75, Polyquaternium-10, Lactic Acid\/Glycolic Acid Copolymer, Ethylhexylglycerin, Aluminum Hydroxide, Triethoxycaprylylsilane, Lycium Chinense Fruit Extract, Panthenol, Papain, Rubus Idaeus (Raspberry) Fruit Extract, Vaccinium Angustifolium (Blueberry) Fruit Extract, Coffea Arabica (Coffee) Seed Extract, Sapindus Mukorossi Fruit Extract, Vaccinium Macrocarpon (Cranberry) Fruit Extract, Fragaria Chiloensis (Strawberry) Fruit Extract, Rubus Chamaemorus Seed Extract, Phenoxyethanol, Undaria Pinnatifida Extract<\/p>\n<p>*Les changements dans les ingr\u00e9dients sont \u00e0 la discr\u00e9tion du fabricant. Voulez-vous \u00eatre absolument s\u00fbr avant d\u2019acheter ? Alors contactez-nous pour une photo de l&#8217;emballage actuel du produit.<\/p>\n<h3>Avertissements<\/h3>\n<ol>\n<li>Pour usage externe uniquement.<\/li>\n<li>Ne pas appliquer sur une peau \u00e9rafl\u00e9e ou sur des plaies.<\/li>\n<li>Si des effets secondaires tels qu&rsquo;une irritation ou une \u00e9ruption cutan\u00e9e surviennent, arr\u00eatez imm\u00e9diatement l&rsquo;utilisation et contactez imm\u00e9diatement un m\u00e9decin.<\/li>\n<li>\u00c9vitez tout contact avec les yeux. Si le produit entre en contact avec vos yeux, rincez-les imm\u00e9diatement et abondamment \u00e0 l&rsquo;eau claire.<\/li>\n<li>Conserver hors de port\u00e9e des enfants.<\/li>\n<li>Ne pas avaler. En cas d&rsquo;ingestion, contactez un m\u00e9decin ou un centre antipoison.<\/li>\n<\/ol>\n","protected":false},"excerpt":{"rendered":"<p>Une mousse nettoyante rebondissante qui nettoie la peau en douceur et efficacement, cr\u00e9ant ainsi la toile vierge parfaite avant le reste de vos soins de la peau !<\/p>\n<p><strong>Principaux avantages\u00a0:<\/strong><br \/>\nCe nettoyant p\u00e9tillant contient de l&rsquo;acide hyaluronique bleu de taille microm\u00e9trique pour offrir de puissants bienfaits d&rsquo;hydratation afin que la peau ne soit pas tiraill\u00e9e et s\u00e8che apr\u00e8s le nettoyage. Les capsules de cellulose et l&rsquo;enzyme papa\u00efne aident \u00e0 lisser et adoucir visiblement tandis que la mousse riche et cr\u00e9meuse aide \u00e0 \u00e9liminer les r\u00e9sidus de maquillage.<br \/>\n<strong>Ingr\u00e9dients cl\u00e9s\u00a0: <\/strong><\/p>\n<ul>\n<li><strong>Acide hyaluronique bleu<\/strong>\u00a0: nous avons pris de l&rsquo;acide hyaluronique ordinaire et amplifi\u00e9 son pouvoir hydratant gr\u00e2ce \u00e0 un processus unique de double fermentation avec du fuco\u00efdane, un agent hydratant d\u00e9riv\u00e9 d&rsquo;algues des profondeurs. Ensuite, nous le soumettons \u00e0 un processus de raffinage par microfiltration en 10 \u00e9tapes. Acide hyaluronique bleu, petit mais puissant, de taille microm\u00e9trique, qui absorbe mieux et plus rapidement pour une hydratation vraiment profonde et durable.<\/li>\n<li><strong>Capsules d&rsquo;enzymes de papa\u00efne et de cellulose<\/strong>\u00a0: procurent une exfoliation douce pour aider \u00e0 lisser, adoucir et \u00e9claircir<\/li>\n<\/ul>\n","protected":false},"featured_media":14149,"comment_status":"open","ping_status":"closed","template":"","meta":{"content-type":"","site-sidebar-layout":"default","site-content-layout":"","ast-site-content-layout":"default","site-content-style":"default","site-sidebar-style":"default","ast-global-header-display":"","ast-banner-title-visibility":"","ast-main-header-display":"","ast-hfb-above-header-display":"","ast-hfb-below-header-display":"","ast-hfb-mobile-header-display":"","site-post-title":"","ast-breadcrumbs-content":"","ast-featured-img":"","footer-sml-layout":"","ast-disable-related-posts":"","theme-transparent-header-meta":"default","adv-header-id-meta":"","stick-header-meta":"","header-above-stick-meta":"","header-main-stick-meta":"","header-below-stick-meta":"","astra-migrate-meta-layouts":"set","ast-page-background-enabled":"default","ast-page-background-meta":{"desktop":{"background-color":"","background-image":"","background-repeat":"repeat","background-position":"center center","background-size":"auto","background-attachment":"scroll","background-type":"","background-media":"","overlay-type":"","overlay-color":"","overlay-opacity":"","overlay-gradient":""},"tablet":{"background-color":"","background-image":"","background-repeat":"repeat","background-position":"center center","background-size":"auto","background-attachment":"scroll","background-type":"","background-media":"","overlay-type":"","overlay-color":"","overlay-opacity":"","overlay-gradient":""},"mobile":{"background-color":"","background-image":"","background-repeat":"repeat","background-position":"center center","background-size":"auto","background-attachment":"scroll","background-type":"","background-media":"","overlay-type":"","overlay-color":"","overlay-opacity":"","overlay-gradient":""}},"ast-content-background-meta":{"desktop":{"background-color":"var(--ast-global-color-5)","background-image":"","background-repeat":"repeat","background-position":"center center","background-size":"auto","background-attachment":"scroll","background-type":"","background-media":"","overlay-type":"","overlay-color":"","overlay-opacity":"","overlay-gradient":""},"tablet":{"background-color":"var(--ast-global-color-5)","background-image":"","background-repeat":"repeat","background-position":"center center","background-size":"auto","background-attachment":"scroll","background-type":"","background-media":"","overlay-type":"","overlay-color":"","overlay-opacity":"","overlay-gradient":""},"mobile":{"background-color":"var(--ast-global-color-5)","background-image":"","background-repeat":"repeat","background-position":"center center","background-size":"auto","background-attachment":"scroll","background-type":"","background-media":"","overlay-type":"","overlay-color":"","overlay-opacity":"","overlay-gradient":""}}},"product_brand":[],"product_cat":[513,424,282],"product_tag":[427],"class_list":{"0":"post-14072","1":"product","2":"type-product","3":"status-publish","4":"has-post-thumbnail","6":"product_cat-1-cleanser","7":"product_cat-gesicht","8":"product_cat-laneige","9":"product_tag-reinigung","10":"pa_hauttyp-all","11":"pa_hauttyp-empfindliche-haut","12":"pa_hauttyp-fettige","13":"pa_hauttyp-mischhaut","14":"pa_hauttyp-normal","15":"pa_hauttyp-trockene","16":"desktop-align-left","17":"tablet-align-left","18":"mobile-align-left","20":"first","21":"instock","22":"taxable","23":"shipping-taxable","24":"product-type-variable"},"_links":{"self":[{"href":"https:\/\/healthyskinsecrets.ch\/fr\/wp-json\/wp\/v2\/product\/14072","targetHints":{"allow":["GET"]}}],"collection":[{"href":"https:\/\/healthyskinsecrets.ch\/fr\/wp-json\/wp\/v2\/product"}],"about":[{"href":"https:\/\/healthyskinsecrets.ch\/fr\/wp-json\/wp\/v2\/types\/product"}],"replies":[{"embeddable":true,"href":"https:\/\/healthyskinsecrets.ch\/fr\/wp-json\/wp\/v2\/comments?post=14072"}],"wp:featuredmedia":[{"embeddable":true,"href":"https:\/\/healthyskinsecrets.ch\/fr\/wp-json\/wp\/v2\/media\/14149"}],"wp:attachment":[{"href":"https:\/\/healthyskinsecrets.ch\/fr\/wp-json\/wp\/v2\/media?parent=14072"}],"wp:term":[{"taxonomy":"product_brand","embeddable":true,"href":"https:\/\/healthyskinsecrets.ch\/fr\/wp-json\/wp\/v2\/product_brand?post=14072"},{"taxonomy":"product_cat","embeddable":true,"href":"https:\/\/healthyskinsecrets.ch\/fr\/wp-json\/wp\/v2\/product_cat?post=14072"},{"taxonomy":"product_tag","embeddable":true,"href":"https:\/\/healthyskinsecrets.ch\/fr\/wp-json\/wp\/v2\/product_tag?post=14072"}],"curies":[{"name":"wp","href":"https:\/\/api.w.org\/{rel}","templated":true}]}}