{"id":14071,"date":"2023-12-06T20:32:48","date_gmt":"2023-12-06T20:32:48","guid":{"rendered":"https:\/\/healthyskinsecrets.ch\/product\/import-placeholder-for-23776\/"},"modified":"2026-02-24T13:21:55","modified_gmt":"2026-02-24T13:21:55","slug":"laneige-water-bank-blue-hyaluronic-eye-cream-25ml","status":"publish","type":"product","link":"https:\/\/healthyskinsecrets.ch\/fr\/product\/laneige-water-bank-blue-hyaluronic-eye-cream\/","title":{"rendered":"Laneige Water Bank Blue Hyaluronic Eye Cream 25ml"},"content":{"rendered":"<h3>Application<\/h3>\n<ol>\n<li>Appliquez d\u00e9licatement sur le contour de vos yeux avec votre annulaire et tapotez doucement la peau pour am\u00e9liorer l&rsquo;absorption.<\/li>\n<\/ol>\n<h3>Ingr\u00e9dients<\/h3>\n<p>Water\/Aqua\/Eau, Glycerin, Dimethicone, Butylene Glycol, Pentaerythrityl Tetraethylhexanoate, Dipropylene Glycol, Methyl Trimethicone, Glyceryl Polymethacrylate, Phenyl Trimethicone, Pca Dimethicone, Caprylyl Methicone, Hydrogenated Polyisobutene, Niacinamide, Polysilicone-11, 1,2-Hexanediol, Polysorbate 20, Cetearyl Alcohol, Propanediol, Caffeine, Glyceryl Stearate Citrate, Polyacrylate-13, Glyceryl Stearate, C14-22 Alcohols, Dimethiconol, Ammonium Acryloyldimethyltaurate\/Vp Copolymer, Stearic Acid, Malpighia Emarginata (Acerola) Fruit Extract, Ammonium Acryloyldimethyltaurate\/Beheneth-25 Methacrylate Crosspolymer, Polyisobutene, Palmitic Acid, Euterpe Oleracea Fruit Extract, Hydrogenated Lecithin, Cocos Nucifera (Coconut) Oil, Glyceryl Caprylate, Arachidyl Alcohol, C12-20 Alkyl Glucoside, Polyglyceryl-3 Methylglucose Distearate, Ethylhexylglycerin, Fragrance \/ Parfum, Sodium Hyaluronate, Behenyl Alcohol, Arachidyl Glucoside, Sorbitan Isostearate, Disodium Edta, Hydrolyzed Hyaluronic Acid, Beta-Glucan, Sodium Magnesium Silicate, Glucose, Myristic Acid, Lauric Acid, Glutathione, Tocopherol, Undaria Pinnatifida Extract<\/p>\n<p>*Les changements dans les ingr\u00e9dients sont \u00e0 la discr\u00e9tion du fabricant. Voulez-vous \u00eatre absolument s\u00fbr avant d\u2019acheter ? Alors contactez-nous pour une photo de l&#8217;emballage actuel du produit.<\/p>\n<h3>Avertissements<\/h3>\n<ol>\n<li>Pour usage externe uniquement.<\/li>\n<li>Ne pas appliquer sur une peau \u00e9rafl\u00e9e ou sur des plaies.<\/li>\n<li>Si des effets secondaires tels qu&rsquo;une irritation ou une \u00e9ruption cutan\u00e9e surviennent, arr\u00eatez imm\u00e9diatement l&rsquo;utilisation et contactez imm\u00e9diatement un m\u00e9decin.<\/li>\n<li>\u00c9vitez tout contact avec les yeux. Si le produit entre en contact avec vos yeux, rincez-les imm\u00e9diatement et abondamment \u00e0 l&rsquo;eau claire.<\/li>\n<li>Conserver hors de port\u00e9e des enfants.<\/li>\n<li>Ne pas avaler. En cas d&rsquo;ingestion, contactez un m\u00e9decin ou un centre antipoison.<\/li>\n<\/ol>\n","protected":false},"excerpt":{"rendered":"<p>Une cr\u00e8me pour les yeux \u00e0 l&rsquo;acide hyaluronique bleu, douce et soyeuse, qui <strong>\u00e9claircit<\/strong> visiblement et am\u00e9liore l&rsquo;apparence des <strong>poches<\/strong> sous les yeux\u00a0! Test\u00e9 sous contr\u00f4le dermatologique et ophtalmologique.<\/p>\n<p><strong>Principaux avantages\u00a0:<\/strong><br \/>\nRedynamisez-vous avec cette cr\u00e8me pour les yeux \u00e0 l&rsquo;acide hyaluronique bleu riche en humidit\u00e9, infus\u00e9e de niacinamide et de caf\u00e9ine pour \u00e9claircir et rafra\u00eechir la zone sous les yeux ! L&rsquo;acide hyaluronique bleu, ferment\u00e9 avec des algues des grands fonds et un processus de microfiltration en 10 \u00e9tapes, est instantan\u00e9ment absorb\u00e9 pour une hydratation profonde et durable.<\/p>\n<ul>\n<li>\u00c9claircir visiblement les cernes<\/li>\n<li>Am\u00e9liorer l&rsquo;apparence des rides et des poches<\/li>\n<li>Effet rafra\u00eechissant instantan\u00e9<\/li>\n<\/ul>\n<p><strong>Ingr\u00e9dients cl\u00e9s\u00a0: <\/strong><\/p>\n<ul>\n<li><strong>Acide hyaluronique bleu<\/strong>\u00a0: nous avons pris de l&rsquo;acide hyaluronique ordinaire et amplifi\u00e9 son pouvoir hydratant gr\u00e2ce \u00e0 un processus unique de double fermentation avec du fuco\u00efdane, un agent hydratant d\u00e9riv\u00e9 d&rsquo;algues des profondeurs. Ensuite, nous le soumettons \u00e0 un processus de raffinage par microfiltration en 10 \u00e9tapes. Acide hyaluronique bleu, petit mais puissant, de taille microm\u00e9trique, qui absorbe mieux et plus rapidement pour une hydratation vraiment profonde et durable.<\/li>\n<li><strong>Caf\u00e9ine<\/strong>\u00a0: aide visiblement \u00e0 dynamiser et \u00e0 revitaliser<\/li>\n<li><strong>Niacinamide<\/strong>\u00a0: aide \u00e0 \u00e9claircir<\/li>\n<\/ul>\n","protected":false},"featured_media":14144,"comment_status":"open","ping_status":"closed","template":"","meta":{"content-type":"","site-sidebar-layout":"default","site-content-layout":"","ast-site-content-layout":"default","site-content-style":"default","site-sidebar-style":"default","ast-global-header-display":"","ast-banner-title-visibility":"","ast-main-header-display":"","ast-hfb-above-header-display":"","ast-hfb-below-header-display":"","ast-hfb-mobile-header-display":"","site-post-title":"","ast-breadcrumbs-content":"","ast-featured-img":"","footer-sml-layout":"","ast-disable-related-posts":"","theme-transparent-header-meta":"default","adv-header-id-meta":"","stick-header-meta":"","header-above-stick-meta":"","header-main-stick-meta":"","header-below-stick-meta":"","astra-migrate-meta-layouts":"set","ast-page-background-enabled":"default","ast-page-background-meta":{"desktop":{"background-color":"","background-image":"","background-repeat":"repeat","background-position":"center center","background-size":"auto","background-attachment":"scroll","background-type":"","background-media":"","overlay-type":"","overlay-color":"","overlay-opacity":"","overlay-gradient":""},"tablet":{"background-color":"","background-image":"","background-repeat":"repeat","background-position":"center center","background-size":"auto","background-attachment":"scroll","background-type":"","background-media":"","overlay-type":"","overlay-color":"","overlay-opacity":"","overlay-gradient":""},"mobile":{"background-color":"","background-image":"","background-repeat":"repeat","background-position":"center center","background-size":"auto","background-attachment":"scroll","background-type":"","background-media":"","overlay-type":"","overlay-color":"","overlay-opacity":"","overlay-gradient":""}},"ast-content-background-meta":{"desktop":{"background-color":"var(--ast-global-color-5)","background-image":"","background-repeat":"repeat","background-position":"center center","background-size":"auto","background-attachment":"scroll","background-type":"","background-media":"","overlay-type":"","overlay-color":"","overlay-opacity":"","overlay-gradient":""},"tablet":{"background-color":"var(--ast-global-color-5)","background-image":"","background-repeat":"repeat","background-position":"center center","background-size":"auto","background-attachment":"scroll","background-type":"","background-media":"","overlay-type":"","overlay-color":"","overlay-opacity":"","overlay-gradient":""},"mobile":{"background-color":"var(--ast-global-color-5)","background-image":"","background-repeat":"repeat","background-position":"center center","background-size":"auto","background-attachment":"scroll","background-type":"","background-media":"","overlay-type":"","overlay-color":"","overlay-opacity":"","overlay-gradient":""}}},"product_brand":[],"product_cat":[523,504,424,282],"product_tag":[593],"class_list":{"0":"post-14071","1":"product","2":"type-product","3":"status-publish","4":"has-post-thumbnail","6":"product_cat-6-augen-creme","7":"product_cat-cpnp","8":"product_cat-gesicht","9":"product_cat-laneige","10":"product_tag-6-augencremes","11":"pa_hauttyp-all","12":"pa_hauttyp-empfindliche-haut","13":"pa_hauttyp-fettige","14":"pa_hauttyp-mischhaut","15":"pa_hauttyp-normal","16":"pa_hauttyp-trockene","17":"desktop-align-left","18":"tablet-align-left","19":"mobile-align-left","21":"first","22":"instock","23":"taxable","24":"shipping-taxable","25":"purchasable","26":"product-type-variable","27":"has-default-attributes"},"_links":{"self":[{"href":"https:\/\/healthyskinsecrets.ch\/fr\/wp-json\/wp\/v2\/product\/14071","targetHints":{"allow":["GET"]}}],"collection":[{"href":"https:\/\/healthyskinsecrets.ch\/fr\/wp-json\/wp\/v2\/product"}],"about":[{"href":"https:\/\/healthyskinsecrets.ch\/fr\/wp-json\/wp\/v2\/types\/product"}],"replies":[{"embeddable":true,"href":"https:\/\/healthyskinsecrets.ch\/fr\/wp-json\/wp\/v2\/comments?post=14071"}],"wp:featuredmedia":[{"embeddable":true,"href":"https:\/\/healthyskinsecrets.ch\/fr\/wp-json\/wp\/v2\/media\/14144"}],"wp:attachment":[{"href":"https:\/\/healthyskinsecrets.ch\/fr\/wp-json\/wp\/v2\/media?parent=14071"}],"wp:term":[{"taxonomy":"product_brand","embeddable":true,"href":"https:\/\/healthyskinsecrets.ch\/fr\/wp-json\/wp\/v2\/product_brand?post=14071"},{"taxonomy":"product_cat","embeddable":true,"href":"https:\/\/healthyskinsecrets.ch\/fr\/wp-json\/wp\/v2\/product_cat?post=14071"},{"taxonomy":"product_tag","embeddable":true,"href":"https:\/\/healthyskinsecrets.ch\/fr\/wp-json\/wp\/v2\/product_tag?post=14071"}],"curies":[{"name":"wp","href":"https:\/\/api.w.org\/{rel}","templated":true}]}}