{"id":14064,"date":"2023-12-06T20:32:46","date_gmt":"2023-12-06T20:32:46","guid":{"rendered":"https:\/\/healthyskinsecrets.ch\/product\/import-placeholder-for-23670\/"},"modified":"2024-04-03T23:33:11","modified_gmt":"2024-04-03T23:33:11","slug":"pyunkang-yul-balancing-gel-100ml","status":"publish","type":"product","link":"https:\/\/healthyskinsecrets.ch\/fr\/product\/pyunkang-yul-balancing-gel-100ml\/","title":{"rendered":"Pyunkang yul Balancing Gel 100ml"},"content":{"rendered":"<h3>Application<\/h3>\n<ol>\n<li>Appliquez une quantit\u00e9 appropri\u00e9e sur une peau nettoy\u00e9e (et tonifi\u00e9e).<\/li>\n<li>Tapotez sur la peau jusqu&rsquo;\u00e0 absorption compl\u00e8te.<\/li>\n<li>\u00c0 utiliser matin et soir.<\/li>\n<\/ol>\n<h3>Ingr\u00e9dients<\/h3>\n<p>Astragalus Membranaceus Root Extract, Polysorbate 80, PEG-150 Distearate, 1,2-Hexanediol, Polysorbate 20, Simmondsia Chinensis (Jojoba) Seed Oil, Glyceryl Caprylate<\/p>\n<p>*Pour la liste des ingr\u00e9dients la plus r\u00e9cente, veuillez consulter l&#8217;emballage du produit ou contactez-nous pour une photo du produit.<\/p>\n<h3>Attention<\/h3>\n<ol>\n<li>Pour usage externe uniquement.<\/li>\n<li>Ne pas utiliser sur une peau endommag\u00e9e ou \u00e9rafl\u00e9e.<\/li>\n<li>En cas d&rsquo;\u00e9ruption cutan\u00e9e, arr\u00eatez l&rsquo;utilisation et contactez un m\u00e9decin.<\/li>\n<li>\u00c9vitez tout contact avec les yeux. En cas de contact avec les yeux, rincer imm\u00e9diatement et abondamment.<\/li>\n<li>Conserver hors de port\u00e9e des enfants.<\/li>\n<li>Ne pas avaler. En cas d&rsquo;ingestion, consultez imm\u00e9diatement un m\u00e9decin ou contactez un centre antipoison.<\/li>\n<li>Les personnes prenant de l&rsquo;aspirine r\u00e9agiront mal au BHA contenu dans ce produit (salicylate de b\u00e9ta\u00efne). \u00c9vitez d&rsquo;utiliser ce produit si vous \u00eates allergique \u00e0 l&rsquo;aspirine.<\/li>\n<\/ol>\n","protected":false},"excerpt":{"rendered":"<p><strong>Le gel \u00e9quilibrant de Pyunkang Yul<\/strong> est un hydratant anti-\u00e2ge qui hydrate la peau et r\u00e9g\u00e9n\u00e8re les cellules de la peau pour un teint sain et \u00e9clatant. Le gel est compos\u00e9 \u00e0 90 % d&rsquo;extrait de racine d&rsquo;astragale membraneuse (Milkvetch) &#8211; un puissant ingr\u00e9dient anti-\u00e2ge &#8211; et d&rsquo;huile de jojoba pour nourrir la peau. Avec sa texture miell\u00e9e, le gel fond sur la peau et garde la peau douce et rebondie toute la journ\u00e9e.<\/p>\n<p>Ingr\u00e9dients que nous aimons<\/p>\n<ul>\n<li>Extrait de Milkvetch\u00a0: puissant ingr\u00e9dient anti-\u00e2ge<\/li>\n<li>Huile de jojoba\u00a0: l&rsquo;huile de jojoba est techniquement une cire, ce qui en fait une substance unique. Il poss\u00e8de des propri\u00e9t\u00e9s li\u00e9es au s\u00e9bum et forme un film protecteur et hydratant sur la peau, la laissant souple et douce. <\/li>\n<\/ul>\n","protected":false},"featured_media":14102,"comment_status":"open","ping_status":"closed","template":"","meta":{"content-type":"","site-sidebar-layout":"default","site-content-layout":"default","ast-site-content-layout":"default","site-content-style":"default","site-sidebar-style":"default","ast-global-header-display":"","ast-banner-title-visibility":"","ast-main-header-display":"","ast-hfb-above-header-display":"","ast-hfb-below-header-display":"","ast-hfb-mobile-header-display":"","site-post-title":"","ast-breadcrumbs-content":"","ast-featured-img":"","footer-sml-layout":"","ast-disable-related-posts":"","theme-transparent-header-meta":"default","adv-header-id-meta":"","stick-header-meta":"","header-above-stick-meta":"","header-main-stick-meta":"","header-below-stick-meta":"","astra-migrate-meta-layouts":"set","ast-page-background-enabled":"default","ast-page-background-meta":{"desktop":{"background-color":"","background-image":"","background-repeat":"repeat","background-position":"center center","background-size":"auto","background-attachment":"scroll","background-type":"","background-media":"","overlay-type":"","overlay-color":"","overlay-opacity":"","overlay-gradient":""},"tablet":{"background-color":"","background-image":"","background-repeat":"repeat","background-position":"center center","background-size":"auto","background-attachment":"scroll","background-type":"","background-media":"","overlay-type":"","overlay-color":"","overlay-opacity":"","overlay-gradient":""},"mobile":{"background-color":"","background-image":"","background-repeat":"repeat","background-position":"center center","background-size":"auto","background-attachment":"scroll","background-type":"","background-media":"","overlay-type":"","overlay-color":"","overlay-opacity":"","overlay-gradient":""}},"ast-content-background-meta":{"desktop":{"background-color":"var(--ast-global-color-5)","background-image":"","background-repeat":"repeat","background-position":"center center","background-size":"auto","background-attachment":"scroll","background-type":"","background-media":"","overlay-type":"","overlay-color":"","overlay-opacity":"","overlay-gradient":""},"tablet":{"background-color":"var(--ast-global-color-5)","background-image":"","background-repeat":"repeat","background-position":"center center","background-size":"auto","background-attachment":"scroll","background-type":"","background-media":"","overlay-type":"","overlay-color":"","overlay-opacity":"","overlay-gradient":""},"mobile":{"background-color":"var(--ast-global-color-5)","background-image":"","background-repeat":"repeat","background-position":"center center","background-size":"auto","background-attachment":"scroll","background-type":"","background-media":"","overlay-type":"","overlay-color":"","overlay-opacity":"","overlay-gradient":""}}},"product_brand":[],"product_cat":[520,504,424,307],"product_tag":[587],"class_list":{"0":"post-14064","1":"product","2":"type-product","3":"status-publish","4":"has-post-thumbnail","6":"product_cat-8-koreanische-gesichtscreme","7":"product_cat-cpnp","8":"product_cat-gesicht","9":"product_cat-pyunkang-yul","10":"product_tag-8-feuchtigkeitspflege","11":"pa_beduerfnisse-anti-aging","12":"pa_beduerfnisse-falten","13":"pa_beduerfnisse-matte-muede","14":"pa_beduerfnisse-trockenheit","15":"pa_hauttyp-all","16":"desktop-align-left","17":"tablet-align-left","18":"mobile-align-left","20":"first","21":"instock","22":"taxable","23":"shipping-taxable","24":"purchasable","25":"product-type-variable"},"_links":{"self":[{"href":"https:\/\/healthyskinsecrets.ch\/fr\/wp-json\/wp\/v2\/product\/14064","targetHints":{"allow":["GET"]}}],"collection":[{"href":"https:\/\/healthyskinsecrets.ch\/fr\/wp-json\/wp\/v2\/product"}],"about":[{"href":"https:\/\/healthyskinsecrets.ch\/fr\/wp-json\/wp\/v2\/types\/product"}],"replies":[{"embeddable":true,"href":"https:\/\/healthyskinsecrets.ch\/fr\/wp-json\/wp\/v2\/comments?post=14064"}],"wp:featuredmedia":[{"embeddable":true,"href":"https:\/\/healthyskinsecrets.ch\/fr\/wp-json\/wp\/v2\/media\/14102"}],"wp:attachment":[{"href":"https:\/\/healthyskinsecrets.ch\/fr\/wp-json\/wp\/v2\/media?parent=14064"}],"wp:term":[{"taxonomy":"product_brand","embeddable":true,"href":"https:\/\/healthyskinsecrets.ch\/fr\/wp-json\/wp\/v2\/product_brand?post=14064"},{"taxonomy":"product_cat","embeddable":true,"href":"https:\/\/healthyskinsecrets.ch\/fr\/wp-json\/wp\/v2\/product_cat?post=14064"},{"taxonomy":"product_tag","embeddable":true,"href":"https:\/\/healthyskinsecrets.ch\/fr\/wp-json\/wp\/v2\/product_tag?post=14064"}],"curies":[{"name":"wp","href":"https:\/\/api.w.org\/{rel}","templated":true}]}}