{"id":14062,"date":"2023-12-06T20:32:45","date_gmt":"2023-12-06T20:32:45","guid":{"rendered":"https:\/\/healthyskinsecrets.ch\/product\/import-placeholder-for-23620\/"},"modified":"2026-02-24T09:09:43","modified_gmt":"2026-02-24T09:09:43","slug":"beauty-of-joseon-ginseng-moist-sun-serum-50ml","status":"publish","type":"product","link":"https:\/\/healthyskinsecrets.ch\/fr\/product\/beauty-of-joseon-ginseng-moist-sun-serum\/","title":{"rendered":"Beauty of Joseon Ginseng Moist Sun Serum 50ml"},"content":{"rendered":"<h3>Application<\/h3>\n<ol>\n<li>Au moins 20&nbsp;minutes avant l&rsquo;exposition au soleil, appliquez deux doigts de cr\u00e8me solaire sur le visage et le cou.<\/li>\n<\/ol>\n<h3 class=\"pro_infor_title_style\">Ingr\u00e9dients cl\u00e9s<\/h3>\n<p>Eau\/Aqua\/Eau, extrait de racine de Panax Ginseng, adipate de dibutyle, benzoate de di\u00e9thylaminohydroxybenzoyl hexyle, bis-\u00e9thylhexyloxyph\u00e9nol, m\u00e9thoxyph\u00e9nyl triazine, alcool\/alcool, copolym\u00e8re d&rsquo;acrylates, salicylate de butyloctyle, benzoate d&rsquo;alkyle en C12-15, \u00e9thylhexyl triazone, niacinamide, benzoate de ph\u00e9n\u00e9thyle, Extrait de baie de Panax Ginseng, extrait de Panax Ginseng, extrait de feuille\/tige de Panax Ginseng, silice, m\u00e9thylpropanediol, huile de fruit Olea Europaea (olive), huile d&rsquo;\u00e9corce d&rsquo;Amyris Balsamifera, huile de racine d&rsquo;Angelica Archangelica, Citrus Aurantium, huile de feuille\/brindille d&rsquo;Amara (orange am\u00e8re). , Huile de r\u00e9sine de Ferula Galbaniflua (Galbanum), huile de Jasminum Officinale (jasmin), racine de Panax Ginseng, extrait, isoamyl p-m\u00e9thoxycinnamate, polysilicone-15, polym\u00e9thylsilsesquioxane, 1,2-hexanediol, dibutyl lauroyl glutamide, pentyl\u00e8ne glycol, dibutyl \u00e9thylhexanoyl glutamide, Ammonium acryloyldim\u00e9thyltaurate \/ copolym\u00e8re VP, acrylate de sodium Crosspolymer-2, polyacryloyldim\u00e9thyl taur\u00e9, C30-45 Alkyldim\u00e9thylsilyl polypropylsilsesquioxane, hydroxyac\u00e9toph\u00e9none, ad\u00e9nosine, tol\u00e9rine, maisyl\u00e8ne glycine, \u00e9thylyph\u00e8re, tol\u00e9rine, maisyl\u00e8ne glycico exylglyc\u00e9rine, gomme xanthane, disodium edta<\/p>\n<h3>Attention<\/h3>\n<ol>\n<li>Pour usage externe uniquement.<\/li>\n<li>Ne pas utiliser sur une peau endommag\u00e9e ou \u00e9rafl\u00e9e.<\/li>\n<li>En cas d&rsquo;\u00e9ruption cutan\u00e9e, arr\u00eatez l&rsquo;utilisation et contactez un m\u00e9decin.<\/li>\n<li>\u00c9vitez tout contact avec les yeux. En cas de contact avec les yeux, rincer imm\u00e9diatement et abondamment.<\/li>\n<li>Conserver hors de port\u00e9e des enfants.<\/li>\n<li>Ne pas avaler. En cas d&rsquo;ingestion, consultez imm\u00e9diatement un m\u00e9decin ou contactez un centre antipoison.<\/li>\n<\/ol>\n","protected":false},"excerpt":{"rendered":"<div>Cr\u00e8me solaire chimique l\u00e9g\u00e8re, semblable \u00e0 un s\u00e9rum, avec des bienfaits anti-\u00e2ge.<\/div>\n<div>Prot\u00e9gez votre peau des rayons UV nocifs tout en ajoutant une hydratation et une nutrition intenses. Le ginseng rouge cor\u00e9en contenu dans cette formule poss\u00e8de de puissantes propri\u00e9t\u00e9s rajeunissantes et regorge d&rsquo;antioxydants, aidant \u00e0 combattre les radicaux libres et favorisant l&rsquo;\u00e9lasticit\u00e9 de la peau tout en r\u00e9duisant l&rsquo;apparence des rides et ridules. Les filtres chimiques bloquant les UV et les ingr\u00e9dients actifs encapsul\u00e9s sont naturellement m\u00e9lang\u00e9s au s\u00e9rum sans tensioactif et absorb\u00e9s uniform\u00e9ment par la peau sans laisser de r\u00e9sidu collant.<\/div>\n<ul>\n<li>30\u00a0% d&rsquo;extrait de racine de Panax Ginseng augmente le renouvellement cellulaire de la peau, agit comme un anti-inflammatoire et prot\u00e8ge la barri\u00e8re cutan\u00e9e naturelle tout en lissant la surface de la peau.<\/li>\n<li>2\u00a0% de niacinamide stimule la production naturelle de c\u00e9ramides, att\u00e9nue la pigmentation et donne un teint ferme et uniforme.<\/li>\n<li>L&rsquo;huile de fruit Olea Europaea (olive) \u00e9quilibre les huiles naturelles du visage et apaise les rougeurs et les irritations gr\u00e2ce \u00e0 des vitamines et des acides gras.<\/li>\n<\/ul>\n<div>Convient \u00e0 tous les types de peau, en particulier les peaux grasses et mixtes.<\/div>\n","protected":false},"featured_media":14093,"comment_status":"open","ping_status":"closed","template":"","meta":{"content-type":"","site-sidebar-layout":"default","site-content-layout":"","ast-site-content-layout":"default","site-content-style":"default","site-sidebar-style":"default","ast-global-header-display":"","ast-banner-title-visibility":"","ast-main-header-display":"","ast-hfb-above-header-display":"","ast-hfb-below-header-display":"","ast-hfb-mobile-header-display":"","site-post-title":"","ast-breadcrumbs-content":"","ast-featured-img":"","footer-sml-layout":"","ast-disable-related-posts":"","theme-transparent-header-meta":"default","adv-header-id-meta":"","stick-header-meta":"","header-above-stick-meta":"","header-main-stick-meta":"","header-below-stick-meta":"","astra-migrate-meta-layouts":"set","ast-page-background-enabled":"default","ast-page-background-meta":{"desktop":{"background-color":"","background-image":"","background-repeat":"repeat","background-position":"center center","background-size":"auto","background-attachment":"scroll","background-type":"","background-media":"","overlay-type":"","overlay-color":"","overlay-opacity":"","overlay-gradient":""},"tablet":{"background-color":"","background-image":"","background-repeat":"repeat","background-position":"center center","background-size":"auto","background-attachment":"scroll","background-type":"","background-media":"","overlay-type":"","overlay-color":"","overlay-opacity":"","overlay-gradient":""},"mobile":{"background-color":"","background-image":"","background-repeat":"repeat","background-position":"center center","background-size":"auto","background-attachment":"scroll","background-type":"","background-media":"","overlay-type":"","overlay-color":"","overlay-opacity":"","overlay-gradient":""}},"ast-content-background-meta":{"desktop":{"background-color":"var(--ast-global-color-5)","background-image":"","background-repeat":"repeat","background-position":"center center","background-size":"auto","background-attachment":"scroll","background-type":"","background-media":"","overlay-type":"","overlay-color":"","overlay-opacity":"","overlay-gradient":""},"tablet":{"background-color":"var(--ast-global-color-5)","background-image":"","background-repeat":"repeat","background-position":"center center","background-size":"auto","background-attachment":"scroll","background-type":"","background-media":"","overlay-type":"","overlay-color":"","overlay-opacity":"","overlay-gradient":""},"mobile":{"background-color":"var(--ast-global-color-5)","background-image":"","background-repeat":"repeat","background-position":"center center","background-size":"auto","background-attachment":"scroll","background-type":"","background-media":"","overlay-type":"","overlay-color":"","overlay-opacity":"","overlay-gradient":""}}},"product_brand":[],"product_cat":[588,589,234,504,424],"product_tag":[430,590,519],"class_list":{"0":"post-14062","1":"product","2":"type-product","3":"status-publish","4":"has-post-thumbnail","6":"product_cat-10-sonnenschutz","7":"product_cat-5-2-gesichtsserum","8":"product_cat-beauty-of-joseon","9":"product_cat-cpnp","10":"product_cat-gesicht","11":"product_tag-sonnenschutz","12":"product_tag-5-essenz-ampulle-serum","13":"product_tag-serum","14":"pa_hauttyp-all","15":"pa_hauttyp-fettige","16":"pa_hauttyp-mischhaut","17":"pa_hauttyp-normal","18":"pa_hauttyp-trockene","19":"desktop-align-left","20":"tablet-align-left","21":"mobile-align-left","23":"first","24":"instock","25":"taxable","26":"shipping-taxable","27":"purchasable","28":"product-type-variable"},"_links":{"self":[{"href":"https:\/\/healthyskinsecrets.ch\/fr\/wp-json\/wp\/v2\/product\/14062","targetHints":{"allow":["GET"]}}],"collection":[{"href":"https:\/\/healthyskinsecrets.ch\/fr\/wp-json\/wp\/v2\/product"}],"about":[{"href":"https:\/\/healthyskinsecrets.ch\/fr\/wp-json\/wp\/v2\/types\/product"}],"replies":[{"embeddable":true,"href":"https:\/\/healthyskinsecrets.ch\/fr\/wp-json\/wp\/v2\/comments?post=14062"}],"wp:featuredmedia":[{"embeddable":true,"href":"https:\/\/healthyskinsecrets.ch\/fr\/wp-json\/wp\/v2\/media\/14093"}],"wp:attachment":[{"href":"https:\/\/healthyskinsecrets.ch\/fr\/wp-json\/wp\/v2\/media?parent=14062"}],"wp:term":[{"taxonomy":"product_brand","embeddable":true,"href":"https:\/\/healthyskinsecrets.ch\/fr\/wp-json\/wp\/v2\/product_brand?post=14062"},{"taxonomy":"product_cat","embeddable":true,"href":"https:\/\/healthyskinsecrets.ch\/fr\/wp-json\/wp\/v2\/product_cat?post=14062"},{"taxonomy":"product_tag","embeddable":true,"href":"https:\/\/healthyskinsecrets.ch\/fr\/wp-json\/wp\/v2\/product_tag?post=14062"}],"curies":[{"name":"wp","href":"https:\/\/api.w.org\/{rel}","templated":true}]}}