{"id":13629,"date":"2023-09-15T10:05:23","date_gmt":"2023-09-15T10:05:23","guid":{"rendered":"https:\/\/healthyskinsecrets.ch\/product\/import-placeholder-for-23895\/"},"modified":"2025-06-26T12:01:35","modified_gmt":"2025-06-26T12:01:35","slug":"medipeei-peptide-9-volume-and-tension-tox-cream-50g","status":"publish","type":"product","link":"https:\/\/healthyskinsecrets.ch\/fr\/product\/medipeei-peptide-9-volume-and-tension-tox-cream-50g\/","title":{"rendered":"MediPeeI Peptide 9 Volume and Tension Tox Cream 50g"},"content":{"rendered":"<h3>Anwendung<\/h3>\n<ol>\n<li>Im letzten Schritt der Hautpflege eine angemessene Menge gleichm\u00e4\u00dfig verteilen.<\/li>\n<\/ol>\n<h3>Inhaltsstoffe<\/h3>\n<p>Water, Butylene Glycol, Caprylic\/Capric Triglyceride, Cetyl Ethylhexanoate, Glycerin, Cetearyl Alcohol, Glyceryl Stearate, Niacinamide, Stearic Acid, Dimethicone, 1,2-Hexanediol, Sorbitan Stearate, Sorbitan Sesquioleate, Microcrystalline Wax, Beeswax Isopentyldiol, Betaine, Sodium Hyaluronate, Hydroxypropyltrimonium Hyaluronate, Sodium Acetylated Hyaluronate, Hydrolyzed Hyaluronic Acid, Hyaluronic Acid, Sodium Hyaluronate Crosspolymer, Hydrolyzed Sodium Hyaluronate, Potassium Hyaluronate, Leontopodium Culture Extract, Curall Roota (Tassium Hyaluronate, Leontopodium Extract, Alpinum Longa) Officinalis Extract, Centella Asiatica Extract, Camellia Sinensis Leaf Extract, Polygonum Cuspidatum Root Extract, Scutellaria Baicalensis Root Extract, Chamomilla Recutita (Matricaria) Flower Extract, Glycyrrhiza Glabra (Licorice) Root Extract, Rosmarinus Officinalis (Rosemary) Angustifolia Extract, ) Flower Extract, Aloe Barbadensis Lea f Extract, Melia Azadirachta Flower Extract, Melia Azadirachta Leaf Extract, Ocimum Sanctum Leaf Extract, Coccinia Indica Fruit Extract, Royal Jelly Extract, Cladosiphon Okamuranus Extract, Ginkgo Biloba Leaf Extract, Chondrus Crispus Extract, Anemarrhena Asphodeloides Root Extract, Collagen Extract, Soluble Collagen Extract, Collagen Amino Acids, Hydrolyzed Collagen, Collagen, Hydrolyzed Elastin, Astaxanthin, Tocopherol, Fructan, Hydrogenated Polyisobutene, Dipotassium Glycyrrhizate, Adenosine, Arginine, Glycine, Serine, Glutamic Acid, Aspartic Acid, Leucine, Aspartic Acid, Leucine, , Threonine, Proline, Isoleucine, Histidine, Methionine, Cysteine, Copper Tripeptide-1 (20 ppb), Tripeptide-1 (20 ppb), Acetyl hexapeptide-8 (10.5 ppb), Nonapeptide-1 (10 ppb), Acetyl Octapeptide- 3 (10 ppb), Palmitoyl Pentapeptide-4 (10 ppb), Hexapeptide-9 (10 ppb), Palmitoyl Tetrapeptide-7 (5 ppb), Palmitoyl Tripeptide-1 (5 ppb), Carbomer, Hydrogenated Lecithin, Polysorbate 20, PEG -100 Stearate, Go ld, Diamond powder, Ethylhexylglycerin, Pentylene Glycol, Hydroxyacetophenone, Caprylyl Glycol, Disodium EDTA, Fragrance<\/p>\n<p>*Eine Ver\u00e4nderung der Inhaltsstoffe unterliegt dem Ermessen des Herstellers. Willst du vor dem Kauf ganz sicher gehen? Dann kontaktiere uns f\u00fcr ein Foto der aktuellen Produktverpackung.<\/p>\n<h3>Warnhinweise<\/h3>\n<ol>\n<li>Nur zur \u00e4u\u00dferlichen Anwendung geeignet.<\/li>\n<li>Nicht auf verletzte Haut oder auf Wunden auftragen.<\/li>\n<li>Sollten Nebenwirkungen wie Irritationen oder Ausschlag eintreten, Anwendung sofort beenden und unverz\u00fcglich an einen Arzt wenden.<\/li>\n<li>Kontakt mit den Augen vermeiden. Sollte das Produkt ins Auge gelangen, das Auge sofort gr\u00fcndlich mit klarem Wasser aussp\u00fclen.<\/li>\n<li>Au\u00dfer Reichweite von Kindern aufbewahren.<\/li>\n<li>Nicht schlucken. Bei Verschlucken Arzt oder Giftzentrale aufsuchen.<\/li>\n<\/ol>\n","protected":false},"excerpt":{"rendered":"<p><strong>Hauptvorteile:<\/strong><\/p>\n<ul>\n<li><strong>Volufiline und Hyalurons\u00e4ure<\/strong>: aus franz\u00f6sischen patentierten Inhaltsstoffen, die das Feuchtigkeitsvolumen auff\u00fcllen und f\u00fcr feste Wangen, Augenpartien, Stirn und Lachfalten sorgen.<\/li>\n<li><strong>9 Arten von Peptiden, Gold, Gel\u00e9e Royale und Kaviarextrakte<\/strong>: zur Pflege der Haut und zur Verbesserung der Hautelastizit\u00e4t.<\/li>\n<li><strong>Kombination aus Kollagen und Elastin<\/strong>: korrigiert die kollabierte Hautspannung und f\u00fcllt die Elastizit\u00e4t auf.<\/li>\n<\/ul>\n<p><strong>L\u00f6sungen f\u00fcr: <\/strong><\/p>\n<ul>\n<li>Verlust von Hautvolumen und Elastizit\u00e4t<\/li>\n<li>Alternde Haut<\/li>\n<li>Haut, die Nahrung, Feuchtigkeit und beruhigende Wirkung braucht<\/li>\n<\/ul>\n","protected":false},"featured_media":13681,"comment_status":"open","ping_status":"closed","template":"","meta":{"content-type":"","site-sidebar-layout":"default","site-content-layout":"","ast-site-content-layout":"default","site-content-style":"default","site-sidebar-style":"default","ast-global-header-display":"","ast-banner-title-visibility":"","ast-main-header-display":"","ast-hfb-above-header-display":"","ast-hfb-below-header-display":"","ast-hfb-mobile-header-display":"","site-post-title":"","ast-breadcrumbs-content":"","ast-featured-img":"","footer-sml-layout":"","ast-disable-related-posts":"","theme-transparent-header-meta":"default","adv-header-id-meta":"","stick-header-meta":"","header-above-stick-meta":"","header-main-stick-meta":"","header-below-stick-meta":"","astra-migrate-meta-layouts":"set","ast-page-background-enabled":"default","ast-page-background-meta":{"desktop":{"background-color":"","background-image":"","background-repeat":"repeat","background-position":"center center","background-size":"auto","background-attachment":"scroll","background-type":"","background-media":"","overlay-type":"","overlay-color":"","overlay-opacity":"","overlay-gradient":""},"tablet":{"background-color":"","background-image":"","background-repeat":"repeat","background-position":"center center","background-size":"auto","background-attachment":"scroll","background-type":"","background-media":"","overlay-type":"","overlay-color":"","overlay-opacity":"","overlay-gradient":""},"mobile":{"background-color":"","background-image":"","background-repeat":"repeat","background-position":"center center","background-size":"auto","background-attachment":"scroll","background-type":"","background-media":"","overlay-type":"","overlay-color":"","overlay-opacity":"","overlay-gradient":""}},"ast-content-background-meta":{"desktop":{"background-color":"var(--ast-global-color-5)","background-image":"","background-repeat":"repeat","background-position":"center center","background-size":"auto","background-attachment":"scroll","background-type":"","background-media":"","overlay-type":"","overlay-color":"","overlay-opacity":"","overlay-gradient":""},"tablet":{"background-color":"var(--ast-global-color-5)","background-image":"","background-repeat":"repeat","background-position":"center center","background-size":"auto","background-attachment":"scroll","background-type":"","background-media":"","overlay-type":"","overlay-color":"","overlay-opacity":"","overlay-gradient":""},"mobile":{"background-color":"var(--ast-global-color-5)","background-image":"","background-repeat":"repeat","background-position":"center center","background-size":"auto","background-attachment":"scroll","background-type":"","background-media":"","overlay-type":"","overlay-color":"","overlay-opacity":"","overlay-gradient":""}}},"product_brand":[],"product_cat":[520,424,288],"product_tag":[45],"class_list":{"0":"post-13629","1":"product","2":"type-product","3":"status-publish","4":"has-post-thumbnail","6":"product_cat-8-koreanische-gesichtscreme","7":"product_cat-gesicht","8":"product_cat-medi-peel","9":"product_tag-moisturizer","10":"pa_hauttyp-all","11":"pa_hauttyp-empfindliche-haut","12":"pa_hauttyp-fettige","13":"pa_hauttyp-mischhaut","14":"pa_hauttyp-normal","15":"pa_hauttyp-trockene","16":"desktop-align-left","17":"tablet-align-left","18":"mobile-align-left","20":"first","21":"instock","22":"taxable","23":"shipping-taxable","24":"product-type-variable"},"_links":{"self":[{"href":"https:\/\/healthyskinsecrets.ch\/fr\/wp-json\/wp\/v2\/product\/13629","targetHints":{"allow":["GET"]}}],"collection":[{"href":"https:\/\/healthyskinsecrets.ch\/fr\/wp-json\/wp\/v2\/product"}],"about":[{"href":"https:\/\/healthyskinsecrets.ch\/fr\/wp-json\/wp\/v2\/types\/product"}],"replies":[{"embeddable":true,"href":"https:\/\/healthyskinsecrets.ch\/fr\/wp-json\/wp\/v2\/comments?post=13629"}],"wp:featuredmedia":[{"embeddable":true,"href":"https:\/\/healthyskinsecrets.ch\/fr\/wp-json\/wp\/v2\/media\/13681"}],"wp:attachment":[{"href":"https:\/\/healthyskinsecrets.ch\/fr\/wp-json\/wp\/v2\/media?parent=13629"}],"wp:term":[{"taxonomy":"product_brand","embeddable":true,"href":"https:\/\/healthyskinsecrets.ch\/fr\/wp-json\/wp\/v2\/product_brand?post=13629"},{"taxonomy":"product_cat","embeddable":true,"href":"https:\/\/healthyskinsecrets.ch\/fr\/wp-json\/wp\/v2\/product_cat?post=13629"},{"taxonomy":"product_tag","embeddable":true,"href":"https:\/\/healthyskinsecrets.ch\/fr\/wp-json\/wp\/v2\/product_tag?post=13629"}],"curies":[{"name":"wp","href":"https:\/\/api.w.org\/{rel}","templated":true}]}}