{"id":13626,"date":"2023-09-15T10:05:22","date_gmt":"2023-09-15T10:05:22","guid":{"rendered":"https:\/\/healthyskinsecrets.ch\/product\/import-placeholder-for-18400\/"},"modified":"2024-09-15T15:58:40","modified_gmt":"2024-09-15T15:58:40","slug":"medipeel-premium-naite-thread-neck-cream-100ml","status":"publish","type":"product","link":"https:\/\/healthyskinsecrets.ch\/fr\/product\/medipeel-premium-naite-thread-neck-cream-100ml\/","title":{"rendered":"MediPeel Premium Naite Thread Neck Cream 100ml"},"content":{"rendered":"<h3>Anwendung<\/h3>\n<ol>\n<li>Gew\u00fcnschte Menge auf den Hals auftragen.<\/li>\n<li>Sanft von unten nach oben einmassieren und einklopfen.<\/li>\n<\/ol>\n<h3>Inhaltsstoffe<\/h3>\n<div id=\"ntc-tab-2\" class=\"accordion-content ntc-tab-2\">Water, Glycerin, Prunus Amygdalus Dulcis (Sweet Almond) Oil, Hydrolyzed Collagen, Cetearyl Alcohol, Cetyl Ethylhexanoate, 1,2-Hexanediol, Anthemis Nobilis Flower Extract, Cyclopentasiloxane, Cyclohexasiloxane, Propylene Glycol, Arginine, Carbomer, Dimethicone, Glyceryl Stearate, Olea Europaea (Olive) Fruit Oil, Polysorbate 60, Beeswax, PEG-100 Stearate, Sodium Polyacrylate, Palmitic Acid, Stearic Acid, Butylene Glycol, Fragrance, Hydrogenated Lecithin, Ethylhexylglycerin, Adenosine, Phenoxyethanol, Disodium EDTA, Panthenol, Ceramide 3, Zanthoxylum Piperitum Fruit Extract, Usnea Barbata (Lichen) Extract, Pulsatilla Koreana Extract, Dipropylene Glycol, Aloe Barbadensis Leaf Juice, Caprylyl Glycol, Glycereth-20, Lavandula Angustifolia (Lavender) Extract, Hydrolyzed Elastin, PEG-10 Rapeseed Sterol, Camellia Sinensis Leaf Extract, Dipeptide Diaminobutyroyl Benzylamide Diacetate, Centella Asiatica Extract, Palmitoyl Tripeptide-5, Potassium Sorbate, Sodium Benzoate<\/div>\n<div><\/div>\n<h3>Warnhinweise<\/h3>\n<ol>\n<li>Nur zur \u00e4u\u00dferlichen Anwendung geeignet.<\/li>\n<li>Nicht auf verletzte Haut oder auf Wunden auftragen.<\/li>\n<li>Sollten Nebenwirkungen wie Irritationen oder Ausschlag eintreten, Anwendung sofort beenden und unverz\u00fcglich an einen Arzt wenden.<\/li>\n<li>Kontakt mit den Augen vermeiden. Sollte das Produkt ins Auge gelangen, das Auge sofort gr\u00fcndlich mit klarem Wasser aussp\u00fclen.<\/li>\n<li>Au\u00dfer Reichweite von Kindern aufbewahren.<\/li>\n<li>Nicht schlucken. Bei Verschlucken Arzt oder Giftzentrale aufsuchen.<\/li>\n<\/ol>\n","protected":false},"excerpt":{"rendered":"<p>Medi Peel Naite Thread Neck Cream enth\u00e4lt einen medizinischen Faden, der hilft, die Haut in den Bereichen um Ihren Hals zu straffen! Es mag f\u00fcr Sie klebrig aussehen, zieht aber beim Einmassieren schnell in Ihre Haut ein und hinterl\u00e4sst ein frisches und hydratisiertes Gef\u00fchl auf Ihrer Haut.<br \/>\nAnti-Aging-Creme f\u00fcr den Hals, strafft schlaffe Haut um den Hals<br \/>\nUnter Verwendung einer in Frankreich hergestellten Peptidl\u00f6sung, Lifting f\u00fcr Falten<br \/>\nHilft, die Haut zu straffen und gibt der d\u00fcnnen Haut an unserem Hals die N\u00e4hrstoffe, die sie braucht.<br \/>\nZum Anheben und Straffen der Haut im Halsbereich bei gleichzeitiger Verbesserung der Elastizit\u00e4t. Entwickelt f\u00fcr Frauen und M\u00e4nner<\/p>\n","protected":false},"featured_media":13666,"comment_status":"open","ping_status":"closed","template":"","meta":{"content-type":"","site-sidebar-layout":"default","site-content-layout":"default","ast-site-content-layout":"default","site-content-style":"default","site-sidebar-style":"default","ast-global-header-display":"","ast-banner-title-visibility":"","ast-main-header-display":"","ast-hfb-above-header-display":"","ast-hfb-below-header-display":"","ast-hfb-mobile-header-display":"","site-post-title":"","ast-breadcrumbs-content":"","ast-featured-img":"","footer-sml-layout":"","ast-disable-related-posts":"","theme-transparent-header-meta":"default","adv-header-id-meta":"","stick-header-meta":"","header-above-stick-meta":"","header-main-stick-meta":"","header-below-stick-meta":"","astra-migrate-meta-layouts":"set","ast-page-background-enabled":"default","ast-page-background-meta":{"desktop":{"background-color":"","background-image":"","background-repeat":"repeat","background-position":"center center","background-size":"auto","background-attachment":"scroll","background-type":"","background-media":"","overlay-type":"","overlay-color":"","overlay-opacity":"","overlay-gradient":""},"tablet":{"background-color":"","background-image":"","background-repeat":"repeat","background-position":"center center","background-size":"auto","background-attachment":"scroll","background-type":"","background-media":"","overlay-type":"","overlay-color":"","overlay-opacity":"","overlay-gradient":""},"mobile":{"background-color":"","background-image":"","background-repeat":"repeat","background-position":"center center","background-size":"auto","background-attachment":"scroll","background-type":"","background-media":"","overlay-type":"","overlay-color":"","overlay-opacity":"","overlay-gradient":""}},"ast-content-background-meta":{"desktop":{"background-color":"var(--ast-global-color-5)","background-image":"","background-repeat":"repeat","background-position":"center center","background-size":"auto","background-attachment":"scroll","background-type":"","background-media":"","overlay-type":"","overlay-color":"","overlay-opacity":"","overlay-gradient":""},"tablet":{"background-color":"var(--ast-global-color-5)","background-image":"","background-repeat":"repeat","background-position":"center center","background-size":"auto","background-attachment":"scroll","background-type":"","background-media":"","overlay-type":"","overlay-color":"","overlay-opacity":"","overlay-gradient":""},"mobile":{"background-color":"var(--ast-global-color-5)","background-image":"","background-repeat":"repeat","background-position":"center center","background-size":"auto","background-attachment":"scroll","background-type":"","background-media":"","overlay-type":"","overlay-color":"","overlay-opacity":"","overlay-gradient":""}}},"product_brand":[],"product_cat":[520,556,288],"product_tag":[352],"class_list":{"0":"post-13626","1":"product","2":"type-product","3":"status-publish","4":"has-post-thumbnail","6":"product_cat-8-koreanische-gesichtscreme","7":"product_cat-body-lotion-koerperpflege","8":"product_cat-medi-peel","9":"product_tag-spezielles","10":"pa_beduerfnisse-anti-aging","11":"pa_beduerfnisse-falten","12":"pa_hauttyp-all","13":"pa_hauttyp-fettige","14":"pa_hauttyp-mischhaut","15":"pa_hauttyp-normal","16":"pa_hauttyp-trockene","17":"desktop-align-left","18":"tablet-align-left","19":"mobile-align-left","21":"first","22":"instock","23":"taxable","24":"shipping-taxable","25":"purchasable","26":"product-type-variable"},"_links":{"self":[{"href":"https:\/\/healthyskinsecrets.ch\/fr\/wp-json\/wp\/v2\/product\/13626","targetHints":{"allow":["GET"]}}],"collection":[{"href":"https:\/\/healthyskinsecrets.ch\/fr\/wp-json\/wp\/v2\/product"}],"about":[{"href":"https:\/\/healthyskinsecrets.ch\/fr\/wp-json\/wp\/v2\/types\/product"}],"replies":[{"embeddable":true,"href":"https:\/\/healthyskinsecrets.ch\/fr\/wp-json\/wp\/v2\/comments?post=13626"}],"wp:featuredmedia":[{"embeddable":true,"href":"https:\/\/healthyskinsecrets.ch\/fr\/wp-json\/wp\/v2\/media\/13666"}],"wp:attachment":[{"href":"https:\/\/healthyskinsecrets.ch\/fr\/wp-json\/wp\/v2\/media?parent=13626"}],"wp:term":[{"taxonomy":"product_brand","embeddable":true,"href":"https:\/\/healthyskinsecrets.ch\/fr\/wp-json\/wp\/v2\/product_brand?post=13626"},{"taxonomy":"product_cat","embeddable":true,"href":"https:\/\/healthyskinsecrets.ch\/fr\/wp-json\/wp\/v2\/product_cat?post=13626"},{"taxonomy":"product_tag","embeddable":true,"href":"https:\/\/healthyskinsecrets.ch\/fr\/wp-json\/wp\/v2\/product_tag?post=13626"}],"curies":[{"name":"wp","href":"https:\/\/api.w.org\/{rel}","templated":true}]}}