{"id":13622,"date":"2023-09-15T10:05:21","date_gmt":"2023-09-15T10:05:21","guid":{"rendered":"https:\/\/healthyskinsecrets.ch\/product\/import-placeholder-for-10744\/"},"modified":"2024-10-15T11:26:14","modified_gmt":"2024-10-15T11:26:14","slug":"medipeel-bortox-peptide-ampoule-30ml","status":"publish","type":"product","link":"https:\/\/healthyskinsecrets.ch\/fr\/product\/medipeel-bortox-peptide-ampoule-30ml\/","title":{"rendered":"MediPeel Bortox Peptide Ampoule 30ml"},"content":{"rendered":"<h3>Anwendung<\/h3>\n<ol>\n<li>Die gew\u00fcnschte Menge sanft von der Gesichtsmitte nach au\u00dfen verteilen<\/li>\n<\/ol>\n<h3>Inhaltsstoffe<\/h3>\n<p>Water, Butylene Glycol, Hydrogenated Polyisobutene, 1,2-Hexanediol, Hydrolyzed Collagen, Polyacrylamide, Lactobacillus\/Pumpkin Ferment Extract, Lactobacillus\/Soybean Ferment Extract, C13-14 Isoparaffin, Polysorbate 20, Arginine, Lactobacillus\/Punica Granatum Fruit Ferment Extract, Lactobacillus\/Wasabia Japonica Root Ferment Extract, Sodium Hyaluronate, Ethylhexylglycerin, Saccharomyces\/Grape Ferment Extract, Carbomer, Allantoin, Acrylates\/C10-30 Alkyl Acrylate Crosspolymer, Saccharomyces Ferment Filtrate, Laureth-7, Bifida Ferment Lysate, Disodium EDTA, Adenosine, Leontopodium Alpinum Callus Culture Extract, Fragrance, Hydrolyzed Elastin, Gardenia Florida Fruit Extract, Anemarrhena Asphodeloides Root Extract, Inonotus Obliquus (Mushroom) Extract, Elaeis Guineensis (Palm) Oil, Copper Tripeptide-1, Acetyl Hexapeptide-8, Oligopeptide-32, Oligopeptide-29, Palmitoyl Pentapeptide-4<\/p>\n<p>*Eine Ver\u00e4nderung der Inhaltsstoffe unterliegt dem Ermessen des Herstellers. Willst du vor dem Kauf ganz sicher gehen? Dann kontaktiere uns f\u00fcr ein Foto der aktuellen Produktverpackung.<\/p>\n<h3>Warnhinweise<\/h3>\n<ol>\n<li>Nur zur \u00e4u\u00dferlichen Anwendung geeignet.<\/li>\n<li>Nicht auf verletzte Haut oder auf Wunden auftragen.<\/li>\n<li>Sollten Nebenwirkungen wie Irritationen oder Ausschlag eintreten, Anwendung sofort beenden und unverz\u00fcglich an einen Arzt wenden.<\/li>\n<li>Kontakt mit den Augen vermeiden. Sollte das Produkt ins Auge gelangen, das Auge sofort gr\u00fcndlich mit klarem Wasser aussp\u00fclen.<\/li>\n<li>Au\u00dfer Reichweite von Kindern aufbewahren.<\/li>\n<li>Nicht schlucken. Bei Verschlucken Arzt oder Giftzentrale aufsuchen.<\/li>\n<\/ol>\n","protected":false},"excerpt":{"rendered":"<p>100 % echtes franz\u00f6sisches Volufiline und fermentierte Inhaltsstoffe verbessern sofort Hautfalten, straffen die Haut und stellen die Elastizit\u00e4t f\u00fcr ein jung aussehendes Gesicht wieder her. Kollagen und Elastin hinzugef\u00fcgt, um die Elastizit\u00e4t und das Volumen der Haut wiederherzustellen, indem die Haut regeneriert und eine straffe und glatte Haut erhalten wird. France Serdema Volufiline-Formel gl\u00e4ttet Falten und f\u00fcllt die Faltenlinien auf. F\u00fcllt die L\u00fccken in Faltenlinien auf, um eine perfekte Gesichtslinie ohne Falten zu erzielen. Multifunktionale Anti-Aging-Ampulle, die alle Stellen mit Falten gl\u00e4ttet: Beseitigt feine F\u00e4ltchen + Augenf\u00e4ltchen + Stirnfalten + Halsfalten + Nasolabialfaltenfalten + Mundbereichsfalten. 9 fermentierte Inhaltsstoffe st\u00e4rken die Hautbarriere f\u00fcr langanhaltende Hautfestigkeit. Nicht austrocknende Formel durch hinzugef\u00fcgte Hyalurons\u00e4ure, die das Gesicht mit Feuchtigkeit versorgt und die Hautfeuchtigkeit f\u00f6rdert, perfekt f\u00fcr die Anwendung bei trockenem Hauttyp<\/p>\n<ul>\n<li>France Cell Derma 100% Volofilin 5% verbessern die Hautelastizit\u00e4t.<\/li>\n<li>Verbessern Sie die Faltenbarriere der Haut und verleihen Sie der Haut eine perfekte Elastizit\u00e4t<\/li>\n<li>Feine F\u00e4ltchen +Augenpartief\u00e4ltchen +Stirnfalten +Halsfalten +Lachfaltenfalten +Lippenpartiefalten alles in einer Pflegekonzentrat-Ampulle<\/li>\n<li>Die Konzentrat-Peptid-Ampulle sorgt bei leichter Anwendung f\u00fcr eine elastische, jugendliche Hautpflege<\/li>\n<li>Volufilin 5% + Kollagen + Elastin gibt der Haut Volumen zur\u00fcck<\/li>\n<li>Kein Wasser!!!! 85 % Faltenl\u00f6sung enthalten<\/li>\n<\/ul>\n","protected":false},"featured_media":13658,"comment_status":"open","ping_status":"closed","template":"","meta":{"content-type":"","site-sidebar-layout":"default","site-content-layout":"default","ast-site-content-layout":"default","site-content-style":"default","site-sidebar-style":"default","ast-global-header-display":"","ast-banner-title-visibility":"","ast-main-header-display":"","ast-hfb-above-header-display":"","ast-hfb-below-header-display":"","ast-hfb-mobile-header-display":"","site-post-title":"","ast-breadcrumbs-content":"","ast-featured-img":"","footer-sml-layout":"","ast-disable-related-posts":"","theme-transparent-header-meta":"default","adv-header-id-meta":"","stick-header-meta":"","header-above-stick-meta":"","header-main-stick-meta":"","header-below-stick-meta":"","astra-migrate-meta-layouts":"set","ast-page-background-enabled":"default","ast-page-background-meta":{"desktop":{"background-color":"","background-image":"","background-repeat":"repeat","background-position":"center center","background-size":"auto","background-attachment":"scroll","background-type":"","background-media":"","overlay-type":"","overlay-color":"","overlay-opacity":"","overlay-gradient":""},"tablet":{"background-color":"","background-image":"","background-repeat":"repeat","background-position":"center center","background-size":"auto","background-attachment":"scroll","background-type":"","background-media":"","overlay-type":"","overlay-color":"","overlay-opacity":"","overlay-gradient":""},"mobile":{"background-color":"","background-image":"","background-repeat":"repeat","background-position":"center center","background-size":"auto","background-attachment":"scroll","background-type":"","background-media":"","overlay-type":"","overlay-color":"","overlay-opacity":"","overlay-gradient":""}},"ast-content-background-meta":{"desktop":{"background-color":"var(--ast-global-color-5)","background-image":"","background-repeat":"repeat","background-position":"center center","background-size":"auto","background-attachment":"scroll","background-type":"","background-media":"","overlay-type":"","overlay-color":"","overlay-opacity":"","overlay-gradient":""},"tablet":{"background-color":"var(--ast-global-color-5)","background-image":"","background-repeat":"repeat","background-position":"center center","background-size":"auto","background-attachment":"scroll","background-type":"","background-media":"","overlay-type":"","overlay-color":"","overlay-opacity":"","overlay-gradient":""},"mobile":{"background-color":"var(--ast-global-color-5)","background-image":"","background-repeat":"repeat","background-position":"center center","background-size":"auto","background-attachment":"scroll","background-type":"","background-media":"","overlay-type":"","overlay-color":"","overlay-opacity":"","overlay-gradient":""}}},"product_brand":[],"product_cat":[424,288],"product_tag":[425,522],"class_list":{"0":"post-13622","1":"product","2":"type-product","3":"status-publish","4":"has-post-thumbnail","6":"product_cat-gesicht","7":"product_cat-medi-peel","8":"product_tag-essence-serum-oil","9":"product_tag-ampoule","10":"pa_beduerfnisse-anti-aging","11":"pa_beduerfnisse-augenringe","12":"pa_beduerfnisse-falten","13":"pa_beduerfnisse-trockenheit","14":"pa_hauttyp-all","15":"pa_hauttyp-fettige","16":"pa_hauttyp-mischhaut","17":"pa_hauttyp-normal","18":"pa_hauttyp-trockene","19":"desktop-align-left","20":"tablet-align-left","21":"mobile-align-left","23":"first","24":"instock","25":"taxable","26":"shipping-taxable","27":"purchasable","28":"product-type-variable"},"_links":{"self":[{"href":"https:\/\/healthyskinsecrets.ch\/fr\/wp-json\/wp\/v2\/product\/13622","targetHints":{"allow":["GET"]}}],"collection":[{"href":"https:\/\/healthyskinsecrets.ch\/fr\/wp-json\/wp\/v2\/product"}],"about":[{"href":"https:\/\/healthyskinsecrets.ch\/fr\/wp-json\/wp\/v2\/types\/product"}],"replies":[{"embeddable":true,"href":"https:\/\/healthyskinsecrets.ch\/fr\/wp-json\/wp\/v2\/comments?post=13622"}],"wp:featuredmedia":[{"embeddable":true,"href":"https:\/\/healthyskinsecrets.ch\/fr\/wp-json\/wp\/v2\/media\/13658"}],"wp:attachment":[{"href":"https:\/\/healthyskinsecrets.ch\/fr\/wp-json\/wp\/v2\/media?parent=13622"}],"wp:term":[{"taxonomy":"product_brand","embeddable":true,"href":"https:\/\/healthyskinsecrets.ch\/fr\/wp-json\/wp\/v2\/product_brand?post=13622"},{"taxonomy":"product_cat","embeddable":true,"href":"https:\/\/healthyskinsecrets.ch\/fr\/wp-json\/wp\/v2\/product_cat?post=13622"},{"taxonomy":"product_tag","embeddable":true,"href":"https:\/\/healthyskinsecrets.ch\/fr\/wp-json\/wp\/v2\/product_tag?post=13622"}],"curies":[{"name":"wp","href":"https:\/\/api.w.org\/{rel}","templated":true}]}}