{"id":13620,"date":"2023-09-15T10:05:21","date_gmt":"2023-09-15T10:05:21","guid":{"rendered":"https:\/\/healthyskinsecrets.ch\/product\/import-placeholder-for-10730\/"},"modified":"2023-09-15T11:15:31","modified_gmt":"2023-09-15T11:15:31","slug":"medipeel-peptide9-hyaluronic-volumy-eye-cream-40ml","status":"publish","type":"product","link":"https:\/\/healthyskinsecrets.ch\/fr\/product\/medipeel-peptide9-hyaluronic-volumy-eye-cream-40ml\/","title":{"rendered":"MediPeel Peptide9 Hyaluronic Volumy Eye Cream 40ml"},"content":{"rendered":"<h3>Anwendung<\/h3>\n<ol>\n<li>Nehmen Sie dieses Produkt in Ihre Hautpflegeroutine morgens und abends auf.<\/li>\n<li>Tragen Sie nach der Anwendung des Serums eine d\u00fcnne Schicht um den Bereich auf.<\/li>\n<\/ol>\n<h3>Inhaltsstoffe<\/h3>\n<p>Centella Asiatica Extract, Water, Butylene Glycol, Glycerin, Hydrogenated Polyisobutene, Methyl Perfluoroisobutyl Ether, Methyl Perfluorobutyl Ether, Caprylic\/Capric Triglyceride, Butylene Glycol Dicaprylate\/Dicaprate, Snail Secretion Filtrate, Cyclopentasiloxane, Elaeis Guineensis (Palm) Oil, Hyaluronic Acid, Cyclohexasiloxane, Decyl Glucoside, Anemarrhena Asphodeloides Root Extract, Acetyl Hexapeptide-8 (500ppm, 3%), Copper Tripeptide-1 (50ppm, 5%), Palmitoyl Pentapeptide-4 (50ppm, 2%), rh-Oligopeptide-1 (10ppm, 2%), Betaine, (-)-alpha-bisabolol, Glutathione, Psidium Guajava Leaf Extract, Rosa Hybrid Flower Extract, Camellia Sinensis Leaf Extract, Guaiazulene, Ceramide NP, Sodium Myristoyl Glutamate, Elaeis Guineensis (Palm) Kernel Oil, Stearic Acid, Ammonium Acryloyldimethyltaurate\/VP Copolymer, Hydrogenated Lecithin, Allantoin, Adenosine, Glyceryl Acrylate\/Acrylic Acid Copolymer, Cetearyl Alcohol, Glyceryl Stearate, PEG-100 Stearate, Scutellaria Baicalensis Root Extract, Paeonia Suffruticosa Root Extract, Sodium Polyacrylate, Hydrogenated Polydecene, Trideceth-6, Carbomer, Arginine, Disodium EDTA, Propylene Glycol, Caprylyl Glycol, 1,2-Hexanediol, Fragrance<\/p>\n<p>*Eine Ver\u00e4nderung der Inhaltsstoffe unterliegt dem Ermessen des Herstellers. Willst du vor dem Kauf ganz sicher gehen? Dann kontaktiere uns f\u00fcr ein Foto der aktuellen Produktverpackung.<\/p>\n<h3>Warnhinweise<\/h3>\n<ol>\n<li>Nur zur \u00e4u\u00dferlichen Anwendung geeignet.<\/li>\n<li>Nicht auf verletzte Haut oder auf Wunden auftragen.<\/li>\n<li>Sollten Nebenwirkungen wie Irritationen oder Ausschlag eintreten, Anwendung sofort beenden und unverz\u00fcglich an einen Arzt wenden.<\/li>\n<li>Kontakt mit den Augen vermeiden. Sollte das Produkt ins Auge gelangen, das Auge sofort gr\u00fcndlich mit klarem Wasser aussp\u00fclen.<\/li>\n<li>Au\u00dfer Reichweite von Kindern aufbewahren.<\/li>\n<li>Nicht schlucken. Bei Verschlucken Arzt oder Giftzentrale aufsuchen.<\/li>\n<\/ol>\n","protected":false},"excerpt":{"rendered":"<p>Diese Mehrzweck-Augencreme ist vollgepackt mit Wirkstoffen, um das Auftreten von feinen Linien und Falten zu reduzieren und gleichzeitig die Haut zu pflegen.<br \/>\n9 Arten von Peptiden in der Formel, um reichhaltige N\u00e4hrstoffe, einschlie\u00dflich Protein, f\u00fcr eine belebte Haut bereitzustellen. Hyalurons\u00e4ure bietet intensive Feuchtigkeit, w\u00e4hrend Kollagen zur Verbesserung der Elastizit\u00e4t infundiert wird.<\/p>\n<p>Geeignet f\u00fcr alle Hauttypen. Ideal f\u00fcr empfindliche, trockene Haut.<\/p>\n","protected":false},"featured_media":13653,"comment_status":"open","ping_status":"closed","template":"","meta":{"content-type":"","site-sidebar-layout":"default","site-content-layout":"default","ast-site-content-layout":"default","site-content-style":"default","site-sidebar-style":"default","ast-global-header-display":"","ast-banner-title-visibility":"","ast-main-header-display":"","ast-hfb-above-header-display":"","ast-hfb-below-header-display":"","ast-hfb-mobile-header-display":"","site-post-title":"","ast-breadcrumbs-content":"","ast-featured-img":"","footer-sml-layout":"","ast-disable-related-posts":"","theme-transparent-header-meta":"default","adv-header-id-meta":"","stick-header-meta":"","header-above-stick-meta":"","header-main-stick-meta":"","header-below-stick-meta":"","astra-migrate-meta-layouts":"set","ast-page-background-enabled":"default","ast-page-background-meta":{"desktop":{"background-color":"","background-image":"","background-repeat":"repeat","background-position":"center center","background-size":"auto","background-attachment":"scroll","background-type":"","background-media":"","overlay-type":"","overlay-color":"","overlay-opacity":"","overlay-gradient":""},"tablet":{"background-color":"","background-image":"","background-repeat":"repeat","background-position":"center center","background-size":"auto","background-attachment":"scroll","background-type":"","background-media":"","overlay-type":"","overlay-color":"","overlay-opacity":"","overlay-gradient":""},"mobile":{"background-color":"","background-image":"","background-repeat":"repeat","background-position":"center center","background-size":"auto","background-attachment":"scroll","background-type":"","background-media":"","overlay-type":"","overlay-color":"","overlay-opacity":"","overlay-gradient":""}},"ast-content-background-meta":{"desktop":{"background-color":"var(--ast-global-color-5)","background-image":"","background-repeat":"repeat","background-position":"center center","background-size":"auto","background-attachment":"scroll","background-type":"","background-media":"","overlay-type":"","overlay-color":"","overlay-opacity":"","overlay-gradient":""},"tablet":{"background-color":"var(--ast-global-color-5)","background-image":"","background-repeat":"repeat","background-position":"center center","background-size":"auto","background-attachment":"scroll","background-type":"","background-media":"","overlay-type":"","overlay-color":"","overlay-opacity":"","overlay-gradient":""},"mobile":{"background-color":"var(--ast-global-color-5)","background-image":"","background-repeat":"repeat","background-position":"center center","background-size":"auto","background-attachment":"scroll","background-type":"","background-media":"","overlay-type":"","overlay-color":"","overlay-opacity":"","overlay-gradient":""}}},"product_brand":[],"product_cat":[523,424,288],"product_tag":[433],"class_list":{"0":"post-13620","1":"product","2":"type-product","3":"status-publish","4":"has-post-thumbnail","6":"product_cat-6-augen-creme","7":"product_cat-gesicht","8":"product_cat-medi-peel","9":"product_tag-augenpflege","10":"pa_beduerfnisse-falten","11":"pa_beduerfnisse-trockenheit","12":"pa_hauttyp-all","13":"pa_hauttyp-empfindliche-haut","14":"pa_hauttyp-fettige","15":"pa_hauttyp-mischhaut","16":"pa_hauttyp-normal","17":"pa_hauttyp-trockene","18":"desktop-align-left","19":"tablet-align-left","20":"mobile-align-left","22":"first","23":"instock","24":"taxable","25":"shipping-taxable","26":"purchasable","27":"product-type-variable"},"_links":{"self":[{"href":"https:\/\/healthyskinsecrets.ch\/fr\/wp-json\/wp\/v2\/product\/13620","targetHints":{"allow":["GET"]}}],"collection":[{"href":"https:\/\/healthyskinsecrets.ch\/fr\/wp-json\/wp\/v2\/product"}],"about":[{"href":"https:\/\/healthyskinsecrets.ch\/fr\/wp-json\/wp\/v2\/types\/product"}],"replies":[{"embeddable":true,"href":"https:\/\/healthyskinsecrets.ch\/fr\/wp-json\/wp\/v2\/comments?post=13620"}],"wp:featuredmedia":[{"embeddable":true,"href":"https:\/\/healthyskinsecrets.ch\/fr\/wp-json\/wp\/v2\/media\/13653"}],"wp:attachment":[{"href":"https:\/\/healthyskinsecrets.ch\/fr\/wp-json\/wp\/v2\/media?parent=13620"}],"wp:term":[{"taxonomy":"product_brand","embeddable":true,"href":"https:\/\/healthyskinsecrets.ch\/fr\/wp-json\/wp\/v2\/product_brand?post=13620"},{"taxonomy":"product_cat","embeddable":true,"href":"https:\/\/healthyskinsecrets.ch\/fr\/wp-json\/wp\/v2\/product_cat?post=13620"},{"taxonomy":"product_tag","embeddable":true,"href":"https:\/\/healthyskinsecrets.ch\/fr\/wp-json\/wp\/v2\/product_tag?post=13620"}],"curies":[{"name":"wp","href":"https:\/\/api.w.org\/{rel}","templated":true}]}}