{"id":13619,"date":"2023-09-15T10:05:21","date_gmt":"2023-09-15T10:05:21","guid":{"rendered":"https:\/\/healthyskinsecrets.ch\/product\/import-placeholder-for-9258\/"},"modified":"2023-09-15T11:07:43","modified_gmt":"2023-09-15T11:07:43","slug":"medipeel-cell-toxing-dermajours-trial-kit","status":"publish","type":"product","link":"https:\/\/healthyskinsecrets.ch\/fr\/product\/medipeel-cell-toxing-dermajours-trial-kit\/","title":{"rendered":"MediPeel Cell Toxing Dermajours Trial Kit"},"content":{"rendered":"<h3>Anwendung<\/h3>\n<ul>\n<li><a href=\"https:\/\/vanesis.ch\/product\/medipeel-cell-toxing-dermajours-toner\/\">Cell Toxing Dermajours Toner 30ml<\/a><\/li>\n<li><a href=\"https:\/\/vanesis.ch\/product\/medipeel-cell-toxing-dermajours-emulsion\/\">Cell Toxing Dermajours Emulsion 30ml<\/a><\/li>\n<li><a href=\"https:\/\/vanesis.ch\/product\/medipeel-cell-tox-dermajou-cream\/\">Cell Toxing Dermajours Cream 10g<\/a><\/li>\n<\/ul>\n<p><em>Premium Naite Thread Neck Cream 10g<\/em><\/p>\n<ul>\n<li>Nach dem Serum auf den Halsbereich auftragen und zum Einziehen einmassieren.<\/li>\n<\/ul>\n<h3>Inhaltsstoffe<\/h3>\n<div id=\"ntc-tab-2\" class=\"accordion-content ntc-tab-2\">\n<ul>\n<li><a href=\"https:\/\/vanesis.ch\/product\/medipeel-cell-toxing-dermajours-toner\/\">Cell Toxing Dermajours Toner 30ml<\/a><\/li>\n<li><a href=\"https:\/\/vanesis.ch\/product\/medipeel-cell-toxing-dermajours-emulsion\/\">Cell Toxing Dermajours Emulsion 30ml<\/a><\/li>\n<li><a href=\"https:\/\/vanesis.ch\/product\/medipeel-cell-tox-dermajou-cream\/\">Cell Toxing Dermajours Cream 10g<\/a><\/li>\n<\/ul>\n<p><em>Premium Naite Thread Neck Cream 10g<\/em><\/p>\n<p>Water, Glycerin, Prunus Amygdalus Dulcis (Sweet Almond) Oil, Hydrolyzed Collagen, Cetearyl Alcohol, Cetyl Ethylhexanoate, 1,2-Hexanediol, Anthemis Nobilis Flower Extract, Cyclopentasiloxane, Cyclohexasiloxane, Propylene Glycol, Arginine, Carbomer, Dimethicone, Glyceryl Stearate, Olea Europaea (Olive) Fruit Oil, Polysorbate 60, Beeswax, PEG-100 Stearate, Sodium Polyacrylate, Palmitic Acid, Stearic Acid, Butylene Glycol, Fragrance, Hydrogenated Lecithin, Ethylhexylglycerin, Adenosine, Phenoxyethanol, Disodium EDTA, Panthenol, Ceramide 3, Zanthoxylum Piperitum Fruit Extract, Usnea Barbata (Lichen) Extract, Pulsatilla Koreana Extract, Dipropylene Glycol, Aloe Barbadensis Leaf Juice, Caprylyl Glycol, Glycereth-20, Lavandula Angustifolia (Lavender) Extract, Hydrolyzed Elastin, PEG-10 Rapeseed Sterol, Camellia Sinensis Leaf Extract, Dipeptide Diaminobutyroyl Benzylamide Diacetate, Centella Asiatica Extract, Palmitoyl Tripeptide-5, Potassium Sorbate, Sodium Benzoate<\/p>\n<\/div>\n<h3>Warnhinweise<\/h3>\n<ol>\n<li>Nur zur \u00e4u\u00dferlichen Anwendung geeignet.<\/li>\n<li>Nicht auf verletzte Haut oder auf Wunden auftragen.<\/li>\n<li>Sollten Nebenwirkungen wie Irritationen oder Ausschlag eintreten, Anwendung sofort beenden und unverz\u00fcglich an einen Arzt wenden.<\/li>\n<li>Kontakt mit den Augen vermeiden. Sollte das Produkt ins Auge gelangen, das Auge sofort gr\u00fcndlich mit klarem Wasser aussp\u00fclen.<\/li>\n<li>Au\u00dfer Reichweite von Kindern aufbewahren.<\/li>\n<li>Nicht schlucken. Bei Verschlucken Arzt oder Giftzentrale aufsuchen.<\/li>\n<\/ol>\n","protected":false},"excerpt":{"rendered":"<p>Das Set beinhaltet:<\/p>\n<ul>\n<li><a href=\"https:\/\/vanesis.ch\/product\/medipeel-cell-toxing-dermajours-toner\/\">Cell Toxing Dermajours Toner 30ml<\/a><\/li>\n<li><a href=\"https:\/\/vanesis.ch\/product\/medipeel-cell-toxing-dermajours-emulsion\/\">Cell Toxing Dermajours Emulsion 30ml<\/a><\/li>\n<li><a href=\"https:\/\/vanesis.ch\/product\/medipeel-cell-tox-dermajou-cream\/\">Cell Toxing Dermajours Cream 10g<\/a><\/li>\n<li>Premium Naite Thread Neck Cream 10g<\/li>\n<\/ul>\n<p>Das Stem Cell Rejuvenating Kit ist eine komplette Anti-Aging-Behandlung mit facettenreicher Anti-Age-Wirkung. Stellt effektiv die Elastizit\u00e4t der Haut wieder her, verlangsamt den Alterungsprozess, gl\u00e4ttet F\u00e4ltchen und Hautrisse und beugt deren Neubildung vor.<\/p>\n<p>Die Mittel zielen auf eine gr\u00fcndliche tiefe Wiederherstellung alternder Haut ab. Beseitigt die Austrocknung, verbessert die Mikrozirkulation im Gewebe der Epidermis, hellt sanft unerw\u00fcnschte Pigmentierung auf. Sie neutralisieren die aggressive Wirkung freier Radikale, UV-Strahlung und Umweltfaktoren, verlangsamen oxidative Prozesse und erhalten die Hautgesundheit.<\/p>\n<p>F\u00fcr die aktivste Wirkung werden in den Produkten Liposomenkapseln verwendet, die f\u00fcr eine gezielte Abgabe von Wirkstoffen an Problemzonen sorgen. Diese Methode erm\u00f6glicht es, n\u00fctzliche Substanzen in die tiefen Hautschichten zu transportieren, verbessert ihre Absorption und verst\u00e4rkt die Wirkung der Anwendung des Produkts, hilft, die Quelle unerw\u00fcnschter Ver\u00e4nderungen zu zielen.<\/p>\n","protected":false},"featured_media":13652,"comment_status":"open","ping_status":"closed","template":"","meta":{"content-type":"","site-sidebar-layout":"default","site-content-layout":"default","ast-site-content-layout":"default","site-content-style":"default","site-sidebar-style":"default","ast-global-header-display":"","ast-banner-title-visibility":"","ast-main-header-display":"","ast-hfb-above-header-display":"","ast-hfb-below-header-display":"","ast-hfb-mobile-header-display":"","site-post-title":"","ast-breadcrumbs-content":"","ast-featured-img":"","footer-sml-layout":"","ast-disable-related-posts":"","theme-transparent-header-meta":"default","adv-header-id-meta":"","stick-header-meta":"","header-above-stick-meta":"","header-main-stick-meta":"","header-below-stick-meta":"","astra-migrate-meta-layouts":"set","ast-page-background-enabled":"default","ast-page-background-meta":{"desktop":{"background-color":"","background-image":"","background-repeat":"repeat","background-position":"center center","background-size":"auto","background-attachment":"scroll","background-type":"","background-media":"","overlay-type":"","overlay-color":"","overlay-opacity":"","overlay-gradient":""},"tablet":{"background-color":"","background-image":"","background-repeat":"repeat","background-position":"center center","background-size":"auto","background-attachment":"scroll","background-type":"","background-media":"","overlay-type":"","overlay-color":"","overlay-opacity":"","overlay-gradient":""},"mobile":{"background-color":"","background-image":"","background-repeat":"repeat","background-position":"center center","background-size":"auto","background-attachment":"scroll","background-type":"","background-media":"","overlay-type":"","overlay-color":"","overlay-opacity":"","overlay-gradient":""}},"ast-content-background-meta":{"desktop":{"background-color":"var(--ast-global-color-5)","background-image":"","background-repeat":"repeat","background-position":"center center","background-size":"auto","background-attachment":"scroll","background-type":"","background-media":"","overlay-type":"","overlay-color":"","overlay-opacity":"","overlay-gradient":""},"tablet":{"background-color":"var(--ast-global-color-5)","background-image":"","background-repeat":"repeat","background-position":"center center","background-size":"auto","background-attachment":"scroll","background-type":"","background-media":"","overlay-type":"","overlay-color":"","overlay-opacity":"","overlay-gradient":""},"mobile":{"background-color":"var(--ast-global-color-5)","background-image":"","background-repeat":"repeat","background-position":"center center","background-size":"auto","background-attachment":"scroll","background-type":"","background-media":"","overlay-type":"","overlay-color":"","overlay-opacity":"","overlay-gradient":""}}},"product_brand":[],"product_cat":[510,520,534,424,288,545],"product_tag":[40,45,351,511],"class_list":{"0":"post-13619","1":"product","2":"type-product","3":"status-publish","4":"has-post-thumbnail","6":"product_cat-3-gesichtswasser-toner","7":"product_cat-8-koreanische-gesichtscreme","8":"product_cat-beauty-boxen","9":"product_cat-gesicht","10":"product_cat-medi-peel","11":"product_cat-pimple-patch","12":"product_tag-toner-mist","13":"product_tag-moisturizer","14":"product_tag-pakete","15":"product_tag-toner","16":"pa_beduerfnisse-anti-aging","17":"pa_beduerfnisse-falten","18":"pa_beduerfnisse-pigmentierung","19":"pa_hauttyp-all","20":"pa_hauttyp-fettige","21":"pa_hauttyp-mischhaut","22":"pa_hauttyp-normal","23":"pa_hauttyp-trockene","24":"desktop-align-left","25":"tablet-align-left","26":"mobile-align-left","28":"first","29":"instock","30":"taxable","31":"shipping-taxable","32":"product-type-variable"},"_links":{"self":[{"href":"https:\/\/healthyskinsecrets.ch\/fr\/wp-json\/wp\/v2\/product\/13619","targetHints":{"allow":["GET"]}}],"collection":[{"href":"https:\/\/healthyskinsecrets.ch\/fr\/wp-json\/wp\/v2\/product"}],"about":[{"href":"https:\/\/healthyskinsecrets.ch\/fr\/wp-json\/wp\/v2\/types\/product"}],"replies":[{"embeddable":true,"href":"https:\/\/healthyskinsecrets.ch\/fr\/wp-json\/wp\/v2\/comments?post=13619"}],"wp:featuredmedia":[{"embeddable":true,"href":"https:\/\/healthyskinsecrets.ch\/fr\/wp-json\/wp\/v2\/media\/13652"}],"wp:attachment":[{"href":"https:\/\/healthyskinsecrets.ch\/fr\/wp-json\/wp\/v2\/media?parent=13619"}],"wp:term":[{"taxonomy":"product_brand","embeddable":true,"href":"https:\/\/healthyskinsecrets.ch\/fr\/wp-json\/wp\/v2\/product_brand?post=13619"},{"taxonomy":"product_cat","embeddable":true,"href":"https:\/\/healthyskinsecrets.ch\/fr\/wp-json\/wp\/v2\/product_cat?post=13619"},{"taxonomy":"product_tag","embeddable":true,"href":"https:\/\/healthyskinsecrets.ch\/fr\/wp-json\/wp\/v2\/product_tag?post=13619"}],"curies":[{"name":"wp","href":"https:\/\/api.w.org\/{rel}","templated":true}]}}