{"id":13618,"date":"2023-09-15T10:05:21","date_gmt":"2023-09-15T10:05:21","guid":{"rendered":"https:\/\/healthyskinsecrets.ch\/product\/import-placeholder-for-9255\/"},"modified":"2023-09-15T10:59:46","modified_gmt":"2023-09-15T10:59:46","slug":"medipeel-cell-toxing-dermajours-toner-250ml","status":"publish","type":"product","link":"https:\/\/healthyskinsecrets.ch\/fr\/product\/medipeel-cell-toxing-dermajours-toner-250ml\/","title":{"rendered":"MediPeel Cell Toxing Dermajours Toner 250ml"},"content":{"rendered":"<h3>Anwendung<\/h3>\n<p>Nach dem Waschen auftragen ausreichende Menge an Toner pro Wattepad oder Handfl\u00e4che, leichte Massage bewegen Sie den Toner von der Innenseite des Gesichts nach au\u00dfen, bis er vollst\u00e4ndig ist Absorptionen.<\/p>\n<h3>Inhaltsstoffe<\/h3>\n<div id=\"ntc-tab-2\" class=\"accordion-content ntc-tab-2\">Purified Water, Glycerin, Dipropylene Glycol, 1,2-hexanediol, Niacinamide, Betaine, Butylene Glycol, Edelweiss Callus Culture Extract, Caprylic\/capric Triglyceride, Phenyl Trimethicone, Meadow Foam Seed Oil, Rosehip Fruit Oil, Argan Kernel Oil, Canola Oil, Sunflower Seed Oil, Leaf-leaf Bark Extract, Fig Extract, Mulberry Fruit Extract, Pomegranate Extract, Ginkgo Extract, Wheat Sprout Extract, Broccoli Extract, Cabbage Extract, Alfalfa Extract , Radish Seed Extract, Rapeseed Extract, Sodium Hyaluronate, Ceramide NP, Adenosine, Caprylyl\/caprylglucoside, Polyglyceryl-10 Laurate, Polyglyceryl-4 Laurate, Polyglyceryl-10 Stearate, Hydrogenated Lecithin, Lecithin, Polysorbate 20, Arginine, Carbomer, Acrylate\/C10-30 Alkyl Acrylate Crosspolymer, Disodium IDTA, Xanthan Gum, Ethylhexyl Glycerin, Dipeptidediaminobutyroyl Benzylamide Diacetate, Palmitoyl Tripeptide-5, Copper Tripeptide-1, Tripeptide-1, Palmitoylpentapeptide-4, Nonapeptide-1, Acetyloctapeptide-3, Acetylhexapeptide-8, Hexapeptide- 9, Palmitoyl Tetrapeptide-7, Palmitoyl Tripeptide-1, Fragrance, Butylphenylmethylpropional, Linalul34.52<\/div>\n<div><\/div>\n<h3>Warnhinweise<\/h3>\n<ol>\n<li>Nur zur \u00e4u\u00dferlichen Anwendung geeignet.<\/li>\n<li>Nicht auf verletzte Haut oder auf Wunden auftragen.<\/li>\n<li>Sollten Nebenwirkungen wie Irritationen oder Ausschlag eintreten, Anwendung sofort beenden und unverz\u00fcglich an einen Arzt wenden.<\/li>\n<li>Kontakt mit den Augen vermeiden. Sollte das Produkt ins Auge gelangen, das Auge sofort gr\u00fcndlich mit klarem Wasser aussp\u00fclen.<\/li>\n<li>Au\u00dfer Reichweite von Kindern aufbewahren.<\/li>\n<li>Nicht schlucken. Bei Verschlucken Arzt oder Giftzentrale aufsuchen.<\/li>\n<\/ol>\n","protected":false},"excerpt":{"rendered":"<p>Hochkonzentriert toner wiederherstellen\u00a0<b>MEDI-PEEL Cell Toxing Dermajours Toner 250ml<\/b>\u00a0hat eine angenehme reiche Textur. Enth\u00e4lt peptid-Komplex, der die Elastizit\u00e4t, Elastizit\u00e4t der Haut erh\u00f6ht. Und auch, ein Pflanzenkomplex, der Edelwei\u00df-Stammzellen enth\u00e4lt, die zielt darauf ab, Aquaporine zu stimulieren, um ein perfektes Gleichgewicht zu gew\u00e4hrleisten, befeuchtung und Ern\u00e4hrung der Haut. Dank der liposomalen Penetrationsmethode, es gibt eine Lieferung von aktiven Komponenten in die tiefen Schichten der Haut, die nicht nur oberfl\u00e4chliche verj\u00fcngende Wirkung, sondern auch erheblich verlangsamt die Prozesse alterung der Haut.<br \/>\nPflanzenkomplex beruhigt, tonisiert, gl\u00e4ttet den Ton, bek\u00e4mpft einen stumpfen Teint, gibt der Haut einen gesunden Glanz zur\u00fcck.<\/p>\n","protected":false},"featured_media":13650,"comment_status":"open","ping_status":"closed","template":"","meta":{"content-type":"","site-sidebar-layout":"default","site-content-layout":"default","ast-site-content-layout":"default","site-content-style":"default","site-sidebar-style":"default","ast-global-header-display":"","ast-banner-title-visibility":"","ast-main-header-display":"","ast-hfb-above-header-display":"","ast-hfb-below-header-display":"","ast-hfb-mobile-header-display":"","site-post-title":"","ast-breadcrumbs-content":"","ast-featured-img":"","footer-sml-layout":"","ast-disable-related-posts":"","theme-transparent-header-meta":"default","adv-header-id-meta":"","stick-header-meta":"","header-above-stick-meta":"","header-main-stick-meta":"","header-below-stick-meta":"","astra-migrate-meta-layouts":"set","ast-page-background-enabled":"default","ast-page-background-meta":{"desktop":{"background-color":"","background-image":"","background-repeat":"repeat","background-position":"center center","background-size":"auto","background-attachment":"scroll","background-type":"","background-media":"","overlay-type":"","overlay-color":"","overlay-opacity":"","overlay-gradient":""},"tablet":{"background-color":"","background-image":"","background-repeat":"repeat","background-position":"center center","background-size":"auto","background-attachment":"scroll","background-type":"","background-media":"","overlay-type":"","overlay-color":"","overlay-opacity":"","overlay-gradient":""},"mobile":{"background-color":"","background-image":"","background-repeat":"repeat","background-position":"center center","background-size":"auto","background-attachment":"scroll","background-type":"","background-media":"","overlay-type":"","overlay-color":"","overlay-opacity":"","overlay-gradient":""}},"ast-content-background-meta":{"desktop":{"background-color":"var(--ast-global-color-5)","background-image":"","background-repeat":"repeat","background-position":"center center","background-size":"auto","background-attachment":"scroll","background-type":"","background-media":"","overlay-type":"","overlay-color":"","overlay-opacity":"","overlay-gradient":""},"tablet":{"background-color":"var(--ast-global-color-5)","background-image":"","background-repeat":"repeat","background-position":"center center","background-size":"auto","background-attachment":"scroll","background-type":"","background-media":"","overlay-type":"","overlay-color":"","overlay-opacity":"","overlay-gradient":""},"mobile":{"background-color":"var(--ast-global-color-5)","background-image":"","background-repeat":"repeat","background-position":"center center","background-size":"auto","background-attachment":"scroll","background-type":"","background-media":"","overlay-type":"","overlay-color":"","overlay-opacity":"","overlay-gradient":""}}},"product_brand":[],"product_cat":[510,424,288],"product_tag":[40,511],"class_list":{"0":"post-13618","1":"product","2":"type-product","3":"status-publish","4":"has-post-thumbnail","6":"product_cat-3-gesichtswasser-toner","7":"product_cat-gesicht","8":"product_cat-medi-peel","9":"product_tag-toner-mist","10":"product_tag-toner","11":"pa_beduerfnisse-anti-aging","12":"pa_beduerfnisse-falten","13":"pa_beduerfnisse-pigmentierung","14":"pa_hauttyp-all","15":"pa_hauttyp-fettige","16":"pa_hauttyp-mischhaut","17":"pa_hauttyp-normal","18":"pa_hauttyp-trockene","19":"desktop-align-left","20":"tablet-align-left","21":"mobile-align-left","23":"first","24":"instock","25":"taxable","26":"shipping-taxable","27":"purchasable","28":"product-type-variable"},"_links":{"self":[{"href":"https:\/\/healthyskinsecrets.ch\/fr\/wp-json\/wp\/v2\/product\/13618","targetHints":{"allow":["GET"]}}],"collection":[{"href":"https:\/\/healthyskinsecrets.ch\/fr\/wp-json\/wp\/v2\/product"}],"about":[{"href":"https:\/\/healthyskinsecrets.ch\/fr\/wp-json\/wp\/v2\/types\/product"}],"replies":[{"embeddable":true,"href":"https:\/\/healthyskinsecrets.ch\/fr\/wp-json\/wp\/v2\/comments?post=13618"}],"wp:featuredmedia":[{"embeddable":true,"href":"https:\/\/healthyskinsecrets.ch\/fr\/wp-json\/wp\/v2\/media\/13650"}],"wp:attachment":[{"href":"https:\/\/healthyskinsecrets.ch\/fr\/wp-json\/wp\/v2\/media?parent=13618"}],"wp:term":[{"taxonomy":"product_brand","embeddable":true,"href":"https:\/\/healthyskinsecrets.ch\/fr\/wp-json\/wp\/v2\/product_brand?post=13618"},{"taxonomy":"product_cat","embeddable":true,"href":"https:\/\/healthyskinsecrets.ch\/fr\/wp-json\/wp\/v2\/product_cat?post=13618"},{"taxonomy":"product_tag","embeddable":true,"href":"https:\/\/healthyskinsecrets.ch\/fr\/wp-json\/wp\/v2\/product_tag?post=13618"}],"curies":[{"name":"wp","href":"https:\/\/api.w.org\/{rel}","templated":true}]}}