{"id":13617,"date":"2023-09-15T10:05:21","date_gmt":"2023-09-15T10:05:21","guid":{"rendered":"https:\/\/healthyskinsecrets.ch\/product\/import-placeholder-for-9248\/"},"modified":"2023-09-15T10:59:10","modified_gmt":"2023-09-15T10:59:10","slug":"medipeel-cell-toxing-dermajours-emulsion-150ml","status":"publish","type":"product","link":"https:\/\/healthyskinsecrets.ch\/fr\/product\/medipeel-cell-toxing-dermajours-emulsion-150ml\/","title":{"rendered":"MediPeel Cell Toxing Dermajours Emulsion 150ml"},"content":{"rendered":"<h3>Anwendung<\/h3>\n<p>nach den Stufen der Reinigung und Tonisierung die optimale Menge an Emulsion auf das Gesicht auftragen, mit den Fingerspitzen sanft verteilen, ohne die Haut zu dehnen.<\/p>\n<h3>Inhaltsstoffe<\/h3>\n<div id=\"ntc-tab-2\" class=\"accordion-content ntc-tab-2\">Purified Water, Dipropylene Glycol, Triethylhexanoin, Glycerin, 1,2-hexanediol, Niacinamide, Caprylic\/capric Triglyceride, Propanediol, Trimethylolpropane Tricaprylate\/tri Caprate, Hydrogenated Polydecene, Butylene Glycol, Glyceres-26, Sorbitan Stearate, Cetearyl Alcohol, Glyceryl Stearate SE, Glyceryl Stearate, Edelweiss Callus Culture Extract, Lumbar Thick Leaf Extract , Fig Extract, Mulberry Fruit Extract, Pomegranate Extract, Bank Extract, Wheat Sprout Extract, Broccoli Extract, Cabbage Extract, Alfalfa Extract, Radish Extract, Rapeseed Extract, Malt Extract, Sodium Hyaluronate, Adenosine, Panthenol, Beta-glucan, Dimethicone, Lecithin, Polysorbate 20, Polysorbate 60, PEG-100 Stearate, Arginine, Carbomer, Xanthan Gum, Disodium EDTA, Ethylhexyl Glycerin, Dipeptidediaminobutyroylbenzyl Amide Diacetate, Palmitoyl Tripeptide-5, Copper Tripeptide-1, Tripeptide-1, Palmitoylpentapeptide-4, Nonapeptide-1, Acetyloctapeptide-3, Acetylhexapeptide-8, Hexapeptide-9 , Palmitoyl Tetrapeptide-7, Palmitoyl Tripeptide-1, Fragrance, Butylphenylmethylpropional, Linalul, Hydroxycitronelal, Limonene<\/div>\n<div><\/div>\n<h3>Warnhinweise<\/h3>\n<ol>\n<li>Nur zur \u00e4u\u00dferlichen Anwendung geeignet.<\/li>\n<li>Nicht auf verletzte Haut oder auf Wunden auftragen.<\/li>\n<li>Sollten Nebenwirkungen wie Irritationen oder Ausschlag eintreten, Anwendung sofort beenden und unverz\u00fcglich an einen Arzt wenden.<\/li>\n<li>Kontakt mit den Augen vermeiden. Sollte das Produkt ins Auge gelangen, das Auge sofort gr\u00fcndlich mit klarem Wasser aussp\u00fclen.<\/li>\n<li>Au\u00dfer Reichweite von Kindern aufbewahren.<\/li>\n<li>Nicht schlucken. Bei Verschlucken Arzt oder Giftzentrale aufsuchen.<\/li>\n<\/ol>\n","protected":false},"excerpt":{"rendered":"<p>Die Anti-Aging-Emulsion mit Stammzellen hat eine intensive regenerierende und Anti-Aging-Wirkung. Das Produkt wirkt komplex auf die Haut, gl\u00e4ttet das Mikrorelief, verhindert das Auftreten von Falten, st\u00e4rkt den Rahmen der Epidermis, hellt unerw\u00fcnschte Pigmentierung.<\/p>\n<p>Die Emulsion zielt darauf ab, die Haut schnell und effektiv zu verj\u00fcngen und Alterungsprozesse zu verlangsamen. Das Tool identifiziert und beseitigt m\u00f6gliche Ursachen f\u00fcr altersbedingte Ver\u00e4nderungen und bietet eine multilaterale Erholung:<\/p>\n<p>Dringt in die tiefen Schichten der Epidermis ein, s\u00e4ttigt die Zellen mit Feuchtigkeit und tr\u00e4gt zu ihrer Aufbewahrung bei. Beseitigt Dehydration, beh\u00e4lt ein optimales Feuchtigkeitsniveau bei, bek\u00e4mpft Enge und Trockenheit.<\/p>\n<p>St\u00e4rkt die Struktur der Epidermis, macht die Haut dichter und straffer. Reduziert die Tiefe von Falten und Hautfalten, strafft und gl\u00e4ttet das Relief des Gesichts.<\/p>\n<p>Gl\u00e4ttet den Hautton, hellt Hyperpigmentierung, verhindert das Auftreten neuer Pigmentflecken. Gibt der Haut einen gleichm\u00e4\u00dfigen, gesunden Glanz, beseitigt Stumpf.<\/p>\n<p>Tief n\u00e4hrt und s\u00e4ttigt Zellen mit n\u00fctzlichen Substanzen und Spurenelementen, unterst\u00fctzt Stoffwechselprozesse.<\/p>\n<p>Die Emulsion hat einen starken Lifting-Effekt, k\u00e4mpft aktiv gegen tiefe Mimikfalten, erh\u00f6ht die Dichte, Elastizit\u00e4t und Elastizit\u00e4t der Haut. Enth\u00e4lt mehrere hochwirksame Komponenten, die helle Anti-Age-Eigenschaften haben.<\/p>\n<p>Ein einzigartiger Komplex von 9 Peptiden stellt das Gewebe der Epidermis auf zellul\u00e4rer Ebene wieder her, verhindert die Zerst\u00f6rung von Zellen, hemmt oxidative Prozesse.<\/p>\n","protected":false},"featured_media":13648,"comment_status":"open","ping_status":"closed","template":"","meta":{"content-type":"","site-sidebar-layout":"default","site-content-layout":"default","ast-site-content-layout":"default","site-content-style":"default","site-sidebar-style":"default","ast-global-header-display":"","ast-banner-title-visibility":"","ast-main-header-display":"","ast-hfb-above-header-display":"","ast-hfb-below-header-display":"","ast-hfb-mobile-header-display":"","site-post-title":"","ast-breadcrumbs-content":"","ast-featured-img":"","footer-sml-layout":"","ast-disable-related-posts":"","theme-transparent-header-meta":"default","adv-header-id-meta":"","stick-header-meta":"","header-above-stick-meta":"","header-main-stick-meta":"","header-below-stick-meta":"","astra-migrate-meta-layouts":"set","ast-page-background-enabled":"default","ast-page-background-meta":{"desktop":{"background-color":"","background-image":"","background-repeat":"repeat","background-position":"center center","background-size":"auto","background-attachment":"scroll","background-type":"","background-media":"","overlay-type":"","overlay-color":"","overlay-opacity":"","overlay-gradient":""},"tablet":{"background-color":"","background-image":"","background-repeat":"repeat","background-position":"center center","background-size":"auto","background-attachment":"scroll","background-type":"","background-media":"","overlay-type":"","overlay-color":"","overlay-opacity":"","overlay-gradient":""},"mobile":{"background-color":"","background-image":"","background-repeat":"repeat","background-position":"center center","background-size":"auto","background-attachment":"scroll","background-type":"","background-media":"","overlay-type":"","overlay-color":"","overlay-opacity":"","overlay-gradient":""}},"ast-content-background-meta":{"desktop":{"background-color":"var(--ast-global-color-5)","background-image":"","background-repeat":"repeat","background-position":"center center","background-size":"auto","background-attachment":"scroll","background-type":"","background-media":"","overlay-type":"","overlay-color":"","overlay-opacity":"","overlay-gradient":""},"tablet":{"background-color":"var(--ast-global-color-5)","background-image":"","background-repeat":"repeat","background-position":"center center","background-size":"auto","background-attachment":"scroll","background-type":"","background-media":"","overlay-type":"","overlay-color":"","overlay-opacity":"","overlay-gradient":""},"mobile":{"background-color":"var(--ast-global-color-5)","background-image":"","background-repeat":"repeat","background-position":"center center","background-size":"auto","background-attachment":"scroll","background-type":"","background-media":"","overlay-type":"","overlay-color":"","overlay-opacity":"","overlay-gradient":""}}},"product_brand":[],"product_cat":[520,424,288],"product_tag":[45],"class_list":{"0":"post-13617","1":"product","2":"type-product","3":"status-publish","4":"has-post-thumbnail","6":"product_cat-8-koreanische-gesichtscreme","7":"product_cat-gesicht","8":"product_cat-medi-peel","9":"product_tag-moisturizer","10":"pa_beduerfnisse-anti-aging","11":"pa_beduerfnisse-falten","12":"pa_beduerfnisse-pigmentierung","13":"pa_hauttyp-all","14":"pa_hauttyp-fettige","15":"pa_hauttyp-mischhaut","16":"pa_hauttyp-normal","17":"pa_hauttyp-trockene","18":"desktop-align-left","19":"tablet-align-left","20":"mobile-align-left","22":"first","23":"instock","24":"taxable","25":"shipping-taxable","26":"purchasable","27":"product-type-variable"},"_links":{"self":[{"href":"https:\/\/healthyskinsecrets.ch\/fr\/wp-json\/wp\/v2\/product\/13617","targetHints":{"allow":["GET"]}}],"collection":[{"href":"https:\/\/healthyskinsecrets.ch\/fr\/wp-json\/wp\/v2\/product"}],"about":[{"href":"https:\/\/healthyskinsecrets.ch\/fr\/wp-json\/wp\/v2\/types\/product"}],"replies":[{"embeddable":true,"href":"https:\/\/healthyskinsecrets.ch\/fr\/wp-json\/wp\/v2\/comments?post=13617"}],"wp:featuredmedia":[{"embeddable":true,"href":"https:\/\/healthyskinsecrets.ch\/fr\/wp-json\/wp\/v2\/media\/13648"}],"wp:attachment":[{"href":"https:\/\/healthyskinsecrets.ch\/fr\/wp-json\/wp\/v2\/media?parent=13617"}],"wp:term":[{"taxonomy":"product_brand","embeddable":true,"href":"https:\/\/healthyskinsecrets.ch\/fr\/wp-json\/wp\/v2\/product_brand?post=13617"},{"taxonomy":"product_cat","embeddable":true,"href":"https:\/\/healthyskinsecrets.ch\/fr\/wp-json\/wp\/v2\/product_cat?post=13617"},{"taxonomy":"product_tag","embeddable":true,"href":"https:\/\/healthyskinsecrets.ch\/fr\/wp-json\/wp\/v2\/product_tag?post=13617"}],"curies":[{"name":"wp","href":"https:\/\/api.w.org\/{rel}","templated":true}]}}