{"id":13438,"date":"2023-06-13T21:34:01","date_gmt":"2023-06-13T21:34:01","guid":{"rendered":"https:\/\/healthyskinsecrets.ch\/product\/import-placeholder-for-21041\/"},"modified":"2024-09-15T15:58:35","modified_gmt":"2024-09-15T15:58:35","slug":"missha-m-perfect-covering-bb-cream-no-27-honey-beige","status":"publish","type":"product","link":"https:\/\/healthyskinsecrets.ch\/fr\/product\/missha-m-perfect-covering-bb-cream-no-27-honey-beige\/","title":{"rendered":"Missha M Perfect Covering BB Cream No.27 Honey Beige"},"content":{"rendered":"<h3>Anwendung<\/h3>\n<ol>\n<li>Tragen Sie eine gew\u00fcnschte Menge der BB Cream mit den Fingern, einem Foundation-Pinsel oder einem Schwamm auf das Gesicht (und eventuell auf den Hals) auf.<\/li>\n<\/ol>\n<h3>Hauptinhaltsstoffe<\/h3>\n<div class=\"multiline-ellipsis-component\"><strong><em>Missha M Perfect Cover BB Cream SPF42 PA++ nr.27:<\/em><\/strong><\/div>\n<p>Wasser (Aqua), Cyclomethicone, Ethylhexylmethoxycinnamat, Zinkoxid, Titandioxid, Capryl-\/Caprintriglycerid, Cetylstift\/ppg-10-1 Dimethicone, Arbutin-Mineral\u00f6l, Eisenoxide (gelb), Talk, Phenyltrimethicone, Natriumchlorid, Bienenwachs-Eisenoxide (rot), Eisenoxide (schwarz), Methylparaben, Duftstoffe, Dimethicone, Propylparaben, Rosa-rubiginosa-Samen\u00f6l, Simmondsia chinensis (Jojobasamen\u00f6l), Squalen, hydrolysiertes Kollagen, Micadamia ternifolia (Samen\u00f6l), Dinatrium EDTA, Adenosin, Glycerin, Propylenglycol, Kaviarextrakt, Algenextrakt, Rosmarinus officinalis (Rosmarinblattextrakt), Chamomilla recutita (Kamillenbl\u00fctenextrakt), Natriumhyaluronat, Fagus sylvatica Knospenextrakt, Ceramid-3, Dimethiconcopolyol, Polyethylen, Hydroxyisohexyl-3-Cyclohexancarboxaldehyd, Butylphenylmethylpropional, Benzylsalicylat, Hydroxycitronellal, Alpha-Isomethyllonon, Hexylcinnamal, Linalool, Citronellol<\/p>\n<h3>Warnhinweise<\/h3>\n<ol>\n<li>Nur zur \u00e4u\u00dferlichen Anwendung geeignet.<\/li>\n<li>Nicht auf verletzte Haut oder auf Wunden auftragen.<\/li>\n<li>Sollten Nebenwirkungen wie Irritationen oder Ausschlag eintreten, Anwendung sofort beenden und unverz\u00fcglich an einen Arzt wenden.<\/li>\n<li>Kontakt mit den Augen vermeiden. Sollte das Produkt ins Auge gelangen, das Auge sofort gr\u00fcndlich mit klarem Wasser aussp\u00fclen.<\/li>\n<li>Au\u00dfer Reichweite von Kindern aufbewahren.<\/li>\n<li>Nicht schlucken. Bei Verschlucken Arzt oder Giftzentrale aufsuchen.<\/li>\n<\/ol>\n","protected":false},"excerpt":{"rendered":"<p><strong>Missha<\/strong> M Perfect Cover BB Cream ist eines der beliebtesten Produkte der koreanischen Marke und wurde weltweit bisher \u00fcber 30 Millionen Mal verkauft. Diese BB Cream vereint die Kraft der Kosmetik mit den Vorteilen der Hautpflege. Sie weist eine hohe Deckkraft mit einem leuchtenden Finish auf. Geeignet f\u00fcr alle Hauttypen und erh\u00e4ltlich in 6 verschiedenen T\u00f6nen.<\/p>\n<p>Verf\u00fcgbarkeit:\u00a0#21 Light Beige, #23 Natural Beige, #25 Natural Beige, #27 Honey Beige, #29 Caramel Beige \u03ba\u03b1\u03b9 #31 Golden Beige.<\/p>\n","protected":false},"featured_media":13445,"comment_status":"open","ping_status":"closed","template":"","meta":{"content-type":"","site-sidebar-layout":"default","site-content-layout":"default","ast-site-content-layout":"default","site-content-style":"default","site-sidebar-style":"default","ast-global-header-display":"","ast-banner-title-visibility":"","ast-main-header-display":"","ast-hfb-above-header-display":"","ast-hfb-below-header-display":"","ast-hfb-mobile-header-display":"","site-post-title":"","ast-breadcrumbs-content":"","ast-featured-img":"","footer-sml-layout":"","ast-disable-related-posts":"","theme-transparent-header-meta":"default","adv-header-id-meta":"","stick-header-meta":"","header-above-stick-meta":"","header-main-stick-meta":"","header-below-stick-meta":"","astra-migrate-meta-layouts":"set","ast-page-background-enabled":"default","ast-page-background-meta":{"desktop":{"background-color":"","background-image":"","background-repeat":"repeat","background-position":"center center","background-size":"auto","background-attachment":"scroll","background-type":"","background-media":"","overlay-type":"","overlay-color":"","overlay-opacity":"","overlay-gradient":""},"tablet":{"background-color":"","background-image":"","background-repeat":"repeat","background-position":"center center","background-size":"auto","background-attachment":"scroll","background-type":"","background-media":"","overlay-type":"","overlay-color":"","overlay-opacity":"","overlay-gradient":""},"mobile":{"background-color":"","background-image":"","background-repeat":"repeat","background-position":"center center","background-size":"auto","background-attachment":"scroll","background-type":"","background-media":"","overlay-type":"","overlay-color":"","overlay-opacity":"","overlay-gradient":""}},"ast-content-background-meta":{"desktop":{"background-color":"var(--ast-global-color-5)","background-image":"","background-repeat":"repeat","background-position":"center center","background-size":"auto","background-attachment":"scroll","background-type":"","background-media":"","overlay-type":"","overlay-color":"","overlay-opacity":"","overlay-gradient":""},"tablet":{"background-color":"var(--ast-global-color-5)","background-image":"","background-repeat":"repeat","background-position":"center center","background-size":"auto","background-attachment":"scroll","background-type":"","background-media":"","overlay-type":"","overlay-color":"","overlay-opacity":"","overlay-gradient":""},"mobile":{"background-color":"var(--ast-global-color-5)","background-image":"","background-repeat":"repeat","background-position":"center center","background-size":"auto","background-attachment":"scroll","background-type":"","background-media":"","overlay-type":"","overlay-color":"","overlay-opacity":"","overlay-gradient":""}}},"product_brand":[],"product_cat":[521,504,424,291],"product_tag":[430],"class_list":{"0":"post-13438","1":"product","2":"type-product","3":"status-publish","4":"has-post-thumbnail","6":"product_cat-10-gesichtssonnencreme","7":"product_cat-cpnp","8":"product_cat-gesicht","9":"product_cat-missha","10":"product_tag-sonnenschutz","11":"pa_farbe-no-27-honey-beige","12":"pa_hauttyp-all","13":"pa_hauttyp-empfindliche-haut","14":"pa_hauttyp-fettige","15":"pa_hauttyp-mischhaut","16":"pa_hauttyp-normal","17":"pa_hauttyp-trockene","18":"desktop-align-left","19":"tablet-align-left","20":"mobile-align-left","22":"first","23":"instock","24":"taxable","25":"shipping-taxable","26":"purchasable","27":"product-type-variable"},"_links":{"self":[{"href":"https:\/\/healthyskinsecrets.ch\/fr\/wp-json\/wp\/v2\/product\/13438","targetHints":{"allow":["GET"]}}],"collection":[{"href":"https:\/\/healthyskinsecrets.ch\/fr\/wp-json\/wp\/v2\/product"}],"about":[{"href":"https:\/\/healthyskinsecrets.ch\/fr\/wp-json\/wp\/v2\/types\/product"}],"replies":[{"embeddable":true,"href":"https:\/\/healthyskinsecrets.ch\/fr\/wp-json\/wp\/v2\/comments?post=13438"}],"wp:featuredmedia":[{"embeddable":true,"href":"https:\/\/healthyskinsecrets.ch\/fr\/wp-json\/wp\/v2\/media\/13445"}],"wp:attachment":[{"href":"https:\/\/healthyskinsecrets.ch\/fr\/wp-json\/wp\/v2\/media?parent=13438"}],"wp:term":[{"taxonomy":"product_brand","embeddable":true,"href":"https:\/\/healthyskinsecrets.ch\/fr\/wp-json\/wp\/v2\/product_brand?post=13438"},{"taxonomy":"product_cat","embeddable":true,"href":"https:\/\/healthyskinsecrets.ch\/fr\/wp-json\/wp\/v2\/product_cat?post=13438"},{"taxonomy":"product_tag","embeddable":true,"href":"https:\/\/healthyskinsecrets.ch\/fr\/wp-json\/wp\/v2\/product_tag?post=13438"}],"curies":[{"name":"wp","href":"https:\/\/api.w.org\/{rel}","templated":true}]}}