{"id":13183,"date":"2023-03-15T18:51:36","date_gmt":"2023-03-15T18:51:36","guid":{"rendered":"https:\/\/healthyskinsecrets.ch\/product\/import-placeholder-for-11925\/"},"modified":"2026-02-24T13:00:23","modified_gmt":"2026-02-24T13:00:23","slug":"laneige-lip-sleeping-mask-ex-grapefruit-20g","status":"publish","type":"product","link":"https:\/\/healthyskinsecrets.ch\/fr\/product\/laneige-lip-sleeping-mask-ex-grapefruit-20g\/","title":{"rendered":"LANEIGE - Lip Sleeping Mask EX Grape Fruit 20g"},"content":{"rendered":"<h3>Anwendung<\/h3>\n<p><strong>Schritt 1<\/strong><br \/>\nVor dem Schlafengehen eine gro\u00dfz\u00fcgige Menge mit dem Spatel auftragen.<br \/>\n\u203b Wirkung: Schmilzt hartn\u00e4ckige abgestorbene Hautzellen und versorgt die Haut w\u00e4hrend der Nacht mit reichlich Feuchtigkeit.<br \/>\n<strong>Schritt 2<\/strong><br \/>\nAm n\u00e4chsten Morgen wischen Sie die Haut sanft mit einem Taschentuch oder einem Wattepad sauber.<br \/>\n\u203b Wirkung: Macht die Lippen glatt und elastisch, indem abgestorbene Hautzellen entfernt werden.<\/p>\n<h3>Hauptinhaltsstoffe<\/h3>\n<p>Diisostearyl Malate, Hydrogenated Polyisobutene, Phytosteryl\/Isostearyl\/Cetyl\/Stearyl\/Behenyl Dimer Dilinoleate, Polybutene, Hydrogenated C6-14 Olefin Polymers, Microcrystalline Wax, Shea Butter, Synthetic Wax, Ethylene\/Propylene\/Styrene Copolymer, Sucrose Tetrastearate Triacetate, Mica, Euphorbia Cerifera (Candelilla) Wax, Candelilla Wax Esters, Astrocaryum Murumuru Seed Butter, Limonene, Glyceryl Caprylate, Titanium Dioxide (CI 77891), Polyglyceryl-2 Diisostearate, Butylene\/Ethylene\/Styrene Copolymer, Copernicia Cerifera (Carnauba) Wax, Fragrance, Methicone, Polyglyceryl-2 Triisostearate, Sunset Yellow FCF, Cocos Nucifera (Coconut) Oil, Citral, Lithol Rubine B, Pentaerythrityl Tetra-di-t-butyl Hydroxyhydrocinnamate, Linalool, Ascorbic Acid, Benzyl Benzoate, Purified Water, Glycerin, Propanediol, BHT, Punica Granatum Fruit Juice, Rubus Idaeus (Raspberry) Juice, Vitis Vinifera (Grape) Juice<\/p>\n<h3>Warnhinweise<\/h3>\n<ol>\n<li>Nur zur \u00e4u\u00dferlichen Anwendung geeignet.<\/li>\n<li>Nicht auf verletzte Haut oder auf Wunden auftragen.<\/li>\n<li>Sollten Nebenwirkungen wie Irritationen oder Ausschlag eintreten, Anwendung sofort beenden und unverz\u00fcglich an einen Arzt wenden.<\/li>\n<li>Kontakt mit den Augen vermeiden. Sollte das Produkt ins Auge gelangen, das Auge sofort gr\u00fcndlich mit klarem Wasser aussp\u00fclen.<\/li>\n<li>Au\u00dfer Reichweite von Kindern aufbewahren.<\/li>\n<li>Nicht schlucken. Bei Verschlucken Arzt oder Giftzentrale aufsuchen.<\/li>\n<\/ol>\n","protected":false},"excerpt":{"rendered":"<p>Der s\u00fc\u00df-saure Grapefruit-Zitrus-Duft f\u00f6rdert einen guten Schlaf und die Lippenmaske macht die Lippen glatt und elastisch, indem sie \u00fcber Nacht abgestorbene Hautzellen von den Lippen schmilzt.<\/p>\n","protected":false},"featured_media":13224,"comment_status":"open","ping_status":"closed","template":"","meta":{"content-type":"","site-sidebar-layout":"default","site-content-layout":"default","ast-site-content-layout":"default","site-content-style":"default","site-sidebar-style":"default","ast-global-header-display":"","ast-banner-title-visibility":"","ast-main-header-display":"","ast-hfb-above-header-display":"","ast-hfb-below-header-display":"","ast-hfb-mobile-header-display":"","site-post-title":"","ast-breadcrumbs-content":"","ast-featured-img":"","footer-sml-layout":"","ast-disable-related-posts":"","theme-transparent-header-meta":"default","adv-header-id-meta":"","stick-header-meta":"","header-above-stick-meta":"","header-main-stick-meta":"","header-below-stick-meta":"","astra-migrate-meta-layouts":"set","ast-page-background-enabled":"default","ast-page-background-meta":{"desktop":{"background-color":"","background-image":"","background-repeat":"repeat","background-position":"center center","background-size":"auto","background-attachment":"scroll","background-type":"","background-media":"","overlay-type":"","overlay-color":"","overlay-opacity":"","overlay-gradient":""},"tablet":{"background-color":"","background-image":"","background-repeat":"repeat","background-position":"center center","background-size":"auto","background-attachment":"scroll","background-type":"","background-media":"","overlay-type":"","overlay-color":"","overlay-opacity":"","overlay-gradient":""},"mobile":{"background-color":"","background-image":"","background-repeat":"repeat","background-position":"center center","background-size":"auto","background-attachment":"scroll","background-type":"","background-media":"","overlay-type":"","overlay-color":"","overlay-opacity":"","overlay-gradient":""}},"ast-content-background-meta":{"desktop":{"background-color":"var(--ast-global-color-5)","background-image":"","background-repeat":"repeat","background-position":"center center","background-size":"auto","background-attachment":"scroll","background-type":"","background-media":"","overlay-type":"","overlay-color":"","overlay-opacity":"","overlay-gradient":""},"tablet":{"background-color":"var(--ast-global-color-5)","background-image":"","background-repeat":"repeat","background-position":"center center","background-size":"auto","background-attachment":"scroll","background-type":"","background-media":"","overlay-type":"","overlay-color":"","overlay-opacity":"","overlay-gradient":""},"mobile":{"background-color":"var(--ast-global-color-5)","background-image":"","background-repeat":"repeat","background-position":"center center","background-size":"auto","background-attachment":"scroll","background-type":"","background-media":"","overlay-type":"","overlay-color":"","overlay-opacity":"","overlay-gradient":""}}},"product_brand":[],"product_cat":[524,532,504,424,282,547,545],"product_tag":[439],"class_list":{"0":"post-13183","1":"product","2":"type-product","3":"status-publish","4":"has-post-thumbnail","6":"product_cat-4-beautymasken","7":"product_cat-9-nachtcreme","8":"product_cat-cpnp","9":"product_cat-gesicht","10":"product_cat-laneige","11":"product_cat-lip-care","12":"product_cat-pimple-patch","13":"product_tag-schlafmaske","14":"pa_beduerfnisse-beschaedigt","15":"pa_beduerfnisse-hautunreinheit","16":"pa_hauttyp-all","17":"pa_hauttyp-fettige","18":"pa_hauttyp-mischhaut","19":"pa_hauttyp-normal","20":"pa_hauttyp-trockene","21":"desktop-align-left","22":"tablet-align-left","23":"mobile-align-left","25":"first","26":"outofstock","27":"taxable","28":"shipping-taxable","29":"purchasable","30":"product-type-variable"},"_links":{"self":[{"href":"https:\/\/healthyskinsecrets.ch\/fr\/wp-json\/wp\/v2\/product\/13183","targetHints":{"allow":["GET"]}}],"collection":[{"href":"https:\/\/healthyskinsecrets.ch\/fr\/wp-json\/wp\/v2\/product"}],"about":[{"href":"https:\/\/healthyskinsecrets.ch\/fr\/wp-json\/wp\/v2\/types\/product"}],"replies":[{"embeddable":true,"href":"https:\/\/healthyskinsecrets.ch\/fr\/wp-json\/wp\/v2\/comments?post=13183"}],"wp:featuredmedia":[{"embeddable":true,"href":"https:\/\/healthyskinsecrets.ch\/fr\/wp-json\/wp\/v2\/media\/13224"}],"wp:attachment":[{"href":"https:\/\/healthyskinsecrets.ch\/fr\/wp-json\/wp\/v2\/media?parent=13183"}],"wp:term":[{"taxonomy":"product_brand","embeddable":true,"href":"https:\/\/healthyskinsecrets.ch\/fr\/wp-json\/wp\/v2\/product_brand?post=13183"},{"taxonomy":"product_cat","embeddable":true,"href":"https:\/\/healthyskinsecrets.ch\/fr\/wp-json\/wp\/v2\/product_cat?post=13183"},{"taxonomy":"product_tag","embeddable":true,"href":"https:\/\/healthyskinsecrets.ch\/fr\/wp-json\/wp\/v2\/product_tag?post=13183"}],"curies":[{"name":"wp","href":"https:\/\/api.w.org\/{rel}","templated":true}]}}