{"id":13173,"date":"2023-03-15T18:51:35","date_gmt":"2023-03-15T18:51:35","guid":{"rendered":"https:\/\/healthyskinsecrets.ch\/product\/import-placeholder-for-4130\/"},"modified":"2026-03-30T12:19:59","modified_gmt":"2026-03-30T12:19:59","slug":"laneige-lip-sleeping-mask-ex-berry-20gr","status":"publish","type":"product","link":"https:\/\/healthyskinsecrets.ch\/fr\/product\/laneige-lip-sleeping-mask-ex-berry-20gr\/","title":{"rendered":"Laneige Lip Sleeping Mask EX (Berry) 20gr"},"content":{"rendered":"<h3>Anwendung<\/h3>\n<ol>\n<li>Abends vor dem Schlafengehen mit dem beigef\u00fcgten Spatel eine gro\u00dfz\u00fcgige Schicht auf die Lippen auftragen.<\/li>\n<li>Die Lippen am n\u00e4chsten Morgen mit einem Tuch sauber wischen, um alle abgestorbenen Hautzellen zu entfernen.<\/li>\n<li>Kombinieren Sie das Produkt mit Laneige <a href=\"https:\/\/vanesis.ch\/product\/laneige-lip-glowy-balm-berry\/\">Lip Glowy Balm<\/a>, um verbesserte Ergebnisse zu erzielen.<\/li>\n<\/ol>\n<h3>Inhaltsstoffe<\/h3>\n<p><span class=\"\" role=\"listitem\">Diisostearyl Malate,\u00a0<\/span><span class=\"\" role=\"listitem\">Hydrogenated Polyisobutene,\u00a0<\/span><span class=\"\" role=\"listitem\">Phytosteryl\/\u200bIsostearyl\/\u200bCetyl\/\u200bStearyl\/\u200bBehenyl Dimer Dilinoleate,\u00a0<\/span><span class=\"\" role=\"listitem\">Hydrogenated Poly(C6-14 Olefin),\u00a0<\/span><span class=\"\" role=\"listitem\">Polybutene,\u00a0<\/span><span class=\"\" role=\"listitem\">Microcrystalline Wax \/\u200b Cera Microcristallina\/\u200bCire Microcristalline,\u00a0<\/span><span class=\"\" role=\"listitem\">Butyrospermum Parkii (Shea) Butter,\u00a0<\/span><span class=\"\" role=\"listitem\">Synthetic Wax,\u00a0<\/span><span class=\"\" role=\"listitem\">Ethylene\/\u200bPropylene\/\u200bStyrene Copolymer,\u00a0<span class=\"showmore-mobile\" role=\"listitem\">Sucrose Tetrastearate Triacetate,\u00a0<\/span><span class=\"showmore-mobile\" role=\"listitem\">Mica,\u00a0<\/span><span class=\"showmore-mobile\" role=\"listitem\">Butylene\/\u200bEthylene\/\u200bStyrene Copolymer,\u00a0<\/span><span class=\"showmore-mobile\" role=\"listitem\">Euphorbia Cerifera (Candelilla) Wax\/\u200bCandelilla Cera Hydrocarbons\/\u200bCire De Candelilla,<\/span><span class=\"showmore-mobile\" role=\"listitem\">Candelilla Wax Esters,\u00a0<\/span><span class=\"showmore-mobile\" role=\"listitem\">Astrocaryum Murumuru Seed Butter,\u00a0<\/span><span class=\"showmore-mobile\" role=\"listitem\">Titanium Dioxide (Ci 77891),\u00a0<\/span><span class=\"showmore-mobile\" role=\"listitem\">Fragrance\/\u200bParfum,\u00a0<\/span><span class=\"showmore-mobile\" role=\"listitem\">Dimethicone,\u00a0<\/span><span class=\"showmore-mobile\" role=\"listitem\">Polyglyceryl-2 Diisostearate,\u00a0<\/span><span class=\"showmore-mobile\" role=\"listitem\">Dehydroacetic Acid,\u00a0<\/span><span class=\"showmore-mobile\" role=\"listitem\">Copernicia Cerifera (Carnauba) Wax\/\u200bCopernicia Cerifera Cera\/\u200bCire De Carnauba,\u00a0<\/span><span class=\"showmore-mobile\" role=\"listitem\">Methicone,\u00a0<\/span><span class=\"showmore-mobile\" role=\"listitem\">Polyglyceryl-2 Triisostearate,\u00a0<\/span><span class=\"showmore-mobile\" role=\"listitem\">Yellow 6 Lake (Ci 15985),\u00a0<\/span><span class=\"showmore-mobile\" role=\"listitem\">Red 6(Ci 15850),\u00a0<\/span><span class=\"showmore-mobile\" role=\"listitem\">Polyhydroxystearic Acid,\u00a0<\/span><span class=\"showmore-mobile\" role=\"listitem\">Water\/\u200bAqua\/\u200bEau,\u00a0<\/span><span class=\"showmore-mobile\" role=\"listitem\">Potassium Alginate,<\/span><span class=\"showmore-mobile\" role=\"listitem\">Propanediol,\u00a0<\/span><span class=\"showmore-mobile\" role=\"listitem\">Glycerin,\u00a0<\/span><span class=\"showmore-mobile\" role=\"listitem\">BHT,\u00a0<\/span><span class=\"showmore-mobile\" role=\"listitem\">Alcohol,\u00a0<\/span><span class=\"showmore-mobile\" role=\"listitem\">Phenoxyethanol,\u00a0<\/span><span class=\"showmore-mobile\" role=\"listitem\">1,2-Hexanediol,\u00a0<\/span><span class=\"showmore-mobile\" role=\"listitem\">Chenopodium Quinoa Seed Extract,\u00a0<\/span><span class=\"showmore-mobile\" role=\"listitem\">Rubus Chamaemorus Seed Extract,\u00a0<\/span><span class=\"showmore-mobile\" role=\"listitem\">Fragaria Chiloensis (Strawberry) Fruit Extract,\u00a0<\/span><span class=\"showmore-mobile\" role=\"listitem\">Vaccinium Macrocarpon (Cranberry) Fruit Extract,\u00a0<\/span><span class=\"showmore-mobile\" role=\"listitem\">Sapindus Mukorossi Fruit Extract,\u00a0<\/span><span class=\"showmore-mobile\" role=\"listitem\">Coffea Arabica (Coffee) Seed Extract,\u00a0<\/span><span class=\"showmore-mobile\" role=\"listitem\">Vaccinium Angustifolium (Blueberry) Fruit Extract,\u00a0<\/span><span class=\"showmore-mobile\" role=\"listitem\">Rubus Idaeus((Raspberry Fruit Extract,\u00a0<\/span><span class=\"showmore-mobile\" role=\"listitem\">Lycium Chinense Fruit Extract,\u00a0<\/span><span class=\"showmore-mobile\" role=\"listitem\">Magnesium Sulfate,\u00a0<\/span><span class=\"showmore-mobile\" role=\"listitem\">Calcium Chloride,\u00a0<\/span><span class=\"showmore-mobile\" role=\"listitem\">Sodium Hyaluronate,\u00a0<\/span><span class=\"showmore-mobile\" role=\"listitem\">Beta-Glucan,\u00a0<\/span><span class=\"showmore-mobile\" role=\"listitem\">Manganese Sulfate,\u00a0<\/span><span class=\"showmore-mobile\" role=\"listitem\">Ethylhexylglycerin,\u00a0<\/span><span class=\"showmore-mobile\" role=\"listitem\">Zinc Sulfate,\u00a0<\/span><span class=\"showmore-mobile\" role=\"listitem\">Disodium EDTA,\u00a0<\/span><span class=\"showmore-mobile\" role=\"listitem\">Ascorbyl Glucoside<\/span><\/span><\/p>\n<h3>Warnhinweise<\/h3>\n<ol>\n<li>Nur zur \u00e4u\u00dferlichen Anwendung geeignet.<\/li>\n<li>Nicht auf verletzte Haut oder auf Wunden auftragen.<\/li>\n<li>Sollten Nebenwirkungen wie Irritationen oder Ausschlag eintreten, Anwendung sofort beenden und unverz\u00fcglich an einen Arzt wenden.<\/li>\n<li>Kontakt mit den Augen vermeiden. Sollte das Produkt ins Auge gelangen, das Auge sofort gr\u00fcndlich mit klarem Wasser aussp\u00fclen.<\/li>\n<li>Au\u00dfer Reichweite von Kindern aufbewahren.<\/li>\n<li>Nicht schlucken. Bei Verschlucken Arzt oder Giftzentrale aufsuchen<\/li>\n<\/ol>\n","protected":false},"excerpt":{"rendered":"<p><strong>Laneige<\/strong> Lip Sleeping Mask entfernt abgestorbene Hautzellen auf sanfte Weise und repariert trockene, rissige Lippen \u00fcber Nacht. Das Ergebnis am n\u00e4chsten Morgen sind weiche, glatte Lippen zum K\u00fcssen.<\/p>\n<p>Kombinieren Sie das Produkt mit Laneige <a href=\"https:\/\/vanesis.ch\/product\/laneige-lip-glowy-balm-berry\/\">Lip Glowy Balm<\/a>, um verbesserte Ergebnisse zu erzielen.<\/p>\n","protected":false},"featured_media":13199,"comment_status":"open","ping_status":"closed","template":"","meta":{"content-type":"","site-sidebar-layout":"default","site-content-layout":"default","ast-site-content-layout":"default","site-content-style":"default","site-sidebar-style":"default","ast-global-header-display":"","ast-banner-title-visibility":"","ast-main-header-display":"","ast-hfb-above-header-display":"","ast-hfb-below-header-display":"","ast-hfb-mobile-header-display":"","site-post-title":"","ast-breadcrumbs-content":"","ast-featured-img":"","footer-sml-layout":"","ast-disable-related-posts":"","theme-transparent-header-meta":"default","adv-header-id-meta":"","stick-header-meta":"","header-above-stick-meta":"","header-main-stick-meta":"","header-below-stick-meta":"","astra-migrate-meta-layouts":"set","ast-page-background-enabled":"default","ast-page-background-meta":{"desktop":{"background-color":"","background-image":"","background-repeat":"repeat","background-position":"center center","background-size":"auto","background-attachment":"scroll","background-type":"","background-media":"","overlay-type":"","overlay-color":"","overlay-opacity":"","overlay-gradient":""},"tablet":{"background-color":"","background-image":"","background-repeat":"repeat","background-position":"center center","background-size":"auto","background-attachment":"scroll","background-type":"","background-media":"","overlay-type":"","overlay-color":"","overlay-opacity":"","overlay-gradient":""},"mobile":{"background-color":"","background-image":"","background-repeat":"repeat","background-position":"center center","background-size":"auto","background-attachment":"scroll","background-type":"","background-media":"","overlay-type":"","overlay-color":"","overlay-opacity":"","overlay-gradient":""}},"ast-content-background-meta":{"desktop":{"background-color":"var(--ast-global-color-5)","background-image":"","background-repeat":"repeat","background-position":"center center","background-size":"auto","background-attachment":"scroll","background-type":"","background-media":"","overlay-type":"","overlay-color":"","overlay-opacity":"","overlay-gradient":""},"tablet":{"background-color":"var(--ast-global-color-5)","background-image":"","background-repeat":"repeat","background-position":"center center","background-size":"auto","background-attachment":"scroll","background-type":"","background-media":"","overlay-type":"","overlay-color":"","overlay-opacity":"","overlay-gradient":""},"mobile":{"background-color":"var(--ast-global-color-5)","background-image":"","background-repeat":"repeat","background-position":"center center","background-size":"auto","background-attachment":"scroll","background-type":"","background-media":"","overlay-type":"","overlay-color":"","overlay-opacity":"","overlay-gradient":""}}},"product_brand":[],"product_cat":[532,504,424,282,547],"product_tag":[439],"class_list":{"0":"post-13173","1":"product","2":"type-product","3":"status-publish","4":"has-post-thumbnail","6":"product_cat-9-nachtcreme","7":"product_cat-cpnp","8":"product_cat-gesicht","9":"product_cat-laneige","10":"product_cat-lip-care","11":"product_tag-schlafmaske","12":"pa_hauttyp-all","13":"desktop-align-left","14":"tablet-align-left","15":"mobile-align-left","17":"first","18":"outofstock","19":"taxable","20":"shipping-taxable","21":"purchasable","22":"product-type-variable"},"_links":{"self":[{"href":"https:\/\/healthyskinsecrets.ch\/fr\/wp-json\/wp\/v2\/product\/13173","targetHints":{"allow":["GET"]}}],"collection":[{"href":"https:\/\/healthyskinsecrets.ch\/fr\/wp-json\/wp\/v2\/product"}],"about":[{"href":"https:\/\/healthyskinsecrets.ch\/fr\/wp-json\/wp\/v2\/types\/product"}],"replies":[{"embeddable":true,"href":"https:\/\/healthyskinsecrets.ch\/fr\/wp-json\/wp\/v2\/comments?post=13173"}],"wp:featuredmedia":[{"embeddable":true,"href":"https:\/\/healthyskinsecrets.ch\/fr\/wp-json\/wp\/v2\/media\/13199"}],"wp:attachment":[{"href":"https:\/\/healthyskinsecrets.ch\/fr\/wp-json\/wp\/v2\/media?parent=13173"}],"wp:term":[{"taxonomy":"product_brand","embeddable":true,"href":"https:\/\/healthyskinsecrets.ch\/fr\/wp-json\/wp\/v2\/product_brand?post=13173"},{"taxonomy":"product_cat","embeddable":true,"href":"https:\/\/healthyskinsecrets.ch\/fr\/wp-json\/wp\/v2\/product_cat?post=13173"},{"taxonomy":"product_tag","embeddable":true,"href":"https:\/\/healthyskinsecrets.ch\/fr\/wp-json\/wp\/v2\/product_tag?post=13173"}],"curies":[{"name":"wp","href":"https:\/\/api.w.org\/{rel}","templated":true}]}}