{"id":12964,"date":"2023-03-12T16:31:59","date_gmt":"2023-03-12T16:31:59","guid":{"rendered":"https:\/\/healthyskinsecrets.ch\/product\/import-placeholder-for-apieu-1010-8809581482845\/"},"modified":"2026-02-23T15:09:40","modified_gmt":"2026-02-23T15:09:40","slug":"apieu-madecassoside-ampoule-30ml","status":"publish","type":"product","link":"https:\/\/healthyskinsecrets.ch\/fr\/product\/apieu-madecassoside-ampoule-30ml\/","title":{"rendered":"A'pieu Madecassoside Ampoule 30ml"},"content":{"rendered":"<h3>Anwendung<\/h3>\n<ol>\n<li>Zwei bis drei Tropfen auf die gereinigte und mit Toner behandelte Haut auftragen.<\/li>\n<li>Sanft in die Haut tupfen, bis es v\u00f6llig eingezogen ist.<\/li>\n<li>Zum Abschluss einen beliebigen Moisturizer verwenden.<\/li>\n<\/ol>\n<h3>Inhaltsstoffe<\/h3>\n<p>Centella asiatica 99.99%, madecassoside 0.01%<\/p>\n<h3>Warnhinweise<\/h3>\n<ol>\n<li>Nur zur \u00e4u\u00dferlichen Anwendung geeignet.<\/li>\n<li>Nicht auf verletzte Haut oder auf Wunden auftragen.<\/li>\n<li>Sollten Nebenwirkungen wie Irritationen oder Ausschlag eintreten, Anwendung sofort beenden und unverz\u00fcglich an einen Arzt wenden.<\/li>\n<li>Kontakt mit den Augen vermeiden. Sollte das Produkt ins Auge gelangen, das Auge sofort gr\u00fcndlich mit klarem Wasser aussp\u00fclen.<\/li>\n<li>Au\u00dfer Reichweite von Kindern aufbewahren.<\/li>\n<li>Nicht schlucken. Bei Verschlucken Arzt oder Giftzentrale aufsuchen.<\/li>\n<\/ol>\n","protected":false},"excerpt":{"rendered":"<p><strong>A&rsquo;pieu\u00a0<\/strong>Madecassoside Ampoule enth\u00e4lt allein zwei Inhaltsstoffe: zu 99,9 % Extrakt des indischen Wassernabels und zu 0,1 % den Pflanzenextrakt Madecassoside. Sie sorgt f\u00fcr intensive Regeneration und St\u00e4rkung der Haut-Barriere. Die w\u00e4ssrige Textur zieht extrem schnell ein und bek\u00e4mpft trockene Haut. Die Ampoule kann direkt angewendet werden oder zu beliebiger Hautpflege hinzugef\u00fcgt werden, um den beruhigenden Effekt des Produkts auf die Haut zu verst\u00e4rken.<\/p>\n","protected":false},"featured_media":0,"comment_status":"open","ping_status":"closed","template":"","meta":{"content-type":"","site-sidebar-layout":"default","site-content-layout":"default","ast-site-content-layout":"default","site-content-style":"default","site-sidebar-style":"default","ast-global-header-display":"","ast-banner-title-visibility":"","ast-main-header-display":"","ast-hfb-above-header-display":"","ast-hfb-below-header-display":"","ast-hfb-mobile-header-display":"","site-post-title":"","ast-breadcrumbs-content":"","ast-featured-img":"","footer-sml-layout":"","ast-disable-related-posts":"","theme-transparent-header-meta":"default","adv-header-id-meta":"","stick-header-meta":"","header-above-stick-meta":"","header-main-stick-meta":"","header-below-stick-meta":"","astra-migrate-meta-layouts":"set","ast-page-background-enabled":"default","ast-page-background-meta":{"desktop":{"background-color":"","background-image":"","background-repeat":"repeat","background-position":"center center","background-size":"auto","background-attachment":"scroll","background-type":"","background-media":"","overlay-type":"","overlay-color":"","overlay-opacity":"","overlay-gradient":""},"tablet":{"background-color":"","background-image":"","background-repeat":"repeat","background-position":"center center","background-size":"auto","background-attachment":"scroll","background-type":"","background-media":"","overlay-type":"","overlay-color":"","overlay-opacity":"","overlay-gradient":""},"mobile":{"background-color":"","background-image":"","background-repeat":"repeat","background-position":"center center","background-size":"auto","background-attachment":"scroll","background-type":"","background-media":"","overlay-type":"","overlay-color":"","overlay-opacity":"","overlay-gradient":""}},"ast-content-background-meta":{"desktop":{"background-color":"var(--ast-global-color-5)","background-image":"","background-repeat":"repeat","background-position":"center center","background-size":"auto","background-attachment":"scroll","background-type":"","background-media":"","overlay-type":"","overlay-color":"","overlay-opacity":"","overlay-gradient":""},"tablet":{"background-color":"var(--ast-global-color-5)","background-image":"","background-repeat":"repeat","background-position":"center center","background-size":"auto","background-attachment":"scroll","background-type":"","background-media":"","overlay-type":"","overlay-color":"","overlay-opacity":"","overlay-gradient":""},"mobile":{"background-color":"var(--ast-global-color-5)","background-image":"","background-repeat":"repeat","background-position":"center center","background-size":"auto","background-attachment":"scroll","background-type":"","background-media":"","overlay-type":"","overlay-color":"","overlay-opacity":"","overlay-gradient":""}}},"product_brand":[],"product_cat":[514,350,504,424],"product_tag":[425,522],"class_list":{"0":"post-12964","1":"product","2":"type-product","3":"status-publish","5":"product_cat-5-essence","6":"product_cat-apieu","7":"product_cat-cpnp","8":"product_cat-gesicht","9":"product_tag-essence-serum-oil","10":"product_tag-ampoule","11":"pa_beduerfnisse-narben","12":"pa_beduerfnisse-trockenheit","13":"pa_hauttyp-all","14":"pa_ml-30-ml","15":"pa_ml-50ml","16":"desktop-align-left","17":"tablet-align-left","18":"mobile-align-left","20":"first","21":"outofstock","22":"taxable","23":"shipping-taxable","24":"purchasable","25":"product-type-variable"},"_links":{"self":[{"href":"https:\/\/healthyskinsecrets.ch\/fr\/wp-json\/wp\/v2\/product\/12964","targetHints":{"allow":["GET"]}}],"collection":[{"href":"https:\/\/healthyskinsecrets.ch\/fr\/wp-json\/wp\/v2\/product"}],"about":[{"href":"https:\/\/healthyskinsecrets.ch\/fr\/wp-json\/wp\/v2\/types\/product"}],"replies":[{"embeddable":true,"href":"https:\/\/healthyskinsecrets.ch\/fr\/wp-json\/wp\/v2\/comments?post=12964"}],"wp:attachment":[{"href":"https:\/\/healthyskinsecrets.ch\/fr\/wp-json\/wp\/v2\/media?parent=12964"}],"wp:term":[{"taxonomy":"product_brand","embeddable":true,"href":"https:\/\/healthyskinsecrets.ch\/fr\/wp-json\/wp\/v2\/product_brand?post=12964"},{"taxonomy":"product_cat","embeddable":true,"href":"https:\/\/healthyskinsecrets.ch\/fr\/wp-json\/wp\/v2\/product_cat?post=12964"},{"taxonomy":"product_tag","embeddable":true,"href":"https:\/\/healthyskinsecrets.ch\/fr\/wp-json\/wp\/v2\/product_tag?post=12964"}],"curies":[{"name":"wp","href":"https:\/\/api.w.org\/{rel}","templated":true}]}}