{"id":12962,"date":"2023-03-12T16:31:58","date_gmt":"2023-03-12T16:31:58","guid":{"rendered":"https:\/\/healthyskinsecrets.ch\/product\/import-placeholder-for-5164\/"},"modified":"2023-09-04T19:20:10","modified_gmt":"2023-09-04T19:20:10","slug":"apieu-mulberry-blemish-clearing-cream-50ml","status":"publish","type":"product","link":"https:\/\/healthyskinsecrets.ch\/fr\/product\/apieu-mulberry-blemish-clearing-cream-50ml\/","title":{"rendered":"A'pieu Mulberry Blemish Clearing Cream 50ml"},"content":{"rendered":"<h3>Anwendung<\/h3>\n<ol>\n<li>Eine angemessene Menge auf die Haut auftragen.<\/li>\n<li>In die Haut tupfen, bis die Creme v\u00f6llig eingezogen ist.<\/li>\n<\/ol>\n<h3 class=\"PageBarActions Flex ItemsCenter FlexShrinkNone\">Inhaltsstoffe*<\/h3>\n<p>Morus Bombycis Extract, Morus Bombycis Root Extract, Morus Bombycis Leaf Extract, Glycerin, Water, Cetyl Ethylhexanoate, Polyglyceryl-3 Distearate, Niacinamide, Pentylene Glycol, Cetearyl Alcohol, Glyceryl Stearate, Pentaerythrityl Tetraethylhexanoate, 1,2-Hexanediol, Vinyl Dimethicone, Panthenol, Tranexamic Acid, Ammonium Acryloyldimethyltaurate\/\u200bVP Copolymer, Hydroxyacetophenone, Hydroxyethyl Acrylate\/\u200bSodium Acryloyldimethyl Taurate Copolymer, Glyceryl Stearate Citrate, Citrus Aurantium Bergamia (Bergamot ) Fruit Oil, Citrus Aurantium Dulcis (Orange) Peel Oil, Pelargonium Graveolens Flower Oil, Disodium EDTA, Sorbitan Isostearate, Hydrolyzed Hibiscus Esculentus Extract, Lavandula Angustifolia (Lavender) Oil, Lupinus Albus Seed Extract, Moringa Pterygosperma Seed Extract, Butylene Glycol, Salvia Officinalis (Sage) Oil, Pogostemon Cablin Oil, Morus Alba Fruit Extract, Morus Bombycis Wood Extract<\/p>\n<p>*Eine Ver\u00e4nderung der Inhaltsstoffe unterliegt dem Ermessen des Herstellers. Willst du vor dem Kauf ganz sicher gehen? Dann kontaktiere uns f\u00fcr ein Foto der aktuellen Produktverpackung.<\/p>\n<h3>Warnhinweise<\/h3>\n<ol>\n<li>Nur zur \u00e4u\u00dferlichen Anwendung geeignet.<\/li>\n<li>Nicht auf verletzte Haut oder auf Wunden auftragen.<\/li>\n<li>Sollten Nebenwirkungen wie Irritationen oder Ausschlag eintreten, Anwendung sofort beenden und unverz\u00fcglich an einen Arzt wenden.<\/li>\n<li>Kontakt mit den Augen vermeiden. Sollte das Produkt ins Auge gelangen, das Auge sofort gr\u00fcndlich mit klarem Wasser aussp\u00fclen.<\/li>\n<li>Au\u00dfer Reichweite von Kindern aufbewahren.<\/li>\n<li>Nicht schlucken. Bei Verschlucken Arzt oder Giftzentrale aufsuchen.<\/li>\n<\/ol>\n","protected":false},"excerpt":{"rendered":"<p><strong>A&rsquo;Pieu<\/strong>\u00a0Mulberry Blemish Cream: Die cremige Textur unterst\u00fctzt die Aufhellung der Haut und sorgt f\u00fcr einen gleichm\u00e4\u00dfigen Teint. Die Sichtbarkeit von Sonnenflecken und Hyperpigmentation wird reduziert. Diese vitalisierende Creme besteht zu 60% aus einem Maulbeer-Extrakt-Komplex und enth\u00e4lt Tranexams\u00e4ure, um die Haut effektiv aufzuhellen. Die Feuchtigkeitscreme erh\u00e4lt die gesunde Hautschutz-Barriere und sch\u00fctzt die Haut mit Langzeiteffekt.<\/p>\n","protected":false},"featured_media":12999,"comment_status":"open","ping_status":"closed","template":"","meta":{"content-type":"","site-sidebar-layout":"default","site-content-layout":"default","ast-site-content-layout":"default","site-content-style":"default","site-sidebar-style":"default","ast-global-header-display":"","ast-banner-title-visibility":"","ast-main-header-display":"","ast-hfb-above-header-display":"","ast-hfb-below-header-display":"","ast-hfb-mobile-header-display":"","site-post-title":"","ast-breadcrumbs-content":"","ast-featured-img":"","footer-sml-layout":"","ast-disable-related-posts":"","theme-transparent-header-meta":"default","adv-header-id-meta":"","stick-header-meta":"","header-above-stick-meta":"","header-main-stick-meta":"","header-below-stick-meta":"","astra-migrate-meta-layouts":"set","ast-page-background-enabled":"default","ast-page-background-meta":{"desktop":{"background-color":"","background-image":"","background-repeat":"repeat","background-position":"center center","background-size":"auto","background-attachment":"scroll","background-type":"","background-media":"","overlay-type":"","overlay-color":"","overlay-opacity":"","overlay-gradient":""},"tablet":{"background-color":"","background-image":"","background-repeat":"repeat","background-position":"center center","background-size":"auto","background-attachment":"scroll","background-type":"","background-media":"","overlay-type":"","overlay-color":"","overlay-opacity":"","overlay-gradient":""},"mobile":{"background-color":"","background-image":"","background-repeat":"repeat","background-position":"center center","background-size":"auto","background-attachment":"scroll","background-type":"","background-media":"","overlay-type":"","overlay-color":"","overlay-opacity":"","overlay-gradient":""}},"ast-content-background-meta":{"desktop":{"background-color":"var(--ast-global-color-5)","background-image":"","background-repeat":"repeat","background-position":"center center","background-size":"auto","background-attachment":"scroll","background-type":"","background-media":"","overlay-type":"","overlay-color":"","overlay-opacity":"","overlay-gradient":""},"tablet":{"background-color":"var(--ast-global-color-5)","background-image":"","background-repeat":"repeat","background-position":"center center","background-size":"auto","background-attachment":"scroll","background-type":"","background-media":"","overlay-type":"","overlay-color":"","overlay-opacity":"","overlay-gradient":""},"mobile":{"background-color":"var(--ast-global-color-5)","background-image":"","background-repeat":"repeat","background-position":"center center","background-size":"auto","background-attachment":"scroll","background-type":"","background-media":"","overlay-type":"","overlay-color":"","overlay-opacity":"","overlay-gradient":""}}},"product_brand":[],"product_cat":[520,350,504,424],"product_tag":[45],"class_list":{"0":"post-12962","1":"product","2":"type-product","3":"status-publish","4":"has-post-thumbnail","6":"product_cat-8-koreanische-gesichtscreme","7":"product_cat-apieu","8":"product_cat-cpnp","9":"product_cat-gesicht","10":"product_tag-moisturizer","11":"pa_beduerfnisse-falten","12":"pa_beduerfnisse-narben","13":"pa_beduerfnisse-pigmentierung","14":"pa_hauttyp-all","15":"desktop-align-left","16":"tablet-align-left","17":"mobile-align-left","19":"first","20":"instock","21":"taxable","22":"shipping-taxable","23":"purchasable","24":"product-type-variable"},"_links":{"self":[{"href":"https:\/\/healthyskinsecrets.ch\/fr\/wp-json\/wp\/v2\/product\/12962","targetHints":{"allow":["GET"]}}],"collection":[{"href":"https:\/\/healthyskinsecrets.ch\/fr\/wp-json\/wp\/v2\/product"}],"about":[{"href":"https:\/\/healthyskinsecrets.ch\/fr\/wp-json\/wp\/v2\/types\/product"}],"replies":[{"embeddable":true,"href":"https:\/\/healthyskinsecrets.ch\/fr\/wp-json\/wp\/v2\/comments?post=12962"}],"wp:featuredmedia":[{"embeddable":true,"href":"https:\/\/healthyskinsecrets.ch\/fr\/wp-json\/wp\/v2\/media\/12999"}],"wp:attachment":[{"href":"https:\/\/healthyskinsecrets.ch\/fr\/wp-json\/wp\/v2\/media?parent=12962"}],"wp:term":[{"taxonomy":"product_brand","embeddable":true,"href":"https:\/\/healthyskinsecrets.ch\/fr\/wp-json\/wp\/v2\/product_brand?post=12962"},{"taxonomy":"product_cat","embeddable":true,"href":"https:\/\/healthyskinsecrets.ch\/fr\/wp-json\/wp\/v2\/product_cat?post=12962"},{"taxonomy":"product_tag","embeddable":true,"href":"https:\/\/healthyskinsecrets.ch\/fr\/wp-json\/wp\/v2\/product_tag?post=12962"}],"curies":[{"name":"wp","href":"https:\/\/api.w.org\/{rel}","templated":true}]}}