{"id":12944,"date":"2023-03-12T16:31:57","date_gmt":"2023-03-12T16:31:57","guid":{"rendered":"https:\/\/healthyskinsecrets.ch\/product\/import-placeholder-for-2436\/"},"modified":"2026-02-23T14:22:21","modified_gmt":"2026-02-23T14:22:21","slug":"apieu-madecassoside-cream-50ml","status":"publish","type":"product","link":"https:\/\/healthyskinsecrets.ch\/fr\/product\/apieu-madecassoside-cream-50ml\/","title":{"rendered":"A'pieu Madecassoside Cream 50ml"},"content":{"rendered":"<h3>Anwendung<\/h3>\n<ol>\n<li>Eine geeignete Menge auf die gereinigte und mit Toner behandelte Haut auftragen.<\/li>\n<li>Die Creme sanft in die Haut einarbeiten, bis sie vollst\u00e4ndig eingezogen ist.<\/li>\n<\/ol>\n<h3>Inhaltsstoffe<\/h3>\n<p>Centella Asiatica Leaf Water, Water (Aqua), Cyclopentasiloxane, Phenyl Trimethicone, Propanediol, Glycerin, PEG-10 Dimethicone, Niacinamide, Cyclohexasiloxane, Ethoxydiglycol, Disteardimonium Hectorite, Panthenol, 1,2-hexanediol, Butylene Glycol, Sodium Chloride, Centella Asiatica Extract, Caprylyl Glycol, Chlorphenesin, Camelia Sinensis Leaf Extract, Hamamelis Virginiana (Witch Hazel) Leaf Extract, Minus Densiflora Leaf Extract, Madecassoside, Dimethicone Crosspolymer, Cyclotetrasiloxane, Caprylhydroxamic Acid, Adenosine, Pentylene Glycol, Disodium EDTA, Citrus Paradisi (Grapefruit) Peel Oil, Lactic Acid, Serine, Sodium Lactate, Urea, Sorbitol, Asiaticoside, Citrus Limon (Lemon) Peel Oil, Juniperus Mexicana oil, Allantoin, Rubus Suavissimus (Raspberry) Leaf Extract, Canada Odorata Flower Oil, Cymbopogon Citratus leaf Oil, Phenoxyethanol, Pantolactone<\/p>\n<h3>Warnhinweise<\/h3>\n<ol>\n<li>Nur zur \u00e4u\u00dferlichen Anwendung geeignet.<\/li>\n<li>Nicht auf verletzte Haut oder auf Wunden auftragen.<\/li>\n<li>Sollten Nebenwirkungen wie Irritationen oder Ausschlag eintreten, Anwendung sofort beenden und unverz\u00fcglich an einen Arzt wenden.<\/li>\n<li>Kontakt mit den Augen vermeiden. Sollte das Produkt ins Auge gelangen, das Auge sofort gr\u00fcndlich mit klarem Wasser aussp\u00fclen.<\/li>\n<li>Au\u00dfer Reichweite von Kindern aufbewahren.<\/li>\n<li>Nicht schlucken. Bei Verschlucken Arzt oder Giftzentrale aufsuchen.<\/li>\n<\/ol>\n","protected":false},"excerpt":{"rendered":"<p><b>A&rsquo;pieu Madecassoside Cream\u00a0<\/b>hilft bei der Regeneration gesch\u00e4digter Haut und verbessert ihre F\u00e4higkeit, Feuchtigkeit zu speichern. Madecassosid ist einer der Hauptwirkstoffe der Pflanze Centella Asiatica, die selbst in geringen Konzentrationen eine stark heilende Wirkung und Anti-Aging-Wirkung hat. Die Creme enth\u00e4lt au\u00dferdem 40% Centella Asiatica-Extrakt und Centella Asiatica-Blattwasser, die nachweislich starke antioxidative Eigenschaften haben und reich an Aminos\u00e4uren und Vitamin C, B und A sind. Diese Inhaltsstoffe eignen sich hervorragend f\u00fcr Haut, die eine Regeneration ben\u00f6tigt, da Centella Asiatica Entz\u00fcndungen lindern, die Kollagensynthese erh\u00f6hen und das Auftreten von Hyperpigmentierungen reduzieren kann. Weitere Inhaltsstoffe sind Nicotinamid, Adenosin und Panthenol, die f\u00fcr ihre aufhellenden und pflegenden Anti-Aging-Eigenschaften bekannt sind. Eine perfekte Kombination f\u00fcr geschw\u00e4chte, gesch\u00e4digte Haut, die eine Korrektur ben\u00f6tigt.<\/p>\n<p><b>A&rsquo;pieu Madecassoside Cream<\/b>\u00a0hat eine weiche, nicht fettende Textur, die schnell in die Haut einzieht, um Feuchtigkeit zu spenden, Entz\u00fcndungen zu lindern, Akne zu heilen und vorzubeugen sowie sichtbare Anzeichen von Hautalterung wie dunkle Flecken, Falten und feine Linien zu beseitigen.<\/p>\n","protected":false},"featured_media":12979,"comment_status":"open","ping_status":"closed","template":"","meta":{"content-type":"","site-sidebar-layout":"default","site-content-layout":"default","ast-site-content-layout":"default","site-content-style":"default","site-sidebar-style":"default","ast-global-header-display":"","ast-banner-title-visibility":"","ast-main-header-display":"","ast-hfb-above-header-display":"","ast-hfb-below-header-display":"","ast-hfb-mobile-header-display":"","site-post-title":"","ast-breadcrumbs-content":"","ast-featured-img":"","footer-sml-layout":"","ast-disable-related-posts":"","theme-transparent-header-meta":"default","adv-header-id-meta":"","stick-header-meta":"","header-above-stick-meta":"","header-main-stick-meta":"","header-below-stick-meta":"","astra-migrate-meta-layouts":"set","ast-page-background-enabled":"default","ast-page-background-meta":{"desktop":{"background-color":"","background-image":"","background-repeat":"repeat","background-position":"center center","background-size":"auto","background-attachment":"scroll","background-type":"","background-media":"","overlay-type":"","overlay-color":"","overlay-opacity":"","overlay-gradient":""},"tablet":{"background-color":"","background-image":"","background-repeat":"repeat","background-position":"center center","background-size":"auto","background-attachment":"scroll","background-type":"","background-media":"","overlay-type":"","overlay-color":"","overlay-opacity":"","overlay-gradient":""},"mobile":{"background-color":"","background-image":"","background-repeat":"repeat","background-position":"center center","background-size":"auto","background-attachment":"scroll","background-type":"","background-media":"","overlay-type":"","overlay-color":"","overlay-opacity":"","overlay-gradient":""}},"ast-content-background-meta":{"desktop":{"background-color":"var(--ast-global-color-5)","background-image":"","background-repeat":"repeat","background-position":"center center","background-size":"auto","background-attachment":"scroll","background-type":"","background-media":"","overlay-type":"","overlay-color":"","overlay-opacity":"","overlay-gradient":""},"tablet":{"background-color":"var(--ast-global-color-5)","background-image":"","background-repeat":"repeat","background-position":"center center","background-size":"auto","background-attachment":"scroll","background-type":"","background-media":"","overlay-type":"","overlay-color":"","overlay-opacity":"","overlay-gradient":""},"mobile":{"background-color":"var(--ast-global-color-5)","background-image":"","background-repeat":"repeat","background-position":"center center","background-size":"auto","background-attachment":"scroll","background-type":"","background-media":"","overlay-type":"","overlay-color":"","overlay-opacity":"","overlay-gradient":""}}},"product_brand":[],"product_cat":[520,350,504,424],"product_tag":[45],"class_list":{"0":"post-12944","1":"product","2":"type-product","3":"status-publish","4":"has-post-thumbnail","6":"product_cat-8-koreanische-gesichtscreme","7":"product_cat-apieu","8":"product_cat-cpnp","9":"product_cat-gesicht","10":"product_tag-moisturizer","11":"pa_beduerfnisse-akne","12":"pa_beduerfnisse-falten","13":"pa_beduerfnisse-pigmentierung","14":"pa_hauttyp-all","15":"desktop-align-left","16":"tablet-align-left","17":"mobile-align-left","19":"first","20":"outofstock","21":"taxable","22":"shipping-taxable","23":"purchasable","24":"product-type-variable"},"_links":{"self":[{"href":"https:\/\/healthyskinsecrets.ch\/fr\/wp-json\/wp\/v2\/product\/12944","targetHints":{"allow":["GET"]}}],"collection":[{"href":"https:\/\/healthyskinsecrets.ch\/fr\/wp-json\/wp\/v2\/product"}],"about":[{"href":"https:\/\/healthyskinsecrets.ch\/fr\/wp-json\/wp\/v2\/types\/product"}],"replies":[{"embeddable":true,"href":"https:\/\/healthyskinsecrets.ch\/fr\/wp-json\/wp\/v2\/comments?post=12944"}],"wp:featuredmedia":[{"embeddable":true,"href":"https:\/\/healthyskinsecrets.ch\/fr\/wp-json\/wp\/v2\/media\/12979"}],"wp:attachment":[{"href":"https:\/\/healthyskinsecrets.ch\/fr\/wp-json\/wp\/v2\/media?parent=12944"}],"wp:term":[{"taxonomy":"product_brand","embeddable":true,"href":"https:\/\/healthyskinsecrets.ch\/fr\/wp-json\/wp\/v2\/product_brand?post=12944"},{"taxonomy":"product_cat","embeddable":true,"href":"https:\/\/healthyskinsecrets.ch\/fr\/wp-json\/wp\/v2\/product_cat?post=12944"},{"taxonomy":"product_tag","embeddable":true,"href":"https:\/\/healthyskinsecrets.ch\/fr\/wp-json\/wp\/v2\/product_tag?post=12944"}],"curies":[{"name":"wp","href":"https:\/\/api.w.org\/{rel}","templated":true}]}}