{"id":12511,"date":"2023-03-08T11:11:03","date_gmt":"2023-03-08T11:11:03","guid":{"rendered":"https:\/\/healthyskinsecrets.ch\/product\/import-placeholder-for-15620\/"},"modified":"2026-02-24T12:34:36","modified_gmt":"2026-02-24T12:34:36","slug":"heimish-marine-care-oil-ampoule","status":"publish","type":"product","link":"https:\/\/healthyskinsecrets.ch\/fr\/product\/heimish-marine-care-oil-ampoule\/","title":{"rendered":"Heimish Marine Care Oil Ampoule 30ml  \/  Deep Moisture Multi Face Oil 30ml"},"content":{"rendered":"<h3>Anwendung<\/h3>\n<ol>\n<li>Tragen Sie die entsprechende Menge der Ampulle auf und klopfen Sie sie sanft ein, bis sie eingezogen ist.<\/li>\n<\/ol>\n<div class=\"PageBarActions Flex ItemsCenter FlexShrinkNone\">\n<h3>Inhaltsstoffe*<\/h3>\n<\/div>\n<p>Caprylic\/Capric Triglyceride, Dicaprylyl Carbonate, Crithmum Maritimum Callus Culture Filtrate, Chlorella Minutisima Extract, Gelidium Cartilageneum Extract, Spirulina Platensis Extract, Copper Tripeptide-1, Acetyl Hexapeptide-8, Tocopheryl Acetate, Tocopherol, Hizikia Fusiforme Extract, Laminaria Japonica Extract, Ecklonia Cava Extract, Undaria Pinnatifida Extract, Hydrolyzed Sponge, Plankton Extract, Sargassum Fulvellum Extract, Hydrogenated Lecithin, 1,2-Hexanediol, Purified Water, Butylene Glycol, Ethylhexyl Glycerin, Fragrance, Linalool, Butylphenyl Methylpropional<\/p>\n<p>*Eine Ver\u00e4nderung der Inhaltsstoffe unterliegt dem Ermessen des Herstellers. Willst du vor dem Kauf ganz sicher gehen? Dann kontaktiere uns f\u00fcr ein Foto der aktuellen Produktverpackung.<\/p>\n<h3>Warnhinweise<\/h3>\n<ol>\n<li>Nur zur \u00e4u\u00dferlichen Anwendung geeignet.<\/li>\n<li>Nicht auf verletzte Haut oder auf Wunden auftragen.<\/li>\n<li>Sollten Nebenwirkungen wie Irritationen oder Ausschlag eintreten, Anwendung sofort beenden und unverz\u00fcglich an einen Arzt wenden.<\/li>\n<li>Kontakt mit den Augen vermeiden. Sollte das Produkt ins Auge gelangen, das Auge sofort gr\u00fcndlich mit klarem Wasser aussp\u00fclen.<\/li>\n<li>Au\u00dfer Reichweite von Kindern aufbewahren.<\/li>\n<li>Nicht schlucken. Bei Verschlucken Arzt oder Giftzentrale aufsuchen.<\/li>\n<\/ol>\n","protected":false},"excerpt":{"rendered":"<p>Die\u00a0<strong>Marine Care Oil Bulb<\/strong>\u00a0ist ein \u00d6l, das die Haut intensiv pflegt, ohne einen Fettfilm zu hinterlassen. Es versorgt das Gesicht 24 Stunden lang mit Feuchtigkeit, Strahlkraft und Energie. Mit Tages- oder Nachtcreme gemischt, spendet es dann doppelt Feuchtigkeit. Meerwasser sch\u00fctzt die Haut vor \u00e4u\u00dferen Einfl\u00fcssen und reinigt sie, w\u00e4hrend Peptide und pflanzliche Stammzellen perfekte Anti-Aging-Mittel sind!<\/p>\n","protected":false},"featured_media":12512,"comment_status":"open","ping_status":"closed","template":"","meta":{"content-type":"","site-sidebar-layout":"default","site-content-layout":"default","ast-site-content-layout":"default","site-content-style":"default","site-sidebar-style":"default","ast-global-header-display":"","ast-banner-title-visibility":"","ast-main-header-display":"","ast-hfb-above-header-display":"","ast-hfb-below-header-display":"","ast-hfb-mobile-header-display":"","site-post-title":"","ast-breadcrumbs-content":"","ast-featured-img":"","footer-sml-layout":"","ast-disable-related-posts":"","theme-transparent-header-meta":"default","adv-header-id-meta":"","stick-header-meta":"","header-above-stick-meta":"","header-main-stick-meta":"","header-below-stick-meta":"","astra-migrate-meta-layouts":"default","ast-page-background-enabled":"default","ast-page-background-meta":{"desktop":{"background-color":"","background-image":"","background-repeat":"repeat","background-position":"center center","background-size":"auto","background-attachment":"scroll","background-type":"","background-media":"","overlay-type":"","overlay-color":"","overlay-opacity":"","overlay-gradient":""},"tablet":{"background-color":"","background-image":"","background-repeat":"repeat","background-position":"center center","background-size":"auto","background-attachment":"scroll","background-type":"","background-media":"","overlay-type":"","overlay-color":"","overlay-opacity":"","overlay-gradient":""},"mobile":{"background-color":"","background-image":"","background-repeat":"repeat","background-position":"center center","background-size":"auto","background-attachment":"scroll","background-type":"","background-media":"","overlay-type":"","overlay-color":"","overlay-opacity":"","overlay-gradient":""}},"ast-content-background-meta":{"desktop":{"background-color":"var(--ast-global-color-5)","background-image":"","background-repeat":"repeat","background-position":"center center","background-size":"auto","background-attachment":"scroll","background-type":"","background-media":"","overlay-type":"","overlay-color":"","overlay-opacity":"","overlay-gradient":""},"tablet":{"background-color":"var(--ast-global-color-5)","background-image":"","background-repeat":"repeat","background-position":"center center","background-size":"auto","background-attachment":"scroll","background-type":"","background-media":"","overlay-type":"","overlay-color":"","overlay-opacity":"","overlay-gradient":""},"mobile":{"background-color":"var(--ast-global-color-5)","background-image":"","background-repeat":"repeat","background-position":"center center","background-size":"auto","background-attachment":"scroll","background-type":"","background-media":"","overlay-type":"","overlay-color":"","overlay-opacity":"","overlay-gradient":""}}},"product_brand":[],"product_cat":[514,424,260],"product_tag":[425,522,518],"class_list":{"0":"post-12511","1":"product","2":"type-product","3":"status-publish","4":"has-post-thumbnail","6":"product_cat-5-essence","7":"product_cat-gesicht","8":"product_cat-heimish","9":"product_tag-essence-serum-oil","10":"product_tag-ampoule","11":"product_tag-oel","12":"pa_beduerfnisse-anti-aging","13":"pa_beduerfnisse-falten","14":"pa_beduerfnisse-trockenheit","15":"pa_hauttyp-all","16":"pa_hauttyp-fettige","17":"pa_hauttyp-mischhaut","18":"pa_hauttyp-normal","19":"pa_hauttyp-trockene","20":"desktop-align-left","21":"tablet-align-left","22":"mobile-align-left","24":"first","25":"outofstock","26":"taxable","27":"shipping-taxable","28":"product-type-variable"},"_links":{"self":[{"href":"https:\/\/healthyskinsecrets.ch\/fr\/wp-json\/wp\/v2\/product\/12511","targetHints":{"allow":["GET"]}}],"collection":[{"href":"https:\/\/healthyskinsecrets.ch\/fr\/wp-json\/wp\/v2\/product"}],"about":[{"href":"https:\/\/healthyskinsecrets.ch\/fr\/wp-json\/wp\/v2\/types\/product"}],"replies":[{"embeddable":true,"href":"https:\/\/healthyskinsecrets.ch\/fr\/wp-json\/wp\/v2\/comments?post=12511"}],"wp:featuredmedia":[{"embeddable":true,"href":"https:\/\/healthyskinsecrets.ch\/fr\/wp-json\/wp\/v2\/media\/12512"}],"wp:attachment":[{"href":"https:\/\/healthyskinsecrets.ch\/fr\/wp-json\/wp\/v2\/media?parent=12511"}],"wp:term":[{"taxonomy":"product_brand","embeddable":true,"href":"https:\/\/healthyskinsecrets.ch\/fr\/wp-json\/wp\/v2\/product_brand?post=12511"},{"taxonomy":"product_cat","embeddable":true,"href":"https:\/\/healthyskinsecrets.ch\/fr\/wp-json\/wp\/v2\/product_cat?post=12511"},{"taxonomy":"product_tag","embeddable":true,"href":"https:\/\/healthyskinsecrets.ch\/fr\/wp-json\/wp\/v2\/product_tag?post=12511"}],"curies":[{"name":"wp","href":"https:\/\/api.w.org\/{rel}","templated":true}]}}