{"id":12175,"date":"2023-02-26T13:15:10","date_gmt":"2023-02-26T13:15:10","guid":{"rendered":"https:\/\/healthyskinsecrets.ch\/product\/jkosmec-all-bright-green-tea-and-bha-basic-peeling-gel\/"},"modified":"2024-09-23T19:07:18","modified_gmt":"2024-09-23T19:07:18","slug":"jkosmec-all-bright-green-tea-and-bha-basic-peeling-gel","status":"publish","type":"product","link":"https:\/\/healthyskinsecrets.ch\/fr\/product\/jkosmec-all-bright-green-tea-and-bha-basic-peeling-gel\/","title":{"rendered":"JKosmec All Bright Green Tea and BHA Basic Peeling Gel"},"content":{"rendered":"<h3>Anwendung<\/h3>\n<ol>\n<li>Tragen Sie eine geeignete Menge mit sauberen H\u00e4nden auf das nasse Gesicht und den Hals auf.<\/li>\n<li>Massieren Sie das Produkt sanft in die Haut ein.<\/li>\n<li>Waschen Sie es anschlie\u00dfend mit lauwarmem Wasser ab und tupfen Sie die Haut mit einem weichen, sauberen Handtuch trocken.<\/li>\n<\/ol>\n<h3>Inhaltsstoffe<\/h3>\n<p>Water, Cellulose, Alcohol, Propylene Glycol, Carbomer, Camellia Sinensis Leaf Extract (100ppm), Polysorbate 80, Butylene Glycol, Salicylic Acid (10ppm), Dipropylene Glycol, Centella Asiatica Extract, Polygonum Cuspidatum Root Extract, Scutellaria Baicalensis Root Extract, Glycyrrhiza Glabra (Licorice) Root Extract, Rosmarinus Officinalis (Rosemary) Leaf Extract, Chamomilla Recutita (Matricaria) Flower Extract, Disodium EDTA, Benzophenone-9, CI 42090, CI 19140, Phenoxyethanol, Cetrimonium Chloride, Fragrance<\/p>\n<h3>Warnhinweise<\/h3>\n<ol>\n<li>Nur zur \u00e4u\u00dferlichen Anwendung geeignet.<\/li>\n<li>Nicht auf verletzte Haut oder auf Wunden auftragen.<\/li>\n<li>Sollten Nebenwirkungen wie Irritationen oder Ausschlag eintreten, Anwendung sofort beenden und unverz\u00fcglich an einen Arzt wenden.<\/li>\n<li>Kontakt mit den Augen vermeiden. Sollte das Produkt ins Auge gelangen, das Auge sofort gr\u00fcndlich mit klarem Wasser aussp\u00fclen.<\/li>\n<li>Au\u00dfer Reichweite von Kindern aufbewahren.<\/li>\n<li>Nicht schlucken. Bei Verschlucken Arzt oder Giftzentrale aufsuchen.<\/li>\n<\/ol>\n","protected":false},"excerpt":{"rendered":"<p>Aktive Komponenten des <strong>JKosmec All Bright Green Tea and BHA Basic Peeling Gel<\/strong> erweichen abgestorbene Hautzellen und dringen tief ein, um Unreinheiten in Ihren Poren f\u00fcr eine effektivere Reinigung zu schmelzen. Mikropartikel aus nat\u00fcrlicher Zellulose binden die Hautunreinheiten sowie abgestorbene Hautsch\u00fcppchen und bilden kleine R\u00f6llchen, die sich leicht mit Wasser abwaschen lassen, ohne die Haut zu sch\u00e4digen. Verwenden Sie das Peeling 1-2 Mal pro Woche und Sie werden sehen, wie Ihre Haut nach und nach sauberer, heller und strahlender wird. Eine effektive Hautreinigung zusammen mit der Wirkung der pflegenden Inhaltsstoffe des Peeling-Gels machen Ihre Haut ges\u00fcnder, glatter und seidiger. Feuchtigkeitsspendende Komponenten pflegen Ihre Haut sanft w\u00e4hrend und nach der Peeling-Behandlung.<\/p>\n<p><strong>Wirkstoffe:<\/strong> BHA, Gr\u00fcner Tee<br \/>\n<strong>Hauptfunktion: <\/strong>Aufhellung, Reinigung, Gl\u00e4ttung<\/p>\n","protected":false},"featured_media":12188,"comment_status":"open","ping_status":"closed","template":"","meta":{"content-type":"","site-sidebar-layout":"default","site-content-layout":"default","ast-site-content-layout":"default","site-content-style":"default","site-sidebar-style":"default","ast-global-header-display":"","ast-banner-title-visibility":"","ast-main-header-display":"","ast-hfb-above-header-display":"","ast-hfb-below-header-display":"","ast-hfb-mobile-header-display":"","site-post-title":"","ast-breadcrumbs-content":"","ast-featured-img":"","footer-sml-layout":"","ast-disable-related-posts":"","theme-transparent-header-meta":"default","adv-header-id-meta":"","stick-header-meta":"","header-above-stick-meta":"","header-main-stick-meta":"","header-below-stick-meta":"","astra-migrate-meta-layouts":"set","ast-page-background-enabled":"default","ast-page-background-meta":{"desktop":{"background-color":"","background-image":"","background-repeat":"repeat","background-position":"center center","background-size":"auto","background-attachment":"scroll","background-type":"","background-media":"","overlay-type":"","overlay-color":"","overlay-opacity":"","overlay-gradient":""},"tablet":{"background-color":"","background-image":"","background-repeat":"repeat","background-position":"center center","background-size":"auto","background-attachment":"scroll","background-type":"","background-media":"","overlay-type":"","overlay-color":"","overlay-opacity":"","overlay-gradient":""},"mobile":{"background-color":"","background-image":"","background-repeat":"repeat","background-position":"center center","background-size":"auto","background-attachment":"scroll","background-type":"","background-media":"","overlay-type":"","overlay-color":"","overlay-opacity":"","overlay-gradient":""}},"ast-content-background-meta":{"desktop":{"background-color":"var(--ast-global-color-5)","background-image":"","background-repeat":"repeat","background-position":"center center","background-size":"auto","background-attachment":"scroll","background-type":"","background-media":"","overlay-type":"","overlay-color":"","overlay-opacity":"","overlay-gradient":""},"tablet":{"background-color":"var(--ast-global-color-5)","background-image":"","background-repeat":"repeat","background-position":"center center","background-size":"auto","background-attachment":"scroll","background-type":"","background-media":"","overlay-type":"","overlay-color":"","overlay-opacity":"","overlay-gradient":""},"mobile":{"background-color":"var(--ast-global-color-5)","background-image":"","background-repeat":"repeat","background-position":"center center","background-size":"auto","background-attachment":"scroll","background-type":"","background-media":"","overlay-type":"","overlay-color":"","overlay-opacity":"","overlay-gradient":""}}},"product_brand":[],"product_cat":[512,504,503],"product_tag":[39],"class_list":{"0":"post-12175","1":"product","2":"type-product","3":"status-publish","4":"has-post-thumbnail","6":"product_cat-2-gesichtspeeling","7":"product_cat-cpnp","8":"product_cat-jkosmec","9":"product_tag-peeling","10":"pa_beduerfnisse-hautunreinheit","11":"pa_hauttyp-all","12":"pa_hauttyp-fettige","13":"pa_hauttyp-mischhaut","14":"pa_hauttyp-normal","15":"pa_hauttyp-trockene","16":"desktop-align-left","17":"tablet-align-left","18":"mobile-align-left","20":"first","21":"instock","22":"taxable","23":"shipping-taxable","24":"purchasable","25":"product-type-variable","26":"has-default-attributes"},"_links":{"self":[{"href":"https:\/\/healthyskinsecrets.ch\/fr\/wp-json\/wp\/v2\/product\/12175","targetHints":{"allow":["GET"]}}],"collection":[{"href":"https:\/\/healthyskinsecrets.ch\/fr\/wp-json\/wp\/v2\/product"}],"about":[{"href":"https:\/\/healthyskinsecrets.ch\/fr\/wp-json\/wp\/v2\/types\/product"}],"replies":[{"embeddable":true,"href":"https:\/\/healthyskinsecrets.ch\/fr\/wp-json\/wp\/v2\/comments?post=12175"}],"wp:featuredmedia":[{"embeddable":true,"href":"https:\/\/healthyskinsecrets.ch\/fr\/wp-json\/wp\/v2\/media\/12188"}],"wp:attachment":[{"href":"https:\/\/healthyskinsecrets.ch\/fr\/wp-json\/wp\/v2\/media?parent=12175"}],"wp:term":[{"taxonomy":"product_brand","embeddable":true,"href":"https:\/\/healthyskinsecrets.ch\/fr\/wp-json\/wp\/v2\/product_brand?post=12175"},{"taxonomy":"product_cat","embeddable":true,"href":"https:\/\/healthyskinsecrets.ch\/fr\/wp-json\/wp\/v2\/product_cat?post=12175"},{"taxonomy":"product_tag","embeddable":true,"href":"https:\/\/healthyskinsecrets.ch\/fr\/wp-json\/wp\/v2\/product_tag?post=12175"}],"curies":[{"name":"wp","href":"https:\/\/api.w.org\/{rel}","templated":true}]}}