{"id":12146,"date":"2023-02-26T13:15:03","date_gmt":"2023-02-26T13:15:03","guid":{"rendered":"https:\/\/healthyskinsecrets.ch\/product\/beauty-of-joseon-revive-eye-serum-ginseng-retinal-30ml\/"},"modified":"2026-02-24T09:03:12","modified_gmt":"2026-02-24T09:03:12","slug":"beauty-of-joseon-revive-eye-serum-ginseng-retinal-30ml","status":"publish","type":"product","link":"https:\/\/healthyskinsecrets.ch\/fr\/product\/beauty-of-joseon-revive-eye-serum-ginseng-retinal-30ml\/","title":{"rendered":"Beauty of Joseon Revive Eye Serum : Ginseng + Retinal 30ml"},"content":{"rendered":"<h3>Anwendung<\/h3>\n<ol>\n<li>Pumpen Sie die entsprechende Menge des Produkts auf Ihre H\u00e4nde und tragen Sie es sanft auf die Augenpartie auf.<\/li>\n<li>Bis zur vollst\u00e4ndigen Absorption einklopfen.<\/li>\n<\/ol>\n<h3>Inhaltsstoffe<\/h3>\n<p>Water\/Aqua\/Eau, Panax Ginseng Root Extract, Glycerin, Dipropylene Glycol, Caprylic\/Capric Triglyceride, 1,2-Hexanediol, Pentaerythrityl Tetraethylhexanoate, Niacinamide, Butylene Glycol Dicaprylate\/Dicaprate, Cetearyl Alcohol, Sorbitan Olivate, Cetearyl Olivate, Butylene Glycol, Hydrogenated Lecithin, Tromethamine, Carbomer, Glyceryl Stearate, MacadamiaTernifolia Seed Oil, Adenosine, Theobroma Cacao (Cocoa) Extract, Dextrin, Cholesterol, Polyglyceryl-10 Oleate, Retinal, Brassica Campestris (Rapeseed) Sterols, Phytosteryl\/Behenyl\/Octyldodecyl Lauroyl Glutamate, Silica, Sodium Hyaluronate, Tocopherol, Aluminum\/Magnesium Hydroxide Stearate, Potassium Cetyl Phosphate, PentaerythritylTetra-di-t-butyl Hydroxyhydrocinnamate, Ceramide NP. Palmitoyl Tripeptide-5, Disodium EDTA, Ethylhexylglycerin<\/p>\n<p>*Eine Ver\u00e4nderung der Inhaltsstoffe unterliegt dem Ermessen des Herstellers. Willst du vor dem Kauf ganz sicher gehen? Dann kontaktiere uns f\u00fcr ein Foto der aktuellen Produktverpackung.<\/p>\n<h3>Warnhinweise<\/h3>\n<ol>\n<li>Nur zur \u00e4u\u00dferlichen Anwendung geeignet.<\/li>\n<li>Nicht auf verletzte Haut oder auf Wunden auftragen.<\/li>\n<li>Sollten Nebenwirkungen wie Irritationen oder Ausschlag eintreten, Anwendung sofort beenden und unverz\u00fcglich an einen Arzt wenden.<\/li>\n<li>Kontakt mit den Augen vermeiden. Sollte das Produkt ins Auge gelangen, das Auge sofort gr\u00fcndlich mit klarem Wasser aussp\u00fclen.<\/li>\n<li>Au\u00dfer Reichweite von Kindern aufbewahren.<\/li>\n<li>Nicht schlucken. Bei Verschlucken Arzt oder Giftzentrale aufsuchen.<\/li>\n<\/ol>\n","protected":false},"excerpt":{"rendered":"<p>Verw\u00f6hnen Sie Ihre empfindliche Augenpartie mit dem Revive Eye Serum : Ginseng + Retinal von Beauty of Joseon. Der Hauptinhaltsstoff dieses Augenserums ist Ginsengwurzelextrakt, der reich an Saponin ist und dabei hilft, der Haut schnell Feuchtigkeit zuzuf\u00fchren und sie lange tief in der Haut zu halten, f\u00fcr einen jugendlichen, gesunden Glanz. Retinal ist ein Vitamin-A-Derivat und wird seit langem in der Geschichte der Hautpflege zur Verbesserung von Falten und feinen Linien verwendet. Dieses Augenserum hat eine leichte, seidige Textur, die sich sanft verteilen l\u00e4sst und ein pflegendes Gef\u00fchl vermittelt, ohne nach der Anwendung klebrige R\u00fcckst\u00e4nde zu hinterlassen. Vegan, tierversuchsfrei, und ohne \u00e4therische \u00d6le sowie ohne Duftstoffe. Geeignet f\u00fcr empfindliche Hauttypen mit Alterserscheinungen.<\/p>\n<ul>\n<li>10% Ginsengwurzelextrakt f\u00f6rdert die Hautfeuchtigkeit, mindert raue Texturen, hilft, einen ungleichm\u00e4ssigen Hautton zu verblassen, und verbessert Falten.<\/li>\n<li>2% Retinal Liposome steigern die Kollagenproduktion und sorgen f\u00fcr straffe, elastische, pralle und j\u00fcnger aussehende Haut.<\/li>\n<li>Niacinamid wirkt gegen F\u00e4ltchen, feine Linien, Pigmentflecken und gleicht den Teint aus.<\/li>\n<\/ul>\n<p>Gut zu wissen: Retinal wirkt auf der Haut schneller und effektiver als Retinol. Das BOJ-Team verwendet hierbei \u201eRetinal Liposome\u201c, das stabilisiert wurde, indem Retinal in kleinere Bestandteile zerteilt, in Liposomen eingeschlossen und dann mit Inhaltsstoffen wie nat\u00fcrlichen Lipiden und \u00d6len versetzt wurde.<\/p>\n","protected":false},"featured_media":12214,"comment_status":"open","ping_status":"closed","template":"","meta":{"content-type":"","site-sidebar-layout":"default","site-content-layout":"default","ast-site-content-layout":"default","site-content-style":"default","site-sidebar-style":"default","ast-global-header-display":"","ast-banner-title-visibility":"","ast-main-header-display":"","ast-hfb-above-header-display":"","ast-hfb-below-header-display":"","ast-hfb-mobile-header-display":"","site-post-title":"","ast-breadcrumbs-content":"","ast-featured-img":"","footer-sml-layout":"","ast-disable-related-posts":"","theme-transparent-header-meta":"default","adv-header-id-meta":"","stick-header-meta":"","header-above-stick-meta":"","header-main-stick-meta":"","header-below-stick-meta":"","astra-migrate-meta-layouts":"set","ast-page-background-enabled":"default","ast-page-background-meta":{"desktop":{"background-color":"","background-image":"","background-repeat":"repeat","background-position":"center center","background-size":"auto","background-attachment":"scroll","background-type":"","background-media":"","overlay-type":"","overlay-color":"","overlay-opacity":"","overlay-gradient":""},"tablet":{"background-color":"","background-image":"","background-repeat":"repeat","background-position":"center center","background-size":"auto","background-attachment":"scroll","background-type":"","background-media":"","overlay-type":"","overlay-color":"","overlay-opacity":"","overlay-gradient":""},"mobile":{"background-color":"","background-image":"","background-repeat":"repeat","background-position":"center center","background-size":"auto","background-attachment":"scroll","background-type":"","background-media":"","overlay-type":"","overlay-color":"","overlay-opacity":"","overlay-gradient":""}},"ast-content-background-meta":{"desktop":{"background-color":"var(--ast-global-color-5)","background-image":"","background-repeat":"repeat","background-position":"center center","background-size":"auto","background-attachment":"scroll","background-type":"","background-media":"","overlay-type":"","overlay-color":"","overlay-opacity":"","overlay-gradient":""},"tablet":{"background-color":"var(--ast-global-color-5)","background-image":"","background-repeat":"repeat","background-position":"center center","background-size":"auto","background-attachment":"scroll","background-type":"","background-media":"","overlay-type":"","overlay-color":"","overlay-opacity":"","overlay-gradient":""},"mobile":{"background-color":"var(--ast-global-color-5)","background-image":"","background-repeat":"repeat","background-position":"center center","background-size":"auto","background-attachment":"scroll","background-type":"","background-media":"","overlay-type":"","overlay-color":"","overlay-opacity":"","overlay-gradient":""}}},"product_brand":[],"product_cat":[523,234,504],"product_tag":[425,433],"class_list":{"0":"post-12146","1":"product","2":"type-product","3":"status-publish","4":"has-post-thumbnail","6":"product_cat-6-augen-creme","7":"product_cat-beauty-of-joseon","8":"product_cat-cpnp","9":"product_tag-essence-serum-oil","10":"product_tag-augenpflege","11":"pa_beduerfnisse-falten","12":"pa_beduerfnisse-matte-muede","13":"pa_beduerfnisse-pigmentierung","14":"pa_hauttyp-all","15":"pa_hauttyp-empfindliche-haut","16":"pa_hauttyp-fettige","17":"pa_hauttyp-mischhaut","18":"pa_hauttyp-normal","19":"pa_hauttyp-trockene","20":"desktop-align-left","21":"tablet-align-left","22":"mobile-align-left","24":"first","25":"instock","26":"taxable","27":"shipping-taxable","28":"purchasable","29":"product-type-variable"},"_links":{"self":[{"href":"https:\/\/healthyskinsecrets.ch\/fr\/wp-json\/wp\/v2\/product\/12146","targetHints":{"allow":["GET"]}}],"collection":[{"href":"https:\/\/healthyskinsecrets.ch\/fr\/wp-json\/wp\/v2\/product"}],"about":[{"href":"https:\/\/healthyskinsecrets.ch\/fr\/wp-json\/wp\/v2\/types\/product"}],"replies":[{"embeddable":true,"href":"https:\/\/healthyskinsecrets.ch\/fr\/wp-json\/wp\/v2\/comments?post=12146"}],"wp:featuredmedia":[{"embeddable":true,"href":"https:\/\/healthyskinsecrets.ch\/fr\/wp-json\/wp\/v2\/media\/12214"}],"wp:attachment":[{"href":"https:\/\/healthyskinsecrets.ch\/fr\/wp-json\/wp\/v2\/media?parent=12146"}],"wp:term":[{"taxonomy":"product_brand","embeddable":true,"href":"https:\/\/healthyskinsecrets.ch\/fr\/wp-json\/wp\/v2\/product_brand?post=12146"},{"taxonomy":"product_cat","embeddable":true,"href":"https:\/\/healthyskinsecrets.ch\/fr\/wp-json\/wp\/v2\/product_cat?post=12146"},{"taxonomy":"product_tag","embeddable":true,"href":"https:\/\/healthyskinsecrets.ch\/fr\/wp-json\/wp\/v2\/product_tag?post=12146"}],"curies":[{"name":"wp","href":"https:\/\/api.w.org\/{rel}","templated":true}]}}