{"id":12094,"date":"2023-02-26T12:32:26","date_gmt":"2023-02-26T12:32:26","guid":{"rendered":"https:\/\/healthyskinsecrets.ch\/product\/miverum-forever-young-miracle-20-serum-30ml\/"},"modified":"2026-03-30T12:19:59","modified_gmt":"2026-03-30T12:19:59","slug":"miverum-forever-young-miracle-20-serum-30ml","status":"publish","type":"product","link":"https:\/\/healthyskinsecrets.ch\/fr\/product\/miverum-forever-young-miracle-20-serum-30ml\/","title":{"rendered":"Miverum Forever Young Miracle 20 Serum 30ml"},"content":{"rendered":"<h3>Anwendung<\/h3>\n<ol>\n<li>Befeuchten Sie Ihr Gesicht nach der Reinigung mit Toner und tragen Sie die ben\u00f6tigte Menge Serum in kreisenden Bewegungen auf.<\/li>\n<\/ol>\n<h3>Hauptinhaltsstoffe<\/h3>\n<p>Water, Dipropylene Glycol, Glycerin, Niacinamide, Alcohol, Hydroxyacetophenone, PEG-60 Hydrogenated Castor Oil, Caprylyl Glycol, Arginine, Acrylates\/C10-30 Alkyl Acrylate Crosspolymer, Xanthan Gum, 1,2-Hexanediol, Melia Azadirachta Flower Extract, Ocimum Sanctum Leaf Extract, Sodium Hyaluronate, Melia Azadirachta Leaf Extract, Adenosine, Caprylic\/Capric Triglyceride, Curcuma Longa (Turmeric) Root Extract, Olea Europaea (Olive) Fruit Oil, Butyrospermum Parkii (Shea) Butter, Disodium EDTA, Hydrogenated Lecithin, Corallina Officinalis Extract, Squalane, Glyceryl Acrylate\/Acrylic Acid Copolymer, Dipotassium Glycyrrhizate, Butylene Glycol, Cholesterol, CI 16185, Ceramide NP, Phytosphingosine, Centella Asiatica Extract, Scutellaria Baicalensis Root Extract, Polygonum Cuspidatum Root Extract, Camellia Sinensis Leaf Extract, Tremella Fuciformis Sporocarp Extract, Piper Methysticum Leaf\/Root\/Stem Extract, Phellinus Linteus Mycelium Extract, Aloe Barbadensis Leaf Juice, Persea Gratissima (Avocado) Leaf Extract, Portulaca Oleracea Extract, Hamamelis Virginiana (Witch Hazel) Extract, Bambusa Vulgaris Extract, Crinum Asiaticum Extract, Prunus Salicina Fruit Extract, Ribes Nigrum (Black Currant) Seed Extract, Oryza Sativa (Rice) Extract, Rubus Fruticosus (Blackberry) Fruit Extract, Salvia Hispanica Seed Extract, Chamomilla Recutita (Matricaria) Flower Extract, Rosmarinus Officinalis (Rosemary) Leaf Extract, Vaccinium Angustifolium (Blueberry) Fruit Extract, Glycine Soja (Soybean) Seed Extract, Sesamum Indicum (Sesame) Seed Extract, Solanum Melongena (Eggplant) Fruit Extract, Fragrance<\/p>\n<p>*Eine Ver\u00e4nderung der Inhaltsstoffe unterliegt dem Ermessen des Herstellers. Willst du vor dem Kauf ganz sicher gehen? Dann kontaktiere uns f\u00fcr ein Foto der aktuellen Produktverpackung.<\/p>\n<h3>Warnhinweise<\/h3>\n<ol>\n<li>Nur zur \u00e4u\u00dferlichen Anwendung geeignet.<\/li>\n<li>Nicht auf verletzte Haut oder auf Wunden auftragen.<\/li>\n<li>Sollten Nebenwirkungen wie Irritationen oder Ausschlag eintreten, Anwendung sofort beenden und unverz\u00fcglich an einen Arzt wenden.<\/li>\n<li>Kontakt mit den Augen vermeiden. Sollte das Produkt ins Auge gelangen, das Auge sofort gr\u00fcndlich mit klarem Wasser aussp\u00fclen.<\/li>\n<li>Au\u00dfer Reichweite von Kindern aufbewahren.<\/li>\n<li>Nicht schlucken. Bei Verschlucken Arzt oder Giftzentrale aufsuchen.<\/li>\n<\/ol>\n","protected":false},"excerpt":{"rendered":"<p><strong>Miverum Forever Young Miracle 20 Serum<\/strong>, angereichert mit achtundzwanzig Arten nat\u00fcrlicher Pflanzenextrakte, spendet der Haut effektiv Feuchtigkeit und pflegt sie und hilft ihr, ihre Elastizit\u00e4t und ihren nat\u00fcrlichen Glanz zur\u00fcckzugeben. Nat\u00fcrliche Pflanzenextrakte wie schwarze Bohnen, schwarzer Sesam, Reis, Auberginen und Pflaumen versorgen Ihre Haut intensiv mit Feuchtigkeit, beruhigen sie und pflegen sie gegen Falten. Es stellt die Vitalit\u00e4t m\u00fcder Haut wieder her und macht sie nat\u00fcrlich strahlend und geschmeidig.<\/p>\n<p><strong>Wirkstoffe: <\/strong>20 nat\u00fcrliche Extrakte<\/p>\n<ul>\n<li>Reichhaltige Ern\u00e4hrung mit schwarzen Lebensmittelextrakten: Der Komplex aus schwarzen Lebensmittelextrakten, die als starke Antioxidantien bekannt sind, macht die Haut weich und elastisch und gibt der Haut einen gesunden Glanz zur\u00fcck.<\/li>\n<li>Orchideenextrakt: hat hervorragende feuchtigkeitsspendende und aufhellende Wirkung, macht die Haut geschmeidig und strahlend.<\/li>\n<li>Funktionale Inhaltsstoffe: Das Serum enth\u00e4lt funktionelle Inhaltsstoffe mit nachgewiesener Wirkung zur Hautverbesserung. Niacinamid gleicht den Hautton aus, w\u00e4hrend Adenosin hilft, Falten zu verbessern und der Haut ein gesundes Aussehen zur\u00fcckzugeben.<\/li>\n<\/ul>\n<p><strong>Hauptfunktion: <\/strong>Feuchtigkeitsspendend, Anti-Aging<\/p>\n","protected":false},"featured_media":12088,"comment_status":"open","ping_status":"closed","template":"","meta":{"content-type":"","site-sidebar-layout":"default","site-content-layout":"default","ast-site-content-layout":"default","site-content-style":"default","site-sidebar-style":"default","ast-global-header-display":"","ast-banner-title-visibility":"","ast-main-header-display":"","ast-hfb-above-header-display":"","ast-hfb-below-header-display":"","ast-hfb-mobile-header-display":"","site-post-title":"","ast-breadcrumbs-content":"","ast-featured-img":"","footer-sml-layout":"","ast-disable-related-posts":"","theme-transparent-header-meta":"default","adv-header-id-meta":"","stick-header-meta":"","header-above-stick-meta":"","header-main-stick-meta":"","header-below-stick-meta":"","astra-migrate-meta-layouts":"set","ast-page-background-enabled":"default","ast-page-background-meta":{"desktop":{"background-color":"","background-image":"","background-repeat":"repeat","background-position":"center center","background-size":"auto","background-attachment":"scroll","background-type":"","background-media":"","overlay-type":"","overlay-color":"","overlay-opacity":"","overlay-gradient":""},"tablet":{"background-color":"","background-image":"","background-repeat":"repeat","background-position":"center center","background-size":"auto","background-attachment":"scroll","background-type":"","background-media":"","overlay-type":"","overlay-color":"","overlay-opacity":"","overlay-gradient":""},"mobile":{"background-color":"","background-image":"","background-repeat":"repeat","background-position":"center center","background-size":"auto","background-attachment":"scroll","background-type":"","background-media":"","overlay-type":"","overlay-color":"","overlay-opacity":"","overlay-gradient":""}},"ast-content-background-meta":{"desktop":{"background-color":"var(--ast-global-color-5)","background-image":"","background-repeat":"repeat","background-position":"center center","background-size":"auto","background-attachment":"scroll","background-type":"","background-media":"","overlay-type":"","overlay-color":"","overlay-opacity":"","overlay-gradient":""},"tablet":{"background-color":"var(--ast-global-color-5)","background-image":"","background-repeat":"repeat","background-position":"center center","background-size":"auto","background-attachment":"scroll","background-type":"","background-media":"","overlay-type":"","overlay-color":"","overlay-opacity":"","overlay-gradient":""},"mobile":{"background-color":"var(--ast-global-color-5)","background-image":"","background-repeat":"repeat","background-position":"center center","background-size":"auto","background-attachment":"scroll","background-type":"","background-media":"","overlay-type":"","overlay-color":"","overlay-opacity":"","overlay-gradient":""}}},"product_brand":[],"product_cat":[514,500],"product_tag":[425],"class_list":{"0":"post-12094","1":"product","2":"type-product","3":"status-publish","4":"has-post-thumbnail","6":"product_cat-5-essence","7":"product_cat-miverum","8":"product_tag-essence-serum-oil","9":"pa_beduerfnisse-anti-aging","10":"pa_beduerfnisse-falten","11":"pa_beduerfnisse-matte-muede","12":"pa_beduerfnisse-trockenheit","13":"pa_hauttyp-all","14":"pa_hauttyp-fettige","15":"pa_hauttyp-mischhaut","16":"pa_hauttyp-normal","17":"pa_hauttyp-trockene","18":"desktop-align-left","19":"tablet-align-left","20":"mobile-align-left","22":"first","23":"instock","24":"taxable","25":"shipping-taxable","26":"product-type-variable"},"_links":{"self":[{"href":"https:\/\/healthyskinsecrets.ch\/fr\/wp-json\/wp\/v2\/product\/12094","targetHints":{"allow":["GET"]}}],"collection":[{"href":"https:\/\/healthyskinsecrets.ch\/fr\/wp-json\/wp\/v2\/product"}],"about":[{"href":"https:\/\/healthyskinsecrets.ch\/fr\/wp-json\/wp\/v2\/types\/product"}],"replies":[{"embeddable":true,"href":"https:\/\/healthyskinsecrets.ch\/fr\/wp-json\/wp\/v2\/comments?post=12094"}],"wp:featuredmedia":[{"embeddable":true,"href":"https:\/\/healthyskinsecrets.ch\/fr\/wp-json\/wp\/v2\/media\/12088"}],"wp:attachment":[{"href":"https:\/\/healthyskinsecrets.ch\/fr\/wp-json\/wp\/v2\/media?parent=12094"}],"wp:term":[{"taxonomy":"product_brand","embeddable":true,"href":"https:\/\/healthyskinsecrets.ch\/fr\/wp-json\/wp\/v2\/product_brand?post=12094"},{"taxonomy":"product_cat","embeddable":true,"href":"https:\/\/healthyskinsecrets.ch\/fr\/wp-json\/wp\/v2\/product_cat?post=12094"},{"taxonomy":"product_tag","embeddable":true,"href":"https:\/\/healthyskinsecrets.ch\/fr\/wp-json\/wp\/v2\/product_tag?post=12094"}],"curies":[{"name":"wp","href":"https:\/\/api.w.org\/{rel}","templated":true}]}}