{"id":12080,"date":"2023-02-26T12:32:20","date_gmt":"2023-02-26T12:32:20","guid":{"rendered":"https:\/\/healthyskinsecrets.ch\/product\/miverum-forever-young-miracle-20-peeling-gel\/"},"modified":"2026-03-30T12:19:59","modified_gmt":"2026-03-30T12:19:59","slug":"miverum-forever-young-miracle-20-peeling-gel","status":"publish","type":"product","link":"https:\/\/healthyskinsecrets.ch\/fr\/product\/miverum-forever-young-miracle-20-peeling-gel\/","title":{"rendered":"Miverum Forever Young Miracle 20 Peeling Gel"},"content":{"rendered":"<h3>Anwendung<\/h3>\n<ol>\n<li>Nachdem Sie Ihr Gesicht gewaschen haben, trocknen Sie es mit einem Handtuch ab.<\/li>\n<li>Nehmen Sie eine angemessene Menge des Gels und tragen Sie es auf das Gesicht auf, wobei Sie die Augen- und Lippenpartie aussparen.<\/li>\n<li>Massieren Sie Ihr Gesicht 2-3 Minuten lang sanft mit den Fingerspitzen.<\/li>\n<li>Waschen Sie die Peeling-Reste gr\u00fcndlich mit lauwarmem Wasser ab.<\/li>\n<\/ol>\n<p>*Es wird empfohlen, das Peeling-Gel 1-2 Mal pro Woche zu verwenden, aber es ist m\u00f6glich, die H\u00e4ufigkeit der Anwendung an Ihren Hautzustand anzupassen.<\/p>\n<h3>Hauptinhaltsstoffe<\/h3>\n<p>Water, Cellulose, 1,2-Hexanediol, Propylene Glycol, Carbomer, Polysorbate 20, Ethylhexylglycerin, Cetrimonium Chloride, Hippophae Rhamnoides Extract, Butylene Glycol, Dipropylene Glycol, Rubus Idaeus (Raspberry) Fruit Extract, Solanum Lycopersicum (Tomato) Fruit\/Leaf\/Stem Extract, Cucumis Sativus (Cucumber) Fruit Extract, Oryza Sativa (Rice) Extract, Brassica Oleracea Italica (Broccoli) Extract, Glycine Soja (Soybean) Seed Extract, Cucurbita Pepo (Pumpkin) Fruit Extract, Daucus Carota Sativa (Carrot) Root Extract, Solanum Tuberosum (Potato) Pulp Extract, Orchid Extract, Phyllanthus Emblica Fruit Extract, Sambucus Nigra Fruit Extract, Euterpe Oleracea Fruit Extract, Rubus Fruticosus (Blackberry) Fruit Extract, Vaccinium Myrtillus Fruit Extract, Fragaria Chiloensis (Strawberry) Fruit Extract, Vaccinium Angustifolium (Blueberry) Fruit Extract, Myrciaria Dubia Fruit Extract, Lycium Chinense Fruit Extract, Phenoxyethanol, Disodium EDTA, Fragrance<\/p>\n<p>*Eine Ver\u00e4nderung der Inhaltsstoffe unterliegt dem Ermessen des Herstellers. Willst du vor dem Kauf ganz sicher gehen? Dann kontaktiere uns f\u00fcr ein Foto der aktuellen Produktverpackung.<\/p>\n<h3>Warnhinweise<\/h3>\n<ol>\n<li>Nur zur \u00e4u\u00dferlichen Anwendung geeignet.<\/li>\n<li>Nicht auf verletzte Haut oder auf Wunden auftragen.<\/li>\n<li>Sollten Nebenwirkungen wie Irritationen oder Ausschlag eintreten, Anwendung sofort beenden und unverz\u00fcglich an einen Arzt wenden.<\/li>\n<li>Kontakt mit den Augen vermeiden. Sollte das Produkt ins Auge gelangen, das Auge sofort gr\u00fcndlich mit klarem Wasser aussp\u00fclen.<\/li>\n<li>Au\u00dfer Reichweite von Kindern aufbewahren.<\/li>\n<li>Nicht schlucken. Bei Verschlucken Arzt oder Giftzentrale aufsuchen.<\/li>\n<\/ol>\n","protected":false},"excerpt":{"rendered":"<p>Das weiche Peeling-Gel mit zwanzig Arten nat\u00fcrlicher Pflanzenextrakte reinigt die Haut gr\u00fcndlich von Schlacken und abgestorbenen Hautzellen, spendet reichlich Feuchtigkeit und N\u00e4hrstoffe und gibt der Haut ihren gesunden Teint und ihre nat\u00fcrliche Ausstrahlung zur\u00fcck . Dieses Peeling-Gel enth\u00e4lt Zellulosepartikel, ein nat\u00fcrlicher Inhaltsstoff, der Unreinheiten effektiv reinigt und die Haut strahlend und glatt macht. Zellulose-Inhaltsstoffe zusammen mit 20 nat\u00fcrlichen Extrakten helfen, die Haut gr\u00fcndlich zu reinigen und gleichzeitig zu n\u00e4hren, wodurch Ihre Haut klar und strahlend wird.<\/p>\n<p><strong>Wirkstoffe: <\/strong>20 nat\u00fcrliche Extrakte<\/p>\n<ul>\n<li>Leistungsstarker antioxidativer Beerenkomplex: Enth\u00e4lt 10 Arten von Extrakten, die die Haut weich, glatt und sauber machen. Der Komplex bietet auch eine wirksame Anti-Aging-Pflege, indem er freie Radikale beseitigt, die die Hauptursachen der Hautalterung sind.<\/li>\n<li>Orchideenextrakt: ist ein ausgezeichnetes Antioxidans, das auch f\u00fcr seine feuchtigkeitsspendende und aufhellende Wirkung bekannt ist. Der Orchideenextrakt hilft, Ihre Haut nach der Reinigung nat\u00fcrlich strahlend und geschmeidig zu halten.<\/li>\n<li>Komplex aus 9 Arten von Extrakten: aus Pflanzen wie Tomaten und Brokkoli gewonnen, hilft, die Haut gesund und voller Energie zu halten.<\/li>\n<\/ul>\n<p><strong>Hauptfunktion: <\/strong>Feuchtigkeitsspendend, Anti-Aging<\/p>\n","protected":false},"featured_media":12074,"comment_status":"open","ping_status":"closed","template":"","meta":{"content-type":"","site-sidebar-layout":"default","site-content-layout":"default","ast-site-content-layout":"default","site-content-style":"default","site-sidebar-style":"default","ast-global-header-display":"","ast-banner-title-visibility":"","ast-main-header-display":"","ast-hfb-above-header-display":"","ast-hfb-below-header-display":"","ast-hfb-mobile-header-display":"","site-post-title":"","ast-breadcrumbs-content":"","ast-featured-img":"","footer-sml-layout":"","ast-disable-related-posts":"","theme-transparent-header-meta":"default","adv-header-id-meta":"","stick-header-meta":"","header-above-stick-meta":"","header-main-stick-meta":"","header-below-stick-meta":"","astra-migrate-meta-layouts":"set","ast-page-background-enabled":"default","ast-page-background-meta":{"desktop":{"background-color":"","background-image":"","background-repeat":"repeat","background-position":"center center","background-size":"auto","background-attachment":"scroll","background-type":"","background-media":"","overlay-type":"","overlay-color":"","overlay-opacity":"","overlay-gradient":""},"tablet":{"background-color":"","background-image":"","background-repeat":"repeat","background-position":"center center","background-size":"auto","background-attachment":"scroll","background-type":"","background-media":"","overlay-type":"","overlay-color":"","overlay-opacity":"","overlay-gradient":""},"mobile":{"background-color":"","background-image":"","background-repeat":"repeat","background-position":"center center","background-size":"auto","background-attachment":"scroll","background-type":"","background-media":"","overlay-type":"","overlay-color":"","overlay-opacity":"","overlay-gradient":""}},"ast-content-background-meta":{"desktop":{"background-color":"var(--ast-global-color-5)","background-image":"","background-repeat":"repeat","background-position":"center center","background-size":"auto","background-attachment":"scroll","background-type":"","background-media":"","overlay-type":"","overlay-color":"","overlay-opacity":"","overlay-gradient":""},"tablet":{"background-color":"var(--ast-global-color-5)","background-image":"","background-repeat":"repeat","background-position":"center center","background-size":"auto","background-attachment":"scroll","background-type":"","background-media":"","overlay-type":"","overlay-color":"","overlay-opacity":"","overlay-gradient":""},"mobile":{"background-color":"var(--ast-global-color-5)","background-image":"","background-repeat":"repeat","background-position":"center center","background-size":"auto","background-attachment":"scroll","background-type":"","background-media":"","overlay-type":"","overlay-color":"","overlay-opacity":"","overlay-gradient":""}}},"product_brand":[],"product_cat":[512,500],"product_tag":[39],"class_list":{"0":"post-12080","1":"product","2":"type-product","3":"status-publish","4":"has-post-thumbnail","6":"product_cat-2-gesichtspeeling","7":"product_cat-miverum","8":"product_tag-peeling","9":"pa_beduerfnisse-anti-aging","10":"pa_beduerfnisse-hautunreinheit","11":"pa_beduerfnisse-matte-muede","12":"pa_beduerfnisse-trockenheit","13":"pa_hauttyp-all","14":"pa_hauttyp-fettige","15":"pa_hauttyp-mischhaut","16":"pa_hauttyp-normal","17":"pa_hauttyp-trockene","18":"desktop-align-left","19":"tablet-align-left","20":"mobile-align-left","22":"first","23":"instock","24":"taxable","25":"shipping-taxable","26":"product-type-variable"},"_links":{"self":[{"href":"https:\/\/healthyskinsecrets.ch\/fr\/wp-json\/wp\/v2\/product\/12080","targetHints":{"allow":["GET"]}}],"collection":[{"href":"https:\/\/healthyskinsecrets.ch\/fr\/wp-json\/wp\/v2\/product"}],"about":[{"href":"https:\/\/healthyskinsecrets.ch\/fr\/wp-json\/wp\/v2\/types\/product"}],"replies":[{"embeddable":true,"href":"https:\/\/healthyskinsecrets.ch\/fr\/wp-json\/wp\/v2\/comments?post=12080"}],"wp:featuredmedia":[{"embeddable":true,"href":"https:\/\/healthyskinsecrets.ch\/fr\/wp-json\/wp\/v2\/media\/12074"}],"wp:attachment":[{"href":"https:\/\/healthyskinsecrets.ch\/fr\/wp-json\/wp\/v2\/media?parent=12080"}],"wp:term":[{"taxonomy":"product_brand","embeddable":true,"href":"https:\/\/healthyskinsecrets.ch\/fr\/wp-json\/wp\/v2\/product_brand?post=12080"},{"taxonomy":"product_cat","embeddable":true,"href":"https:\/\/healthyskinsecrets.ch\/fr\/wp-json\/wp\/v2\/product_cat?post=12080"},{"taxonomy":"product_tag","embeddable":true,"href":"https:\/\/healthyskinsecrets.ch\/fr\/wp-json\/wp\/v2\/product_tag?post=12080"}],"curies":[{"name":"wp","href":"https:\/\/api.w.org\/{rel}","templated":true}]}}