{"id":12007,"date":"2023-02-26T12:31:48","date_gmt":"2023-02-26T12:31:48","guid":{"rendered":"https:\/\/healthyskinsecrets.ch\/product\/jkosmec-tea-tree-and-bha-peeling-toner-pads\/"},"modified":"2024-09-16T19:21:44","modified_gmt":"2024-09-16T19:21:44","slug":"jkosmec-tea-tree-and-bha-peeling-toner-pads","status":"publish","type":"product","link":"https:\/\/healthyskinsecrets.ch\/fr\/product\/jkosmec-tea-tree-and-bha-peeling-toner-pads\/","title":{"rendered":"JKosmec Tea Tree and BHA Peeling Toner Pads"},"content":{"rendered":"<h3>Anwendung<\/h3>\n<ol>\n<li>Streichen Sie nach der Reinigung mit der gepr\u00e4gten Seite des Pads \u00fcber den Nasenr\u00fccken und die T-Zone.<\/li>\n<li>Streichen Sie dann sanft mit der gegen\u00fcberliegenden, weicheren Seite \u00fcber das Gesicht, um die Routine abzuschlie\u00dfen.<\/li>\n<li>F\u00fcr eine konzentrierte Feuchtigkeitspflege die Toner Pads f\u00fcr 2-3 Minuten auf die trockenen Stellen auftragen.<\/li>\n<li>Kann beim Fixieren von Make-up verwendet werden.<\/li>\n<\/ol>\n<h3>Inhaltsstoffe<\/h3>\n<p>Water, Butylene Glycol, Dipropylene Glycol, Diethoxyethyl Succinate, 1,2-Hexanediol, Betaine Salicylate, Allantoin, Tromethamine, Glycereth-25 PCA Isostearate, Melaleuca Alternifolia (Tea Tree) Leaf Oil, Hydroxyacetophenone , Disodium EDTA<\/p>\n<h3>Warnhinweise<\/h3>\n<ol>\n<li>Nur zur \u00e4u\u00dferlichen Anwendung geeignet.<\/li>\n<li>Nicht auf verletzte Haut oder auf Wunden auftragen.<\/li>\n<li>Sollten Nebenwirkungen wie Irritationen oder Ausschlag eintreten, Anwendung sofort beenden und unverz\u00fcglich an einen Arzt wenden.<\/li>\n<li>Kontakt mit den Augen vermeiden. Sollte das Produkt ins Auge gelangen, das Auge sofort gr\u00fcndlich mit klarem Wasser aussp\u00fclen.<\/li>\n<li>Au\u00dfer Reichweite von Kindern aufbewahren.<\/li>\n<li>Nicht schlucken. Bei Verschlucken Arzt oder Giftzentrale aufsuchen.<\/li>\n<\/ol>\n","protected":false},"excerpt":{"rendered":"<p><strong>JKosmec Tea Tree and BHA Peeling Toner Pads<\/strong> T\u00e4gliche Tonerpads mit BHA und Teebaumblatt\u00f6l helfen, abgestorbene Haut und Hautschlacken sanft zu entfernen und spenden reichlich Feuchtigkeit, wodurch die Haut glatt und gesund strahlend wird.<\/p>\n<p><strong>Wirkstoffe: <\/strong><\/p>\n<ul>\n<li><strong>BHA (Betainsalicylat)<\/strong> hilft, abgestorbene Hautzellen loszuwerden, f\u00fcr eine glatte Textur und einen strahlenden Teint. Die konzentrierte Essenz bietet eine hypoallergene Pflege, die die Haut beruhigt und gleichzeitig die Haut mit reichlich Feuchtigkeit versorgt.<\/li>\n<li><strong>Teebaum\u00f6l<\/strong> hilft, Talg zu kontrollieren, nachdem es Abfallstoffe aus den Poren entfernt hat.<\/li>\n<\/ul>\n<p><strong>Hauptfunktion: <\/strong>Peeling<\/p>\n","protected":false},"featured_media":12000,"comment_status":"open","ping_status":"closed","template":"","meta":{"content-type":"","site-sidebar-layout":"default","site-content-layout":"default","ast-site-content-layout":"default","site-content-style":"default","site-sidebar-style":"default","ast-global-header-display":"","ast-banner-title-visibility":"","ast-main-header-display":"","ast-hfb-above-header-display":"","ast-hfb-below-header-display":"","ast-hfb-mobile-header-display":"","site-post-title":"","ast-breadcrumbs-content":"","ast-featured-img":"","footer-sml-layout":"","ast-disable-related-posts":"","theme-transparent-header-meta":"default","adv-header-id-meta":"","stick-header-meta":"","header-above-stick-meta":"","header-main-stick-meta":"","header-below-stick-meta":"","astra-migrate-meta-layouts":"set","ast-page-background-enabled":"default","ast-page-background-meta":{"desktop":{"background-color":"","background-image":"","background-repeat":"repeat","background-position":"center center","background-size":"auto","background-attachment":"scroll","background-type":"","background-media":"","overlay-type":"","overlay-color":"","overlay-opacity":"","overlay-gradient":""},"tablet":{"background-color":"","background-image":"","background-repeat":"repeat","background-position":"center center","background-size":"auto","background-attachment":"scroll","background-type":"","background-media":"","overlay-type":"","overlay-color":"","overlay-opacity":"","overlay-gradient":""},"mobile":{"background-color":"","background-image":"","background-repeat":"repeat","background-position":"center center","background-size":"auto","background-attachment":"scroll","background-type":"","background-media":"","overlay-type":"","overlay-color":"","overlay-opacity":"","overlay-gradient":""}},"ast-content-background-meta":{"desktop":{"background-color":"var(--ast-global-color-5)","background-image":"","background-repeat":"repeat","background-position":"center center","background-size":"auto","background-attachment":"scroll","background-type":"","background-media":"","overlay-type":"","overlay-color":"","overlay-opacity":"","overlay-gradient":""},"tablet":{"background-color":"var(--ast-global-color-5)","background-image":"","background-repeat":"repeat","background-position":"center center","background-size":"auto","background-attachment":"scroll","background-type":"","background-media":"","overlay-type":"","overlay-color":"","overlay-opacity":"","overlay-gradient":""},"mobile":{"background-color":"var(--ast-global-color-5)","background-image":"","background-repeat":"repeat","background-position":"center center","background-size":"auto","background-attachment":"scroll","background-type":"","background-media":"","overlay-type":"","overlay-color":"","overlay-opacity":"","overlay-gradient":""}}},"product_brand":[],"product_cat":[512,510,503],"product_tag":[39],"class_list":{"0":"post-12007","1":"product","2":"type-product","3":"status-publish","4":"has-post-thumbnail","6":"product_cat-2-gesichtspeeling","7":"product_cat-3-gesichtswasser-toner","8":"product_cat-jkosmec","9":"product_tag-peeling","10":"pa_beduerfnisse-hautunreinheit","11":"pa_beduerfnisse-matte-muede","12":"pa_beduerfnisse-talg","13":"pa_hauttyp-all","14":"pa_hauttyp-fettige","15":"pa_hauttyp-mischhaut","16":"pa_hauttyp-normal","17":"pa_hauttyp-trockene","18":"desktop-align-left","19":"tablet-align-left","20":"mobile-align-left","22":"first","23":"instock","24":"taxable","25":"shipping-taxable","26":"product-type-variable"},"_links":{"self":[{"href":"https:\/\/healthyskinsecrets.ch\/fr\/wp-json\/wp\/v2\/product\/12007","targetHints":{"allow":["GET"]}}],"collection":[{"href":"https:\/\/healthyskinsecrets.ch\/fr\/wp-json\/wp\/v2\/product"}],"about":[{"href":"https:\/\/healthyskinsecrets.ch\/fr\/wp-json\/wp\/v2\/types\/product"}],"replies":[{"embeddable":true,"href":"https:\/\/healthyskinsecrets.ch\/fr\/wp-json\/wp\/v2\/comments?post=12007"}],"wp:featuredmedia":[{"embeddable":true,"href":"https:\/\/healthyskinsecrets.ch\/fr\/wp-json\/wp\/v2\/media\/12000"}],"wp:attachment":[{"href":"https:\/\/healthyskinsecrets.ch\/fr\/wp-json\/wp\/v2\/media?parent=12007"}],"wp:term":[{"taxonomy":"product_brand","embeddable":true,"href":"https:\/\/healthyskinsecrets.ch\/fr\/wp-json\/wp\/v2\/product_brand?post=12007"},{"taxonomy":"product_cat","embeddable":true,"href":"https:\/\/healthyskinsecrets.ch\/fr\/wp-json\/wp\/v2\/product_cat?post=12007"},{"taxonomy":"product_tag","embeddable":true,"href":"https:\/\/healthyskinsecrets.ch\/fr\/wp-json\/wp\/v2\/product_tag?post=12007"}],"curies":[{"name":"wp","href":"https:\/\/api.w.org\/{rel}","templated":true}]}}