{"id":11983,"date":"2023-02-26T12:31:38","date_gmt":"2023-02-26T12:31:38","guid":{"rendered":"https:\/\/healthyskinsecrets.ch\/product\/jkosmec-all-bright-honey-and-vitamin-c-foam-cleanser-180ml\/"},"modified":"2024-09-23T12:40:49","modified_gmt":"2024-09-23T12:40:49","slug":"jkosmec-all-bright-honey-and-vitamin-c-foam-cleanser-180ml","status":"publish","type":"product","link":"https:\/\/healthyskinsecrets.ch\/fr\/product\/jkosmec-all-bright-honey-and-vitamin-c-foam-cleanser-180ml\/","title":{"rendered":"JKosmec All Bright Honey and Vitamin C Foam Cleanser 180ml"},"content":{"rendered":"<h3>Anwendung<\/h3>\n<ol>\n<li>Befeuchten Sie Ihr Gesicht und Ihre H\u00e4nde, tragen Sie dann die ben\u00f6tigte Menge des Reinigungsmittels auf Ihre Handfl\u00e4che auf und sch\u00e4umen Sie es ausreichend auf.<\/li>\n<li>Tragen Sie den Schaum auf Ihr Gesicht auf und massieren Sie ihn sanft ein.<\/li>\n<li>Waschen Sie den Schaum mit lauwarmem Wasser ab.<\/li>\n<\/ol>\n<h3>Inhaltsstoffe<\/h3>\n<p>Water, Myristic Acid, Glycerin, Palmitic Acid, Stearic Acid, Lauric Acid, Potassium Hydroxide, Propylene Glycol, Cocamidopropyl Betaine, Sorbitan Olivate, Honey Extract (100ppm), Glyceryl Stearate, Sodium Chloride, PEG-100 Stearate, Chlorphenesin, Hydroxyethylcellulose, Tocopheryl Acetate, Butylene Glycol, Dipropylene Glycol, Ascorbic Acid (10ppm), Centella Asiatica Extract, 1,2-Hexanediol, Polygonum Cuspidatum Root Extract, Scutellaria Baicalensis Root Extract, Camellia Sinensis Leaf Extract, Glycyrrhiza Glabra (Licorice) Root Extract, Rosmarinus Officinalis (Rosemary) Leaf Extract, Chamomilla Recutita (Matricaria) Flower Extract, Disodium EDTA, CI 19140, CI 15985, Phenoxyethanol, Fragrance<\/p>\n<h3>Warnhinweise<\/h3>\n<ol>\n<li>Nur zur \u00e4u\u00dferlichen Anwendung geeignet.<\/li>\n<li>Nicht auf verletzte Haut oder auf Wunden auftragen.<\/li>\n<li>Sollten Nebenwirkungen wie Irritationen oder Ausschlag eintreten, Anwendung sofort beenden und unverz\u00fcglich an einen Arzt wenden.<\/li>\n<li>Kontakt mit den Augen vermeiden. Sollte das Produkt ins Auge gelangen, das Auge sofort gr\u00fcndlich mit klarem Wasser aussp\u00fclen.<\/li>\n<li>Au\u00dfer Reichweite von Kindern aufbewahren.<\/li>\n<li>Nicht schlucken. Bei Verschlucken Arzt oder Giftzentrale aufsuchen.<\/li>\n<\/ol>\n","protected":false},"excerpt":{"rendered":"<p><strong>JKosmec All Bright Honey and Vitamin C Foam Cleanser<\/strong> enth\u00e4lt Honig und Vitamin C, die Ihre Haut hell und strahlend machen. Honig hat ausgezeichnete feuchtigkeitsspendende und antibakterielle Eigenschaften und hilft bei der Bek\u00e4mpfung von Akne. Honig ist reich an N\u00e4hrstoffen, Aminos\u00e4uren, Vitaminen und Mineralien, die perfekt n\u00e4hren und Feuchtigkeit spenden und dazu beitragen, den perfekten Feuchtigkeitsgehalt Ihrer Haut aufrechtzuerhalten.<\/p>\n<p><strong>Wirkstoffe: <\/strong><\/p>\n<ul>\n<li><strong>Honig<\/strong> hat eine leicht aufhellende Wirkung, verbessert den Hautton, hilft Augenringe zu reduzieren und Pigmentflecken vorzubeugen.<\/li>\n<li><strong>Vitamin C<\/strong> hilft, empfindliche Haut zu beruhigen, Talg zu regulieren und hilft, Wasser und \u00d6l Ihrer Haut zu erhalten. Vitamin C baut auch Stress ab, gibt m\u00fcder und fahler Haut Energie und Licht zur\u00fcck, macht sie ges\u00fcnder, heller und strahlender.<\/li>\n<\/ul>\n<p><strong>Eigenschaften:<\/strong><\/p>\n<ul>\n<li>Tiefenreinigung: Entfernt effektiv Make-up-Reste und andere Verunreinigungen.<\/li>\n<li>Weicher Schaum: Reichhaltiger cremiger Schaum ist perfekt sanft zu Ihrer Haut.<\/li>\n<li>Saubere Poren: Hilft dank spezieller Wirkstoffe, Unreinheiten porentief zu reinigen.<\/li>\n<\/ul>\n<p><strong>Hauptfunktion: <\/strong>Aufhellung, Reinigung, Pflege<\/p>\n","protected":false},"featured_media":11978,"comment_status":"open","ping_status":"closed","template":"","meta":{"content-type":"","site-sidebar-layout":"default","site-content-layout":"default","ast-site-content-layout":"default","site-content-style":"default","site-sidebar-style":"default","ast-global-header-display":"","ast-banner-title-visibility":"","ast-main-header-display":"","ast-hfb-above-header-display":"","ast-hfb-below-header-display":"","ast-hfb-mobile-header-display":"","site-post-title":"","ast-breadcrumbs-content":"","ast-featured-img":"","footer-sml-layout":"","ast-disable-related-posts":"","theme-transparent-header-meta":"default","adv-header-id-meta":"","stick-header-meta":"","header-above-stick-meta":"","header-main-stick-meta":"","header-below-stick-meta":"","astra-migrate-meta-layouts":"set","ast-page-background-enabled":"default","ast-page-background-meta":{"desktop":{"background-color":"","background-image":"","background-repeat":"repeat","background-position":"center center","background-size":"auto","background-attachment":"scroll","background-type":"","background-media":"","overlay-type":"","overlay-color":"","overlay-opacity":"","overlay-gradient":""},"tablet":{"background-color":"","background-image":"","background-repeat":"repeat","background-position":"center center","background-size":"auto","background-attachment":"scroll","background-type":"","background-media":"","overlay-type":"","overlay-color":"","overlay-opacity":"","overlay-gradient":""},"mobile":{"background-color":"","background-image":"","background-repeat":"repeat","background-position":"center center","background-size":"auto","background-attachment":"scroll","background-type":"","background-media":"","overlay-type":"","overlay-color":"","overlay-opacity":"","overlay-gradient":""}},"ast-content-background-meta":{"desktop":{"background-color":"var(--ast-global-color-5)","background-image":"","background-repeat":"repeat","background-position":"center center","background-size":"auto","background-attachment":"scroll","background-type":"","background-media":"","overlay-type":"","overlay-color":"","overlay-opacity":"","overlay-gradient":""},"tablet":{"background-color":"var(--ast-global-color-5)","background-image":"","background-repeat":"repeat","background-position":"center center","background-size":"auto","background-attachment":"scroll","background-type":"","background-media":"","overlay-type":"","overlay-color":"","overlay-opacity":"","overlay-gradient":""},"mobile":{"background-color":"var(--ast-global-color-5)","background-image":"","background-repeat":"repeat","background-position":"center center","background-size":"auto","background-attachment":"scroll","background-type":"","background-media":"","overlay-type":"","overlay-color":"","overlay-opacity":"","overlay-gradient":""}}},"product_brand":[],"product_cat":[513,504,503],"product_tag":[427],"class_list":{"0":"post-11983","1":"product","2":"type-product","3":"status-publish","4":"has-post-thumbnail","6":"product_cat-1-cleanser","7":"product_cat-cpnp","8":"product_cat-jkosmec","9":"product_tag-reinigung","10":"pa_beduerfnisse-akne","11":"pa_beduerfnisse-augenringe","12":"pa_beduerfnisse-matte-muede","13":"pa_beduerfnisse-pigmentierung","14":"pa_beduerfnisse-talg","15":"pa_hauttyp-all","16":"pa_hauttyp-fettige","17":"pa_hauttyp-mischhaut","18":"pa_hauttyp-normal","19":"pa_hauttyp-trockene","20":"desktop-align-left","21":"tablet-align-left","22":"mobile-align-left","24":"first","25":"instock","26":"taxable","27":"shipping-taxable","28":"purchasable","29":"product-type-variable","30":"has-default-attributes"},"_links":{"self":[{"href":"https:\/\/healthyskinsecrets.ch\/fr\/wp-json\/wp\/v2\/product\/11983","targetHints":{"allow":["GET"]}}],"collection":[{"href":"https:\/\/healthyskinsecrets.ch\/fr\/wp-json\/wp\/v2\/product"}],"about":[{"href":"https:\/\/healthyskinsecrets.ch\/fr\/wp-json\/wp\/v2\/types\/product"}],"replies":[{"embeddable":true,"href":"https:\/\/healthyskinsecrets.ch\/fr\/wp-json\/wp\/v2\/comments?post=11983"}],"wp:featuredmedia":[{"embeddable":true,"href":"https:\/\/healthyskinsecrets.ch\/fr\/wp-json\/wp\/v2\/media\/11978"}],"wp:attachment":[{"href":"https:\/\/healthyskinsecrets.ch\/fr\/wp-json\/wp\/v2\/media?parent=11983"}],"wp:term":[{"taxonomy":"product_brand","embeddable":true,"href":"https:\/\/healthyskinsecrets.ch\/fr\/wp-json\/wp\/v2\/product_brand?post=11983"},{"taxonomy":"product_cat","embeddable":true,"href":"https:\/\/healthyskinsecrets.ch\/fr\/wp-json\/wp\/v2\/product_cat?post=11983"},{"taxonomy":"product_tag","embeddable":true,"href":"https:\/\/healthyskinsecrets.ch\/fr\/wp-json\/wp\/v2\/product_tag?post=11983"}],"curies":[{"name":"wp","href":"https:\/\/api.w.org\/{rel}","templated":true}]}}