{"id":11957,"date":"2023-02-26T12:31:27","date_gmt":"2023-02-26T12:31:27","guid":{"rendered":"https:\/\/healthyskinsecrets.ch\/product\/missha-all-around-safe-block-waterproof-sun-milk-70ml\/"},"modified":"2024-11-14T21:48:42","modified_gmt":"2024-11-14T21:48:42","slug":"missha-all-around-safe-block-waterproof-sun-milk-70ml","status":"publish","type":"product","link":"https:\/\/healthyskinsecrets.ch\/fr\/product\/missha-all-around-safe-block-waterproof-sun-milk-70ml\/","title":{"rendered":"Missha All-Around safe block Waterproof Sun milk 70ml"},"content":{"rendered":"<h3>Anwendung<\/h3>\n<ol>\n<li>Cremen Sie Ihrer t\u00e4glichen Hautpflege exponierte Stellen wie Gesicht, Hals, Dekollet\u00e9, Arme und Beine mit dem MISSHA All-around Safe Block Waterproof Sun milk ein.<\/li>\n<\/ol>\n<h3>Hauptinhaltsstoffe<\/h3>\n<p>Hauptinhaltsstoffe: Aloe, Cinchona, Eisenkraut, Guavenblatt, Rosenwurz<\/p>\n<p>Water, Cyclopentasiloxane, Homosalate, Silica, Ethylhexyl Salicylate, Titanium Dioxide (CI 77891), Butylene Glycol, Lauryl PEG-10 Tris(Trimethylsiloxy)silylethyl Dimethicone, Diethylamino Hydroxybenzoyl Hexyl Benzoate, Glycerin, C12-15 Alkyl Benzoate, Alcohol Denat., Helichrysum Arenarium Extract, Bis-Ethylhexyloxyphenol Methoxyphenyl Triazine, Isopropyl Palmitate, Dimethicone, PEG-10 Dimethicone, Magnesium Sulfate, Aluminum Hydroxide, Dimethicone\/Vinyl Dimethicone Crosspolymer, Stearic Acid, Fragrance, Triethoxycaprylylsilane, Phenoxyethanol, Quaternium-18 Bentonite, Silica Dimethyl Silylate, Sodium Benzoate, Acrylates\/Dimethicone Copolymer, Tocopheryl Acetate, Disodium EDTA, Potassium Sorbate, Caprylyl Glycol, VP\/Hexadecene Copolymer, Psidium Guajava Leaf Extract, Cinchona Succirubra Bark Extract, Abronia Villosa Leaf Extract, Aloe Barbadensis Leaf Extract, Eucalyptus Globulus Leaf Extract, Rhodiola Rosea Root Extract 0418.<\/p>\n<h3>Warnhinweise<\/h3>\n<ol>\n<li>Nur zur \u00e4u\u00dferlichen Anwendung geeignet.<\/li>\n<li>Nicht auf verletzte Haut oder auf Wunden auftragen.<\/li>\n<li>Sollten Nebenwirkungen wie Irritationen oder Ausschlag eintreten, Anwendung sofort beenden und unverz\u00fcglich an einen Arzt wenden.<\/li>\n<li>Kontakt mit den Augen vermeiden. Sollte das Produkt ins Auge gelangen, das Auge sofort gr\u00fcndlich mit klarem Wasser aussp\u00fclen.<\/li>\n<li>Au\u00dfer Reichweite von Kindern aufbewahren.<\/li>\n<li>Nicht schlucken. Bei Verschlucken Arzt oder Giftzentrale aufsuchen.<\/li>\n<\/ol>\n","protected":false},"excerpt":{"rendered":"<p><strong>MISSHA All Around Safe Block Water Proof Sun Milk SPF50+\/PA++++<\/strong><\/p>\n<p><strong>Vorteil<\/strong><\/p>\n<ul>\n<li>zuverl\u00e4ssiger UV-Schutz SPF50+\/PA++++<\/li>\n<li>wasserfest<\/li>\n<li>dermatologisch getestet \/ auch f\u00fcr empfindliche Haut<\/li>\n<li>Kontrolle der Sebum-Produktion<\/li>\n<li>leichte Textur ohne zu kleben oder \u00f6lige Haut zu hinterlassen<\/li>\n<\/ul>\n<p><strong>Konzept<\/strong><\/p>\n<ul>\n<li>Zuverl\u00e4ssige, wasserfeste Textur, der weder Wasser noch Schwei\u00df oder Sebum etwas anhaben kann \u2013 ideal f\u00fcr Outdoor-Aktivit\u00e4ten.<\/li>\n<li>Eukalyptus-Extrakt reguliert die Sebum-Produktion und h\u00e4lt Ihre Haut gleichzeitig frisch und seidig zart.<\/li>\n<li>Ihre Haut bleibt frisch, ohne zu kleben oder \u00f6lige Areale. Auch bei mehrmaliger Anwendung.<\/li>\n<\/ul>\n<p><strong>Wesentliche Inhaltsstoffe<\/strong><\/p>\n<ul>\n<li>Ein nat\u00fcrlicher Schutz-Komplex aus f\u00fcnf wilden Pflanzen wie Rosenwurz, Guavenblatt, Cinchona, Eisenkraut und Aloe Vera versorgen Ihre Haut prall mit Feuchtigkeit und N\u00e4hrstoffen. Ihr Teint schimmert seidig zart und ist perfekt gegen sch\u00e4dliche UV-Strahlung, Staub und Schmutz gesch\u00fctzt.<\/li>\n<li>Helichrysum Italicum-Extrakt (griechisch f\u00fcr \u201edie Goldene Sonne\u201c, italienische Strohblume) wird schnell von der Haut aufgenommen und sch\u00fctzt sie perfekt.<\/li>\n<li>Malven-Extrakt beruhigt irritierte Haut und sch\u00fctzt vor \u00e4u\u00dferen Einfl\u00fcssen.<\/li>\n<\/ul>\n","protected":false},"featured_media":11953,"comment_status":"open","ping_status":"closed","template":"","meta":{"content-type":"","site-sidebar-layout":"default","site-content-layout":"default","ast-site-content-layout":"default","site-content-style":"default","site-sidebar-style":"default","ast-global-header-display":"","ast-banner-title-visibility":"","ast-main-header-display":"","ast-hfb-above-header-display":"","ast-hfb-below-header-display":"","ast-hfb-mobile-header-display":"","site-post-title":"","ast-breadcrumbs-content":"","ast-featured-img":"","footer-sml-layout":"","ast-disable-related-posts":"","theme-transparent-header-meta":"default","adv-header-id-meta":"","stick-header-meta":"","header-above-stick-meta":"","header-main-stick-meta":"","header-below-stick-meta":"","astra-migrate-meta-layouts":"set","ast-page-background-enabled":"default","ast-page-background-meta":{"desktop":{"background-color":"","background-image":"","background-repeat":"repeat","background-position":"center center","background-size":"auto","background-attachment":"scroll","background-type":"","background-media":"","overlay-type":"","overlay-color":"","overlay-opacity":"","overlay-gradient":""},"tablet":{"background-color":"","background-image":"","background-repeat":"repeat","background-position":"center center","background-size":"auto","background-attachment":"scroll","background-type":"","background-media":"","overlay-type":"","overlay-color":"","overlay-opacity":"","overlay-gradient":""},"mobile":{"background-color":"","background-image":"","background-repeat":"repeat","background-position":"center center","background-size":"auto","background-attachment":"scroll","background-type":"","background-media":"","overlay-type":"","overlay-color":"","overlay-opacity":"","overlay-gradient":""}},"ast-content-background-meta":{"desktop":{"background-color":"var(--ast-global-color-5)","background-image":"","background-repeat":"repeat","background-position":"center center","background-size":"auto","background-attachment":"scroll","background-type":"","background-media":"","overlay-type":"","overlay-color":"","overlay-opacity":"","overlay-gradient":""},"tablet":{"background-color":"var(--ast-global-color-5)","background-image":"","background-repeat":"repeat","background-position":"center center","background-size":"auto","background-attachment":"scroll","background-type":"","background-media":"","overlay-type":"","overlay-color":"","overlay-opacity":"","overlay-gradient":""},"mobile":{"background-color":"var(--ast-global-color-5)","background-image":"","background-repeat":"repeat","background-position":"center center","background-size":"auto","background-attachment":"scroll","background-type":"","background-media":"","overlay-type":"","overlay-color":"","overlay-opacity":"","overlay-gradient":""}}},"product_brand":[],"product_cat":[521,504,424,437,291,480],"product_tag":[430],"class_list":{"0":"post-11957","1":"product","2":"type-product","3":"status-publish","4":"has-post-thumbnail","6":"product_cat-10-gesichtssonnencreme","7":"product_cat-cpnp","8":"product_cat-gesicht","9":"product_cat-koerper","10":"product_cat-missha","11":"product_cat-spezielles","12":"product_tag-sonnenschutz","13":"pa_beduerfnisse-anti-aging","14":"pa_hauttyp-empfindliche-haut","15":"pa_hauttyp-mischhaut","16":"pa_hauttyp-normal","17":"pa_hauttyp-trockene","18":"desktop-align-left","19":"tablet-align-left","20":"mobile-align-left","22":"first","23":"instock","24":"taxable","25":"shipping-taxable","26":"purchasable","27":"product-type-variable"},"_links":{"self":[{"href":"https:\/\/healthyskinsecrets.ch\/fr\/wp-json\/wp\/v2\/product\/11957","targetHints":{"allow":["GET"]}}],"collection":[{"href":"https:\/\/healthyskinsecrets.ch\/fr\/wp-json\/wp\/v2\/product"}],"about":[{"href":"https:\/\/healthyskinsecrets.ch\/fr\/wp-json\/wp\/v2\/types\/product"}],"replies":[{"embeddable":true,"href":"https:\/\/healthyskinsecrets.ch\/fr\/wp-json\/wp\/v2\/comments?post=11957"}],"wp:featuredmedia":[{"embeddable":true,"href":"https:\/\/healthyskinsecrets.ch\/fr\/wp-json\/wp\/v2\/media\/11953"}],"wp:attachment":[{"href":"https:\/\/healthyskinsecrets.ch\/fr\/wp-json\/wp\/v2\/media?parent=11957"}],"wp:term":[{"taxonomy":"product_brand","embeddable":true,"href":"https:\/\/healthyskinsecrets.ch\/fr\/wp-json\/wp\/v2\/product_brand?post=11957"},{"taxonomy":"product_cat","embeddable":true,"href":"https:\/\/healthyskinsecrets.ch\/fr\/wp-json\/wp\/v2\/product_cat?post=11957"},{"taxonomy":"product_tag","embeddable":true,"href":"https:\/\/healthyskinsecrets.ch\/fr\/wp-json\/wp\/v2\/product_tag?post=11957"}],"curies":[{"name":"wp","href":"https:\/\/api.w.org\/{rel}","templated":true}]}}