{"id":11914,"date":"2023-02-26T12:31:01","date_gmt":"2023-02-26T12:31:01","guid":{"rendered":"https:\/\/healthyskinsecrets.ch\/product\/missha-time-revolution-night-repair-probio-ampoule-50ml\/"},"modified":"2023-06-17T11:59:09","modified_gmt":"2023-06-17T11:59:09","slug":"missha-time-revolution-night-repair-probio-ampoule-50ml","status":"publish","type":"product","link":"https:\/\/healthyskinsecrets.ch\/fr\/product\/missha-time-revolution-night-repair-probio-ampoule-50ml\/","title":{"rendered":"Missha Time Revolution Night Repair Probio Ampoule 50ml"},"content":{"rendered":"<h3>Anwendung<\/h3>\n<ol>\n<li>2 bis 3 Tropfen auf die saubere Haut auftragen.<\/li>\n<li>Sanft in die Haut tupfen bis es v\u00f6llig eingezogen ist.<\/li>\n<li>Anschlie\u00dfend eine Gesichtscreme nach Wahl verwenden.<\/li>\n<li>F\u00fcr ein perfektes Resultat mit dem <strong>Missha <\/strong><a href=\"https:\/\/vanesis.ch\/product\/missha-time-revolution-night-repair-ampoule-cream\/\">Time Revolution Night Repair Ampoule Cream<\/a>.<\/li>\n<\/ol>\n<h3>Inhaltsstoffe<\/h3>\n<p>Bifida Ferment Lysate, Butylene Glycol, Glycerin, Propanediol, Betaine, Water, Niacinamide, Pentylene Glycol, 1,2-Hexanediol, Chondrus Crispus Extract, Saccharum Officinarum (Sugarcane) Extract, Theobroma Cacao (Cocoa) Extract, Beta Vulgaris (Beet) Root Extract, Brassica Oleracea Capitata (Cabbage) Leaf Extract, Daucus Carota Sativa (Carrot) Root Extract, Solanum Melongena (Eggplant) Fruit Extract, Vaccinium Angustifolium (Blueberry) Fruit Extract, Sodium Hyaluronate, Lactobacillus\/\u200bSoybean Ferment Extract, Leuconostoc\/\u200bRadish Root Ferment Filtrate, Bifida Ferment Filtrate, Lactobacillus Ferment, Lactobacillus Ferment Lysate, Lactobacillus\/\u200bAcerola Cherry Ferment, Lactobacillus\/\u200bPunica Granatum Fruit Ferment Extract, Lactococcus Ferment, Lactococcus Ferment Lysate, Citrus Aurantium Bergamia (Bergamot) Fruit Oil, Anthemis Nobilis Flower Oil, Citrus Aurantium Dulcis (Orange) Peel Oil, Lavandula Angustifolia (Lavender) Oil, Pelargonium Graveolens Flower Oil, Santalum Album (Sandalwood) Oil, Helianthus Annuus (Sunflower) Seed Oil, Lupinus Albus Seed Extract, Aspergillus Ferment, Swiftlet Nest Extract, Diethoxyethyl Succinate, Squalane, Panthenol, Polyglyceryl-10 Laurate, Hydrogenated Lecithin, Tromethamine, Polyquaternium-51, Ethylhexylglycerin, Adenosine, Dextrin, Tocopherol, Ceramide NP, Cholesterol, Carbomer, Xanthan Gum, Disodium EDTA<\/p>\n<h3>Warnhinweise<\/h3>\n<ol>\n<li>Nur zur \u00e4u\u00dferlichen Anwendung geeignet.<\/li>\n<li>Nicht auf verletzte Haut oder auf Wunden auftragen.<\/li>\n<li>Sollten Nebenwirkungen wie Irritationen oder Ausschlag eintreten, Anwendung sofort beenden und unverz\u00fcglich an einen Arzt wenden.<\/li>\n<li>Kontakt mit den Augen vermeiden. Sollte das Produkt ins Auge gelangen, das Auge sofort gr\u00fcndlich mit klarem Wasser aussp\u00fclen.<\/li>\n<li>Au\u00dfer Reichweite von Kindern aufbewahren.<\/li>\n<li>Nicht schlucken. Bei Verschlucken Arzt oder Giftzentrale aufsuchen.<\/li>\n<\/ol>\n","protected":false},"excerpt":{"rendered":"<p><strong>Missha<\/strong>\u00a0Time Revolution Night Repair Probio Ampoule. Der Bestseller von\u00a0<strong>Missha\u00a0<\/strong>ist ein Anti-Aging-Serum mit Bifida-Ferment-Lysat, fermentierter Hefe, die Anzeichen der Hautalterung sichtbar reduziert und die Hautelastizit\u00e4t verbessert. Repariert dieses preiswertere Serum die Haut und versorgt sie mit intensiver Feuchtigkeit.<\/p>\n<p>F\u00fcr eine glattere, gleichm\u00e4\u00dfige Haut mit gesundem Glow.<\/p>\n<p>F\u00fcr ein perfektes Resultat mit dem <strong>Missha <\/strong><a href=\"https:\/\/vanesis.ch\/product\/missha-time-revolution-night-repair-ampoule-cream\/\">Time Revolution Night Repair Ampoule Cream<\/a>.<\/p>\n","protected":false},"featured_media":11909,"comment_status":"open","ping_status":"closed","template":"","meta":{"content-type":"","site-sidebar-layout":"default","site-content-layout":"default","ast-site-content-layout":"default","site-content-style":"default","site-sidebar-style":"default","ast-global-header-display":"","ast-banner-title-visibility":"","ast-main-header-display":"","ast-hfb-above-header-display":"","ast-hfb-below-header-display":"","ast-hfb-mobile-header-display":"","site-post-title":"","ast-breadcrumbs-content":"","ast-featured-img":"","footer-sml-layout":"","ast-disable-related-posts":"","theme-transparent-header-meta":"default","adv-header-id-meta":"","stick-header-meta":"","header-above-stick-meta":"","header-main-stick-meta":"","header-below-stick-meta":"","astra-migrate-meta-layouts":"default","ast-page-background-enabled":"default","ast-page-background-meta":{"desktop":{"background-color":"","background-image":"","background-repeat":"repeat","background-position":"center center","background-size":"auto","background-attachment":"scroll","background-type":"","background-media":"","overlay-type":"","overlay-color":"","overlay-opacity":"","overlay-gradient":""},"tablet":{"background-color":"","background-image":"","background-repeat":"repeat","background-position":"center center","background-size":"auto","background-attachment":"scroll","background-type":"","background-media":"","overlay-type":"","overlay-color":"","overlay-opacity":"","overlay-gradient":""},"mobile":{"background-color":"","background-image":"","background-repeat":"repeat","background-position":"center center","background-size":"auto","background-attachment":"scroll","background-type":"","background-media":"","overlay-type":"","overlay-color":"","overlay-opacity":"","overlay-gradient":""}},"ast-content-background-meta":{"desktop":{"background-color":"var(--ast-global-color-5)","background-image":"","background-repeat":"repeat","background-position":"center center","background-size":"auto","background-attachment":"scroll","background-type":"","background-media":"","overlay-type":"","overlay-color":"","overlay-opacity":"","overlay-gradient":""},"tablet":{"background-color":"var(--ast-global-color-5)","background-image":"","background-repeat":"repeat","background-position":"center center","background-size":"auto","background-attachment":"scroll","background-type":"","background-media":"","overlay-type":"","overlay-color":"","overlay-opacity":"","overlay-gradient":""},"mobile":{"background-color":"var(--ast-global-color-5)","background-image":"","background-repeat":"repeat","background-position":"center center","background-size":"auto","background-attachment":"scroll","background-type":"","background-media":"","overlay-type":"","overlay-color":"","overlay-opacity":"","overlay-gradient":""}}},"product_brand":[],"product_cat":[514,504,424,291],"product_tag":[425,522],"class_list":{"0":"post-11914","1":"product","2":"type-product","3":"status-publish","4":"has-post-thumbnail","6":"product_cat-5-essence","7":"product_cat-cpnp","8":"product_cat-gesicht","9":"product_cat-missha","10":"product_tag-essence-serum-oil","11":"product_tag-ampoule","12":"pa_beduerfnisse-falten","13":"pa_beduerfnisse-pigmentierung","14":"pa_beduerfnisse-trockenheit","15":"pa_hauttyp-all","16":"desktop-align-left","17":"tablet-align-left","18":"mobile-align-left","20":"first","21":"instock","22":"taxable","23":"shipping-taxable","24":"purchasable","25":"product-type-variable"},"_links":{"self":[{"href":"https:\/\/healthyskinsecrets.ch\/fr\/wp-json\/wp\/v2\/product\/11914","targetHints":{"allow":["GET"]}}],"collection":[{"href":"https:\/\/healthyskinsecrets.ch\/fr\/wp-json\/wp\/v2\/product"}],"about":[{"href":"https:\/\/healthyskinsecrets.ch\/fr\/wp-json\/wp\/v2\/types\/product"}],"replies":[{"embeddable":true,"href":"https:\/\/healthyskinsecrets.ch\/fr\/wp-json\/wp\/v2\/comments?post=11914"}],"wp:featuredmedia":[{"embeddable":true,"href":"https:\/\/healthyskinsecrets.ch\/fr\/wp-json\/wp\/v2\/media\/11909"}],"wp:attachment":[{"href":"https:\/\/healthyskinsecrets.ch\/fr\/wp-json\/wp\/v2\/media?parent=11914"}],"wp:term":[{"taxonomy":"product_brand","embeddable":true,"href":"https:\/\/healthyskinsecrets.ch\/fr\/wp-json\/wp\/v2\/product_brand?post=11914"},{"taxonomy":"product_cat","embeddable":true,"href":"https:\/\/healthyskinsecrets.ch\/fr\/wp-json\/wp\/v2\/product_cat?post=11914"},{"taxonomy":"product_tag","embeddable":true,"href":"https:\/\/healthyskinsecrets.ch\/fr\/wp-json\/wp\/v2\/product_tag?post=11914"}],"curies":[{"name":"wp","href":"https:\/\/api.w.org\/{rel}","templated":true}]}}