{"id":11907,"date":"2024-09-21T12:11:04","date_gmt":"2024-09-21T12:11:04","guid":{"rendered":"https:\/\/healthyskinsecrets.ch\/product\/missha-all-around-safe-block-essence-sun-milk-spf50-pa\/"},"modified":"2024-09-21T12:11:04","modified_gmt":"2024-09-21T12:11:04","slug":"missha-all-around-safe-block-essence-sun-milk-spf50-pa","status":"publish","type":"product","link":"https:\/\/healthyskinsecrets.ch\/fr\/product\/missha-all-around-safe-block-essence-sun-milk-spf50-pa\/","title":{"rendered":"Missha All Around Safe Block Essence Sun Milk SPF50+\/PA+++"},"content":{"rendered":"<h3>Anwendung<\/h3>\n<ol>\n<li>Als letzten Schritt der Hautpflege-Routine 30 Minuten vor dem Verlassen des Hauses gro\u00dfz\u00fcgig auftragen.<\/li>\n<li>F\u00fcr kontinuierlichen Schutz \u00fcber den Tag hinweg alle 2 Stunden erneut auftragen.<\/li>\n<\/ol>\n<h3>Inhaltsstoffe<\/h3>\n<p>Water, Ethylhexyl Methoxycinnamate,Ethylexyl Salicylate, Phenybenzimidazole Sukfonic Acid, Butylene Glycol,Diethylamino Hydroxybenzoyl Hexyl Benzoate, Methyl Methacrylate Crosspulymer, C12-15 Alkyl Benzoate, Cetearyl Alcohol, Bis-Ethylhexyloxyphenol Methoxyphenyl Triazine, Glyceryl Stearate, Cetearyl Olivate, Cyclopentasiloxane, Acrylates\/ Dimethicone Copolymer, VP\/ Hexadence Copolymer, Rosa Davurica Bud Extract, Nelumbo Nucifera Flower Extract, Chrysanthemumindicum Flower Extract, CamelliaSinensis Leaf Extract, Artemisia Princepsleaf Extract, Diospyros Kaki Leaf Extract, Cinnamomum Cassia Bark Extract, Morus Alba Fruit Extract, Pueraria Lobata Root Extract, AloeBarbadensis Leaf Juice, Glycyrrhiza Glabra (Licorice) Root Extract, Morus Alba Root Exract, Cucumis Satimus (cucumber) Fruit Extract, Portulaca Oleracea Extract, HamamelisVirginiana (Witch Hazel) Water, Limonia Acidissima Extract, Centaurea, Cyanus Flower Water, Thymus Vulgares (Thyme) Leaf Water, Helichrysum Italicum Flower Water, Sorbitan Olivate, Sodium Gydroxide, Polysorbate 60, DImethicone, Poluacrylate-13, PEG-100Stearate, Polusobutene,Sorbitan Sesquioleate, BHT, Sorbitan Isostearate, Polysorbate 20, Panthenol, Disodium EDTA, Caprylyl Glycol, Ethylhexylglycerin, 1,2-Hexanediol, fragrance<\/p>\n<h3>Warnhinweise<\/h3>\n<ol>\n<li>Nur zur \u00e4u\u00dferlichen Anwendung geeignet.<\/li>\n<li>Nicht auf verletzte Haut oder auf Wunden auftragen.<\/li>\n<li>Sollten Nebenwirkungen wie Irritationen oder Ausschlag eintreten, Anwendung sofort beenden und unverz\u00fcglich an einen Arzt wenden.<\/li>\n<li>Kontakt mit den Augen vermeiden. Sollte das Produkt ins Auge gelangen, das Auge sofort gr\u00fcndlich mit klarem Wasser aussp\u00fclen.<\/li>\n<li>Au\u00dfer Reichweite von Kindern aufbewahren.<\/li>\n<li>Nicht schlucken. Bei Verschlucken Arzt oder Giftzentrale aufsuchen.<\/li>\n<\/ol>\n","protected":false},"excerpt":{"rendered":"<p><strong>Missha<\/strong>\u00a0All-around Safe Block Essence Sun Milk ist eine\u00a0feuchtigkeitsspendende, nicht-klebende Sonnenmilch, die vor UVA- und UVB-Strahlen sch\u00fctzt. Hinterl\u00e4sst nach dem Auftragen keinen wei\u00dfen Film. Formuliert mit 4 Bl\u00fctenarten: Aprikosenbl\u00fcte, Lotusbl\u00fcte, Chrysanthemen und Kamelie, um die Haut zu pflegen und mit Feuchtigkeit zu versorgen. Eignet sich f\u00fcr normale bis trockene Haut. SPF 50+\/PA+++.<\/p>\n<p>70ml<\/p>\n","protected":false},"featured_media":11905,"comment_status":"open","ping_status":"closed","template":"","meta":{"content-type":"","site-sidebar-layout":"default","site-content-layout":"default","ast-site-content-layout":"default","site-content-style":"default","site-sidebar-style":"default","ast-global-header-display":"","ast-banner-title-visibility":"","ast-main-header-display":"","ast-hfb-above-header-display":"","ast-hfb-below-header-display":"","ast-hfb-mobile-header-display":"","site-post-title":"","ast-breadcrumbs-content":"","ast-featured-img":"","footer-sml-layout":"","ast-disable-related-posts":"","theme-transparent-header-meta":"default","adv-header-id-meta":"","stick-header-meta":"","header-above-stick-meta":"","header-main-stick-meta":"","header-below-stick-meta":"","astra-migrate-meta-layouts":"default","ast-page-background-enabled":"default","ast-page-background-meta":{"desktop":{"background-color":"","background-image":"","background-repeat":"repeat","background-position":"center center","background-size":"auto","background-attachment":"scroll","background-type":"","background-media":"","overlay-type":"","overlay-color":"","overlay-opacity":"","overlay-gradient":""},"tablet":{"background-color":"","background-image":"","background-repeat":"repeat","background-position":"center center","background-size":"auto","background-attachment":"scroll","background-type":"","background-media":"","overlay-type":"","overlay-color":"","overlay-opacity":"","overlay-gradient":""},"mobile":{"background-color":"","background-image":"","background-repeat":"repeat","background-position":"center center","background-size":"auto","background-attachment":"scroll","background-type":"","background-media":"","overlay-type":"","overlay-color":"","overlay-opacity":"","overlay-gradient":""}},"ast-content-background-meta":{"desktop":{"background-color":"var(--ast-global-color-5)","background-image":"","background-repeat":"repeat","background-position":"center center","background-size":"auto","background-attachment":"scroll","background-type":"","background-media":"","overlay-type":"","overlay-color":"","overlay-opacity":"","overlay-gradient":""},"tablet":{"background-color":"var(--ast-global-color-5)","background-image":"","background-repeat":"repeat","background-position":"center center","background-size":"auto","background-attachment":"scroll","background-type":"","background-media":"","overlay-type":"","overlay-color":"","overlay-opacity":"","overlay-gradient":""},"mobile":{"background-color":"var(--ast-global-color-5)","background-image":"","background-repeat":"repeat","background-position":"center center","background-size":"auto","background-attachment":"scroll","background-type":"","background-media":"","overlay-type":"","overlay-color":"","overlay-opacity":"","overlay-gradient":""}}},"product_brand":[],"product_cat":[521,504,424,291],"product_tag":[430],"class_list":{"0":"post-11907","1":"product","2":"type-product","3":"status-publish","4":"has-post-thumbnail","6":"product_cat-10-gesichtssonnencreme","7":"product_cat-cpnp","8":"product_cat-gesicht","9":"product_cat-missha","10":"product_tag-sonnenschutz","11":"pa_beduerfnisse-trockenheit","12":"pa_hauttyp-all","13":"pa_hauttyp-normal","14":"pa_hauttyp-trockene","15":"desktop-align-left","16":"tablet-align-left","17":"mobile-align-left","19":"first","20":"instock","21":"taxable","22":"shipping-taxable","23":"purchasable","24":"product-type-variable"},"_links":{"self":[{"href":"https:\/\/healthyskinsecrets.ch\/fr\/wp-json\/wp\/v2\/product\/11907","targetHints":{"allow":["GET"]}}],"collection":[{"href":"https:\/\/healthyskinsecrets.ch\/fr\/wp-json\/wp\/v2\/product"}],"about":[{"href":"https:\/\/healthyskinsecrets.ch\/fr\/wp-json\/wp\/v2\/types\/product"}],"replies":[{"embeddable":true,"href":"https:\/\/healthyskinsecrets.ch\/fr\/wp-json\/wp\/v2\/comments?post=11907"}],"wp:featuredmedia":[{"embeddable":true,"href":"https:\/\/healthyskinsecrets.ch\/fr\/wp-json\/wp\/v2\/media\/11905"}],"wp:attachment":[{"href":"https:\/\/healthyskinsecrets.ch\/fr\/wp-json\/wp\/v2\/media?parent=11907"}],"wp:term":[{"taxonomy":"product_brand","embeddable":true,"href":"https:\/\/healthyskinsecrets.ch\/fr\/wp-json\/wp\/v2\/product_brand?post=11907"},{"taxonomy":"product_cat","embeddable":true,"href":"https:\/\/healthyskinsecrets.ch\/fr\/wp-json\/wp\/v2\/product_cat?post=11907"},{"taxonomy":"product_tag","embeddable":true,"href":"https:\/\/healthyskinsecrets.ch\/fr\/wp-json\/wp\/v2\/product_tag?post=11907"}],"curies":[{"name":"wp","href":"https:\/\/api.w.org\/{rel}","templated":true}]}}