{"id":11387,"date":"2023-01-19T15:34:04","date_gmt":"2023-01-19T15:34:04","guid":{"rendered":"https:\/\/healthyskinsecrets.ch\/product\/import-placeholder-for-7362\/"},"modified":"2026-02-24T10:41:49","modified_gmt":"2026-02-24T10:41:49","slug":"acwell-bubble-free-ph-cleanser-150ml","status":"publish","type":"product","link":"https:\/\/healthyskinsecrets.ch\/fr\/product\/acwell-bubble-free-ph-cleanser-150ml\/","title":{"rendered":"Acwell Bubble Free pH Balancing Cleanser 150ml"},"content":{"rendered":"<h3>Anwendung<\/h3>\n<ol>\n<li>Die Haut im Gesicht und am Hals anfeuchten. Dann eine angemessene Menge mit sauberen H\u00e4nden auftragen.<\/li>\n<li>Sanft in die Haut einmassieren.<\/li>\n<li>Mit lauwarmem Wasser abwaschen und mit einem sauberen, weichen Handtuch trocken tupfen.<\/li>\n<\/ol>\n<h3>Inhaltsstoffe<\/h3>\n<p>Aloe Barbadensis Leaf Juice, Centella Asiatica Extract, Hamamelis Virginiana (Witch Hazel) Extract, Glycyrrhiza Glabra (Licorice) Root Extract, Salicylic Acid, Water, PEG-7 Glyceryl Cocoate, Dipropylene Glycol, Alcohol, PEG-11 Methyl Ether Dimethicone, Benzyl Alcohol, Acrylic acid\/Phosphorylcholine Glycol Acrylate Crosspolymer, Triethanolamine, Aloe Barbadensis Leaf Juice, Centella Asiatica Extract, Hamamelis Virginiana (Witch Hazel) Extract, Dehydroacetic Acid, Dipotassium Glycyrrhizate, Disodium EDTA, Glycyrrhiza Glabra (Licorice) Root Extract, Paeonia Albiflora Root Extract, Cimicifuga Dahurica Root Extract, Pueraria Lobata Root Extract, Salicylic Acid, Farnesyl Acetate, Farnesol, Panthenyl Triacetate, Fragrance<\/p>\n<h3>Warnhinweise<\/h3>\n<ol>\n<li>Nur zur \u00e4u\u00dferlichen Anwendung geeignet.<\/li>\n<li>Nicht auf verletzte Haut oder auf Wunden auftragen.<\/li>\n<li>Sollten Nebenwirkungen wie Irritationen oder Ausschlag eintreten, Anwendung sofort beenden und unverz\u00fcglich an einen Arzt wenden.<\/li>\n<li>Kontakt mit den Augen vermeiden. Sollte das Produkt ins Auge gelangen, das Auge sofort gr\u00fcndlich mit klarem Wasser aussp\u00fclen.<\/li>\n<li>Au\u00dfer Reichweite von Kindern aufbewahren.<\/li>\n<li>Nicht schlucken. Bei Verschlucken Arzt oder Giftzentrale aufsuchen.<\/li>\n<\/ol>\n","protected":false},"excerpt":{"rendered":"<p><strong>ACWELL<\/strong>\u00a0Bubble Free pH Balancing Cleanser: Die leichte Gel-Formel besitzt einen niedrigen pH-Wert von 5,5. Der feuchtigkeits-spendende Cleanser h\u00e4lt die Haut effektiv im Gleichgewicht und hilft ihr dabei, weich und geschmeidig zu bleiben.<\/p>\n<p>Er enth\u00e4lt die kraftvollen Inhaltsstoffe Centella, Aloe und Hamamelis, um die Haut zu beruhigen und sie mit jedem Waschen aufzuhellen. Extrakt aus der S\u00fc\u00dfholzwurzel unterst\u00fctzt die Aufhellung, w\u00e4hrend Salicyls\u00e4ure Akne-Ausbr\u00fcche in den Griff bekommt.<\/p>\n","protected":false},"featured_media":14358,"comment_status":"open","ping_status":"closed","template":"","meta":{"content-type":"","site-sidebar-layout":"default","site-content-layout":"default","ast-site-content-layout":"default","site-content-style":"default","site-sidebar-style":"default","ast-global-header-display":"","ast-banner-title-visibility":"","ast-main-header-display":"","ast-hfb-above-header-display":"","ast-hfb-below-header-display":"","ast-hfb-mobile-header-display":"","site-post-title":"","ast-breadcrumbs-content":"","ast-featured-img":"","footer-sml-layout":"","ast-disable-related-posts":"","theme-transparent-header-meta":"default","adv-header-id-meta":"","stick-header-meta":"","header-above-stick-meta":"","header-main-stick-meta":"","header-below-stick-meta":"","astra-migrate-meta-layouts":"set","ast-page-background-enabled":"default","ast-page-background-meta":{"desktop":{"background-color":"","background-image":"","background-repeat":"repeat","background-position":"center center","background-size":"auto","background-attachment":"scroll","background-type":"","background-media":"","overlay-type":"","overlay-color":"","overlay-opacity":"","overlay-gradient":""},"tablet":{"background-color":"","background-image":"","background-repeat":"repeat","background-position":"center center","background-size":"auto","background-attachment":"scroll","background-type":"","background-media":"","overlay-type":"","overlay-color":"","overlay-opacity":"","overlay-gradient":""},"mobile":{"background-color":"","background-image":"","background-repeat":"repeat","background-position":"center center","background-size":"auto","background-attachment":"scroll","background-type":"","background-media":"","overlay-type":"","overlay-color":"","overlay-opacity":"","overlay-gradient":""}},"ast-content-background-meta":{"desktop":{"background-color":"var(--ast-global-color-5)","background-image":"","background-repeat":"repeat","background-position":"center center","background-size":"auto","background-attachment":"scroll","background-type":"","background-media":"","overlay-type":"","overlay-color":"","overlay-opacity":"","overlay-gradient":""},"tablet":{"background-color":"var(--ast-global-color-5)","background-image":"","background-repeat":"repeat","background-position":"center center","background-size":"auto","background-attachment":"scroll","background-type":"","background-media":"","overlay-type":"","overlay-color":"","overlay-opacity":"","overlay-gradient":""},"mobile":{"background-color":"var(--ast-global-color-5)","background-image":"","background-repeat":"repeat","background-position":"center center","background-size":"auto","background-attachment":"scroll","background-type":"","background-media":"","overlay-type":"","overlay-color":"","overlay-opacity":"","overlay-gradient":""}}},"product_brand":[],"product_cat":[513,228,504,424],"product_tag":[427],"class_list":{"0":"post-11387","1":"product","2":"type-product","3":"status-publish","4":"has-post-thumbnail","6":"product_cat-1-cleanser","7":"product_cat-acwell","8":"product_cat-cpnp","9":"product_cat-gesicht","10":"product_tag-reinigung","11":"pa_beduerfnisse-akne","12":"pa_beduerfnisse-hautunreinheit","13":"pa_beduerfnisse-pigmentierung","14":"pa_beduerfnisse-roetung","15":"pa_beduerfnisse-talg","16":"pa_hauttyp-all","17":"pa_hauttyp-fettige","18":"pa_hauttyp-mischhaut","19":"pa_hauttyp-normal","20":"pa_hauttyp-trockene","21":"desktop-align-left","22":"tablet-align-left","23":"mobile-align-left","25":"first","26":"outofstock","27":"taxable","28":"shipping-taxable","29":"purchasable","30":"product-type-variable"},"_links":{"self":[{"href":"https:\/\/healthyskinsecrets.ch\/fr\/wp-json\/wp\/v2\/product\/11387","targetHints":{"allow":["GET"]}}],"collection":[{"href":"https:\/\/healthyskinsecrets.ch\/fr\/wp-json\/wp\/v2\/product"}],"about":[{"href":"https:\/\/healthyskinsecrets.ch\/fr\/wp-json\/wp\/v2\/types\/product"}],"replies":[{"embeddable":true,"href":"https:\/\/healthyskinsecrets.ch\/fr\/wp-json\/wp\/v2\/comments?post=11387"}],"wp:featuredmedia":[{"embeddable":true,"href":"https:\/\/healthyskinsecrets.ch\/fr\/wp-json\/wp\/v2\/media\/14358"}],"wp:attachment":[{"href":"https:\/\/healthyskinsecrets.ch\/fr\/wp-json\/wp\/v2\/media?parent=11387"}],"wp:term":[{"taxonomy":"product_brand","embeddable":true,"href":"https:\/\/healthyskinsecrets.ch\/fr\/wp-json\/wp\/v2\/product_brand?post=11387"},{"taxonomy":"product_cat","embeddable":true,"href":"https:\/\/healthyskinsecrets.ch\/fr\/wp-json\/wp\/v2\/product_cat?post=11387"},{"taxonomy":"product_tag","embeddable":true,"href":"https:\/\/healthyskinsecrets.ch\/fr\/wp-json\/wp\/v2\/product_tag?post=11387"}],"curies":[{"name":"wp","href":"https:\/\/api.w.org\/{rel}","templated":true}]}}