{"id":10134,"date":"2022-07-12T19:47:35","date_gmt":"2022-07-12T19:47:35","guid":{"rendered":"https:\/\/healthyskinsecrets.ch\/product\/import-placeholder-for-14367\/"},"modified":"2026-02-24T10:47:29","modified_gmt":"2026-02-24T10:47:29","slug":"farm-stay-laferme-visible-difference-snail-sun-cream-70ml","status":"publish","type":"product","link":"https:\/\/healthyskinsecrets.ch\/fr\/product\/farm-stay-laferme-visible-difference-snail-sun-cream-70ml\/","title":{"rendered":"Farm Stay Laferme Visible Difference Snail Sun Cream 70ml"},"content":{"rendered":"<h3>Anwendung<\/h3>\n<ol>\n<li>Wird im letzten Schritt der Hautpflege verwendet.<\/li>\n<li>Sanft \u00fcber die f\u00fcr Sonnenstrahlen anf\u00e4lligen Stellen wie Gesicht, Hals, Arme und Beine verteilen.<\/li>\n<li>Bei Bedarf erneut auftragen, wenn Sie viel Zeit im Freien verbringen.<\/li>\n<\/ol>\n<h3>Inhaltsstoffe<\/h3>\n<p>Water,\u00a0Titanium Dioxide,\u00a0Trimethoxycaprylylsilane,\u00a0Ethylhexyl Methoxycinnamate,\u00a0Zinc Oxide,\u00a0Mineral Oil,\u00a0Cyclomethicone,\u00a0Butyl Methoxydibenzoylmethane,\u00a0Caprylic\/\u200bCapric Triglyceride,\u00a0Butylene Glycol,\u00a0Niacinamide,\u00a0Propylene Glycol,\u00a0Glycerine,\u00a0Cetyl PEG\/\u200bPPG-10\/\u200b1 Dimethicone,\u00a0Sorbitan Sesquioleate,\u00a0Shea Butter,\u00a0Na Cl,\u00a0Beeswax,\u00a0Sodium Hyaluronate,\u00a0Microcrystalline Wax,\u00a0Witch Hazel Extract,\u00a0Chamomile Extract,\u00a0Aloe Vera,\u00a0Green Tea,\u00a0Centella Asiatica,\u00a0Rosa Centifolia Extract,\u00a0Collagen Extract,\u00a0Snail Mucin (100Ppm),\u00a0Adenosine,\u00a0Propylparaben,\u00a0Methylparaben,\u00a0Ci 77491,\u00a0Ci 77492,\u00a0Ci 77499,\u00a0Fragrance<\/p>\n<p>*Eine Ver\u00e4nderung der Inhaltsstoffe unterliegt dem Ermessen des Herstellers. Willst du vor dem Kauf ganz sicher gehen? Dann kontaktiere uns f\u00fcr ein Foto der aktuellen Produktverpackung.<\/p>\n<h3>Warnhinweise<\/h3>\n<ol>\n<li>Nur zur \u00e4u\u00dferlichen Anwendung geeignet.<\/li>\n<li>Nicht auf verletzte Haut oder auf Wunden auftragen.<\/li>\n<li>Sollten Nebenwirkungen wie Irritationen oder Ausschlag eintreten, Anwendung sofort beenden und unverz\u00fcglich an einen Arzt wenden.<\/li>\n<li>Kontakt mit den Augen vermeiden. Sollte das Produkt ins Auge gelangen, das Auge sofort gr\u00fcndlich mit klarem Wasser aussp\u00fclen.<\/li>\n<li>Au\u00dfer Reichweite von Kindern aufbewahren.<\/li>\n<li>Nicht schlucken. Bei Verschlucken Arzt oder Giftzentrale aufsuchen.<\/li>\n<\/ol>\n","protected":false},"excerpt":{"rendered":"<p>Mit Schneckensekretfiltrat formuliert, um Sch\u00e4den und Reizungen der Haut zu reduzieren.<br \/>\nBietet der Haut reichhaltige N\u00e4hrstoffe und Feuchtigkeit.<br \/>\nSch\u00fctzt die Haut vor sch\u00e4dlichen Sonnenstrahlen mit SPF 50+ PA+++.<br \/>\nKann auch als Make-up-Basis verwendet werden.<br \/>\nEnth\u00fcllt einen weicheren, strahlenderen und ges\u00fcnder aussehenden Teint<br \/>\nEinschlie\u00dflich Schneckenextrakt 650mg.<br \/>\nSonnencreme hilft der Haut, gesund zu bleiben und Sch\u00e4den und Irritationen der Haut zu minimieren, indem sie die Haut vor starker Sonneneinstrahlung sch\u00fctzt.<br \/>\nEs versorgt trockene, durch UV-Strahlung gesch\u00e4digte Haut mit Schneckensekretfiltrat und vielen feuchtigkeitsspendenden Inhaltsstoffen und macht die Haut mit Feuchtigkeit versorgt und vitaler<\/p>\n","protected":false},"featured_media":13125,"comment_status":"open","ping_status":"closed","template":"","meta":{"content-type":"","site-sidebar-layout":"default","site-content-layout":"default","ast-site-content-layout":"default","site-content-style":"default","site-sidebar-style":"default","ast-global-header-display":"","ast-banner-title-visibility":"","ast-main-header-display":"","ast-hfb-above-header-display":"","ast-hfb-below-header-display":"","ast-hfb-mobile-header-display":"","site-post-title":"","ast-breadcrumbs-content":"","ast-featured-img":"","footer-sml-layout":"","ast-disable-related-posts":"","theme-transparent-header-meta":"default","adv-header-id-meta":"","stick-header-meta":"","header-above-stick-meta":"","header-main-stick-meta":"","header-below-stick-meta":"","astra-migrate-meta-layouts":"default","ast-page-background-enabled":"default","ast-page-background-meta":{"desktop":{"background-color":"","background-image":"","background-repeat":"repeat","background-position":"center center","background-size":"auto","background-attachment":"scroll","background-type":"","background-media":"","overlay-type":"","overlay-color":"","overlay-opacity":"","overlay-gradient":""},"tablet":{"background-color":"","background-image":"","background-repeat":"repeat","background-position":"center center","background-size":"auto","background-attachment":"scroll","background-type":"","background-media":"","overlay-type":"","overlay-color":"","overlay-opacity":"","overlay-gradient":""},"mobile":{"background-color":"","background-image":"","background-repeat":"repeat","background-position":"center center","background-size":"auto","background-attachment":"scroll","background-type":"","background-media":"","overlay-type":"","overlay-color":"","overlay-opacity":"","overlay-gradient":""}},"ast-content-background-meta":{"desktop":{"background-color":"var(--ast-global-color-5)","background-image":"","background-repeat":"repeat","background-position":"center center","background-size":"auto","background-attachment":"scroll","background-type":"","background-media":"","overlay-type":"","overlay-color":"","overlay-opacity":"","overlay-gradient":""},"tablet":{"background-color":"var(--ast-global-color-5)","background-image":"","background-repeat":"repeat","background-position":"center center","background-size":"auto","background-attachment":"scroll","background-type":"","background-media":"","overlay-type":"","overlay-color":"","overlay-opacity":"","overlay-gradient":""},"mobile":{"background-color":"var(--ast-global-color-5)","background-image":"","background-repeat":"repeat","background-position":"center center","background-size":"auto","background-attachment":"scroll","background-type":"","background-media":"","overlay-type":"","overlay-color":"","overlay-opacity":"","overlay-gradient":""}}},"product_brand":[],"product_cat":[428,424],"product_tag":[430],"class_list":{"0":"post-10134","1":"product","2":"type-product","3":"status-publish","4":"has-post-thumbnail","6":"product_cat-farm-stay","7":"product_cat-gesicht","8":"product_tag-sonnenschutz","9":"pa_beduerfnisse-falten","10":"pa_beduerfnisse-trockenheit","11":"pa_hauttyp-all","12":"pa_hauttyp-fettige","13":"pa_hauttyp-mischhaut","14":"pa_hauttyp-normal","15":"pa_hauttyp-trockene","16":"desktop-align-left","17":"tablet-align-left","18":"mobile-align-left","20":"first","21":"outofstock","22":"taxable","23":"shipping-taxable","24":"product-type-variable"},"_links":{"self":[{"href":"https:\/\/healthyskinsecrets.ch\/fr\/wp-json\/wp\/v2\/product\/10134","targetHints":{"allow":["GET"]}}],"collection":[{"href":"https:\/\/healthyskinsecrets.ch\/fr\/wp-json\/wp\/v2\/product"}],"about":[{"href":"https:\/\/healthyskinsecrets.ch\/fr\/wp-json\/wp\/v2\/types\/product"}],"replies":[{"embeddable":true,"href":"https:\/\/healthyskinsecrets.ch\/fr\/wp-json\/wp\/v2\/comments?post=10134"}],"wp:featuredmedia":[{"embeddable":true,"href":"https:\/\/healthyskinsecrets.ch\/fr\/wp-json\/wp\/v2\/media\/13125"}],"wp:attachment":[{"href":"https:\/\/healthyskinsecrets.ch\/fr\/wp-json\/wp\/v2\/media?parent=10134"}],"wp:term":[{"taxonomy":"product_brand","embeddable":true,"href":"https:\/\/healthyskinsecrets.ch\/fr\/wp-json\/wp\/v2\/product_brand?post=10134"},{"taxonomy":"product_cat","embeddable":true,"href":"https:\/\/healthyskinsecrets.ch\/fr\/wp-json\/wp\/v2\/product_cat?post=10134"},{"taxonomy":"product_tag","embeddable":true,"href":"https:\/\/healthyskinsecrets.ch\/fr\/wp-json\/wp\/v2\/product_tag?post=10134"}],"curies":[{"name":"wp","href":"https:\/\/api.w.org\/{rel}","templated":true}]}}