{"id":10128,"date":"2022-07-12T19:47:33","date_gmt":"2022-07-12T19:47:33","guid":{"rendered":"https:\/\/healthyskinsecrets.ch\/product\/import-placeholder-for-14319\/"},"modified":"2026-02-24T10:47:28","modified_gmt":"2026-02-24T10:47:28","slug":"farm-stay-hyaluronic-uv-shield-sun-block-cream-70g","status":"publish","type":"product","link":"https:\/\/healthyskinsecrets.ch\/fr\/product\/farm-stay-hyaluronic-uv-shield-sun-block-cream-70g\/","title":{"rendered":"Farm Stay Hyaluronic UV Shield Sun Block Cream 70g"},"content":{"rendered":"<h3>Anwendung<\/h3>\n<ol>\n<li>Als letzten Schritt der Hautpflegeroutine 30 Minuten vor dem Sonnen gro\u00dfz\u00fcgig auf die Haut auftragen.<\/li>\n<li>F\u00fcr optimalen Schutz tags\u00fcber alle zwei Stunden erneut auftragen.<\/li>\n<\/ol>\n<h3>Inhaltsstoffe<\/h3>\n<p>Gereinigtes Wasser, Titandioxid \/ Triethoxycaprylylsilan, *Natriumhyaluronat (10.000 ppm), Ethylhexylmethoxycinnamat, Zinkoxid, Mineral\u00f6l, Cyclomethicon, Butylmethoxydibenzoylmethan, Maprils\u00e4ure \/ Caprintriglycerid, Butylenglykol Lycol, Niacinamid, Propylenglykol, Glycerin cetylpyimi \/ fiji-10 \/ 1 Dimethiconsorbitansesquioleat, Sheabutter, Natriumchlorid, Perlenwachs, mikrokristallines Wachs, Hamamelisextrakt, Kamillenextrakt, Gr\u00fcnteesamenextrakt, Gr\u00fcnteeextrakt, Centella-Extrakt, Provence Rose Flower, Collagen Extract, Schnecke Schleimfiltrat, Adenosin, Propylparaben, Methylparaben, rotes Eisenoxid (CI77491), gelbes Eisenoxid (CI77492), schwarzes Eisenoxid (CI77499), Duft<\/p>\n<p>*Eine Ver\u00e4nderung der Inhaltsstoffe unterliegt dem Ermessen des Herstellers. Willst du vor dem Kauf ganz sicher gehen? Dann kontaktiere uns f\u00fcr ein Foto der aktuellen Produktverpackung.<\/p>\n<h3>Warnhinweise<\/h3>\n<ol>\n<li>Nur zur \u00e4u\u00dferlichen Anwendung geeignet.<\/li>\n<li>Nicht auf verletzte Haut oder auf Wunden auftragen.<\/li>\n<li>Sollten Nebenwirkungen wie Irritationen oder Ausschlag eintreten, Anwendung sofort beenden und unverz\u00fcglich an einen Arzt wenden.<\/li>\n<li>Kontakt mit den Augen vermeiden. Sollte das Produkt ins Auge gelangen, das Auge sofort gr\u00fcndlich mit klarem Wasser aussp\u00fclen.<\/li>\n<li>Au\u00dfer Reichweite von Kindern aufbewahren.<\/li>\n<li>Nicht schlucken. Bei Verschlucken Arzt oder Giftzentrale aufsuchen.<\/li>\n<\/ol>\n","protected":false},"excerpt":{"rendered":"<p class=\"paragraph___1C-HL\" data-testid=\"DescriptionOnProductPage\">Sonnencreme mit UV-Schutz und Feuchtigkeit in der Haut! &#8211; Aufhellung, Faltenverbesserung, Sonnenschutz, Dreifach-Funktionskosmetik<\/p>\n<p class=\"paragraph___1C-HL\" data-testid=\"DescriptionOnProductPage\">&#8211; Es ist eine Sonnenschutzcreme auf Make-up-Basis, die die Haut auch bei l\u00e4ngerer \u00e4u\u00dferer Aktivit\u00e4t vor ultravioletten Strahlen sch\u00fctzt und Hyalurons\u00e4ure (Natriumhyaluronat), einen nat\u00fcrlichen Feuchtigkeitsfaktor, enth\u00e4lt, um die Haut mit einem feuchten und weichen Gef\u00fchl zu erfrischen.<\/p>\n<ol>\n<li class=\"paragraph___1C-HL\" data-testid=\"DescriptionOnProductPage\">Nat\u00fcrlicher Feuchtigkeitsfaktor, Hyalurons\u00e4ure! Sonnencreme, die auch an meine Hautgesundheit denkt! &#8211; Es enth\u00e4lt Hyalurons\u00e4ure, einen nat\u00fcrlichen Feuchtigkeitsfaktor, der die Haut mit Feuchtigkeit auff\u00fcllt und vor dem Wegfliegen sch\u00fctzt.<\/li>\n<li class=\"paragraph___1C-HL\" data-testid=\"DescriptionOnProductPage\">Es ist auch f\u00fcr l\u00e4ngere Zeit im Freien OK! Sonnencreme! &#8211; UVF und SPB 50+, UV+ und UVB blockieren UVA und UVB von der Au\u00dfenseite der Haut und f\u00fcllen sie mit Feuchtigkeit f\u00fcr eine saubere und gesunde Haut.<\/li>\n<li class=\"paragraph___1C-HL\" data-testid=\"DescriptionOnProductPage\">Erfrischendes Finish \/ Feuchtigkeit auf meiner Haut ~ Moist! &#8211; Nach der Verwendung des Sonnenprodukts m\u00fcssen Sie die Make-up-Basis nicht erneut verwenden, sodass Sie sie einfach auftragen und f\u00fcr ein erfrischendes Finish mit Feuchtigkeit versorgen k\u00f6nnen.<\/li>\n<\/ol>\n<ul>\n<li class=\"paragraph___1C-HL\" data-testid=\"DescriptionOnProductPage\">Hyalurons\u00e4ure, eine Feuchtigkeitsbombe, die die Haut auff\u00fcllt: Vitamin E, bekannt als typisches Antioxidans, und Vitamin C, das eine aufhellende Wirkung hat, und Vitaminkomplexe wie B3 und B5 verleihen der Haut Vitalit\u00e4t und helfen, Irritationen zu lindern. Sie k\u00f6nnen nicht nur die komplexe Wirksamkeit jedes Vitamins erwarten, sondern auch die k\u00f6rperliche Erg\u00e4nzung, damit Sie dazu beitragen k\u00f6nnen, dass Ihre Haut frisch aussieht.<\/li>\n<\/ul>\n","protected":false},"featured_media":13119,"comment_status":"open","ping_status":"closed","template":"","meta":{"content-type":"","site-sidebar-layout":"default","site-content-layout":"default","ast-site-content-layout":"default","site-content-style":"default","site-sidebar-style":"default","ast-global-header-display":"","ast-banner-title-visibility":"","ast-main-header-display":"","ast-hfb-above-header-display":"","ast-hfb-below-header-display":"","ast-hfb-mobile-header-display":"","site-post-title":"","ast-breadcrumbs-content":"","ast-featured-img":"","footer-sml-layout":"","ast-disable-related-posts":"","theme-transparent-header-meta":"default","adv-header-id-meta":"","stick-header-meta":"","header-above-stick-meta":"","header-main-stick-meta":"","header-below-stick-meta":"","astra-migrate-meta-layouts":"set","ast-page-background-enabled":"default","ast-page-background-meta":{"desktop":{"background-color":"","background-image":"","background-repeat":"repeat","background-position":"center center","background-size":"auto","background-attachment":"scroll","background-type":"","background-media":"","overlay-type":"","overlay-color":"","overlay-opacity":"","overlay-gradient":""},"tablet":{"background-color":"","background-image":"","background-repeat":"repeat","background-position":"center center","background-size":"auto","background-attachment":"scroll","background-type":"","background-media":"","overlay-type":"","overlay-color":"","overlay-opacity":"","overlay-gradient":""},"mobile":{"background-color":"","background-image":"","background-repeat":"repeat","background-position":"center center","background-size":"auto","background-attachment":"scroll","background-type":"","background-media":"","overlay-type":"","overlay-color":"","overlay-opacity":"","overlay-gradient":""}},"ast-content-background-meta":{"desktop":{"background-color":"var(--ast-global-color-5)","background-image":"","background-repeat":"repeat","background-position":"center center","background-size":"auto","background-attachment":"scroll","background-type":"","background-media":"","overlay-type":"","overlay-color":"","overlay-opacity":"","overlay-gradient":""},"tablet":{"background-color":"var(--ast-global-color-5)","background-image":"","background-repeat":"repeat","background-position":"center center","background-size":"auto","background-attachment":"scroll","background-type":"","background-media":"","overlay-type":"","overlay-color":"","overlay-opacity":"","overlay-gradient":""},"mobile":{"background-color":"var(--ast-global-color-5)","background-image":"","background-repeat":"repeat","background-position":"center center","background-size":"auto","background-attachment":"scroll","background-type":"","background-media":"","overlay-type":"","overlay-color":"","overlay-opacity":"","overlay-gradient":""}}},"product_brand":[],"product_cat":[428,424],"product_tag":[430],"class_list":{"0":"post-10128","1":"product","2":"type-product","3":"status-publish","4":"has-post-thumbnail","6":"product_cat-farm-stay","7":"product_cat-gesicht","8":"product_tag-sonnenschutz","9":"pa_beduerfnisse-falten","10":"pa_beduerfnisse-pigmentierung","11":"pa_beduerfnisse-trockenheit","12":"pa_hauttyp-all","13":"pa_hauttyp-fettige","14":"pa_hauttyp-mischhaut","15":"pa_hauttyp-normal","16":"pa_hauttyp-trockene","17":"desktop-align-left","18":"tablet-align-left","19":"mobile-align-left","21":"first","22":"outofstock","23":"taxable","24":"shipping-taxable","25":"product-type-variable"},"_links":{"self":[{"href":"https:\/\/healthyskinsecrets.ch\/fr\/wp-json\/wp\/v2\/product\/10128","targetHints":{"allow":["GET"]}}],"collection":[{"href":"https:\/\/healthyskinsecrets.ch\/fr\/wp-json\/wp\/v2\/product"}],"about":[{"href":"https:\/\/healthyskinsecrets.ch\/fr\/wp-json\/wp\/v2\/types\/product"}],"replies":[{"embeddable":true,"href":"https:\/\/healthyskinsecrets.ch\/fr\/wp-json\/wp\/v2\/comments?post=10128"}],"wp:featuredmedia":[{"embeddable":true,"href":"https:\/\/healthyskinsecrets.ch\/fr\/wp-json\/wp\/v2\/media\/13119"}],"wp:attachment":[{"href":"https:\/\/healthyskinsecrets.ch\/fr\/wp-json\/wp\/v2\/media?parent=10128"}],"wp:term":[{"taxonomy":"product_brand","embeddable":true,"href":"https:\/\/healthyskinsecrets.ch\/fr\/wp-json\/wp\/v2\/product_brand?post=10128"},{"taxonomy":"product_cat","embeddable":true,"href":"https:\/\/healthyskinsecrets.ch\/fr\/wp-json\/wp\/v2\/product_cat?post=10128"},{"taxonomy":"product_tag","embeddable":true,"href":"https:\/\/healthyskinsecrets.ch\/fr\/wp-json\/wp\/v2\/product_tag?post=10128"}],"curies":[{"name":"wp","href":"https:\/\/api.w.org\/{rel}","templated":true}]}}