{"id":10113,"date":"2022-07-12T19:47:09","date_gmt":"2022-07-12T19:47:09","guid":{"rendered":"https:\/\/healthyskinsecrets.ch\/product\/import-placeholder-for-12340\/"},"modified":"2023-06-16T19:57:53","modified_gmt":"2023-06-16T19:57:53","slug":"pyunkang-yul-eye-cream-1ml-x-50ea","status":"publish","type":"product","link":"https:\/\/healthyskinsecrets.ch\/fr\/product\/pyunkang-yul-eye-cream-1ml-x-50ea\/","title":{"rendered":"Pyunkang yul Eye Cream (1ml x 50ea)"},"content":{"rendered":"<h3>Anwendung<\/h3>\n<ol>\n<li>Eine angemessene Menge nehmen und sanft \u00fcber die Augenpartie verteilen, damit sie aufgenommen wird.<\/li>\n<\/ol>\n<h3>Hauptinhaltsstoffe<\/h3>\n<p>Astragalus Membranaceus (Huang Qi) Root Extract, Petrolatum, Dimethicone, Cetearyl Alcohol, Butyrospermum Parkii (Shea) Butter, Glycerin, Phenyl Trimethicone, Ceresin, Pentylene Glycol, 1,2-Hexanediol, Polysorbate 60, Butylene Glycol, Lauryl PEG-9 Polydimethylsiloxyethyl Dimethicone, Lactobacillus\/Panax Ginseng Root Ferment Filtrate, Glycyrrhiza Glabra (Licorice) Root Extract, Acetyl Glucosamine, Adenosine, Sodium Hyaluronate, Silica, PEG-100 Stearate, Glyceryl Stearate<\/p>\n<h3>Warnhinweise<\/h3>\n<ol>\n<li>Nur zur \u00e4u\u00dferlichen Anwendung geeignet.<\/li>\n<li>Nicht auf verletzte Haut oder auf Wunden auftragen.<\/li>\n<li>Sollten Nebenwirkungen wie Irritationen oder Ausschlag eintreten, Anwendung sofort beenden und unverz\u00fcglich an einen Arzt wenden.<\/li>\n<li>Kontakt mit den Augen vermeiden. Sollte das Produkt ins Auge gelangen, das Auge sofort gr\u00fcndlich mit klarem Wasser aussp\u00fclen.<\/li>\n<li>Au\u00dfer Reichweite von Kindern aufbewahren.<\/li>\n<li>Nicht schlucken. Bei Verschlucken Arzt oder Giftzentrale aufsuchen.<\/li>\n<\/ol>\n","protected":false},"excerpt":{"rendered":"<h5>Produktinformationen<\/h5>\n<ul>\n<li>Angenehm und hygienisch. Diese Augencreme von Pyunkang Yul eignet sich ideal f\u00fcr deine t\u00e4gliche Hautpflegeroutine.<\/li>\n<li>Die 50 einzeln verpackten Dosen sind jeweils sorgf\u00e4ltig versiegelt, um Verunreinigungen zu vermeiden.<\/li>\n<li>Die Formel enth\u00e4lt wertvolle, wirksame Inhaltsstoffe wie Sheabutter, Trabantwurzel- und Ginseng-Extrakt und bek\u00e4mpft so gezielt typische Anzeichen von Hautalterung wie trockene Haut, F\u00e4ltchen und Augenringe.<\/li>\n<li>Anwendungsempfehlung:<br \/>\nVerwende diese Augencreme zum Abschluss deiner Hautpflegeroutine (morgens und abends).<br \/>\nKlopfe eine winzige Menge Creme in die Haut um deine Augen ein.<br \/>\nVerwende jeden Tag eine Dosis.<\/li>\n<\/ul>\n<h5>\u00dcber die Marke:\u00a0Pyunkang Yul<\/h5>\n<p><span class=\"notranslate\">Pyunkang Yul<\/span>\u00a0wurde im M\u00e4rz 2016 vom Pyunkang Korean Medicine Hospital gegr\u00fcndet, einer Klinik, die f\u00fcr die Behandlung atopischer Hauterkrankungen bekannt ist. Die Marke verfolgt eine Philosophie des ganzheitlichen k\u00f6rperlichen Wohlergehens und daher ist\u00a0<span class=\"notranslate\">Pyunkang Yul<\/span>\u00a0davon \u00fcberzeugt, dass der Weg zu einer gesunden Haut \u00fcber ein ausgeglichenes Fett-Wasser-Verh\u00e4ltnis f\u00fchrt. Die Marke vermeidet \u00fcberfl\u00fcssige chemische Stoffe und verwendet ausschlie\u00dflich nat\u00fcrliche und sanfte Inhaltsstoffe. Die Bestseller der Marke umfassen die Moisture Ampoule (feuchtigkeitsspendend) und Moisture Cream (Feuchtigkeitscreme) aus der Basic Line, sowie die ATO Cream, den Cleanser und die Lotion aus der ATO-Linie f\u00fcr sensible Haut. Die Produkte werden zu 100 % in Korea und ohne Tierversuche hergestellt.\u00a0<span class=\"notranslate\">YesStyle<\/span>\u00a0ist ein autorisierter H\u00e4ndler von\u00a0<span class=\"notranslate\">Pyunkang Yul<\/span>.<\/p>\n","protected":false},"featured_media":10472,"comment_status":"open","ping_status":"closed","template":"","meta":{"content-type":"","site-sidebar-layout":"default","site-content-layout":"default","ast-site-content-layout":"default","site-content-style":"default","site-sidebar-style":"default","ast-global-header-display":"","ast-banner-title-visibility":"","ast-main-header-display":"","ast-hfb-above-header-display":"","ast-hfb-below-header-display":"","ast-hfb-mobile-header-display":"","site-post-title":"","ast-breadcrumbs-content":"","ast-featured-img":"","footer-sml-layout":"","ast-disable-related-posts":"","theme-transparent-header-meta":"default","adv-header-id-meta":"","stick-header-meta":"","header-above-stick-meta":"","header-main-stick-meta":"","header-below-stick-meta":"","astra-migrate-meta-layouts":"default","ast-page-background-enabled":"default","ast-page-background-meta":{"desktop":{"background-color":"","background-image":"","background-repeat":"repeat","background-position":"center center","background-size":"auto","background-attachment":"scroll","background-type":"","background-media":"","overlay-type":"","overlay-color":"","overlay-opacity":"","overlay-gradient":""},"tablet":{"background-color":"","background-image":"","background-repeat":"repeat","background-position":"center center","background-size":"auto","background-attachment":"scroll","background-type":"","background-media":"","overlay-type":"","overlay-color":"","overlay-opacity":"","overlay-gradient":""},"mobile":{"background-color":"","background-image":"","background-repeat":"repeat","background-position":"center center","background-size":"auto","background-attachment":"scroll","background-type":"","background-media":"","overlay-type":"","overlay-color":"","overlay-opacity":"","overlay-gradient":""}},"ast-content-background-meta":{"desktop":{"background-color":"var(--ast-global-color-5)","background-image":"","background-repeat":"repeat","background-position":"center center","background-size":"auto","background-attachment":"scroll","background-type":"","background-media":"","overlay-type":"","overlay-color":"","overlay-opacity":"","overlay-gradient":""},"tablet":{"background-color":"var(--ast-global-color-5)","background-image":"","background-repeat":"repeat","background-position":"center center","background-size":"auto","background-attachment":"scroll","background-type":"","background-media":"","overlay-type":"","overlay-color":"","overlay-opacity":"","overlay-gradient":""},"mobile":{"background-color":"var(--ast-global-color-5)","background-image":"","background-repeat":"repeat","background-position":"center center","background-size":"auto","background-attachment":"scroll","background-type":"","background-media":"","overlay-type":"","overlay-color":"","overlay-opacity":"","overlay-gradient":""}}},"product_brand":[],"product_cat":[424,307],"product_tag":[433],"class_list":{"0":"post-10113","1":"product","2":"type-product","3":"status-publish","4":"has-post-thumbnail","6":"product_cat-gesicht","7":"product_cat-pyunkang-yul","8":"product_tag-augenpflege","9":"pa_beduerfnisse-anti-aging","10":"pa_beduerfnisse-augenringe","11":"pa_beduerfnisse-falten","12":"pa_hauttyp-all","13":"desktop-align-left","14":"tablet-align-left","15":"mobile-align-left","17":"first","18":"instock","19":"taxable","20":"shipping-taxable","21":"product-type-variable"},"_links":{"self":[{"href":"https:\/\/healthyskinsecrets.ch\/fr\/wp-json\/wp\/v2\/product\/10113","targetHints":{"allow":["GET"]}}],"collection":[{"href":"https:\/\/healthyskinsecrets.ch\/fr\/wp-json\/wp\/v2\/product"}],"about":[{"href":"https:\/\/healthyskinsecrets.ch\/fr\/wp-json\/wp\/v2\/types\/product"}],"replies":[{"embeddable":true,"href":"https:\/\/healthyskinsecrets.ch\/fr\/wp-json\/wp\/v2\/comments?post=10113"}],"wp:featuredmedia":[{"embeddable":true,"href":"https:\/\/healthyskinsecrets.ch\/fr\/wp-json\/wp\/v2\/media\/10472"}],"wp:attachment":[{"href":"https:\/\/healthyskinsecrets.ch\/fr\/wp-json\/wp\/v2\/media?parent=10113"}],"wp:term":[{"taxonomy":"product_brand","embeddable":true,"href":"https:\/\/healthyskinsecrets.ch\/fr\/wp-json\/wp\/v2\/product_brand?post=10113"},{"taxonomy":"product_cat","embeddable":true,"href":"https:\/\/healthyskinsecrets.ch\/fr\/wp-json\/wp\/v2\/product_cat?post=10113"},{"taxonomy":"product_tag","embeddable":true,"href":"https:\/\/healthyskinsecrets.ch\/fr\/wp-json\/wp\/v2\/product_tag?post=10113"}],"curies":[{"name":"wp","href":"https:\/\/api.w.org\/{rel}","templated":true}]}}