{"id":10111,"date":"2022-07-12T19:47:08","date_gmt":"2022-07-12T19:47:08","guid":{"rendered":"https:\/\/healthyskinsecrets.ch\/product\/import-placeholder-for-12235\/"},"modified":"2023-06-16T19:54:27","modified_gmt":"2023-06-16T19:54:27","slug":"pyunkang-yul-low-ph-scalp-treatment-500ml","status":"publish","type":"product","link":"https:\/\/healthyskinsecrets.ch\/fr\/product\/pyunkang-yul-low-ph-scalp-treatment-500ml\/","title":{"rendered":"Pyunkang yul Low pH Scalp Treatment 500ml"},"content":{"rendered":"<h3>Anwendung<\/h3>\n<ol>\n<li>\u00a0Feuchtes, entwirrtes Haar abteilen und direkt auf Haar und Kopfhaut auftragen.<\/li>\n<li>Einmassieren und anschlie\u00dfend gr\u00fcndlich mit lauwarmem Wasser absp\u00fclen.<\/li>\n<\/ol>\n<h3>Hauptinhaltsstoffe<\/h3>\n<p>Purified Water, Dipropylene Glycol, Cetearyl Alcohol, Cetyl Alcohol, Dipalmitoylethyl Dimonium Chloride, Caprylyl Glycol, Menthol, Disodium EDTA, Panthenol, Citrus Paradisi (Grapefruit) Peel Oil, Butylene Glycol, Acorus Calamus Root Extract, Allium Cepa (Onion) Bulb Extract, Artemisia Capillaris Extract, Brassica Oleracea Italica (Broccoli) Extract, 1,2-Hexanediol, Cnidium Officinale Root Extract, Glycerin, Wheatgrass Extract, Cysteine, Biotin, Methionine, Melaleuca Alternifolia (Tea Tree) Leaf Extract, Salvia Officinalis (Sage) Leaf Extract, Camellia Japonica Flower Extract, Zingiber Officinale (Ginger) Root Extract, Ethylhexylglycerin, Dimethicone, Propylene Glycol, Behentrimonium Chloride, Melaleuca Alternifolia (Tea Tree) Leaf Oil<\/p>\n<h3>Warnhinweise<\/h3>\n<ol>\n<li>Nur zur \u00e4u\u00dferlichen Anwendung geeignet.<\/li>\n<li>Nicht auf verletzte Haut oder auf Wunden auftragen.<\/li>\n<li>Sollten Nebenwirkungen wie Irritationen oder Ausschlag eintreten, Anwendung sofort beenden und unverz\u00fcglich an einen Arzt wenden.<\/li>\n<li>Kontakt mit den Augen vermeiden. Sollte das Produkt ins Auge gelangen, das Auge sofort gr\u00fcndlich mit klarem Wasser aussp\u00fclen.<\/li>\n<li>Au\u00dfer Reichweite von Kindern aufbewahren.<\/li>\n<li>Nicht schlucken. Bei Verschlucken Arzt oder Giftzentrale aufsuchen.<\/li>\n<\/ol>\n","protected":false},"excerpt":{"rendered":"<h2>Pyunkang Yul Low pH Scalp Treatment im \u00dcberblick<\/h2>\n<p><strong>Pyunkang Yul Low pH Scalp Treatment<\/strong>\u00a0ist eine Haarsp\u00fclung mit einem niedrigen pH-Wert, die die Haarstruktur verbessert und gleichzeitig eine gesunde Kopfhaut aufrechterh\u00e4lt.<\/p>\n<p>Die in der Pyunkang Yul Low pH Scalp Treatment Sp\u00fclung enthaltende Inhaltsstoffe spenden der Kopfhaut und den Haaren intensiv Feuchtigkeit. Die Sp\u00fclung ist angereichert mit Teebaumextrakt, Beifu\u00df, Menthol und Panthenol um empfindliche und gereizte Kopfhaut zu beruhigen, der niedrige pH-Wert sorgt f\u00fcr eine gesunde Kopfhaut und die Haarstruktur wird verbessert. Kamelien Extrakt pflegt die Haut und Haare intensiv, es spendet intensiv Feuchtigkeit, n\u00e4hrt das Haar mit Vitaminen und Antioxidantien, wirkt Spliss und trockenem Haar entgegen. Die Kombination aus pflanzlichen Inhaltsstoffen sorgen f\u00fcr einen ausgewogenen und ges\u00fcnderen Zustand von Haar und Kopfhaut. Pyunkang Yul Low pH Scalp Treatment pflegt die Haare intensiv und entwirrt sie, so dass sie gut k\u00e4mmbar sind.<\/p>\n<h3>F\u00fcr WEN ist das Pyunkang Yul Low pH Scalp Treatment geeignet<\/h3>\n<p>Die Sp\u00fclung ist vor allem f\u00fcr Menschen mit empfindlicher, trockener Kopfhaut und trockenen Haaren geeignet, so dass diese beruhigt wird und die Haare ausreichend mit Feuchtigkeit versorgt werden, um sie gesund und gepflegt aussehen zu lassen.<\/p>\n","protected":false},"featured_media":10466,"comment_status":"open","ping_status":"closed","template":"","meta":{"content-type":"","site-sidebar-layout":"default","site-content-layout":"default","ast-site-content-layout":"default","site-content-style":"default","site-sidebar-style":"default","ast-global-header-display":"","ast-banner-title-visibility":"","ast-main-header-display":"","ast-hfb-above-header-display":"","ast-hfb-below-header-display":"","ast-hfb-mobile-header-display":"","site-post-title":"","ast-breadcrumbs-content":"","ast-featured-img":"","footer-sml-layout":"","ast-disable-related-posts":"","theme-transparent-header-meta":"default","adv-header-id-meta":"","stick-header-meta":"","header-above-stick-meta":"","header-main-stick-meta":"","header-below-stick-meta":"","astra-migrate-meta-layouts":"default","ast-page-background-enabled":"default","ast-page-background-meta":{"desktop":{"background-color":"","background-image":"","background-repeat":"repeat","background-position":"center center","background-size":"auto","background-attachment":"scroll","background-type":"","background-media":"","overlay-type":"","overlay-color":"","overlay-opacity":"","overlay-gradient":""},"tablet":{"background-color":"","background-image":"","background-repeat":"repeat","background-position":"center center","background-size":"auto","background-attachment":"scroll","background-type":"","background-media":"","overlay-type":"","overlay-color":"","overlay-opacity":"","overlay-gradient":""},"mobile":{"background-color":"","background-image":"","background-repeat":"repeat","background-position":"center center","background-size":"auto","background-attachment":"scroll","background-type":"","background-media":"","overlay-type":"","overlay-color":"","overlay-opacity":"","overlay-gradient":""}},"ast-content-background-meta":{"desktop":{"background-color":"var(--ast-global-color-5)","background-image":"","background-repeat":"repeat","background-position":"center center","background-size":"auto","background-attachment":"scroll","background-type":"","background-media":"","overlay-type":"","overlay-color":"","overlay-opacity":"","overlay-gradient":""},"tablet":{"background-color":"var(--ast-global-color-5)","background-image":"","background-repeat":"repeat","background-position":"center center","background-size":"auto","background-attachment":"scroll","background-type":"","background-media":"","overlay-type":"","overlay-color":"","overlay-opacity":"","overlay-gradient":""},"mobile":{"background-color":"var(--ast-global-color-5)","background-image":"","background-repeat":"repeat","background-position":"center center","background-size":"auto","background-attachment":"scroll","background-type":"","background-media":"","overlay-type":"","overlay-color":"","overlay-opacity":"","overlay-gradient":""}}},"product_brand":[],"product_cat":[478,437,307],"product_tag":[427],"class_list":{"0":"post-10111","1":"product","2":"type-product","3":"status-publish","4":"has-post-thumbnail","6":"product_cat-haar","7":"product_cat-koerper","8":"product_cat-pyunkang-yul","9":"product_tag-reinigung","10":"pa_beduerfnisse-anti-aging","11":"pa_hauttyp-empfindliche-haut","12":"pa_hauttyp-normal","13":"pa_hauttyp-trockene","14":"desktop-align-left","15":"tablet-align-left","16":"mobile-align-left","18":"first","19":"instock","20":"taxable","21":"shipping-taxable","22":"product-type-variable"},"_links":{"self":[{"href":"https:\/\/healthyskinsecrets.ch\/fr\/wp-json\/wp\/v2\/product\/10111","targetHints":{"allow":["GET"]}}],"collection":[{"href":"https:\/\/healthyskinsecrets.ch\/fr\/wp-json\/wp\/v2\/product"}],"about":[{"href":"https:\/\/healthyskinsecrets.ch\/fr\/wp-json\/wp\/v2\/types\/product"}],"replies":[{"embeddable":true,"href":"https:\/\/healthyskinsecrets.ch\/fr\/wp-json\/wp\/v2\/comments?post=10111"}],"wp:featuredmedia":[{"embeddable":true,"href":"https:\/\/healthyskinsecrets.ch\/fr\/wp-json\/wp\/v2\/media\/10466"}],"wp:attachment":[{"href":"https:\/\/healthyskinsecrets.ch\/fr\/wp-json\/wp\/v2\/media?parent=10111"}],"wp:term":[{"taxonomy":"product_brand","embeddable":true,"href":"https:\/\/healthyskinsecrets.ch\/fr\/wp-json\/wp\/v2\/product_brand?post=10111"},{"taxonomy":"product_cat","embeddable":true,"href":"https:\/\/healthyskinsecrets.ch\/fr\/wp-json\/wp\/v2\/product_cat?post=10111"},{"taxonomy":"product_tag","embeddable":true,"href":"https:\/\/healthyskinsecrets.ch\/fr\/wp-json\/wp\/v2\/product_tag?post=10111"}],"curies":[{"name":"wp","href":"https:\/\/api.w.org\/{rel}","templated":true}]}}