{"id":10109,"date":"2022-07-12T19:47:08","date_gmt":"2022-07-12T19:47:08","guid":{"rendered":"https:\/\/healthyskinsecrets.ch\/product\/import-placeholder-for-12226\/"},"modified":"2023-10-19T17:43:38","modified_gmt":"2023-10-19T17:43:38","slug":"pyunkang-yul-low-ph-mild-body-wash-500ml","status":"publish","type":"product","link":"https:\/\/healthyskinsecrets.ch\/fr\/product\/pyunkang-yul-low-ph-mild-body-wash-500ml\/","title":{"rendered":"Pyunkang yul Low pH Mild Body Wash 500ml"},"content":{"rendered":"<h3>Anwendung<\/h3>\n<ol>\n<li>\u00a0F\u00fcr reichhaltigen Schaum auf den ganzen K\u00f6rper auftragen und sanft einmassieren.<\/li>\n<li>Gut aussp\u00fclen.<\/li>\n<\/ol>\n<h3>Hauptinhaltsstoffe<\/h3>\n<p>Water, Lauryl Glucoside, Disodium Cocoamphodiacetate, Sodium Chloride, Lauryl Betaine, Glycerin, Coco-Betaine, Citric Acid, Butylene Glycol, Caprylyl Glycol, Hydroxyacetophenone, Pentylene Glycol, Dipropylene Glycol, Hippophae Rhamnoides Fruit Extract, Butyrospermum Parkii (Shea) Butter Extract, Disodium EDTA, Ethylhexylglycerin, Hexylene Glycol, Tocopherol, 1,2-Hexanediol, Centella Asiatica Extract, Polyglyceryl-10 Myristate, Polygonum Cuspidatum Root Extract, Scutellaria Baicalensis Root Extract, Macadamia Ternifolia Seed Oil, Mineral Salts, Olea Europaea (Olive) Fruit Oil, Lonicera Japonica (Honeysuckle) Flower Extract, Camellia Sinensis Leaf Extract, Glycyrrhiza Uralensis (Licorice) Root Extract, Helianthus Annuus (Sunflower) Seed Oil, Ethylhexyl Palmitate, Chamomilla Recutita (Matricaria) Flower Extract, Caprylic\/Capric Triglyceride, Cetyl Ethylhexanoate, Rosmarinus Officinalis (Rosemary) Leaf Extract, Sodium Hyaluronate, Hydrogenated Lecithin, Ceramide NP, Hydrolyzed Hyaluronic Acid, Hydroxypropyltrimonium Hyaluronate, SodiumHyaluronate Crosspolymer, Sodium Acetylated Hyaluronate<\/p>\n<h3>Warnhinweise<\/h3>\n<ol>\n<li>Nur zur \u00e4u\u00dferlichen Anwendung geeignet.<\/li>\n<li>Nicht auf verletzte Haut oder auf Wunden auftragen.<\/li>\n<li>Sollten Nebenwirkungen wie Irritationen oder Ausschlag eintreten, Anwendung sofort beenden und unverz\u00fcglich an einen Arzt wenden.<\/li>\n<li>Kontakt mit den Augen vermeiden. Sollte das Produkt ins Auge gelangen, das Auge sofort gr\u00fcndlich mit klarem Wasser aussp\u00fclen.<\/li>\n<li>Au\u00dfer Reichweite von Kindern aufbewahren.<\/li>\n<li>Nicht schlucken. Bei Verschlucken Arzt oder Giftzentrale aufsuchen.<\/li>\n<\/ol>\n","protected":false},"excerpt":{"rendered":"<p><strong>Vorteile: <\/strong><\/p>\n<ul>\n<li>Eine pH-optimierte K\u00f6rperw\u00e4sche f\u00fcr eine gesunde, revitalisierte Haut.<\/li>\n<li>Mit Mineralsalzen angereichert, um abgestorbene Hautzellen sanft zu entfernen und Ihre Haut glatt und sauber zu hinterlassen.<\/li>\n<li>Mit pflanzlichen Tensiden formuliert, um die Haut sanft zu reinigen, ohne sie abzul\u00f6sen oder R\u00fcckst\u00e4nde zu hinterlassen.<\/li>\n<li>Enth\u00e4lt nat\u00fcrlich gewonnene, beruhigende Extrakte zur Linderung von Hautirritationen.<\/li>\n<li>Frei von Silikontensiden<\/li>\n<\/ul>\n<p><strong>\u00dcber die Marke: Pyunkang Yul <\/strong><\/p>\n<p>Pyunkang Yul wurde im M\u00e4rz 2016 vom Pyunkang Korean Medicine Hospital gegr\u00fcndet, einer Klinik, die f\u00fcr die Behandlung atopischer Hauterkrankungen bekannt ist. Die Marke verfolgt eine Philosophie des ganzheitlichen k\u00f6rperlichen Wohlergehens und daher ist Pyunkang Yul davon \u00fcberzeugt, dass der Weg zu einer gesunden Haut \u00fcber ein ausgewogenes Fett-Wasser-Verh\u00e4ltnis f\u00fchrt. Die Marke vermeidet \u00fcberfl\u00fcssige chemische Stoffe und verwendet ausschlie\u00dflich nat\u00fcrliche und sanfte Inhaltsstoffe. Die Bestseller der Marke umfassen die Moisture Ampoule (feuchtigkeitsspendend) und Moisture Cream (Feuchtigkeitscreme) aus der Basic Line, sowie die ATO Cream, den Cleanser und die Lotion aus der ATO-Linie f\u00fcr sensible Haut. Die Produkte werden zu 100 % in Korea und ohne Tierversuche hergestellt. YesStyle ist ein H\u00e4ndler von Pyunkang Yul.<\/p>\n","protected":false},"featured_media":10463,"comment_status":"open","ping_status":"closed","template":"","meta":{"content-type":"","site-sidebar-layout":"default","site-content-layout":"default","ast-site-content-layout":"default","site-content-style":"default","site-sidebar-style":"default","ast-global-header-display":"","ast-banner-title-visibility":"","ast-main-header-display":"","ast-hfb-above-header-display":"","ast-hfb-below-header-display":"","ast-hfb-mobile-header-display":"","site-post-title":"","ast-breadcrumbs-content":"","ast-featured-img":"","footer-sml-layout":"","ast-disable-related-posts":"","theme-transparent-header-meta":"default","adv-header-id-meta":"","stick-header-meta":"","header-above-stick-meta":"","header-main-stick-meta":"","header-below-stick-meta":"","astra-migrate-meta-layouts":"set","ast-page-background-enabled":"default","ast-page-background-meta":{"desktop":{"background-color":"","background-image":"","background-repeat":"repeat","background-position":"center center","background-size":"auto","background-attachment":"scroll","background-type":"","background-media":"","overlay-type":"","overlay-color":"","overlay-opacity":"","overlay-gradient":""},"tablet":{"background-color":"","background-image":"","background-repeat":"repeat","background-position":"center center","background-size":"auto","background-attachment":"scroll","background-type":"","background-media":"","overlay-type":"","overlay-color":"","overlay-opacity":"","overlay-gradient":""},"mobile":{"background-color":"","background-image":"","background-repeat":"repeat","background-position":"center center","background-size":"auto","background-attachment":"scroll","background-type":"","background-media":"","overlay-type":"","overlay-color":"","overlay-opacity":"","overlay-gradient":""}},"ast-content-background-meta":{"desktop":{"background-color":"var(--ast-global-color-5)","background-image":"","background-repeat":"repeat","background-position":"center center","background-size":"auto","background-attachment":"scroll","background-type":"","background-media":"","overlay-type":"","overlay-color":"","overlay-opacity":"","overlay-gradient":""},"tablet":{"background-color":"var(--ast-global-color-5)","background-image":"","background-repeat":"repeat","background-position":"center center","background-size":"auto","background-attachment":"scroll","background-type":"","background-media":"","overlay-type":"","overlay-color":"","overlay-opacity":"","overlay-gradient":""},"mobile":{"background-color":"var(--ast-global-color-5)","background-image":"","background-repeat":"repeat","background-position":"center center","background-size":"auto","background-attachment":"scroll","background-type":"","background-media":"","overlay-type":"","overlay-color":"","overlay-opacity":"","overlay-gradient":""}}},"product_brand":[],"product_cat":[485,437,307],"product_tag":[427],"class_list":{"0":"post-10109","1":"product","2":"type-product","3":"status-publish","4":"has-post-thumbnail","6":"product_cat-duschgel","7":"product_cat-koerper","8":"product_cat-pyunkang-yul","9":"product_tag-reinigung","10":"pa_beduerfnisse-anti-aging","11":"pa_beduerfnisse-hautunreinheit","12":"pa_hauttyp-all","13":"desktop-align-left","14":"tablet-align-left","15":"mobile-align-left","17":"first","18":"instock","19":"taxable","20":"shipping-taxable","21":"product-type-variable"},"_links":{"self":[{"href":"https:\/\/healthyskinsecrets.ch\/fr\/wp-json\/wp\/v2\/product\/10109","targetHints":{"allow":["GET"]}}],"collection":[{"href":"https:\/\/healthyskinsecrets.ch\/fr\/wp-json\/wp\/v2\/product"}],"about":[{"href":"https:\/\/healthyskinsecrets.ch\/fr\/wp-json\/wp\/v2\/types\/product"}],"replies":[{"embeddable":true,"href":"https:\/\/healthyskinsecrets.ch\/fr\/wp-json\/wp\/v2\/comments?post=10109"}],"wp:featuredmedia":[{"embeddable":true,"href":"https:\/\/healthyskinsecrets.ch\/fr\/wp-json\/wp\/v2\/media\/10463"}],"wp:attachment":[{"href":"https:\/\/healthyskinsecrets.ch\/fr\/wp-json\/wp\/v2\/media?parent=10109"}],"wp:term":[{"taxonomy":"product_brand","embeddable":true,"href":"https:\/\/healthyskinsecrets.ch\/fr\/wp-json\/wp\/v2\/product_brand?post=10109"},{"taxonomy":"product_cat","embeddable":true,"href":"https:\/\/healthyskinsecrets.ch\/fr\/wp-json\/wp\/v2\/product_cat?post=10109"},{"taxonomy":"product_tag","embeddable":true,"href":"https:\/\/healthyskinsecrets.ch\/fr\/wp-json\/wp\/v2\/product_tag?post=10109"}],"curies":[{"name":"wp","href":"https:\/\/api.w.org\/{rel}","templated":true}]}}