{"id":6644,"date":"2021-06-20T12:36:24","date_gmt":"2021-06-20T12:36:24","guid":{"rendered":"https:\/\/healthyskinsecrets.ch\/?page_id=6644"},"modified":"2022-12-06T15:07:28","modified_gmt":"2022-12-06T15:07:28","slug":"disclaimer","status":"publish","type":"page","link":"https:\/\/healthyskinsecrets.ch\/fr\/disclaimer\/","title":{"rendered":"Disclaimer"},"content":{"rendered":"\t\t<div data-elementor-type=\"wp-page\" data-elementor-id=\"6644\" class=\"elementor elementor-6644\">\n\t\t\t\t\t\t<section class=\"elementor-section elementor-top-section elementor-element elementor-element-8706597 elementor-section-boxed elementor-section-height-default elementor-section-height-default\" data-id=\"8706597\" data-element_type=\"section\" data-e-type=\"section\">\n\t\t\t\t\t\t<div class=\"elementor-container elementor-column-gap-default\">\n\t\t\t\t\t<div class=\"elementor-column elementor-col-100 elementor-top-column elementor-element elementor-element-c6d450b\" data-id=\"c6d450b\" data-element_type=\"column\" data-e-type=\"column\">\n\t\t\t<div class=\"elementor-widget-wrap elementor-element-populated\">\n\t\t\t\t\t\t<div class=\"elementor-element elementor-element-1f1b28b elementor-widget elementor-widget-heading\" data-id=\"1f1b28b\" data-element_type=\"widget\" data-e-type=\"widget\" data-widget_type=\"heading.default\">\n\t\t\t\t<div class=\"elementor-widget-container\">\n\t\t\t\t\t<h2 class=\"elementor-heading-title elementor-size-default\">Haftungsausschluss<\/h2>\t\t\t\t<\/div>\n\t\t\t\t<\/div>\n\t\t\t\t\t<\/div>\n\t\t<\/div>\n\t\t\t\t\t<\/div>\n\t\t<\/section>\n\t\t\t\t<section class=\"elementor-section elementor-top-section elementor-element elementor-element-75d2cf6 elementor-section-boxed elementor-section-height-default elementor-section-height-default\" data-id=\"75d2cf6\" data-element_type=\"section\" data-e-type=\"section\">\n\t\t\t\t\t\t<div class=\"elementor-container elementor-column-gap-default\">\n\t\t\t\t\t<div class=\"elementor-column elementor-col-100 elementor-top-column elementor-element elementor-element-1c35688\" data-id=\"1c35688\" data-element_type=\"column\" data-e-type=\"column\">\n\t\t\t<div class=\"elementor-widget-wrap elementor-element-populated\">\n\t\t\t\t\t\t<div class=\"elementor-element elementor-element-8ac027c elementor-widget elementor-widget-text-editor\" data-id=\"8ac027c\" data-element_type=\"widget\" data-e-type=\"widget\" data-widget_type=\"text-editor.default\">\n\t\t\t\t<div class=\"elementor-widget-container\">\n\t\t\t\t\t\t\t\t\t<p>Les informations sur ce site Web sont compil\u00e9es et maintenues par Healthy Skin Secrets (healthyskinsecrets.ch) SNV Group avec un soin et une attention continus. Cependant, les erreurs ne peuvent pas toujours \u00eatre \u00e9vit\u00e9es. Par cons\u00e9quent, aucune information ne peut \u00eatre d\u00e9riv\u00e9e des informations fournies sur Internet. Healthy Skin Secrets (healthyskinsecrets.ch) SNV Group d\u00e9cline toute responsabilit\u00e9 pour les dommages r\u00e9sultant de quelque mani\u00e8re que ce soit de l&rsquo;utilisation du site Internet ou de l&rsquo;incompl\u00e9tude et\/ou de l&rsquo;inexactitude des informations et\/ou des dommages caus\u00e9s \u00e0 Internet par l&rsquo;indisponibilit\u00e9 (temporairement) du site Web.<\/p><p>Le site web Healthy Skin Secrets (healthyskinsecrets.ch) du Groupe SNV contient des r\u00e9f\u00e9rences et\/ou des hyperliens vers d&rsquo;autres sites web qui ne sont pas g\u00e9r\u00e9s par Healthy Skin Secrets (healthyskinsecrets.ch) du Groupe SNV. Celles-ci sont enregistr\u00e9es pour information par les utilisateurs et s\u00e9lectionn\u00e9es de bonne foi pour le groupe cible de Healthy Skin Secrets (healthyskinsecrets.ch) SNV Group. Healthy Skin Secrets (healthyskinsecrets.ch) SNV Group ne donne aucune garantie et n&rsquo;assume aucune responsabilit\u00e9 quant au contenu, \u00e0 l&rsquo;utilisation et \u00e0 la disponibilit\u00e9 de ces sites Internet.<\/p><p>Healthy Skin Secrets (healthyskinsecrets.ch) SNV Group ne garantit pas que les e-mails ou autres messages \u00e9lectroniques qui lui sont envoy\u00e9s seront re\u00e7us et trait\u00e9s en temps utile et ne sera pas tenu responsable des cons\u00e9quences de la r\u00e9ception ou du traitement en temps opportun des e-mails. courriers ou autres messages \u00e9lectroniques qui lui sont adress\u00e9s.<\/p><p>Droits de propri\u00e9t\u00e9 intellectuelle<\/p><p>LW Wholesale et\/ou ses conc\u00e9dants. Les informations sur le site Internet sont r\u00e9serv\u00e9es \u00e0 un usage personnel et non commercial. La reproduction et la divulgation (d&rsquo;une partie) du contenu de ce site Web \u00e0 des fins non personnelles, sous quelque forme et de quelque mani\u00e8re que ce soit, ne sont pas autoris\u00e9es sans l&rsquo;accord \u00e9crit pr\u00e9alable de Healthy Skin Secrets (healthyskinsecrets.ch) SNV Group<\/p><p>L&rsquo;utilisation d&rsquo;un lien hypertexte vers (toute page de) ce site Web est autoris\u00e9e sauf si le contenu, l&rsquo;apparence ou la r\u00e9putation du site invit\u00e9 sont mal tol\u00e9r\u00e9s par Healthy Skin Secrets (healthyskinsecrets.ch) Groupe SNV avec le nom et la r\u00e9putation de Healthy Skin Secrets ( healthyskinsecrets.ch) SNV Group, ses services, produits ou le contenu de ce site Internet.<\/p><p>L&rsquo;acc\u00e8s et l&rsquo;utilisation de ce site Web sont soumis aux conditions d&rsquo;utilisation suivantes (\u00ab\u00a0Conditions d&rsquo;utilisation\u00a0\u00bb). Vous \u00eates pri\u00e9s de lire attentivement les conditions d&rsquo;utilisation avant d&rsquo;utiliser ce site Web de quelque mani\u00e8re que ce soit.<\/p><p>En visitant ce site Web ou en l&rsquo;utilisant, vous acceptez express\u00e9ment ces termes et conditions. Si vous \u00eates g\u00ean\u00e9 par la lecture de ces conditions ou si vous n&rsquo;\u00eates pas d&rsquo;accord avec son contenu, nous vous demandons de ne plus utiliser ce site Web.<\/p><p>1. Objet et contenu du site Internet<\/p><p>Ce site Web est un guide pour trouver des informations sur les produits et services de Healthy Skin Secrets (healthyskinsecrets.ch) du groupe SNV.<\/p><p>2. Coordonn\u00e9es<\/p><p>Si vous avez besoin de plus d&rsquo;informations ou de commentaires, vous pouvez contacter Healthy Skin Secrets (healthyskinsecrets.ch) SNV Group \u00e0 info@healthyskinsecrets.ch<\/p><p>3. Nature des informations propos\u00e9es<\/p><p>Les informations disponibles sur ce site sont de nature g\u00e9n\u00e9rale. Les informations ne sont pas adapt\u00e9es \u00e0 des circonstances personnelles ou particuli\u00e8res et ne peuvent donc constituer un conseil personnel, professionnel ou juridique. Ce site Web et tous les documents propos\u00e9s sont disponibles tels quels \u00ab\u00a0dans l&rsquo;\u00e9tat actuel\u00a0\u00bb et sans aucune garantie. L&rsquo;utilisation du site Web et des informations qu&rsquo;il contient se fait donc \u00e0 vos risques et p\u00e9rils.<\/p><p>4. Informations sur les couleurs<\/p><p>Les couleurs visibles sur l&rsquo;\u00e9cran du client peuvent diff\u00e9rer des couleurs r\u00e9elles des produits. Healthy Skin Secrets (healthyskinsecrets.ch) SNV Group n&rsquo;est pas responsable de ces d\u00e9fauts de couleur.<\/p><p>5. Responsabilit\u00e9<\/p><p>Healthy Skin Secrets (healthyskinsecrets.ch) SNV Group met tout en \u0153uvre pour que les informations fournies soient compl\u00e8tes, exactes, exactes et mises \u00e0 jour. Malgr\u00e9 ces efforts, des inexactitudes peuvent survenir. Si les informations fournies contiennent des inexactitudes ou si certaines informations ne sont pas disponibles, une tentative sera faite pour y rem\u00e9dier dans les plus brefs d\u00e9lais. Si vous trouvez des inexactitudes dans les informations fournies, vous pouvez toujours contacter Healthy Skin Secrets (healthyskinsecrets.ch) SNV Group.<\/p><p>Healthy Skin Secrets (healthyskinsecrets.ch) SNV Group s&rsquo;engage \u00e0 prot\u00e9ger le site Web avec tous les moyens raisonnables et \u00e0 minimiser autant que possible les inconv\u00e9nients caus\u00e9s par des erreurs techniques. Cependant Healthy Skin Secrets (healthyskinsecrets.ch) SNV Group ne peut exclure la possibilit\u00e9 de man\u0153uvres techniques incorrectes ou d&rsquo;interventions non autoris\u00e9es. Pour ces raisons, Healthy Skin Secrets (healthyskinsecrets.ch) SNV Group ne peut garantir que l&rsquo;acc\u00e8s au site Internet ne pourra \u00eatre interrompu ou autrement emp\u00each\u00e9 par de tels probl\u00e8mes.<\/p><p>Cependant, Healthy Skin Secrets (healthyskinsecrets.ch) SNV Group ne peut \u00eatre tenu responsable des dommages directs ou indirects r\u00e9sultant de l&rsquo;utilisation de ce site ou des informations fournies. Vous \u00eates responsable de tout dommage caus\u00e9 \u00e0 votre syst\u00e8me informatique ou de toute perte de donn\u00e9es due au t\u00e9l\u00e9chargement d&rsquo;informations.<\/p><p>6. Hyperliens externes<\/p><p>Ce site Internet contient des liens hypertextes vers d&rsquo;autres sites Internet sur lesquels Healthy Skin Secrets (healthyskinsecrets.ch) SNV Group n&rsquo;effectue aucun contr\u00f4le technique ou substantiel. Un lien hypertexte vers un tel site externe entra\u00eene toujours l&rsquo;ouverture d&rsquo;une nouvelle fen\u00eatre dans votre navigateur. Healthy Skin Secrets (healthyskinsecrets.ch) SNV Group ne peut garantir l&rsquo;exhaustivit\u00e9 ou l&rsquo;exactitude du contenu ou la disponibilit\u00e9 de ces sites internet, et d\u00e9cline par cons\u00e9quent toute responsabilit\u00e9 pour tout dommage direct ou indirect r\u00e9sultant de son utilisation.<\/p><p>7. Propri\u00e9t\u00e9 intellectuelle<\/p><p>Les textes, images, fichiers vid\u00e9o et fichiers audio affich\u00e9s sur ce site ne peuvent \u00eatre reproduits ou communiqu\u00e9s au public qu&rsquo;apr\u00e8s l&rsquo;autorisation explicite, \u00e9crite et pr\u00e9alable de Healthy Skin Secrets (healthyskinsecrets.ch) SNV Group.<\/p><p>8. Modifications<\/p><p>Healthy Skin Secrets (healthyskinsecrets.ch) SNV Group se r\u00e9serve le droit de modifier les pr\u00e9sentes conditions d&rsquo;utilisation. Il est de votre responsabilit\u00e9 de revoir r\u00e9guli\u00e8rement les conditions applicables.<\/p><p>9. Protection de vos informations personnelles<\/p><p>Healthy Skin Secrets (healthyskinsecrets.ch) SNV Group respecte votre vie priv\u00e9e. Les donn\u00e9es que vous saisirez sur le site seront trait\u00e9es de mani\u00e8re confidentielle. Pour plus d&rsquo;informations, veuillez consulter notre d\u00e9claration de confidentialit\u00e9 et notre page sur les cookies.<\/p>\t\t\t\t\t\t\t\t<\/div>\n\t\t\t\t<\/div>\n\t\t\t\t\t<\/div>\n\t\t<\/div>\n\t\t\t\t\t<\/div>\n\t\t<\/section>\n\t\t\t\t<\/div>\n\t\t","protected":false},"excerpt":{"rendered":"<p>Haftungsausschluss Die Informationen auf dieser Website werden von Healthy Skin Secrets (healthyskinsecrets.ch) SNV Group mit kontinuierlicher Sorgfalt und Aufmerksamkeit zusammengestellt und gepflegt. Fehler lassen sich jedoch nicht immer vermeiden. Aus den im Internet bereitgestellten Informationen k\u00f6nnen daher keine Informationen abgeleitet werden. Healthy Skin Secrets (healthyskinsecrets.ch) SNV Group \u00fcbernimmt keine Haftung f\u00fcr Sch\u00e4den, die in irgendeiner [&hellip;]<\/p>\n","protected":false},"author":1,"featured_media":0,"parent":0,"menu_order":0,"comment_status":"closed","ping_status":"closed","template":"","meta":{"content-type":"","site-sidebar-layout":"no-sidebar","site-content-layout":"page-builder","ast-site-content-layout":"default","site-content-style":"default","site-sidebar-style":"default","ast-global-header-display":"","ast-banner-title-visibility":"","ast-main-header-display":"","ast-hfb-above-header-display":"","ast-hfb-below-header-display":"","ast-hfb-mobile-header-display":"","site-post-title":"disabled","ast-breadcrumbs-content":"","ast-featured-img":"disabled","footer-sml-layout":"","ast-disable-related-posts":"","theme-transparent-header-meta":"default","adv-header-id-meta":"","stick-header-meta":"","header-above-stick-meta":"","header-main-stick-meta":"","header-below-stick-meta":"","astra-migrate-meta-layouts":"default","ast-page-background-enabled":"default","ast-page-background-meta":{"desktop":{"background-color":"","background-image":"","background-repeat":"repeat","background-position":"center center","background-size":"auto","background-attachment":"scroll","background-type":"","background-media":"","overlay-type":"","overlay-color":"","overlay-opacity":"","overlay-gradient":""},"tablet":{"background-color":"","background-image":"","background-repeat":"repeat","background-position":"center center","background-size":"auto","background-attachment":"scroll","background-type":"","background-media":"","overlay-type":"","overlay-color":"","overlay-opacity":"","overlay-gradient":""},"mobile":{"background-color":"","background-image":"","background-repeat":"repeat","background-position":"center center","background-size":"auto","background-attachment":"scroll","background-type":"","background-media":"","overlay-type":"","overlay-color":"","overlay-opacity":"","overlay-gradient":""}},"ast-content-background-meta":{"desktop":{"background-color":"var(--ast-global-color-5)","background-image":"","background-repeat":"repeat","background-position":"center center","background-size":"auto","background-attachment":"scroll","background-type":"","background-media":"","overlay-type":"","overlay-color":"","overlay-opacity":"","overlay-gradient":""},"tablet":{"background-color":"var(--ast-global-color-5)","background-image":"","background-repeat":"repeat","background-position":"center center","background-size":"auto","background-attachment":"scroll","background-type":"","background-media":"","overlay-type":"","overlay-color":"","overlay-opacity":"","overlay-gradient":""},"mobile":{"background-color":"var(--ast-global-color-5)","background-image":"","background-repeat":"repeat","background-position":"center center","background-size":"auto","background-attachment":"scroll","background-type":"","background-media":"","overlay-type":"","overlay-color":"","overlay-opacity":"","overlay-gradient":""}},"footnotes":""},"class_list":["post-6644","page","type-page","status-publish","hentry"],"_links":{"self":[{"href":"https:\/\/healthyskinsecrets.ch\/fr\/wp-json\/wp\/v2\/pages\/6644","targetHints":{"allow":["GET"]}}],"collection":[{"href":"https:\/\/healthyskinsecrets.ch\/fr\/wp-json\/wp\/v2\/pages"}],"about":[{"href":"https:\/\/healthyskinsecrets.ch\/fr\/wp-json\/wp\/v2\/types\/page"}],"author":[{"embeddable":true,"href":"https:\/\/healthyskinsecrets.ch\/fr\/wp-json\/wp\/v2\/users\/1"}],"replies":[{"embeddable":true,"href":"https:\/\/healthyskinsecrets.ch\/fr\/wp-json\/wp\/v2\/comments?post=6644"}],"version-history":[{"count":13,"href":"https:\/\/healthyskinsecrets.ch\/fr\/wp-json\/wp\/v2\/pages\/6644\/revisions"}],"predecessor-version":[{"id":11307,"href":"https:\/\/healthyskinsecrets.ch\/fr\/wp-json\/wp\/v2\/pages\/6644\/revisions\/11307"}],"wp:attachment":[{"href":"https:\/\/healthyskinsecrets.ch\/fr\/wp-json\/wp\/v2\/media?parent=6644"}],"curies":[{"name":"wp","href":"https:\/\/api.w.org\/{rel}","templated":true}]}}