{"id":6570,"date":"2021-06-20T11:49:35","date_gmt":"2021-06-20T11:49:35","guid":{"rendered":"https:\/\/healthyskinsecrets.ch\/?page_id=6570"},"modified":"2022-12-06T15:14:43","modified_gmt":"2022-12-06T15:14:43","slug":"heres-how-it-works","status":"publish","type":"page","link":"https:\/\/healthyskinsecrets.ch\/fr\/heres-how-it-works\/","title":{"rendered":"Here's how it works"},"content":{"rendered":"\t\t<div data-elementor-type=\"wp-page\" data-elementor-id=\"6570\" class=\"elementor elementor-6570\">\n\t\t\t\t\t\t<section class=\"elementor-section elementor-top-section elementor-element elementor-element-3aaa94f elementor-section-boxed elementor-section-height-default elementor-section-height-default\" data-id=\"3aaa94f\" data-element_type=\"section\" data-e-type=\"section\">\n\t\t\t\t\t\t<div class=\"elementor-container elementor-column-gap-default\">\n\t\t\t\t\t<div class=\"elementor-column elementor-col-100 elementor-top-column elementor-element elementor-element-404f9a1\" data-id=\"404f9a1\" data-element_type=\"column\" data-e-type=\"column\">\n\t\t\t<div class=\"elementor-widget-wrap elementor-element-populated\">\n\t\t\t\t\t\t<div class=\"elementor-element elementor-element-97ff1fd elementor-widget elementor-widget-heading\" data-id=\"97ff1fd\" data-element_type=\"widget\" data-e-type=\"widget\" data-widget_type=\"heading.default\">\n\t\t\t\t<div class=\"elementor-widget-container\">\n\t\t\t\t\t<h4 class=\"elementor-heading-title elementor-size-default\">Ecco come funziona<\/h4>\t\t\t\t<\/div>\n\t\t\t\t<\/div>\n\t\t\t\t\t<\/div>\n\t\t<\/div>\n\t\t\t\t\t<\/div>\n\t\t<\/section>\n\t\t\t\t<section class=\"elementor-section elementor-top-section elementor-element elementor-element-a2560f1 elementor-section-boxed elementor-section-height-default elementor-section-height-default\" data-id=\"a2560f1\" data-element_type=\"section\" data-e-type=\"section\">\n\t\t\t\t\t\t<div class=\"elementor-container elementor-column-gap-default\">\n\t\t\t\t\t<div class=\"elementor-column elementor-col-100 elementor-top-column elementor-element elementor-element-cb92da4\" data-id=\"cb92da4\" data-element_type=\"column\" data-e-type=\"column\">\n\t\t\t<div class=\"elementor-widget-wrap elementor-element-populated\">\n\t\t\t\t\t\t<div class=\"elementor-element elementor-element-69fd680 elementor-widget elementor-widget-text-editor\" data-id=\"69fd680\" data-element_type=\"widget\" data-e-type=\"widget\" data-widget_type=\"text-editor.default\">\n\t\t\t\t<div class=\"elementor-widget-container\">\n\t\t\t\t\t\t\t\t\t<p>Tout d&rsquo;abord, nous devons noter que vous ne pourrez voir nos prix de gros qu&rsquo;une fois que vous serez connect\u00e9 \u00e0 votre compte.<br \/>Pr\u00eat \u00e0 acheter en gros des cosm\u00e9tiques cor\u00e9ens \u00e0 vendre ?<\/p><p>VOICI COMMENT \u00c7A FONCTIONNE:<br \/>1. Inscrivez-vous sur notre site avec les informations de votre entreprise.<br \/>2. Si tout est correct, nous vous approuverons en tant qu&rsquo;utilisateur<\/p><p>3. Choisissez les produits que vous souhaitez acheter parmi notre excellent assortiment. Remarque : vous ne paierez pas en ligne. Nous vous enverrons une facture \u00e0 l&rsquo;\u00e9tape suivante\u00a0!<\/p><p>4. Nous confirmerons la commande conform\u00e9ment au stock ou aux conditions et vous enverrons un e-mail avec la facture. Vous proc\u00e9derez ensuite au paiement par virement bancaire.<\/p><p>5. Nous nous occupons ensuite du processus d&rsquo;importation et exp\u00e9dions votre commande dans les d\u00e9lais. Vous pourrez acc\u00e9der \u00e0 l&rsquo;historique de vos achats dans \u00ab\u00a0Mon compte &gt; Historique des commandes\u00a0\u00bb.<\/p><p>MOQ, MOA, RRP<br \/>Il y a un MOA (montant minimum de commande) de 100\u20ac par commande.<br \/>Pour les masques en feuille, le MOQ (quantit\u00e9 minimum de commande) est de 10 unit\u00e9s par masque par r\u00e9f\u00e9rence. Pour le reste de nos produits, le minimum de commande est de 1 unit\u00e9s par r\u00e9f\u00e9rence.<br \/>Le RRP (prix de vente conseill\u00e9) doit \u00eatre \u00e9gal ou sup\u00e9rieur au prix Vanesis.com ou Tomy Klou.ch.<br \/>Les prix affich\u00e9s sur ce site n&rsquo;incluent pas les taxes.<\/p><p>EXP\u00c9DITION<\/p><p>\u00c9tant donn\u00e9 que le Royaume-Uni ne fait plus partie de l&rsquo;UE, les d\u00e9taillants britanniques devront peut-\u00eatre payer la taxe \u00e0 l&rsquo;importation (TVA britannique + frais administratifs), factur\u00e9e s\u00e9par\u00e9ment via le service de messagerie.<\/p><p>PAIEMENT<br \/>Le paiement int\u00e9gral doit \u00eatre effectu\u00e9 \u00e0 l&rsquo;avance par virement bancaire.<\/p><p>TERRITOIRE<br \/>UE, Suisse.<br \/>Les produits ne peuvent \u00eatre vendus que dans le pays de facturation du client. Les produits ne peuvent pas \u00eatre vendus sur Amazon, eBay ou sur des march\u00e9s et plateformes similaires.<\/p>\t\t\t\t\t\t\t\t<\/div>\n\t\t\t\t<\/div>\n\t\t\t\t\t<\/div>\n\t\t<\/div>\n\t\t\t\t\t<\/div>\n\t\t<\/section>\n\t\t\t\t<section class=\"elementor-section elementor-top-section elementor-element elementor-element-bda182b elementor-section-boxed elementor-section-height-default elementor-section-height-default\" data-id=\"bda182b\" data-element_type=\"section\" data-e-type=\"section\">\n\t\t\t\t\t\t<div class=\"elementor-container elementor-column-gap-default\">\n\t\t\t\t\t<div class=\"elementor-column elementor-col-100 elementor-top-column elementor-element elementor-element-e1a07a5\" data-id=\"e1a07a5\" data-element_type=\"column\" data-e-type=\"column\">\n\t\t\t<div class=\"elementor-widget-wrap elementor-element-populated\">\n\t\t\t\t\t\t<div class=\"elementor-element elementor-element-fc4a254 elementor-align-center elementor-widget elementor-widget-button\" data-id=\"fc4a254\" data-element_type=\"widget\" data-e-type=\"widget\" data-widget_type=\"button.default\">\n\t\t\t\t<div class=\"elementor-widget-container\">\n\t\t\t\t\t\t\t\t\t<div class=\"elementor-button-wrapper\">\n\t\t\t\t\t<a class=\"elementor-button elementor-button-link elementor-size-sm\" href=\"https:\/\/healthyskinsecrets.ch\/?page_id=818\">\n\t\t\t\t\t\t<span class=\"elementor-button-content-wrapper\">\n\t\t\t\t\t\t\t\t\t<span class=\"elementor-button-text\">sign up \/ log in<\/span>\n\t\t\t\t\t<\/span>\n\t\t\t\t\t<\/a>\n\t\t\t\t<\/div>\n\t\t\t\t\t\t\t\t<\/div>\n\t\t\t\t<\/div>\n\t\t\t\t\t<\/div>\n\t\t<\/div>\n\t\t\t\t\t<\/div>\n\t\t<\/section>\n\t\t\t\t<\/div>\n\t\t","protected":false},"excerpt":{"rendered":"<p>So funktioniert das Zun\u00e4chst m\u00fcssen wir beachten, dass Sie unsere Gro\u00dfhandelspreise nur sehen k\u00f6nnen, wenn Sie sich in Ihrem Konto angemeldet haben.Sind Sie bereit, koreanische Kosmetik im Gro\u00dfhandel zu kaufen, um sie zu verkaufen? SO FUNKTIONIERT DAS:1. Registrieren Sie sich auf unserer Seite mit Ihren Firmendaten.2. Wenn alles korrekt ist, werden wir Sie als Nutzer [&hellip;]<\/p>\n","protected":false},"author":1,"featured_media":0,"parent":0,"menu_order":0,"comment_status":"closed","ping_status":"closed","template":"","meta":{"content-type":"","site-sidebar-layout":"no-sidebar","site-content-layout":"page-builder","ast-site-content-layout":"default","site-content-style":"default","site-sidebar-style":"default","ast-global-header-display":"","ast-banner-title-visibility":"","ast-main-header-display":"","ast-hfb-above-header-display":"","ast-hfb-below-header-display":"","ast-hfb-mobile-header-display":"","site-post-title":"disabled","ast-breadcrumbs-content":"","ast-featured-img":"disabled","footer-sml-layout":"","ast-disable-related-posts":"","theme-transparent-header-meta":"default","adv-header-id-meta":"","stick-header-meta":"","header-above-stick-meta":"","header-main-stick-meta":"","header-below-stick-meta":"","astra-migrate-meta-layouts":"default","ast-page-background-enabled":"default","ast-page-background-meta":{"desktop":{"background-color":"","background-image":"","background-repeat":"repeat","background-position":"center center","background-size":"auto","background-attachment":"scroll","background-type":"","background-media":"","overlay-type":"","overlay-color":"","overlay-opacity":"","overlay-gradient":""},"tablet":{"background-color":"","background-image":"","background-repeat":"repeat","background-position":"center center","background-size":"auto","background-attachment":"scroll","background-type":"","background-media":"","overlay-type":"","overlay-color":"","overlay-opacity":"","overlay-gradient":""},"mobile":{"background-color":"","background-image":"","background-repeat":"repeat","background-position":"center center","background-size":"auto","background-attachment":"scroll","background-type":"","background-media":"","overlay-type":"","overlay-color":"","overlay-opacity":"","overlay-gradient":""}},"ast-content-background-meta":{"desktop":{"background-color":"var(--ast-global-color-5)","background-image":"","background-repeat":"repeat","background-position":"center center","background-size":"auto","background-attachment":"scroll","background-type":"","background-media":"","overlay-type":"","overlay-color":"","overlay-opacity":"","overlay-gradient":""},"tablet":{"background-color":"var(--ast-global-color-5)","background-image":"","background-repeat":"repeat","background-position":"center center","background-size":"auto","background-attachment":"scroll","background-type":"","background-media":"","overlay-type":"","overlay-color":"","overlay-opacity":"","overlay-gradient":""},"mobile":{"background-color":"var(--ast-global-color-5)","background-image":"","background-repeat":"repeat","background-position":"center center","background-size":"auto","background-attachment":"scroll","background-type":"","background-media":"","overlay-type":"","overlay-color":"","overlay-opacity":"","overlay-gradient":""}},"footnotes":""},"class_list":["post-6570","page","type-page","status-publish","hentry"],"_links":{"self":[{"href":"https:\/\/healthyskinsecrets.ch\/fr\/wp-json\/wp\/v2\/pages\/6570","targetHints":{"allow":["GET"]}}],"collection":[{"href":"https:\/\/healthyskinsecrets.ch\/fr\/wp-json\/wp\/v2\/pages"}],"about":[{"href":"https:\/\/healthyskinsecrets.ch\/fr\/wp-json\/wp\/v2\/types\/page"}],"author":[{"embeddable":true,"href":"https:\/\/healthyskinsecrets.ch\/fr\/wp-json\/wp\/v2\/users\/1"}],"replies":[{"embeddable":true,"href":"https:\/\/healthyskinsecrets.ch\/fr\/wp-json\/wp\/v2\/comments?post=6570"}],"version-history":[{"count":26,"href":"https:\/\/healthyskinsecrets.ch\/fr\/wp-json\/wp\/v2\/pages\/6570\/revisions"}],"predecessor-version":[{"id":11313,"href":"https:\/\/healthyskinsecrets.ch\/fr\/wp-json\/wp\/v2\/pages\/6570\/revisions\/11313"}],"wp:attachment":[{"href":"https:\/\/healthyskinsecrets.ch\/fr\/wp-json\/wp\/v2\/media?parent=6570"}],"curies":[{"name":"wp","href":"https:\/\/api.w.org\/{rel}","templated":true}]}}